{"id":7972,"date":"2026-01-29T14:46:27","date_gmt":"2026-01-29T14:46:27","guid":{"rendered":"https:\/\/turkishtrade.co\/?post_type=product&#038;p=7972"},"modified":"2026-04-09T20:39:03","modified_gmt":"2026-04-09T20:39:03","slug":"black-leather-double-monk-strap-shoes","status":"publish","type":"product","link":"https:\/\/turkishtrade.co\/tr\/shop\/black-leather-double-monk-strap-shoes\/","title":{"rendered":"Siyah Deri \u00c7ift Monk Kay\u0131\u015fl\u0131 Ayakkab\u0131 Elite | Erkek Klasik"},"content":{"rendered":"<p><strong>Siyah Deri \u00c7ift Monk Kay\u0131\u015fl\u0131 Ayakkab\u0131<\/strong>. Elit kalite ve tasar\u0131m.<\/p>\n<p>Erkek Klasik Siyah Deri \u00c7ift Monk Kay\u0131\u015fl\u0131 Ayakkab\u0131lar\u0131m\u0131zla zamans\u0131z bir sofistikeli\u011fe ad\u0131m at\u0131n. Modern beyefendiler i\u00e7in tasarlanan bu zarif ayakkab\u0131lar, geleneksel i\u015f\u00e7ili\u011fi \u00e7a\u011fda\u015f konforla harmanl\u0131yor. Bu ayakkab\u0131lar\u0131n her \u00e7ifti <strong>siyah deri \u00e7ift tek kay\u0131\u015fl\u0131 ayakkab\u0131<\/strong> \u00fcst\u00fcn kalitenin bir kan\u0131t\u0131d\u0131r ve onlar\u0131 her se\u00e7kin gard\u0131robun vazge\u00e7ilmez bir eklentisi haline getirir.<\/p>\n<p>En iyi hakiki dana derisinden \u00fcretilen bu tek kay\u0131\u015fl\u0131 ayakkab\u0131lar\u0131n d\u0131\u015f y\u00fczeyi l\u00fcks\u00fc yans\u0131tan zengin, cilal\u0131 bir y\u00fczeye sahiptir. Detaylara g\u00f6sterilen \u00f6zen, zarif \u015fapka burnunda ve \u015f\u0131k bir incelik katan ince, zevkli brogue deliklerinde kendini g\u00f6sterir. \u0130ster y\u00fcksek riskli bir i\u015f toplant\u0131s\u0131na, ister resmi bir etkinli\u011fe ya da \u015f\u0131k bir sosyal bulu\u015fmaya kat\u0131l\u0131yor olun, bu <strong>siyah deri \u00e7ift tek kay\u0131\u015fl\u0131 ayakkab\u0131<\/strong> kal\u0131c\u0131 bir izlenim b\u0131rakman\u0131z\u0131 sa\u011flayacakt\u0131r.<\/p>\n<h3>Benzersiz Konfor ve Dayan\u0131kl\u0131l\u0131k<\/h3>\n<p>\u00c7arp\u0131c\u0131 g\u00f6r\u00fcn\u00fcm\u00fcn\u00fcn \u00f6tesinde, bu birinci s\u0131n\u0131f erkek ayakkab\u0131s\u0131 ola\u011fan\u00fcst\u00fc konfor sunar. \u0130\u00e7 k\u0131sm\u0131 tamamen yumu\u015fak ke\u00e7i derisi ile astarlanm\u0131\u015ft\u0131r ve ayaklar\u0131n\u0131z i\u00e7in nefes alabilen ve pel\u00fc\u015f bir ortam sa\u011flar. Bu do\u011fal astar, zaman i\u00e7inde ayak \u015feklinize uyum sa\u011flayarak her ad\u0131mda konforu art\u0131ran ki\u015fiye \u00f6zel bir uyum sa\u011flar. Bu ola\u011fan\u00fcst\u00fc ayakkab\u0131n\u0131n temeli <strong>siyah deri \u00e7ift tek kay\u0131\u015fl\u0131 ayakkab\u0131<\/strong> son teknoloji \u00fcr\u00fcn\u00fc bir mikrolight taband\u0131r. Dayan\u0131kl\u0131l\u0131k ve ola\u011fan\u00fcst\u00fc hafiflik i\u00e7in tasarlanan bu taban, m\u00fckemmel tutu\u015f ve esneklik sunarak uzun s\u00fcreli kullan\u0131mlarda yorgunlu\u011fu azalt\u0131r.<\/p>\n<h3>Her Durum i\u00e7in \u00c7ok Y\u00f6nl\u00fcl\u00fck<\/h3>\n<p>Bu klasiklerin \u00e7ok y\u00f6nl\u00fcl\u00fc\u011f\u00fc <strong>siyah deri \u00e7ift tek kay\u0131\u015fl\u0131 ayakkab\u0131<\/strong> e\u015fsizdir. Keskin bir i\u015f tak\u0131m\u0131yla sorunsuz bir \u015fekilde e\u015fle\u015fir, \u015f\u0131k g\u00fcndelik k\u0131yafetlere \u015f\u0131kl\u0131k katar veya resmi bir smokin tak\u0131m\u0131n\u0131 tamamlar. \u0130konik \u00e7ift toka ba\u011flant\u0131s\u0131 yaln\u0131zca g\u00fcvenli bir uyum sa\u011flamakla kalmaz, ayn\u0131 zamanda sizi geleneksel ba\u011fc\u0131kl\u0131 ayakkab\u0131lardan ay\u0131ran ay\u0131rt edici bir stil ifadesi olarak hizmet eder. 39'dan 45'e kadar geni\u015f bir beden yelpazesinde mevcut oldu\u011fundan, m\u00fckemmel uyumunuzu bulmak \u00e7ok kolay.<\/p>\n<p>Perakendeciler ve i\u015fletmeler i\u00e7in bu y\u00fcksek talep g\u00f6ren \u00fcr\u00fcnleri sunmaktan memnuniyet duyuyoruz <strong>siyah deri \u00e7ift tek kay\u0131\u015fl\u0131 ayakkab\u0131<\/strong> toptan sat\u0131\u015f baz\u0131nda. Minimum 16 \u00e7ift sipari\u015f miktar\u0131yla, envanterinizi hem stil hem de kal\u0131c\u0131 kalite vaat eden ve kaliteli ayakkab\u0131lara de\u011fer veren m\u00fc\u015fterilere hitap eden bir \u00fcr\u00fcnle stoklayabilirsiniz. Bu klasik erkek ayakkab\u0131lar\u0131ndan bir \u00e7ifte yat\u0131r\u0131m yap\u0131n ve miras tasar\u0131m ile modern konforun m\u00fckemmel birle\u015fimini deneyimleyin.<\/p>","protected":false},"excerpt":{"rendered":"<ul>\n<li><strong>Premium Malzemeler:<\/strong> L\u00fcks ke\u00e7i derisi astarl\u0131 hakiki dana derisinden \u00fcretilmi\u015ftir.<\/li>\n<li><strong>Klasik Tasar\u0131m:<\/strong> Sofistike bir \u015fapka burun ve ince brogue detaylar\u0131na sahip zarif bir \u00e7ift ke\u015fi\u015f kay\u0131\u015fa sahiptir.<\/li>\n<li><strong>Hafif Konfor:<\/strong> G\u00fcn boyu kullan\u0131m i\u00e7in dayan\u0131kl\u0131 ve esnek microlight taban ile donat\u0131lm\u0131\u015ft\u0131r.<\/li>\n<li><strong>Mevcut Boyutlar:<\/strong> 39'dan 45'e kadar kapsaml\u0131 bir beden yelpazesinde sunulmaktad\u0131r.<\/li>\n<li><strong>Toptan Sat\u0131\u015f F\u0131rsat\u0131:<\/strong> Minimum 16 \u00e7ift sipari\u015f ile toplu al\u0131m i\u00e7in mevcuttur.<\/li>\n<\/ul>","protected":false},"featured_media":7027,"template":"","meta":{"_acf_changed":false,"_uag_custom_page_level_css":"","site-sidebar-layout":"default","site-content-layout":"","ast-site-content-layout":"default","site-content-style":"default","site-sidebar-style":"default","ast-global-header-display":"","ast-banner-title-visibility":"","ast-main-header-display":"","ast-hfb-above-header-display":"","ast-hfb-below-header-display":"","ast-hfb-mobile-header-display":"","site-post-title":"","ast-breadcrumbs-content":"","ast-featured-img":"","footer-sml-layout":"","ast-disable-related-posts":"","theme-transparent-header-meta":"","adv-header-id-meta":"","stick-header-meta":"","header-above-stick-meta":"","header-main-stick-meta":"","header-below-stick-meta":"","astra-migrate-meta-layouts":"default","ast-page-background-enabled":"default","ast-page-background-meta":{"desktop":{"background-color":"var(--ast-global-color-4)","background-image":"","background-repeat":"repeat","background-position":"center center","background-size":"auto","background-attachment":"scroll","background-type":"","background-media":"","overlay-type":"","overlay-color":"","overlay-opacity":"","overlay-gradient":""},"tablet":{"background-color":"","background-image":"","background-repeat":"repeat","background-position":"center center","background-size":"auto","background-attachment":"scroll","background-type":"","background-media":"","overlay-type":"","overlay-color":"","overlay-opacity":"","overlay-gradient":""},"mobile":{"background-color":"","background-image":"","background-repeat":"repeat","background-position":"center center","background-size":"auto","background-attachment":"scroll","background-type":"","background-media":"","overlay-type":"","overlay-color":"","overlay-opacity":"","overlay-gradient":""}},"ast-content-background-meta":{"desktop":{"background-color":"var(--ast-global-color-5)","background-image":"","background-repeat":"repeat","background-position":"center center","background-size":"auto","background-attachment":"scroll","background-type":"","background-media":"","overlay-type":"","overlay-color":"","overlay-opacity":"","overlay-gradient":""},"tablet":{"background-color":"var(--ast-global-color-5)","background-image":"","background-repeat":"repeat","background-position":"center center","background-size":"auto","background-attachment":"scroll","background-type":"","background-media":"","overlay-type":"","overlay-color":"","overlay-opacity":"","overlay-gradient":""},"mobile":{"background-color":"var(--ast-global-color-5)","background-image":"","background-repeat":"repeat","background-position":"center center","background-size":"auto","background-attachment":"scroll","background-type":"","background-media":"","overlay-type":"","overlay-color":"","overlay-opacity":"","overlay-gradient":""}}},"product_brand":[],"product_cat":[47,430,1200],"product_tag":[196,202,145,1327,251,189,324,466,281],"class_list":{"0":"post-7972","1":"product","2":"type-product","3":"status-publish","4":"has-post-thumbnail","6":"product_cat-classic","7":"product_cat-men","8":"product_cat-mens-shoes-2","9":"product_tag-black-leather-shoes","10":"product_tag-calf-leather","11":"product_tag-classic-shoes","12":"product_tag-double-monk-strap","13":"product_tag-formal-shoes","14":"product_tag-goat-leather-lining","15":"product_tag-mens-dress-shoes","16":"product_tag-microlight-sole","17":"product_tag-wholesale-shoes","18":"desktop-align-center","19":"tablet-align-center","20":"mobile-align-center","22":"first","23":"instock","24":"shipping-taxable","25":"purchasable","26":"product-type-variable","27":"has-default-attributes"},"acf":[],"uagb_featured_image_src":{"full":["https:\/\/turkishtrade.co\/wp-content\/uploads\/2026\/01\/2600FKHMN00044-BLACK.png",453,250,false],"thumbnail":["https:\/\/turkishtrade.co\/wp-content\/uploads\/2026\/01\/2600FKHMN00044-BLACK-150x150.png",150,150,true],"medium":["https:\/\/turkishtrade.co\/wp-content\/uploads\/2026\/01\/2600FKHMN00044-BLACK-300x166.png",300,166,true],"medium_large":["https:\/\/turkishtrade.co\/wp-content\/uploads\/2026\/01\/2600FKHMN00044-BLACK.png",453,250,false],"large":["https:\/\/turkishtrade.co\/wp-content\/uploads\/2026\/01\/2600FKHMN00044-BLACK.png",453,250,false],"1536x1536":["https:\/\/turkishtrade.co\/wp-content\/uploads\/2026\/01\/2600FKHMN00044-BLACK.png",453,250,false],"2048x2048":["https:\/\/turkishtrade.co\/wp-content\/uploads\/2026\/01\/2600FKHMN00044-BLACK.png",453,250,false],"trp-custom-language-flag":["https:\/\/turkishtrade.co\/wp-content\/uploads\/2026\/01\/2600FKHMN00044-BLACK-18x10.png",18,10,true],"woocommerce_thumbnail":["https:\/\/turkishtrade.co\/wp-content\/uploads\/2026\/01\/2600FKHMN00044-BLACK-400x250.png",400,250,true],"woocommerce_single":["https:\/\/turkishtrade.co\/wp-content\/uploads\/2026\/01\/2600FKHMN00044-BLACK.png",453,250,false],"woocommerce_gallery_thumbnail":["https:\/\/turkishtrade.co\/wp-content\/uploads\/2026\/01\/2600FKHMN00044-BLACK-100x100.png",100,100,true]},"uagb_author_info":{"display_name":"python python","author_link":"https:\/\/turkishtrade.co\/tr\/author\/"},"uagb_comment_info":0,"uagb_excerpt":"Premium Materials: Crafted from genuine calf leather with a luxurious goat leather lining. Classic Design: Features an elegant double monk strap with a sophisticated cap toe and subtle brogue detailing. Lightweight Comfort: Equipped with a durable and flexible microlight sole for all-day wear. Available Sizes: Offered in a comprehensive range of sizes from 39 to&hellip;","_links":{"self":[{"href":"https:\/\/turkishtrade.co\/tr\/wp-json\/wp\/v2\/product\/7972","targetHints":{"allow":["GET"]}}],"collection":[{"href":"https:\/\/turkishtrade.co\/tr\/wp-json\/wp\/v2\/product"}],"about":[{"href":"https:\/\/turkishtrade.co\/tr\/wp-json\/wp\/v2\/types\/product"}],"wp:featuredmedia":[{"embeddable":true,"href":"https:\/\/turkishtrade.co\/tr\/wp-json\/wp\/v2\/media\/7027"}],"wp:attachment":[{"href":"https:\/\/turkishtrade.co\/tr\/wp-json\/wp\/v2\/media?parent=7972"}],"wp:term":[{"taxonomy":"product_brand","embeddable":true,"href":"https:\/\/turkishtrade.co\/tr\/wp-json\/wp\/v2\/product_brand?post=7972"},{"taxonomy":"product_cat","embeddable":true,"href":"https:\/\/turkishtrade.co\/tr\/wp-json\/wp\/v2\/product_cat?post=7972"},{"taxonomy":"product_tag","embeddable":true,"href":"https:\/\/turkishtrade.co\/tr\/wp-json\/wp\/v2\/product_tag?post=7972"}],"curies":[{"name":"wp","href":"https:\/\/api.w.org\/{rel}","templated":true}]}}