{"id":7970,"date":"2026-01-29T14:46:26","date_gmt":"2026-01-29T14:46:26","guid":{"rendered":"https:\/\/turkishtrade.co\/?post_type=product&#038;p=7970"},"modified":"2026-04-09T20:39:08","modified_gmt":"2026-04-09T20:39:08","slug":"mens-black-leather-derby-shoes-15","status":"publish","type":"product","link":"https:\/\/turkishtrade.co\/tr\/shop\/mens-black-leather-derby-shoes-15\/","title":{"rendered":"erkek siyah deri derby ayakkab\u0131 Exclusive | Men's Classic Siyah Dana Derisi"},"content":{"rendered":"<p><strong>erkek si\u0307yah deri\u0307 derby ayakkabi<\/strong>. \u00d6zel kalite ve tasar\u0131m.<\/p>\n<p>Bu zarif ayakkab\u0131larla ayakkab\u0131 koleksiyonunuzu geli\u015ftirin <strong>erkek si\u0307yah deri\u0307 derby ayakkabi<\/strong>. Se\u00e7kin beyefendiler i\u00e7in \u00fcretilen bu klasik ayakkab\u0131lar, zamans\u0131z tasar\u0131m\u0131 \u00fcst\u00fcn konfor ve ola\u011fan\u00fcst\u00fc dayan\u0131kl\u0131l\u0131kla harmanl\u0131yor. Y\u00fcksek kaliteli, dokulu dana derisinden \u00fcretilen \u00fcst k\u0131s\u0131m, ister \u00f6nemli bir i\u015f toplant\u0131s\u0131, ister resmi bir etkinlik veya \u015f\u0131k bir ak\u015fam i\u00e7in olsun, her k\u0131yafete derinlik katan zengin ve sofistike bir g\u00f6r\u00fcn\u00fcme sahiptir. Diki\u015flerde ve ay\u0131rt edici burun kapa\u011f\u0131 tasar\u0131m\u0131nda detaylara g\u00f6sterilen titizlik, bu ayakkab\u0131lar\u0131 di\u011ferlerinden ay\u0131ran benzersiz bir uzman i\u015f\u00e7ilik seviyesini yans\u0131t\u0131r.<\/p>\n<h3>E\u015fsiz Konfor ve \u00dcst\u00fcn Kalite<\/h3>\n<p>Ayaklar\u0131n\u0131z\u0131 l\u00fcks ke\u00e7i derisi astar\u0131n i\u00e7ine soktu\u011funuz andan itibaren benzersiz bir konfor ya\u015fay\u0131n. Bu inan\u0131lmaz yumu\u015fak, nefes alabilen i\u00e7 k\u0131s\u0131m aya\u011f\u0131n\u0131z\u0131 sararak en uzun g\u00fcnler boyunca maksimum konfor sa\u011flar, rahats\u0131zl\u0131\u011f\u0131 ve yorgunlu\u011fu \u00f6nler. Yenilik\u00e7i microlight taban ile e\u015fle\u015ftirilen bu <strong>erkek si\u0307yah deri\u0307 derby ayakkabi<\/strong> ola\u011fan\u00fcst\u00fc hafif esneklik, \u00fcst\u00fcn \u015fok emilimi ve \u00e7e\u015fitli y\u00fczeylerde m\u00fckemmel tutu\u015f sunarak her ad\u0131m\u0131 zahmetsiz ve dengeli hale getirir. Sa\u011flam ancak hafif yap\u0131, bu ayakkab\u0131lar\u0131n sadece \u015f\u0131k olmas\u0131n\u0131 de\u011fil, ayn\u0131 zamanda uzun y\u0131llar boyunca bozulmam\u0131\u015f g\u00f6r\u00fcn\u00fcm\u00fcn\u00fc ve yap\u0131sal b\u00fct\u00fcnl\u00fc\u011f\u00fcn\u00fc koruyarak uzun \u00f6m\u00fcrl\u00fc olmas\u0131n\u0131 sa\u011flar.<\/p>\n<h3>Zamans\u0131z Stil ve \u00c7ok Y\u00f6nl\u00fc \u015e\u0131kl\u0131k<\/h3>\n<p>Klasik, kal\u0131c\u0131 derby silueti, bu siyah deri ayakkab\u0131lar\u0131 her gard\u0131rop i\u00e7in vazge\u00e7ilmez ve \u00e7ok y\u00f6nl\u00fc bir eklenti haline getiriyor. Sofistike tasar\u0131mlar\u0131, en resmi durumlar i\u00e7in keskin bir tak\u0131m elbise ile kusursuz bir \u015fekilde giydirilmelerine veya zarif bir smart-casual g\u00f6r\u00fcn\u00fcm i\u00e7in \u00f6zel dikim chino pantolonlar veya ak\u0131ll\u0131 pantolonlarla zahmetsizce giydirilmelerine olanak tan\u0131r. 39'dan 45'e kadar kapsaml\u0131 bir beden yelpazesinde mevcut oldu\u011fundan, m\u00fckemmel uyumunuzu bulmak \u00e7ok kolay. Bunlar <strong>erkek si\u0307yah deri\u0307 derby ayakkabi<\/strong> ayakkab\u0131dan \u00e7ok daha fazlas\u0131d\u0131r; rafine zevkin ve kusursuz ki\u015fisel stilin ger\u00e7ek bir ifadesidir.<\/p>\n<h3>Perakendeciler i\u00e7in \u00d6zel Toptan Sat\u0131\u015f F\u0131rsat\u0131<\/h3>\n<p>Y\u00fcksek kaliteli, talep g\u00f6ren ayakkab\u0131lar\u0131 stoklamak isteyen i\u015fletmeler ve perakendeciler i\u00e7in bu premium <strong>erkek si\u0307yah deri\u0307 derby ayakkabi<\/strong> toptan sat\u0131n al\u0131nabilir. Sadece 16 \u00e7iftlik uygun bir minimum sipari\u015f miktar\u0131yla, se\u00e7ici m\u00fc\u015fterilerinize geleneksel zarafet, modern konfor ve ola\u011fan\u00fcst\u00fc dayan\u0131kl\u0131l\u0131\u011f\u0131n bir kar\u0131\u015f\u0131m\u0131n\u0131 kolayca sunabilirsiniz. \u00dcst\u00fcn i\u015f\u00e7ili\u011fe olan sars\u0131lmaz ba\u011fl\u0131l\u0131\u011f\u0131m\u0131z, her bir \u00e7iftin en y\u00fcksek end\u00fcstri standartlar\u0131n\u0131 kar\u015f\u0131lamas\u0131n\u0131 sa\u011flayarak onlar\u0131 envanteriniz i\u00e7in de\u011ferli ve \u00e7ekici bir varl\u0131k haline getirir. Kaliteye yat\u0131r\u0131m yap\u0131n, kal\u0131c\u0131 stile yat\u0131r\u0131m yap\u0131n ve erkekler i\u00e7in bu ola\u011fan\u00fcst\u00fc siyah deri derby ayakkab\u0131larla \u00fcr\u00fcn tekliflerinizi y\u00fckseltin. Toplu sipari\u015fleri g\u00f6r\u00fc\u015fmek ve koleksiyonunuzu geli\u015ftirmek i\u00e7in bug\u00fcn bize ula\u015f\u0131n.<\/p>","protected":false},"excerpt":{"rendered":"<ul>\n<li>Dayan\u0131kl\u0131l\u0131k ve sofistike bir g\u00f6r\u00fcn\u00fcm i\u00e7in birinci s\u0131n\u0131f dana derisinden \u00fcretilmi\u015ftir.<\/li>\n<li>L\u00fcks ke\u00e7i derisi astar, ola\u011fan\u00fcst\u00fc nefes alabilirlik ve konfor sa\u011flar.<\/li>\n<li>G\u00fcn boyu kullan\u0131m ve \u00fcst\u00fcn kavrama i\u00e7in hafif, esnek mikro hafif tabanla donat\u0131lm\u0131\u015ft\u0131r.<\/li>\n<li>Klasik derby tasar\u0131m\u0131, hem resmi hem de ak\u0131ll\u0131 g\u00fcndelik durumlar i\u00e7in uygundur.<\/li>\n<li>Kapsaml\u0131 bir boyut yelpazesinde mevcuttur: 39, 40, 41, 42, 43, 44, 45.<\/li>\n<li>Minimum sipari\u015f miktar\u0131: 16 \u00e7ift. Toptan sat\u0131\u015f talepleri kabul edilir!<\/li>\n<\/ul>","protected":false},"featured_media":7025,"template":"","meta":{"_acf_changed":false,"_uag_custom_page_level_css":"","site-sidebar-layout":"default","site-content-layout":"","ast-site-content-layout":"default","site-content-style":"default","site-sidebar-style":"default","ast-global-header-display":"","ast-banner-title-visibility":"","ast-main-header-display":"","ast-hfb-above-header-display":"","ast-hfb-below-header-display":"","ast-hfb-mobile-header-display":"","site-post-title":"","ast-breadcrumbs-content":"","ast-featured-img":"","footer-sml-layout":"","ast-disable-related-posts":"","theme-transparent-header-meta":"","adv-header-id-meta":"","stick-header-meta":"","header-above-stick-meta":"","header-main-stick-meta":"","header-below-stick-meta":"","astra-migrate-meta-layouts":"default","ast-page-background-enabled":"default","ast-page-background-meta":{"desktop":{"background-color":"var(--ast-global-color-4)","background-image":"","background-repeat":"repeat","background-position":"center center","background-size":"auto","background-attachment":"scroll","background-type":"","background-media":"","overlay-type":"","overlay-color":"","overlay-opacity":"","overlay-gradient":""},"tablet":{"background-color":"","background-image":"","background-repeat":"repeat","background-position":"center center","background-size":"auto","background-attachment":"scroll","background-type":"","background-media":"","overlay-type":"","overlay-color":"","overlay-opacity":"","overlay-gradient":""},"mobile":{"background-color":"","background-image":"","background-repeat":"repeat","background-position":"center center","background-size":"auto","background-attachment":"scroll","background-type":"","background-media":"","overlay-type":"","overlay-color":"","overlay-opacity":"","overlay-gradient":""}},"ast-content-background-meta":{"desktop":{"background-color":"var(--ast-global-color-5)","background-image":"","background-repeat":"repeat","background-position":"center center","background-size":"auto","background-attachment":"scroll","background-type":"","background-media":"","overlay-type":"","overlay-color":"","overlay-opacity":"","overlay-gradient":""},"tablet":{"background-color":"var(--ast-global-color-5)","background-image":"","background-repeat":"repeat","background-position":"center center","background-size":"auto","background-attachment":"scroll","background-type":"","background-media":"","overlay-type":"","overlay-color":"","overlay-opacity":"","overlay-gradient":""},"mobile":{"background-color":"var(--ast-global-color-5)","background-image":"","background-repeat":"repeat","background-position":"center center","background-size":"auto","background-attachment":"scroll","background-type":"","background-media":"","overlay-type":"","overlay-color":"","overlay-opacity":"","overlay-gradient":""}}},"product_brand":[],"product_cat":[47,430,1200],"product_tag":[196,202,145,212,251,1249,324,466,262],"class_list":{"0":"post-7970","1":"product","2":"type-product","3":"status-publish","4":"has-post-thumbnail","6":"product_cat-classic","7":"product_cat-men","8":"product_cat-mens-shoes-2","9":"product_tag-black-leather-shoes","10":"product_tag-calf-leather","11":"product_tag-classic-shoes","12":"product_tag-derby-shoes","13":"product_tag-formal-shoes","14":"product_tag-goat-lining","15":"product_tag-mens-dress-shoes","16":"product_tag-microlight-sole","17":"product_tag-wholesale-mens-shoes","18":"desktop-align-center","19":"tablet-align-center","20":"mobile-align-center","22":"first","23":"instock","24":"shipping-taxable","25":"purchasable","26":"product-type-variable","27":"has-default-attributes"},"acf":[],"uagb_featured_image_src":{"full":["https:\/\/turkishtrade.co\/wp-content\/uploads\/2026\/01\/2600FKHMN00042-BLACK.png",453,250,false],"thumbnail":["https:\/\/turkishtrade.co\/wp-content\/uploads\/2026\/01\/2600FKHMN00042-BLACK-150x150.png",150,150,true],"medium":["https:\/\/turkishtrade.co\/wp-content\/uploads\/2026\/01\/2600FKHMN00042-BLACK-300x166.png",300,166,true],"medium_large":["https:\/\/turkishtrade.co\/wp-content\/uploads\/2026\/01\/2600FKHMN00042-BLACK.png",453,250,false],"large":["https:\/\/turkishtrade.co\/wp-content\/uploads\/2026\/01\/2600FKHMN00042-BLACK.png",453,250,false],"1536x1536":["https:\/\/turkishtrade.co\/wp-content\/uploads\/2026\/01\/2600FKHMN00042-BLACK.png",453,250,false],"2048x2048":["https:\/\/turkishtrade.co\/wp-content\/uploads\/2026\/01\/2600FKHMN00042-BLACK.png",453,250,false],"trp-custom-language-flag":["https:\/\/turkishtrade.co\/wp-content\/uploads\/2026\/01\/2600FKHMN00042-BLACK-18x10.png",18,10,true],"woocommerce_thumbnail":["https:\/\/turkishtrade.co\/wp-content\/uploads\/2026\/01\/2600FKHMN00042-BLACK-400x250.png",400,250,true],"woocommerce_single":["https:\/\/turkishtrade.co\/wp-content\/uploads\/2026\/01\/2600FKHMN00042-BLACK.png",453,250,false],"woocommerce_gallery_thumbnail":["https:\/\/turkishtrade.co\/wp-content\/uploads\/2026\/01\/2600FKHMN00042-BLACK-100x100.png",100,100,true]},"uagb_author_info":{"display_name":"python python","author_link":"https:\/\/turkishtrade.co\/tr\/author\/"},"uagb_comment_info":0,"uagb_excerpt":"Crafted from premium calf leather for durability and a sophisticated look. Luxurious goat leather lining ensures exceptional breathability and comfort. Equipped with a lightweight, flexible microlight sole for all-day wear and superior grip. Classic derby design, suitable for both formal and smart-casual occasions. Available in a comprehensive range of sizes: 39, 40, 41, 42, 43,&hellip;","_links":{"self":[{"href":"https:\/\/turkishtrade.co\/tr\/wp-json\/wp\/v2\/product\/7970","targetHints":{"allow":["GET"]}}],"collection":[{"href":"https:\/\/turkishtrade.co\/tr\/wp-json\/wp\/v2\/product"}],"about":[{"href":"https:\/\/turkishtrade.co\/tr\/wp-json\/wp\/v2\/types\/product"}],"wp:featuredmedia":[{"embeddable":true,"href":"https:\/\/turkishtrade.co\/tr\/wp-json\/wp\/v2\/media\/7025"}],"wp:attachment":[{"href":"https:\/\/turkishtrade.co\/tr\/wp-json\/wp\/v2\/media?parent=7970"}],"wp:term":[{"taxonomy":"product_brand","embeddable":true,"href":"https:\/\/turkishtrade.co\/tr\/wp-json\/wp\/v2\/product_brand?post=7970"},{"taxonomy":"product_cat","embeddable":true,"href":"https:\/\/turkishtrade.co\/tr\/wp-json\/wp\/v2\/product_cat?post=7970"},{"taxonomy":"product_tag","embeddable":true,"href":"https:\/\/turkishtrade.co\/tr\/wp-json\/wp\/v2\/product_tag?post=7970"}],"curies":[{"name":"wp","href":"https:\/\/api.w.org\/{rel}","templated":true}]}}