{"id":7969,"date":"2026-01-29T14:46:26","date_gmt":"2026-01-29T14:46:26","guid":{"rendered":"https:\/\/turkishtrade.co\/?post_type=product&#038;p=7969"},"modified":"2026-04-09T20:39:11","modified_gmt":"2026-04-09T20:39:11","slug":"mens-calf-leather-loafers-12","status":"publish","type":"product","link":"https:\/\/turkishtrade.co\/tr\/shop\/mens-calf-leather-loafers-12\/","title":{"rendered":"Erkek Dana Derisi Loafer Proven | Klasik Erkek Koyu Kahverengi Dana"},"content":{"rendered":"<p>Enfes tasar\u0131m\u0131m\u0131zla zamans\u0131z \u015f\u0131kl\u0131\u011fa ad\u0131m at\u0131n <strong>Erkek Dana Derisi Loafer<\/strong>. Se\u00e7kin beyefendiler i\u00e7in \u00fcretilen bu sofistike koyu kahverengi slip-on ayakkab\u0131lar, klasik stili benzersiz konforla kusursuz bir \u015fekilde harmanl\u0131yor. Her bir \u00e7iftimiz <strong>Erkek Dana Derisi Loafer<\/strong> \u00fcst\u00fcn i\u015f\u00e7ili\u011fin bir kan\u0131t\u0131d\u0131r ve ayakkab\u0131 koleksiyonunuza dayan\u0131kl\u0131 ve \u015f\u0131k bir katk\u0131 sa\u011flar.<\/p>\n<h3>E\u015fsiz Kalite ve \u0130\u015f\u00e7ilik<\/h3>\n<p>P\u00fcr\u00fczs\u00fcz dokusu, zengin g\u00f6r\u00fcn\u00fcm\u00fc ve ola\u011fan\u00fcst\u00fc dayan\u0131kl\u0131l\u0131\u011f\u0131 i\u00e7in titizlikle se\u00e7ilen hakiki dana derisinin l\u00fcks\u00fcn\u00fc ya\u015fay\u0131n. Bu birinci s\u0131n\u0131f mokasen ayakkab\u0131lar\u0131n \u00fcst k\u0131sm\u0131, i\u015f k\u0131yafetlerinden \u015f\u0131k g\u00fcndelik tak\u0131mlara kadar \u00e7ok \u00e7e\u015fitli k\u0131yafetleri tamamlayan derin, \u00e7ok y\u00f6nl\u00fc koyu kahverengi bir tona sahiptir. \u00c7arp\u0131c\u0131 d\u0131\u015f y\u00fczeyinin \u00f6tesinde, bu ayakkab\u0131n\u0131n i\u00e7 k\u0131sm\u0131 <strong>Erkek Dana Derisi Loafer<\/strong> yumu\u015fak ve nefes alabilen ke\u00e7i derisi astar, ekstra bir konfor katman\u0131 sa\u011flar ve g\u00fcn boyunca sa\u011fl\u0131kl\u0131 ayak havaland\u0131rmas\u0131n\u0131 destekler. Detaylara g\u00f6sterilen bu \u00f6zen, ayakkab\u0131n\u0131n aya\u011f\u0131n\u0131za tam oturmas\u0131n\u0131 sa\u011flar ve sabah i\u015fe gidip gelirken ya da ak\u015fam etkinliklerinde rahatl\u0131kla giymenizi sa\u011flar.<\/p>\n<h3>Microlight Taban ile Yenilik\u00e7i Konfor<\/h3>\n<p>Tasar\u0131m\u0131m\u0131zda konfor her \u015feyden \u00f6nemlidir ve bu mokasen ayakkab\u0131lar geli\u015fmi\u015f bir microlight taban ile tasarlanm\u0131\u015ft\u0131r. Bu yenilik\u00e7i taban teknolojisi, ayakkab\u0131n\u0131n toplam a\u011f\u0131rl\u0131\u011f\u0131n\u0131 \u00f6nemli \u00f6l\u00e7\u00fcde azaltarak uzun s\u00fcreli kullan\u0131mdan sonra bile ayak yorgunlu\u011funu en aza indiren hava kadar hafif bir his sunar. Mikrolight taban ayn\u0131 zamanda m\u00fckemmel esneklik ve tutu\u015f sa\u011flayarak \u00e7e\u015fitli y\u00fczeylerde denge ve kendinden emin ad\u0131mlar at\u0131lmas\u0131n\u0131 sa\u011flar. Tabandaki zarif k\u0131rm\u0131z\u0131 vurgu, modern sofistike bir dokunu\u015f katarak bu klasik loafer'lar\u0131 di\u011ferlerinden ay\u0131r\u0131r. 39'dan 45'e kadar kapsaml\u0131 bir AB beden yelpazesinde mevcut oldu\u011fundan, m\u00fckemmel uyumunuzu bulmak zahmetsizdir.<\/p>\n<h3>Toptan Sat\u0131\u015f Ortaklar\u0131 i\u00e7in M\u00fckemmel Se\u00e7im<\/h3>\n<p>Y\u00fcksek kaliteli erkek ayakkab\u0131s\u0131 arayan perakendeciler ve i\u015fletmeler i\u00e7in Klasik Erkek Dana Derisi Loafer'lar\u0131m\u0131z m\u00fckemmel bir f\u0131rsat sunuyor. Bu birinci s\u0131n\u0131f ayakkab\u0131lar\u0131 toptan sat\u0131\u015f i\u00e7in minimum 16 \u00e7ift sipari\u015f miktar\u0131 ile sunuyoruz, b\u00f6ylece \u00e7e\u015fitli bedenleri stoklaman\u0131za ve m\u00fc\u015fterilerinizin ihtiya\u00e7lar\u0131n\u0131 kar\u015f\u0131laman\u0131za olanak tan\u0131yoruz. M\u00fc\u015fterilerinize l\u00fcks\u00fc, konforu ve kal\u0131c\u0131 stili temsil eden bir ayakkab\u0131 se\u00e7ene\u011fi sunun. Bu koyu kahverengi deri mokasen ayakkab\u0131lar sadece ayakkab\u0131 de\u011fildir; her koleksiyonda pop\u00fcler bir \u00fcr\u00fcn olaca\u011f\u0131 kesin olan kalite ve sofistike bir yat\u0131r\u0131md\u0131r.<\/p>","protected":false},"excerpt":{"rendered":"<ul>\n<li>Exquisite Erkek Koyu Kahverengi Dana Derisi Loafer<\/li>\n<li>\u00dcst\u00fcn konfor i\u00e7in Premium Ke\u00e7i Derisi Astar<\/li>\n<li>T\u00fcm g\u00fcn kullan\u0131m i\u00e7in hafif Microlight Taban<\/li>\n<li>AB Bedenlerinde mevcuttur: 39, 40, 41, 42, 43, 44, 45<\/li>\n<li>Klasik stil, sofistike tak\u0131mlar i\u00e7in m\u00fckemmel<\/li>\n<li>Toptan Sat\u0131\u015f Mevcuttur: Minimum 16 \u00e7ift sipari\u015f<\/li>\n<\/ul>","protected":false},"featured_media":7024,"template":"","meta":{"_acf_changed":false,"_uag_custom_page_level_css":"","site-sidebar-layout":"default","site-content-layout":"","ast-site-content-layout":"default","site-content-style":"default","site-sidebar-style":"default","ast-global-header-display":"","ast-banner-title-visibility":"","ast-main-header-display":"","ast-hfb-above-header-display":"","ast-hfb-below-header-display":"","ast-hfb-mobile-header-display":"","site-post-title":"","ast-breadcrumbs-content":"","ast-featured-img":"","footer-sml-layout":"","ast-disable-related-posts":"","theme-transparent-header-meta":"","adv-header-id-meta":"","stick-header-meta":"","header-above-stick-meta":"","header-main-stick-meta":"","header-below-stick-meta":"","astra-migrate-meta-layouts":"default","ast-page-background-enabled":"default","ast-page-background-meta":{"desktop":{"background-color":"var(--ast-global-color-4)","background-image":"","background-repeat":"repeat","background-position":"center center","background-size":"auto","background-attachment":"scroll","background-type":"","background-media":"","overlay-type":"","overlay-color":"","overlay-opacity":"","overlay-gradient":""},"tablet":{"background-color":"","background-image":"","background-repeat":"repeat","background-position":"center center","background-size":"auto","background-attachment":"scroll","background-type":"","background-media":"","overlay-type":"","overlay-color":"","overlay-opacity":"","overlay-gradient":""},"mobile":{"background-color":"","background-image":"","background-repeat":"repeat","background-position":"center center","background-size":"auto","background-attachment":"scroll","background-type":"","background-media":"","overlay-type":"","overlay-color":"","overlay-opacity":"","overlay-gradient":""}},"ast-content-background-meta":{"desktop":{"background-color":"var(--ast-global-color-5)","background-image":"","background-repeat":"repeat","background-position":"center center","background-size":"auto","background-attachment":"scroll","background-type":"","background-media":"","overlay-type":"","overlay-color":"","overlay-opacity":"","overlay-gradient":""},"tablet":{"background-color":"var(--ast-global-color-5)","background-image":"","background-repeat":"repeat","background-position":"center center","background-size":"auto","background-attachment":"scroll","background-type":"","background-media":"","overlay-type":"","overlay-color":"","overlay-opacity":"","overlay-gradient":""},"mobile":{"background-color":"var(--ast-global-color-5)","background-image":"","background-repeat":"repeat","background-position":"center center","background-size":"auto","background-attachment":"scroll","background-type":"","background-media":"","overlay-type":"","overlay-color":"","overlay-opacity":"","overlay-gradient":""}}},"product_brand":[],"product_cat":[47,430,1200],"product_tag":[147,185,754,737,189,215,186,466,184,281],"class_list":{"0":"post-7969","1":"product","2":"type-product","3":"status-publish","4":"has-post-thumbnail","6":"product_cat-classic","7":"product_cat-men","8":"product_cat-mens-shoes-2","9":"product_tag-brown-loafers","10":"product_tag-calf-leather-shoes","11":"product_tag-classic-mens-shoes","12":"product_tag-dress-loafers","13":"product_tag-goat-leather-lining","14":"product_tag-leather-loafers","15":"product_tag-mens-loafers","16":"product_tag-microlight-sole","17":"product_tag-slip-on-shoes","18":"product_tag-wholesale-shoes","19":"desktop-align-center","20":"tablet-align-center","21":"mobile-align-center","23":"first","24":"instock","25":"shipping-taxable","26":"purchasable","27":"product-type-variable","28":"has-default-attributes"},"acf":[],"uagb_featured_image_src":{"full":["https:\/\/turkishtrade.co\/wp-content\/uploads\/2026\/01\/2600FKHMN00041-DARK-BROWN.png",453,250,false],"thumbnail":["https:\/\/turkishtrade.co\/wp-content\/uploads\/2026\/01\/2600FKHMN00041-DARK-BROWN-150x150.png",150,150,true],"medium":["https:\/\/turkishtrade.co\/wp-content\/uploads\/2026\/01\/2600FKHMN00041-DARK-BROWN-300x166.png",300,166,true],"medium_large":["https:\/\/turkishtrade.co\/wp-content\/uploads\/2026\/01\/2600FKHMN00041-DARK-BROWN.png",453,250,false],"large":["https:\/\/turkishtrade.co\/wp-content\/uploads\/2026\/01\/2600FKHMN00041-DARK-BROWN.png",453,250,false],"1536x1536":["https:\/\/turkishtrade.co\/wp-content\/uploads\/2026\/01\/2600FKHMN00041-DARK-BROWN.png",453,250,false],"2048x2048":["https:\/\/turkishtrade.co\/wp-content\/uploads\/2026\/01\/2600FKHMN00041-DARK-BROWN.png",453,250,false],"trp-custom-language-flag":["https:\/\/turkishtrade.co\/wp-content\/uploads\/2026\/01\/2600FKHMN00041-DARK-BROWN-18x10.png",18,10,true],"woocommerce_thumbnail":["https:\/\/turkishtrade.co\/wp-content\/uploads\/2026\/01\/2600FKHMN00041-DARK-BROWN-400x250.png",400,250,true],"woocommerce_single":["https:\/\/turkishtrade.co\/wp-content\/uploads\/2026\/01\/2600FKHMN00041-DARK-BROWN.png",453,250,false],"woocommerce_gallery_thumbnail":["https:\/\/turkishtrade.co\/wp-content\/uploads\/2026\/01\/2600FKHMN00041-DARK-BROWN-100x100.png",100,100,true]},"uagb_author_info":{"display_name":"python python","author_link":"https:\/\/turkishtrade.co\/tr\/author\/"},"uagb_comment_info":0,"uagb_excerpt":"Exquisite Men's Dark Brown Calf Leather Loafers Premium Goat Leather Lining for superior comfort Lightweight Microlight Sole for all-day wear Available in EU Sizes: 39, 40, 41, 42, 43, 44, 45 Classic style, perfect for sophisticated ensembles Wholesale Availability: Minimum order of 16 pairs","_links":{"self":[{"href":"https:\/\/turkishtrade.co\/tr\/wp-json\/wp\/v2\/product\/7969","targetHints":{"allow":["GET"]}}],"collection":[{"href":"https:\/\/turkishtrade.co\/tr\/wp-json\/wp\/v2\/product"}],"about":[{"href":"https:\/\/turkishtrade.co\/tr\/wp-json\/wp\/v2\/types\/product"}],"wp:featuredmedia":[{"embeddable":true,"href":"https:\/\/turkishtrade.co\/tr\/wp-json\/wp\/v2\/media\/7024"}],"wp:attachment":[{"href":"https:\/\/turkishtrade.co\/tr\/wp-json\/wp\/v2\/media?parent=7969"}],"wp:term":[{"taxonomy":"product_brand","embeddable":true,"href":"https:\/\/turkishtrade.co\/tr\/wp-json\/wp\/v2\/product_brand?post=7969"},{"taxonomy":"product_cat","embeddable":true,"href":"https:\/\/turkishtrade.co\/tr\/wp-json\/wp\/v2\/product_cat?post=7969"},{"taxonomy":"product_tag","embeddable":true,"href":"https:\/\/turkishtrade.co\/tr\/wp-json\/wp\/v2\/product_tag?post=7969"}],"curies":[{"name":"wp","href":"https:\/\/api.w.org\/{rel}","templated":true}]}}