{"id":7968,"date":"2026-01-29T14:46:26","date_gmt":"2026-01-29T14:46:26","guid":{"rendered":"https:\/\/turkishtrade.co\/?post_type=product&#038;p=7968"},"modified":"2026-04-09T20:39:14","modified_gmt":"2026-04-09T20:39:14","slug":"mens-brown-leather-brogue-shoes-2","status":"publish","type":"product","link":"https:\/\/turkishtrade.co\/tr\/shop\/mens-brown-leather-brogue-shoes-2\/","title":{"rendered":"Erkek Kahverengi Deri Brogue Ayakkab\u0131 Proven | Erkek Premium Kahverengi Deri Brogue"},"content":{"rendered":"<p><strong>Erkek Kahverengi Deri Brogue Ayakkab\u0131<\/strong>. Kan\u0131tlanm\u0131\u015f kalite ve tasar\u0131m.<\/p>\n<p>Enfes \u00fcr\u00fcnlerimizle zamans\u0131z bir sofistike ortama ad\u0131m at\u0131n <strong>Erkek Premium Kahverengi Deri Brogue Ayakkab\u0131<\/strong>. Se\u00e7kin beyefendiler i\u00e7in titizlikle \u00fcretilen bu ayakkab\u0131lar, klasik zarafeti ve \u00fcst\u00fcn konforu bir araya getiriyor. Her bir \u00e7iftimiz <strong>erkek kahverengi deri brogue ayakkab\u0131<\/strong> Geleneksel ayakkab\u0131 yap\u0131m sanat\u0131n\u0131n bir kan\u0131t\u0131 olan bu ayakkab\u0131, ister resmi bir etkinli\u011fe, ister \u00f6nemli bir i\u015f toplant\u0131s\u0131na gidiyor olun, ister sadece \u015f\u0131k ve g\u00fcndelik bir gezintinin tad\u0131n\u0131 \u00e7\u0131kar\u0131n, tarz\u0131n\u0131z\u0131 y\u00fckseltmek i\u00e7in tasarlanm\u0131\u015ft\u0131r. Derinin zengin, koyu kahverengi tonu ola\u011fan\u00fcst\u00fc bir \u00e7ok y\u00f6nl\u00fcl\u00fck sunarak bu ayakkab\u0131lar\u0131 iyi giyimli her gard\u0131rop i\u00e7in temel bir par\u00e7a haline getirir.<\/p>\n<h3>Rakipsiz \u0130\u015f\u00e7ilik ve Birinci S\u0131n\u0131f Malzemeler<\/h3>\n<p>Bu istisnai \u00e7al\u0131\u015fmalar\u0131n merkezinde <strong>erkek kahverengi deri brogue ayakkab\u0131<\/strong> en iyi kalite dana derisinden \u00fcretilmi\u015ftir. Bu birinci s\u0131n\u0131f \u2018dana derisi\u2019, zaman i\u00e7inde benzersiz bir patina geli\u015ftirerek g\u00fczel bir \u015fekilde eskiyen \u015f\u0131k, cilal\u0131 bir y\u00fczey sa\u011flar. Diki\u015fler boyunca uzanan kendine \u00f6zg\u00fc delikleri ve t\u0131rt\u0131klar\u0131yla karma\u015f\u0131k tam brogue detayland\u0131rma, sonsuza dek modaya uygun kalan bir miras tasar\u0131m\u0131 sergiler. \u00c7arp\u0131c\u0131 d\u0131\u015f g\u00f6r\u00fcn\u00fcm\u00fcn\u00fcn \u00f6tesinde, bu ayakkab\u0131lar rahatl\u0131\u011f\u0131n\u0131z\u0131 \u00f6n planda tutar. \u0130\u00e7 k\u0131sm\u0131 hakiki ke\u00e7i derisi (\u2018i\u00e7 ke\u00e7i astar\u2019) ile g\u00f6rkemli bir \u015fekilde astarlanm\u0131\u015ft\u0131r ve g\u00fcn boyunca ayaklar\u0131n\u0131z i\u00e7in benzersiz bir nefes alabilirlik ve yumu\u015fak, rahat bir kucaklama sunar. \u0130\u00e7 detaylara g\u00f6sterilen bu \u00f6zen, att\u0131\u011f\u0131n\u0131z her ad\u0131mda l\u00fcks bir his sa\u011flar.<\/p>\n<h3>Microlight Taban ile Geli\u015fmi\u015f Konfor<\/h3>\n<p>Estetik klasik tasar\u0131mdan beslenirken, m\u00fchendislik modern konforu kucakl\u0131yor. Bizim <strong>erkek kahverengi deri brogue ayakkab\u0131<\/strong> yenilik\u00e7i bir microlight tabana (\u2018microlight taban\u2019) sahiptir. Bu geli\u015fmi\u015f taban teknolojisi ola\u011fan\u00fcst\u00fc hafiflik ve esneklik sa\u011flayarak dayan\u0131kl\u0131l\u0131k veya kavramadan \u00f6d\u00fcn vermeden ayak yorgunlu\u011funu \u00f6nemli \u00f6l\u00e7\u00fcde azalt\u0131r. Sa\u011flam ancak hafif yap\u0131s\u0131, bu ayakkab\u0131lar\u0131 uzun s\u00fcre rahatl\u0131kla giyebilmenizi ve hem destek hem de yast\u0131klaman\u0131n keyfini \u00e7\u0131karman\u0131z\u0131 sa\u011flar. 39'dan 45'e (AB) kadar kapsaml\u0131 bir beden yelpazesinde mevcut olan bu ayakkab\u0131lar, birinci s\u0131n\u0131f ayakkab\u0131 arayan geni\u015f bir m\u00fc\u015fteri yelpazesi i\u00e7in m\u00fckemmel bir uyum sa\u011flar. <strong>erkek kahverengi deri brogue ayakkab\u0131<\/strong>.<\/p>\n<h3>Toptan Al\u0131c\u0131lar i\u00e7in M\u00fckemmel Se\u00e7im<\/h3>\n<p>Y\u00fcksek kaliteli, klasik ayakkab\u0131lar arayan i\u015fletmeler i\u00e7in <strong>Erkek Premium Kahverengi Deri Brogue Ayakkab\u0131<\/strong> ideal bir se\u00e7imdir. Bu muhte\u015fem ayakkab\u0131lar\u0131 toptan sat\u0131\u015f i\u00e7in minimum 16 \u00e7ift sipari\u015f miktar\u0131yla sunuyoruz. Bu, perakendecilerin ve distrib\u00fct\u00f6rlerin \u00e7e\u015fitli bedenleri stoklamas\u0131na ve sofistike, dayan\u0131kl\u0131 ve rahat ayakkab\u0131lara y\u00f6nelik m\u00fc\u015fteri talebini kar\u015f\u0131lamas\u0131na olanak tan\u0131r. Geleneksel tarz\u0131 \u00e7a\u011fda\u015f konforla birle\u015ftiren bir \u00fcr\u00fcne yat\u0131r\u0131m yaparak m\u00fc\u015fteri memnuniyetini ve i\u015flerin tekrarlanmas\u0131n\u0131 sa\u011flay\u0131n. Bu klasik <strong>erkek kahverengi deri brogue ayakkab\u0131<\/strong> ayakkab\u0131dan daha fazlas\u0131d\u0131r; stil ve kaliteye yap\u0131lan bir yat\u0131r\u0131md\u0131r.<\/p>","protected":false},"excerpt":{"rendered":"<ul>\n<li>Premium Dana Derisi Saya<\/li>\n<li>L\u00fcks Ke\u00e7i Derisi Astar<\/li>\n<li>Hafif ve Dayan\u0131kl\u0131 Microlight Taban<\/li>\n<li>Zarif Perforasyonlu Klasik Full Brogue Tasar\u0131m<\/li>\n<li>39-45 (AB) bedenlerde mevcuttur<\/li>\n<li>Toptan sipari\u015fler minimum 16 \u00e7ift miktar\u0131yla kabul edilir.<\/li>\n<\/ul>","protected":false},"featured_media":7023,"template":"","meta":{"_acf_changed":false,"_uag_custom_page_level_css":"","site-sidebar-layout":"default","site-content-layout":"","ast-site-content-layout":"default","site-content-style":"default","site-sidebar-style":"default","ast-global-header-display":"","ast-banner-title-visibility":"","ast-main-header-display":"","ast-hfb-above-header-display":"","ast-hfb-below-header-display":"","ast-hfb-mobile-header-display":"","site-post-title":"","ast-breadcrumbs-content":"","ast-featured-img":"","footer-sml-layout":"","ast-disable-related-posts":"","theme-transparent-header-meta":"","adv-header-id-meta":"","stick-header-meta":"","header-above-stick-meta":"","header-main-stick-meta":"","header-below-stick-meta":"","astra-migrate-meta-layouts":"default","ast-page-background-enabled":"default","ast-page-background-meta":{"desktop":{"background-color":"var(--ast-global-color-4)","background-image":"","background-repeat":"repeat","background-position":"center center","background-size":"auto","background-attachment":"scroll","background-type":"","background-media":"","overlay-type":"","overlay-color":"","overlay-opacity":"","overlay-gradient":""},"tablet":{"background-color":"","background-image":"","background-repeat":"repeat","background-position":"center center","background-size":"auto","background-attachment":"scroll","background-type":"","background-media":"","overlay-type":"","overlay-color":"","overlay-opacity":"","overlay-gradient":""},"mobile":{"background-color":"","background-image":"","background-repeat":"repeat","background-position":"center center","background-size":"auto","background-attachment":"scroll","background-type":"","background-media":"","overlay-type":"","overlay-color":"","overlay-opacity":"","overlay-gradient":""}},"ast-content-background-meta":{"desktop":{"background-color":"var(--ast-global-color-5)","background-image":"","background-repeat":"repeat","background-position":"center center","background-size":"auto","background-attachment":"scroll","background-type":"","background-media":"","overlay-type":"","overlay-color":"","overlay-opacity":"","overlay-gradient":""},"tablet":{"background-color":"var(--ast-global-color-5)","background-image":"","background-repeat":"repeat","background-position":"center center","background-size":"auto","background-attachment":"scroll","background-type":"","background-media":"","overlay-type":"","overlay-color":"","overlay-opacity":"","overlay-gradient":""},"mobile":{"background-color":"var(--ast-global-color-5)","background-image":"","background-repeat":"repeat","background-position":"center center","background-size":"auto","background-attachment":"scroll","background-type":"","background-media":"","overlay-type":"","overlay-color":"","overlay-opacity":"","overlay-gradient":""}}},"product_brand":[],"product_cat":[47,430,1200],"product_tag":[292,405,566,1285,251,700,466,281,702],"class_list":{"0":"post-7968","1":"product","2":"type-product","3":"status-publish","4":"has-post-thumbnail","6":"product_cat-classic","7":"product_cat-men","8":"product_cat-mens-shoes-2","9":"product_tag-brown-leather-shoes","10":"product_tag-business-shoes","11":"product_tag-calfskin-shoes","12":"product_tag-classic-dress-shoes","13":"product_tag-formal-shoes","14":"product_tag-mens-brogue-shoes","15":"product_tag-microlight-sole","16":"product_tag-wholesale-shoes","17":"product_tag-wingtip-shoes","18":"desktop-align-center","19":"tablet-align-center","20":"mobile-align-center","22":"first","23":"instock","24":"shipping-taxable","25":"purchasable","26":"product-type-variable","27":"has-default-attributes"},"acf":[],"uagb_featured_image_src":{"full":["https:\/\/turkishtrade.co\/wp-content\/uploads\/2026\/01\/2600FKHMN00040-BROWN.png",453,250,false],"thumbnail":["https:\/\/turkishtrade.co\/wp-content\/uploads\/2026\/01\/2600FKHMN00040-BROWN-150x150.png",150,150,true],"medium":["https:\/\/turkishtrade.co\/wp-content\/uploads\/2026\/01\/2600FKHMN00040-BROWN-300x166.png",300,166,true],"medium_large":["https:\/\/turkishtrade.co\/wp-content\/uploads\/2026\/01\/2600FKHMN00040-BROWN.png",453,250,false],"large":["https:\/\/turkishtrade.co\/wp-content\/uploads\/2026\/01\/2600FKHMN00040-BROWN.png",453,250,false],"1536x1536":["https:\/\/turkishtrade.co\/wp-content\/uploads\/2026\/01\/2600FKHMN00040-BROWN.png",453,250,false],"2048x2048":["https:\/\/turkishtrade.co\/wp-content\/uploads\/2026\/01\/2600FKHMN00040-BROWN.png",453,250,false],"trp-custom-language-flag":["https:\/\/turkishtrade.co\/wp-content\/uploads\/2026\/01\/2600FKHMN00040-BROWN-18x10.png",18,10,true],"woocommerce_thumbnail":["https:\/\/turkishtrade.co\/wp-content\/uploads\/2026\/01\/2600FKHMN00040-BROWN-400x250.png",400,250,true],"woocommerce_single":["https:\/\/turkishtrade.co\/wp-content\/uploads\/2026\/01\/2600FKHMN00040-BROWN.png",453,250,false],"woocommerce_gallery_thumbnail":["https:\/\/turkishtrade.co\/wp-content\/uploads\/2026\/01\/2600FKHMN00040-BROWN-100x100.png",100,100,true]},"uagb_author_info":{"display_name":"python python","author_link":"https:\/\/turkishtrade.co\/tr\/author\/"},"uagb_comment_info":0,"uagb_excerpt":"Premium Calfskin Leather Upper Luxurious Goat Leather Lining Lightweight and Durable Microlight Sole Classic Full Brogue Design with Elegant Perforations Available in Sizes 39-45 (EU) Wholesale orders are welcome with a minimum quantity of 16 pairs.","_links":{"self":[{"href":"https:\/\/turkishtrade.co\/tr\/wp-json\/wp\/v2\/product\/7968","targetHints":{"allow":["GET"]}}],"collection":[{"href":"https:\/\/turkishtrade.co\/tr\/wp-json\/wp\/v2\/product"}],"about":[{"href":"https:\/\/turkishtrade.co\/tr\/wp-json\/wp\/v2\/types\/product"}],"wp:featuredmedia":[{"embeddable":true,"href":"https:\/\/turkishtrade.co\/tr\/wp-json\/wp\/v2\/media\/7023"}],"wp:attachment":[{"href":"https:\/\/turkishtrade.co\/tr\/wp-json\/wp\/v2\/media?parent=7968"}],"wp:term":[{"taxonomy":"product_brand","embeddable":true,"href":"https:\/\/turkishtrade.co\/tr\/wp-json\/wp\/v2\/product_brand?post=7968"},{"taxonomy":"product_cat","embeddable":true,"href":"https:\/\/turkishtrade.co\/tr\/wp-json\/wp\/v2\/product_cat?post=7968"},{"taxonomy":"product_tag","embeddable":true,"href":"https:\/\/turkishtrade.co\/tr\/wp-json\/wp\/v2\/product_tag?post=7968"}],"curies":[{"name":"wp","href":"https:\/\/api.w.org\/{rel}","templated":true}]}}