{"id":7967,"date":"2026-01-29T14:46:26","date_gmt":"2026-01-29T14:46:26","guid":{"rendered":"https:\/\/turkishtrade.co\/?post_type=product&#038;p=7967"},"modified":"2026-04-09T20:39:17","modified_gmt":"2026-04-09T20:39:17","slug":"mens-black-leather-loafers-19","status":"publish","type":"product","link":"https:\/\/turkishtrade.co\/tr\/shop\/mens-black-leather-loafers-19\/","title":{"rendered":"Erkek Siyah Deri Loafer Incredible | Erkek Klasik Siyah Dana Derisi"},"content":{"rendered":"<p>Enfes tasar\u0131m\u0131m\u0131zla zamans\u0131z \u015f\u0131kl\u0131\u011fa ad\u0131m at\u0131n <b>Erkek Siyah Deri Loafer<\/b>. Se\u00e7kin beyefendiler i\u00e7in tasarlanan bu klasik slip-on ayakkab\u0131lar, sofistike stili benzersiz konforla birle\u015ftiriyor. Bu birinci s\u0131n\u0131f ayakkab\u0131lar\u0131n her \u00e7ifti <b>erkek si\u0307yah deri\u0307 mokasen<\/b> l\u00fcks ve dayan\u0131kl\u0131l\u0131\u011f\u0131n m\u00fckemmel bir kar\u0131\u015f\u0131m\u0131n\u0131 sa\u011flamak i\u00e7in titizlikle \u00fcretilmi\u015ftir, bu da onlar\u0131 her gard\u0131rop i\u00e7in vazge\u00e7ilmez bir katk\u0131 haline getirir. \u0130ster i\u015f ister e\u011flence i\u00e7in olsun, bu mokasen ayakkab\u0131lar asla modas\u0131 ge\u00e7meyen rafine bir g\u00f6r\u00fcn\u00fcm sunarak g\u00fcven ve kusursuz bir zevk yans\u0131t\u0131r. Bunlar sadece ayakkab\u0131 de\u011fil; kal\u0131c\u0131 bir stile yap\u0131lan yat\u0131r\u0131md\u0131r.<\/p>\n<h3>\u00dcst\u00fcn \u0130\u015f\u00e7ilik ve Birinci S\u0131n\u0131f Malzemeler<\/h3>\n<p>Bizim <b>Erkek Siyah Deri Loafer<\/b> en iyi hakiki dana derisinden \u00fcretilmi\u015ftir ve kaliteyi yans\u0131tan \u015f\u0131k ve cilal\u0131 bir d\u0131\u015f g\u00f6r\u00fcn\u00fcm sunar. Derinin do\u011fal dokusu hem zarif hem de dayan\u0131kl\u0131d\u0131r ve ya\u015fland\u0131k\u00e7a daha iyi g\u00f6r\u00fcnen bir ayakkab\u0131 vaat eder. \u0130\u00e7 k\u0131s\u0131mda bulunan yumu\u015fak, nefes alabilen ke\u00e7i derisi astar, nemi uzakla\u015ft\u0131rarak ve aya\u011fa p\u00fcr\u00fczs\u00fcz bir his vererek g\u00fcn boyunca maksimum konfor sa\u011flar. Birinci s\u0131n\u0131f malzemelerden olu\u015fan bu kombinasyon, ayakkab\u0131n\u0131n estetik \u00e7ekicili\u011fini art\u0131rmakla kalmaz, ayn\u0131 zamanda uzun \u00f6m\u00fcrl\u00fcl\u00fc\u011f\u00fc ve giyilebilirli\u011fi de garanti eder. Her diki\u015f ve biti\u015fte detaylara g\u00f6sterilen titizlik, bu ayakkab\u0131lar\u0131n ger\u00e7ekten ola\u011fan\u00fcst\u00fc olmas\u0131n\u0131 sa\u011flar <b>siyah deri mokasen ayakkab\u0131lar<\/b>, uzun s\u00fcre dayanacak ve etkileyecek \u015fekilde \u00fcretilmi\u015ftir.<\/p>\n<h3>Rakipsiz Konfor i\u00e7in Yenilik\u00e7i Microlight Taban<\/h3>\n<p>Bu ola\u011fan\u00fcst\u00fc modellerin ay\u0131rt edici \u00f6zelli\u011fi olan yenilik\u00e7i microlight taban ile yeni bir konfor seviyesini deneyimleyin <b>erkek si\u0307yah deri\u0307 mokasen<\/b>. Bu geli\u015fmi\u015f taban teknolojisi \u00fcst\u00fcn yast\u0131klama, ola\u011fan\u00fcst\u00fc hafiflik ve m\u00fckemmel esneklik sa\u011flayarak ayak yorgunlu\u011funu azalt\u0131r ve her ad\u0131m\u0131 bir zevk haline getirir. Geleneksel a\u011f\u0131r tabanlardan farkl\u0131 olarak, microlight tasar\u0131m\u0131 bu ayakkab\u0131lar\u0131n <b>erkek deri\u0307 mokasen<\/b> ayaklar\u0131n\u0131z \u00fczerinde inan\u0131lmaz derecede hafiftir ve sabahtan ak\u015fama kadar zahmetsizce hareket etmenizi sa\u011flar. Dayan\u0131kl\u0131 ancak esnek taban\u0131 g\u00fcvenilir tutu\u015f ve \u015fok emilimi sa\u011flayarak \u00e7e\u015fitli \u015fehir ortamlar\u0131 ve rahats\u0131zl\u0131k vermeden uzun s\u00fcreli kullan\u0131m i\u00e7in uygun hale getirir.<\/p>\n<h3>Her Durum i\u00e7in \u00c7ok Y\u00f6nl\u00fc Stil<\/h3>\n<p>Bunlar\u0131n klasik slip-on tasar\u0131m\u0131 <b>Erkek Siyah Deri Loafer<\/b> inan\u0131lmaz derecede \u00e7ok y\u00f6nl\u00fc olmas\u0131n\u0131 sa\u011flar. Geleneksel cazibenin bir dokunu\u015fu i\u00e7in ince bir \u015fekilde delikli olan zarif burun detay\u0131, resmi etkinlikler, \u00f6nemli i\u015f toplant\u0131lar\u0131 veya sofistike g\u00fcndelik geziler i\u00e7in m\u00fckemmeldir. Keskin ve profesyonel bir g\u00f6r\u00fcn\u00fcm i\u00e7in \u00f6zel dikim tak\u0131m elbiselerle e\u015fle\u015ftirin ya da zarif bir hafta sonu kombini i\u00e7in \u015f\u0131k pantolonlar ve blazer ceketle kombinleyin. Bunlar <b>klasik siyah deri mokasen ayakkab\u0131lar<\/b> Farkl\u0131 k\u0131yafet kodlar\u0131 aras\u0131nda sorunsuz ge\u00e7i\u015f yaparak her zaman kusursuz bir \u015fekilde \u015f\u0131k ve her etkinli\u011fe haz\u0131r g\u00f6r\u00fcnmenizi sa\u011flar. Zamans\u0131z \u00e7ekicili\u011fi, ayakkab\u0131 koleksiyonunuzda y\u0131llarca temel bir par\u00e7a olarak kalaca\u011f\u0131n\u0131 garanti eder.<\/p>\n<h3>Perakendeciler i\u00e7in Toptan Sat\u0131\u015f F\u0131rsat\u0131<\/h3>\n<p>Birinci s\u0131n\u0131f ayakkab\u0131lar sunmak isteyen i\u015fletmeler i\u00e7in <b>Erkek Siyah Deri Loafer<\/b> toptan sat\u0131n al\u0131nabilir. Sadece 16 \u00e7iftlik minimum sipari\u015f miktar\u0131yla, perakendeciler bu y\u00fcksek talep g\u00f6ren, y\u00fcksek kaliteli mokasenleri kolayca stoklayabilir. M\u00fc\u015fterilerinize hak ettikleri l\u00fcks ve konforu sunun ve bu \u015f\u0131k ve dayan\u0131kl\u0131 mokasenlerle \u00fcr\u00fcn sunumunuzu geli\u015ftirin. <b>erkek si\u0307yah deri\u0307 mokasen<\/b>. Ola\u011fan\u00fcst\u00fc i\u015f\u00e7ili\u011fi pazar cazibesiyle birle\u015ftiren bir \u00fcr\u00fcnle envanterinizi y\u00fckseltin ve sofistike erkek ayakkab\u0131lar\u0131na y\u00f6nelik artan talebi kar\u015f\u0131lay\u0131n. Sipari\u015finizi bug\u00fcn verin ve m\u00fc\u015fterilerinize benzersiz bir kalite sunun.<\/p>","protected":false},"excerpt":{"rendered":"<ul>\n<li>\u015e\u0131k bir g\u00f6r\u00fcn\u00fcm i\u00e7in hakiki dana derisinden \u00fcretilmi\u015ftir<\/li>\n<li>\u00dcst\u00fcn konfor ve nefes alabilirlik i\u00e7in l\u00fcks Ke\u00e7i Derisi astar<\/li>\n<li>Ola\u011fan\u00fcst\u00fc hafiflik ve esneklik i\u00e7in yenilik\u00e7i Microlight taban<\/li>\n<li>Zamans\u0131z Klasik slip-on tasar\u0131m ve zarif kep burun detay\u0131<\/li>\n<li>M\u00fckemmel uyum i\u00e7in 39-45 AB bedenlerinde mevcuttur<\/li>\n<li>Minimum 16 \u00e7ift sipari\u015f ile toptan sat\u0131\u015f f\u0131rsatlar\u0131 mevcuttur<\/li>\n<\/ul>","protected":false},"featured_media":7022,"template":"","meta":{"_acf_changed":false,"_uag_custom_page_level_css":"","site-sidebar-layout":"default","site-content-layout":"","ast-site-content-layout":"default","site-content-style":"default","site-sidebar-style":"default","ast-global-header-display":"","ast-banner-title-visibility":"","ast-main-header-display":"","ast-hfb-above-header-display":"","ast-hfb-below-header-display":"","ast-hfb-mobile-header-display":"","site-post-title":"","ast-breadcrumbs-content":"","ast-featured-img":"","footer-sml-layout":"","ast-disable-related-posts":"","theme-transparent-header-meta":"","adv-header-id-meta":"","stick-header-meta":"","header-above-stick-meta":"","header-main-stick-meta":"","header-below-stick-meta":"","astra-migrate-meta-layouts":"default","ast-page-background-enabled":"default","ast-page-background-meta":{"desktop":{"background-color":"var(--ast-global-color-4)","background-image":"","background-repeat":"repeat","background-position":"center center","background-size":"auto","background-attachment":"scroll","background-type":"","background-media":"","overlay-type":"","overlay-color":"","overlay-opacity":"","overlay-gradient":""},"tablet":{"background-color":"","background-image":"","background-repeat":"repeat","background-position":"center center","background-size":"auto","background-attachment":"scroll","background-type":"","background-media":"","overlay-type":"","overlay-color":"","overlay-opacity":"","overlay-gradient":""},"mobile":{"background-color":"","background-image":"","background-repeat":"repeat","background-position":"center center","background-size":"auto","background-attachment":"scroll","background-type":"","background-media":"","overlay-type":"","overlay-color":"","overlay-opacity":"","overlay-gradient":""}},"ast-content-background-meta":{"desktop":{"background-color":"var(--ast-global-color-5)","background-image":"","background-repeat":"repeat","background-position":"center center","background-size":"auto","background-attachment":"scroll","background-type":"","background-media":"","overlay-type":"","overlay-color":"","overlay-opacity":"","overlay-gradient":""},"tablet":{"background-color":"var(--ast-global-color-5)","background-image":"","background-repeat":"repeat","background-position":"center center","background-size":"auto","background-attachment":"scroll","background-type":"","background-media":"","overlay-type":"","overlay-color":"","overlay-opacity":"","overlay-gradient":""},"mobile":{"background-color":"var(--ast-global-color-5)","background-image":"","background-repeat":"repeat","background-position":"center center","background-size":"auto","background-attachment":"scroll","background-type":"","background-media":"","overlay-type":"","overlay-color":"","overlay-opacity":"","overlay-gradient":""}}},"product_brand":[],"product_cat":[47,430,1200],"product_tag":[185,457,220,251,189,733,324,466,184,254],"class_list":{"0":"post-7967","1":"product","2":"type-product","3":"status-publish","4":"has-post-thumbnail","6":"product_cat-classic","7":"product_cat-men","8":"product_cat-mens-shoes-2","9":"product_tag-calf-leather-shoes","10":"product_tag-classic-loafers","11":"product_tag-comfortable-loafers","12":"product_tag-formal-shoes","13":"product_tag-goat-leather-lining","14":"product_tag-mens-black-leather-loafers","15":"product_tag-mens-dress-shoes","16":"product_tag-microlight-sole","17":"product_tag-slip-on-shoes","18":"product_tag-wholesale-footwear","19":"desktop-align-center","20":"tablet-align-center","21":"mobile-align-center","23":"first","24":"instock","25":"shipping-taxable","26":"purchasable","27":"product-type-variable","28":"has-default-attributes"},"acf":[],"uagb_featured_image_src":{"full":["https:\/\/turkishtrade.co\/wp-content\/uploads\/2026\/01\/2600FKHMN00039-BLACK.png",453,250,false],"thumbnail":["https:\/\/turkishtrade.co\/wp-content\/uploads\/2026\/01\/2600FKHMN00039-BLACK-150x150.png",150,150,true],"medium":["https:\/\/turkishtrade.co\/wp-content\/uploads\/2026\/01\/2600FKHMN00039-BLACK-300x166.png",300,166,true],"medium_large":["https:\/\/turkishtrade.co\/wp-content\/uploads\/2026\/01\/2600FKHMN00039-BLACK.png",453,250,false],"large":["https:\/\/turkishtrade.co\/wp-content\/uploads\/2026\/01\/2600FKHMN00039-BLACK.png",453,250,false],"1536x1536":["https:\/\/turkishtrade.co\/wp-content\/uploads\/2026\/01\/2600FKHMN00039-BLACK.png",453,250,false],"2048x2048":["https:\/\/turkishtrade.co\/wp-content\/uploads\/2026\/01\/2600FKHMN00039-BLACK.png",453,250,false],"trp-custom-language-flag":["https:\/\/turkishtrade.co\/wp-content\/uploads\/2026\/01\/2600FKHMN00039-BLACK-18x10.png",18,10,true],"woocommerce_thumbnail":["https:\/\/turkishtrade.co\/wp-content\/uploads\/2026\/01\/2600FKHMN00039-BLACK-400x250.png",400,250,true],"woocommerce_single":["https:\/\/turkishtrade.co\/wp-content\/uploads\/2026\/01\/2600FKHMN00039-BLACK.png",453,250,false],"woocommerce_gallery_thumbnail":["https:\/\/turkishtrade.co\/wp-content\/uploads\/2026\/01\/2600FKHMN00039-BLACK-100x100.png",100,100,true]},"uagb_author_info":{"display_name":"python python","author_link":"https:\/\/turkishtrade.co\/tr\/author\/"},"uagb_comment_info":0,"uagb_excerpt":"Crafted from genuine Calf Leather upper for a sleek finish Luxurious Goat Leather lining for supreme comfort and breathability Innovative Microlight sole for exceptional lightness and flexibility Timeless Classic slip-on design with elegant cap toe detailing Available in EU sizes 39-45 for a perfect fit Wholesale opportunities available with a minimum order of 16 pairs","_links":{"self":[{"href":"https:\/\/turkishtrade.co\/tr\/wp-json\/wp\/v2\/product\/7967","targetHints":{"allow":["GET"]}}],"collection":[{"href":"https:\/\/turkishtrade.co\/tr\/wp-json\/wp\/v2\/product"}],"about":[{"href":"https:\/\/turkishtrade.co\/tr\/wp-json\/wp\/v2\/types\/product"}],"wp:featuredmedia":[{"embeddable":true,"href":"https:\/\/turkishtrade.co\/tr\/wp-json\/wp\/v2\/media\/7022"}],"wp:attachment":[{"href":"https:\/\/turkishtrade.co\/tr\/wp-json\/wp\/v2\/media?parent=7967"}],"wp:term":[{"taxonomy":"product_brand","embeddable":true,"href":"https:\/\/turkishtrade.co\/tr\/wp-json\/wp\/v2\/product_brand?post=7967"},{"taxonomy":"product_cat","embeddable":true,"href":"https:\/\/turkishtrade.co\/tr\/wp-json\/wp\/v2\/product_cat?post=7967"},{"taxonomy":"product_tag","embeddable":true,"href":"https:\/\/turkishtrade.co\/tr\/wp-json\/wp\/v2\/product_tag?post=7967"}],"curies":[{"name":"wp","href":"https:\/\/api.w.org\/{rel}","templated":true}]}}