{"id":7966,"date":"2026-01-29T14:46:26","date_gmt":"2026-01-29T14:46:26","guid":{"rendered":"https:\/\/turkishtrade.co\/?post_type=product&#038;p=7966"},"modified":"2026-04-09T20:39:20","modified_gmt":"2026-04-09T20:39:20","slug":"mens-brown-leather-loafers-9","status":"publish","type":"product","link":"https:\/\/turkishtrade.co\/tr\/shop\/mens-brown-leather-loafers-9\/","title":{"rendered":"Erkek Kahverengi Deri Loafer Authentic | Klasik Kahverengi Dana Derisi Erkek Loafer"},"content":{"rendered":"<p><strong>Erkek Kahverengi Deri Loafer<\/strong>. Otantik kalite ve tasar\u0131m.<\/p>\n<p>Enfes tasar\u0131m\u0131m\u0131zla benzersiz bir stil ve konfora ad\u0131m at\u0131n <strong>Erkek Kahverengi Deri Loafer<\/strong>. Se\u00e7kin beyefendiler i\u00e7in ustal\u0131kla \u00fcretilen bu mokasen ayakkab\u0131lar, klasik tasar\u0131m\u0131 modern konfor teknolojisiyle harmanl\u0131yor. \u0130ster bir i\u015f toplant\u0131s\u0131na, ister resmi bir etkinli\u011fe gidiyor olun, ister sadece sofistike bir g\u00fcndelik gezinin tad\u0131n\u0131 \u00e7\u0131kar\u0131n, bu birinci s\u0131n\u0131f slip-on ayakkab\u0131lar g\u00f6r\u00fcn\u00fcm\u00fcn\u00fcz\u00fc y\u00fckseltmek ve g\u00fcn boyunca ola\u011fan\u00fcst\u00fc konfor sa\u011flamak i\u00e7in tasarlanm\u0131\u015ft\u0131r.<\/p>\n<h3>E\u015fsiz \u0130\u015f\u00e7ilik ve Birinci S\u0131n\u0131f Malzemeler<\/h3>\n<p>Bizim <strong>Erkek Kahverengi Deri Loafer<\/strong> \u00fcst\u00fcn i\u015f\u00e7ili\u011fin bir kan\u0131t\u0131d\u0131r. \u00dcst k\u0131s\u0131m, yumu\u015fak dokusu, ola\u011fan\u00fcst\u00fc dayan\u0131kl\u0131l\u0131\u011f\u0131 ve zarif y\u00fczeyiyle bilinen hakiki dana derisinden titizlikle \u00fcretilmi\u015ftir. Bu y\u00fcksek kaliteli dana derisi zamanla aya\u011f\u0131n\u0131za uyum sa\u011flayarak ki\u015fiselle\u015ftirilmi\u015f ve rahat bir uyum sa\u011flar. Bu kahverengi deri mokasenlerin zengin, derin tonu, keskin tak\u0131m elbiselerden \u00f6zel dikim chino pantolonlara kadar \u00e7ok \u00e7e\u015fitli k\u0131yafetlerle zahmetsizce e\u015fle\u015fen \u00e7ok y\u00f6nl\u00fc bir estetik sunar.<\/p>\n<p>Bu klasik kahverengi mokasen ayakkab\u0131n\u0131n d\u0131\u015f y\u00fczeyinin \u00f6tesinde i\u00e7 k\u0131sm\u0131 da l\u00fcks ke\u00e7i derisiyle astarlanm\u0131\u015ft\u0131r. Bu do\u011fal astar inan\u0131lmaz derecede yumu\u015fakt\u0131r, nefes alabilir ve nemi uzakla\u015ft\u0131rmaya yard\u0131mc\u0131 olarak uzun s\u00fcreli kullan\u0131mdan sonra bile ayaklar\u0131n\u0131z\u0131 kuru ve rahat tutar. Bunlar\u0131 se\u00e7ti\u011finizde <strong>erkek kahverengi\u0307 deri\u0307 mokasen<\/strong>, Hem sofistike g\u00f6r\u00fcn\u00fcme hem de \u00fcst\u00fcn ayak sa\u011fl\u0131\u011f\u0131na \u00f6ncelik veren bir ayakkab\u0131ya yat\u0131r\u0131m yapm\u0131\u015f olursunuz.<\/p>\n<h3>Microlight Taban ile Geli\u015fmi\u015f Konfor<\/h3>\n<p>Konfor her \u015feyden \u00f6nemlidir ve <strong>Erkek Kahverengi Deri Loafer<\/strong> teslim edin. Yenilik\u00e7i bir microlight tabana sahip olan bu ayakkab\u0131lar, destek veya dayan\u0131kl\u0131l\u0131ktan \u00f6d\u00fcn vermeden ola\u011fan\u00fcst\u00fc hafiflik ve esneklik sunar. Mikro hafif taban, \u015foku etkili bir \u015fekilde emerek ayaklar\u0131n\u0131z ve eklemleriniz \u00fczerindeki bask\u0131y\u0131 azalt\u0131r. <strong>klasik kahverengi mokasen ayakkab\u0131lar<\/strong> uzun s\u00fcre ayakta durmak veya y\u00fcr\u00fcmek i\u00e7in idealdir. Taban\u0131n \u015f\u0131k ve d\u00fc\u015f\u00fck profilli tasar\u0131m\u0131, loafer'\u0131n zarif siluetini korurken g\u00fcvenilir tutu\u015f ve denge sa\u011flar.<\/p>\n<h3>Her Durum i\u00e7in \u00c7ok Y\u00f6nl\u00fc Stil<\/h3>\n<p>Bunlar\u0131n zamans\u0131z tasar\u0131m\u0131 <strong>Erkek Kahverengi Deri Loafer<\/strong> her gard\u0131rop i\u00e7in inan\u0131lmaz derecede \u00e7ok y\u00f6nl\u00fc bir ekleme yapar. Hem resmi hem de smart-casual ortamlar i\u00e7in m\u00fckemmel olan bu ayakkab\u0131lar, toplant\u0131 odas\u0131ndan hafta sonu brunch'\u0131na zahmetsizce ge\u00e7i\u015f yapar. Parlak bir profesyonel g\u00f6r\u00fcn\u00fcm i\u00e7in keskin bir lacivert tak\u0131m elbise ile veya sofistike bir g\u00fcndelik \u00e7ekicilik i\u00e7in koyu renk kot pantolon ve blazer ceket ile e\u015fle\u015ftirin. \u0130ster i\u015f ister e\u011flence i\u00e7in olsun, bu <strong>erkek kahverengi\u0307 deri\u0307 mokasen<\/strong> kal\u0131c\u0131 bir etki b\u0131rakmak i\u00e7in tasarlanm\u0131\u015ft\u0131r.<\/p>\n<h3>Toptan Sat\u0131\u015f F\u0131rsatlar\u0131 Mevcut<\/h3>\n<p>M\u00fc\u015fterilerine ola\u011fan\u00fcst\u00fc erkek ayakkab\u0131s\u0131 sunmak isteyen perakendeciler ve i\u015fletmeler i\u00e7in <strong>Erkek Kahverengi Deri Loafer<\/strong> toptan sat\u0131n al\u0131nabilir. Klasik stili kal\u0131c\u0131 konforla birle\u015ftiren y\u00fcksek kaliteli \u00fcr\u00fcnler sunmaktan gurur duyuyoruz. Bu premium mokasen ayakkab\u0131lar i\u00e7in minimum sipari\u015f miktar\u0131 16 \u00e7ifttir ve bu pop\u00fcler stili kolayca stoklayabilmenizi sa\u011flar. Envanterinizi geli\u015ftirin ve ola\u011fan\u00fcst\u00fc ayakkab\u0131 talebini kar\u015f\u0131lay\u0131n <strong>erkek kahverengi\u0307 deri\u0307 mokasen<\/strong>. \u00dcr\u00fcnlerimizle kaliteye ve stile yat\u0131r\u0131m yap\u0131n <strong>Erkek Kahverengi Deri Loafer<\/strong>.<\/p>","protected":false},"excerpt":{"rendered":"<ul>\n<li>Dayan\u0131kl\u0131l\u0131k ve zamans\u0131z \u00e7ekicilik i\u00e7in birinci s\u0131n\u0131f dana derisi saya.<\/li>\n<li>L\u00fcks ke\u00e7i derisi astar ola\u011fan\u00fcst\u00fc konfor ve nefes alabilirlik sa\u011flar.<\/li>\n<li>Hafif ve esnek mikro hafif taban g\u00fcn boyu \u00fcst\u00fcn a\u015f\u0131nma sunar.<\/li>\n<li>Klasik slip-on tasar\u0131m, resmi ve \u015f\u0131k g\u00fcndelik durumlar i\u00e7in m\u00fckemmeldir.<\/li>\n<li>39-45 AB bedenlerinde mevcuttur.<\/li>\n<li>Toptan sat\u0131\u015f talepleri kabul edilir - Minimum sipari\u015f miktar\u0131: 16 \u00e7ift.<\/li>\n<\/ul>","protected":false},"featured_media":7021,"template":"","meta":{"_acf_changed":false,"_uag_custom_page_level_css":"","site-sidebar-layout":"default","site-content-layout":"","ast-site-content-layout":"default","site-content-style":"default","site-sidebar-style":"default","ast-global-header-display":"","ast-banner-title-visibility":"","ast-main-header-display":"","ast-hfb-above-header-display":"","ast-hfb-below-header-display":"","ast-hfb-mobile-header-display":"","site-post-title":"","ast-breadcrumbs-content":"","ast-featured-img":"","footer-sml-layout":"","ast-disable-related-posts":"","theme-transparent-header-meta":"","adv-header-id-meta":"","stick-header-meta":"","header-above-stick-meta":"","header-main-stick-meta":"","header-below-stick-meta":"","astra-migrate-meta-layouts":"default","ast-page-background-enabled":"default","ast-page-background-meta":{"desktop":{"background-color":"var(--ast-global-color-4)","background-image":"","background-repeat":"repeat","background-position":"center center","background-size":"auto","background-attachment":"scroll","background-type":"","background-media":"","overlay-type":"","overlay-color":"","overlay-opacity":"","overlay-gradient":""},"tablet":{"background-color":"","background-image":"","background-repeat":"repeat","background-position":"center center","background-size":"auto","background-attachment":"scroll","background-type":"","background-media":"","overlay-type":"","overlay-color":"","overlay-opacity":"","overlay-gradient":""},"mobile":{"background-color":"","background-image":"","background-repeat":"repeat","background-position":"center center","background-size":"auto","background-attachment":"scroll","background-type":"","background-media":"","overlay-type":"","overlay-color":"","overlay-opacity":"","overlay-gradient":""}},"ast-content-background-meta":{"desktop":{"background-color":"var(--ast-global-color-5)","background-image":"","background-repeat":"repeat","background-position":"center center","background-size":"auto","background-attachment":"scroll","background-type":"","background-media":"","overlay-type":"","overlay-color":"","overlay-opacity":"","overlay-gradient":""},"tablet":{"background-color":"var(--ast-global-color-5)","background-image":"","background-repeat":"repeat","background-position":"center center","background-size":"auto","background-attachment":"scroll","background-type":"","background-media":"","overlay-type":"","overlay-color":"","overlay-opacity":"","overlay-gradient":""},"mobile":{"background-color":"var(--ast-global-color-5)","background-image":"","background-repeat":"repeat","background-position":"center center","background-size":"auto","background-attachment":"scroll","background-type":"","background-media":"","overlay-type":"","overlay-color":"","overlay-opacity":"","overlay-gradient":""}}},"product_brand":[],"product_cat":[47,430,1200],"product_tag":[513,555,457,609,251,1326,249,466,184,456],"class_list":{"0":"post-7966","1":"product","2":"type-product","3":"status-publish","4":"has-post-thumbnail","6":"product_cat-classic","7":"product_cat-men","8":"product_cat-mens-shoes-2","9":"product_tag-business-casual-shoes","10":"product_tag-calfskin-loafers","11":"product_tag-classic-loafers","12":"product_tag-elegant-mens-shoes","13":"product_tag-formal-shoes","14":"product_tag-goat-leather-lined-shoes","15":"product_tag-mens-brown-leather-loafers","16":"product_tag-microlight-sole","17":"product_tag-slip-on-shoes","18":"product_tag-wholesale-loafers","19":"desktop-align-center","20":"tablet-align-center","21":"mobile-align-center","23":"first","24":"instock","25":"shipping-taxable","26":"purchasable","27":"product-type-variable","28":"has-default-attributes"},"acf":[],"uagb_featured_image_src":{"full":["https:\/\/turkishtrade.co\/wp-content\/uploads\/2026\/01\/2600FKHMN00038-BROWN.png",453,250,false],"thumbnail":["https:\/\/turkishtrade.co\/wp-content\/uploads\/2026\/01\/2600FKHMN00038-BROWN-150x150.png",150,150,true],"medium":["https:\/\/turkishtrade.co\/wp-content\/uploads\/2026\/01\/2600FKHMN00038-BROWN-300x166.png",300,166,true],"medium_large":["https:\/\/turkishtrade.co\/wp-content\/uploads\/2026\/01\/2600FKHMN00038-BROWN.png",453,250,false],"large":["https:\/\/turkishtrade.co\/wp-content\/uploads\/2026\/01\/2600FKHMN00038-BROWN.png",453,250,false],"1536x1536":["https:\/\/turkishtrade.co\/wp-content\/uploads\/2026\/01\/2600FKHMN00038-BROWN.png",453,250,false],"2048x2048":["https:\/\/turkishtrade.co\/wp-content\/uploads\/2026\/01\/2600FKHMN00038-BROWN.png",453,250,false],"trp-custom-language-flag":["https:\/\/turkishtrade.co\/wp-content\/uploads\/2026\/01\/2600FKHMN00038-BROWN-18x10.png",18,10,true],"woocommerce_thumbnail":["https:\/\/turkishtrade.co\/wp-content\/uploads\/2026\/01\/2600FKHMN00038-BROWN-400x250.png",400,250,true],"woocommerce_single":["https:\/\/turkishtrade.co\/wp-content\/uploads\/2026\/01\/2600FKHMN00038-BROWN.png",453,250,false],"woocommerce_gallery_thumbnail":["https:\/\/turkishtrade.co\/wp-content\/uploads\/2026\/01\/2600FKHMN00038-BROWN-100x100.png",100,100,true]},"uagb_author_info":{"display_name":"python python","author_link":"https:\/\/turkishtrade.co\/tr\/author\/"},"uagb_comment_info":0,"uagb_excerpt":"Premium calfskin leather upper for durability and timeless appeal. Luxurious goat leather lining ensures exceptional comfort and breathability. Lightweight and flexible microlight sole offers superior all-day wear. Classic slip-on design perfect for formal and smart-casual occasions. Available in EU sizes 39-45. Wholesale inquiries welcome - Minimum order quantity: 16 pairs.","_links":{"self":[{"href":"https:\/\/turkishtrade.co\/tr\/wp-json\/wp\/v2\/product\/7966","targetHints":{"allow":["GET"]}}],"collection":[{"href":"https:\/\/turkishtrade.co\/tr\/wp-json\/wp\/v2\/product"}],"about":[{"href":"https:\/\/turkishtrade.co\/tr\/wp-json\/wp\/v2\/types\/product"}],"wp:featuredmedia":[{"embeddable":true,"href":"https:\/\/turkishtrade.co\/tr\/wp-json\/wp\/v2\/media\/7021"}],"wp:attachment":[{"href":"https:\/\/turkishtrade.co\/tr\/wp-json\/wp\/v2\/media?parent=7966"}],"wp:term":[{"taxonomy":"product_brand","embeddable":true,"href":"https:\/\/turkishtrade.co\/tr\/wp-json\/wp\/v2\/product_brand?post=7966"},{"taxonomy":"product_cat","embeddable":true,"href":"https:\/\/turkishtrade.co\/tr\/wp-json\/wp\/v2\/product_cat?post=7966"},{"taxonomy":"product_tag","embeddable":true,"href":"https:\/\/turkishtrade.co\/tr\/wp-json\/wp\/v2\/product_tag?post=7966"}],"curies":[{"name":"wp","href":"https:\/\/api.w.org\/{rel}","templated":true}]}}