{"id":7963,"date":"2026-01-29T14:46:25","date_gmt":"2026-01-29T14:46:25","guid":{"rendered":"https:\/\/turkishtrade.co\/?post_type=product&#038;p=7963"},"modified":"2026-04-09T20:39:29","modified_gmt":"2026-04-09T20:39:29","slug":"classic-dark-brown-brogue-oxfords","status":"publish","type":"product","link":"https:\/\/turkishtrade.co\/tr\/shop\/classic-dark-brown-brogue-oxfords\/","title":{"rendered":"Klasik Koyu Kahverengi Brogue Oxfords Authentic | Klasik Koyu Kahverengi Dana Derisi"},"content":{"rendered":"<p><strong>Klasik Koyu Kahverengi Brogue Oxfords<\/strong>. Otantik kalite ve tasar\u0131m.<\/p>\n<p>Enfes \u00fcr\u00fcnlerimizle benzersiz bir sofistike ortama ad\u0131m at\u0131n <strong>Klasik Koyu Kahverengi Brogue Oxfords<\/strong>. Bu ayakkab\u0131lar, hem stil hem de \u00f6z\u00fc takdir eden modern beyefendiler i\u00e7in titizlikle haz\u0131rlanm\u0131\u015f, zamans\u0131z zarafetin \u00f6z\u00fcd\u00fcr. Geleneksel tasar\u0131m\u0131 \u00e7a\u011fda\u015f konforla m\u00fckemmel bir \u015fekilde harmanlayan bu <strong>Klasik Koyu Kahverengi Brogue Oxfords<\/strong> hem resmi etkinlikler hem de \u015f\u0131k ve g\u00fcndelik durumlar i\u00e7in uygun olan, se\u00e7kin gard\u0131roplar\u0131n vazge\u00e7ilmez bir par\u00e7as\u0131d\u0131r.<\/p>\n<h3>Rakipsiz \u0130\u015f\u00e7ilik ve Birinci S\u0131n\u0131f Malzemeler<\/h3>\n<p>Bizim <strong>Klasik Koyu Kahverengi Brogue Oxfords<\/strong> yaln\u0131zca en iyi malzemeler kullan\u0131larak \u00fcretilmi\u015ftir. \u00dcst k\u0131s\u0131m, p\u00fcr\u00fczs\u00fcz dokusu, dayan\u0131kl\u0131l\u0131\u011f\u0131 ve zaman i\u00e7inde g\u00fczel bir patine geli\u015ftirme yetene\u011fi ile bilinen esnek dana derisinden yap\u0131lm\u0131\u015ft\u0131r. Bu birinci s\u0131n\u0131f deri, ayakkab\u0131lar\u0131n\u0131z\u0131n yaln\u0131zca ola\u011fan\u00fcst\u00fc g\u00f6r\u00fcnmesini de\u011fil, ayn\u0131 zamanda y\u0131llarca se\u00e7kin bir kullan\u0131m sa\u011flayarak zaman\u0131n testine dayanmas\u0131n\u0131 da sa\u011flar. \u0130\u00e7 k\u0131s\u0131mda, ayaklar\u0131n\u0131z \u00fcst\u00fcn nefes alabilirlik ve cilde yumu\u015fak bir dokunu\u015f sunan l\u00fcks ke\u00e7i derisi astarla sar\u0131lacak ve g\u00fcn boyunca rahat etmenizi sa\u011flayacakt\u0131r. Detaylara g\u00f6sterilen \u00f6zen, klasik tasar\u0131m\u0131n ay\u0131rt edici \u00f6zelli\u011fi olan zarif brogue deliklerine kadar uzan\u0131r ve zengin koyu kahverengi renk tonuna zarif bir dokunu\u015f katar.<\/p>\n<h3>Microlight Teknolojisi ile Geli\u015fmi\u015f Konfor<\/h3>\n<p>Yenilik\u00e7i microlight taban ile yeni bir konfor seviyesini deneyimleyin. Son derece hafif ve esnek olacak \u015fekilde tasarlanan bu geli\u015fmi\u015f taban teknolojisi, ayak yorgunlu\u011funu \u00f6nemli \u00f6l\u00e7\u00fcde azaltarak bu <strong>Klasik Koyu Kahverengi Brogue Oxfords<\/strong> Ayakta ge\u00e7irece\u011finiz uzun g\u00fcnler i\u00e7in idealdir. Mikrolight taban, hafifli\u011fine ra\u011fmen m\u00fckemmel tutu\u015f ve dayan\u0131kl\u0131l\u0131k sa\u011flayarak stabilite ve uzun \u00f6m\u00fcrl\u00fcl\u00fck sunar. Geleneksel i\u015f\u00e7ili\u011fin modern taban teknolojisiyle birle\u015fimi, klasik estetik ve \u00e7a\u011fda\u015f giyilebilirlik aras\u0131nda m\u00fckemmel bir denge sunarak ayakkab\u0131lar\u0131m\u0131z\u0131 di\u011ferlerinden ay\u0131r\u0131r. \u0130ster bir i\u015f toplant\u0131s\u0131na ister sosyal bir bulu\u015fmaya kat\u0131l\u0131n, bu ayakkab\u0131lar sizi hafif ve \u00e7evik hissettirecek.<\/p>\n<h3>Her Durum i\u00e7in \u00c7ok Y\u00f6nl\u00fcl\u00fck<\/h3>\n<p>Bu brogue oxfords'un koyu kahverengi tonu inan\u0131lmaz bir \u00e7ok y\u00f6nl\u00fcl\u00fck sunar ve onlar\u0131 \u00e7ok \u00e7e\u015fitli k\u0131yafetler i\u00e7in m\u00fckemmel bir e\u015f haline getirir. \u0130ster \u015f\u0131k bir i\u015f g\u00f6r\u00fcn\u00fcm\u00fc i\u00e7in \u00f6zel dikim bir tak\u0131m elbise ile e\u015fle\u015ftirin, ister \u015f\u0131k ve rahat bir kombin i\u00e7in chino pantolon ve blazer ceket ile kombinleyin. Klasik brogue detaylar a\u015f\u0131r\u0131 s\u00fcsl\u00fc olmadan karakter katar ve bu ayakkab\u0131lar\u0131n her ortam i\u00e7in sofistike bir se\u00e7im olarak kalmas\u0131n\u0131 sa\u011flar. Bu ayakkab\u0131lar\u0131n kal\u0131c\u0131 cazibesini kucaklay\u0131n <strong>Klasik Koyu Kahverengi Brogue Oxfords<\/strong>, ki\u015fisel tarz\u0131n\u0131z\u0131 zahmetsiz bir zarafetle geli\u015ftirmek i\u00e7in tasarlanm\u0131\u015ft\u0131r. Perakendeciler ve i\u015fletmeler i\u00e7in bu ola\u011fan\u00fcst\u00fc ayakkab\u0131lar, minimum 16 \u00e7ift sipari\u015fle toptan sat\u0131\u015fa sunulmakta ve y\u00fcksek kaliteli, talep g\u00f6ren bir \u00fcr\u00fcn\u00fc stoklamak i\u00e7in harika bir f\u0131rsat sunmaktad\u0131r.<\/p>","protected":false},"excerpt":{"rendered":"<ul>\n<li>Kal\u0131c\u0131 kalite i\u00e7in Premium Dana Derisi Saya<\/li>\n<li>L\u00fcks Ke\u00e7i Derisi Astar nefes alabilirlik ve konfor sa\u011flar<\/li>\n<li>Hafif Microlight Taban \u00fcst\u00fcn kavrama ve esneklik sunar<\/li>\n<li>Zamans\u0131z ve sofistike bir g\u00f6r\u00fcn\u00fcm i\u00e7in Zarif Brogue Detayland\u0131rma<\/li>\n<li>Avrupa \u00d6l\u00e7\u00fclerinde Mevcuttur: 39, 40, 41, 42, 43, 44, 45<\/li>\n<li>Toptan Sipari\u015fler Ho\u015f Geldiniz (Minimum Sipari\u015f: 16 \u00c7ift)<\/li>\n<\/ul>","protected":false},"featured_media":7018,"template":"","meta":{"_acf_changed":false,"_uag_custom_page_level_css":"","site-sidebar-layout":"default","site-content-layout":"","ast-site-content-layout":"default","site-content-style":"default","site-sidebar-style":"default","ast-global-header-display":"","ast-banner-title-visibility":"","ast-main-header-display":"","ast-hfb-above-header-display":"","ast-hfb-below-header-display":"","ast-hfb-mobile-header-display":"","site-post-title":"","ast-breadcrumbs-content":"","ast-featured-img":"","footer-sml-layout":"","ast-disable-related-posts":"","theme-transparent-header-meta":"","adv-header-id-meta":"","stick-header-meta":"","header-above-stick-meta":"","header-main-stick-meta":"","header-below-stick-meta":"","astra-migrate-meta-layouts":"default","ast-page-background-enabled":"default","ast-page-background-meta":{"desktop":{"background-color":"var(--ast-global-color-4)","background-image":"","background-repeat":"repeat","background-position":"center center","background-size":"auto","background-attachment":"scroll","background-type":"","background-media":"","overlay-type":"","overlay-color":"","overlay-opacity":"","overlay-gradient":""},"tablet":{"background-color":"","background-image":"","background-repeat":"repeat","background-position":"center center","background-size":"auto","background-attachment":"scroll","background-type":"","background-media":"","overlay-type":"","overlay-color":"","overlay-opacity":"","overlay-gradient":""},"mobile":{"background-color":"","background-image":"","background-repeat":"repeat","background-position":"center center","background-size":"auto","background-attachment":"scroll","background-type":"","background-media":"","overlay-type":"","overlay-color":"","overlay-opacity":"","overlay-gradient":""}},"ast-content-background-meta":{"desktop":{"background-color":"var(--ast-global-color-5)","background-image":"","background-repeat":"repeat","background-position":"center center","background-size":"auto","background-attachment":"scroll","background-type":"","background-media":"","overlay-type":"","overlay-color":"","overlay-opacity":"","overlay-gradient":""},"tablet":{"background-color":"var(--ast-global-color-5)","background-image":"","background-repeat":"repeat","background-position":"center center","background-size":"auto","background-attachment":"scroll","background-type":"","background-media":"","overlay-type":"","overlay-color":"","overlay-opacity":"","overlay-gradient":""},"mobile":{"background-color":"var(--ast-global-color-5)","background-image":"","background-repeat":"repeat","background-position":"center center","background-size":"auto","background-attachment":"scroll","background-type":"","background-media":"","overlay-type":"","overlay-color":"","overlay-opacity":"","overlay-gradient":""}}},"product_brand":[],"product_cat":[47,430,1200],"product_tag":[715,202,971,408,284,251,1249,466,281],"class_list":{"0":"post-7963","1":"product","2":"type-product","3":"status-publish","4":"has-post-thumbnail","6":"product_cat-classic","7":"product_cat-men","8":"product_cat-mens-shoes-2","9":"product_tag-brogue","10":"product_tag-calf-leather","11":"product_tag-classic-oxfords","12":"product_tag-dark-brown-shoes","13":"product_tag-dress-shoes","14":"product_tag-formal-shoes","15":"product_tag-goat-lining","16":"product_tag-microlight-sole","17":"product_tag-wholesale-shoes","18":"desktop-align-center","19":"tablet-align-center","20":"mobile-align-center","22":"first","23":"instock","24":"shipping-taxable","25":"purchasable","26":"product-type-variable","27":"has-default-attributes"},"acf":[],"uagb_featured_image_src":{"full":["https:\/\/turkishtrade.co\/wp-content\/uploads\/2026\/01\/2600FKHMN00035-BROWN.png",453,250,false],"thumbnail":["https:\/\/turkishtrade.co\/wp-content\/uploads\/2026\/01\/2600FKHMN00035-BROWN-150x150.png",150,150,true],"medium":["https:\/\/turkishtrade.co\/wp-content\/uploads\/2026\/01\/2600FKHMN00035-BROWN-300x166.png",300,166,true],"medium_large":["https:\/\/turkishtrade.co\/wp-content\/uploads\/2026\/01\/2600FKHMN00035-BROWN.png",453,250,false],"large":["https:\/\/turkishtrade.co\/wp-content\/uploads\/2026\/01\/2600FKHMN00035-BROWN.png",453,250,false],"1536x1536":["https:\/\/turkishtrade.co\/wp-content\/uploads\/2026\/01\/2600FKHMN00035-BROWN.png",453,250,false],"2048x2048":["https:\/\/turkishtrade.co\/wp-content\/uploads\/2026\/01\/2600FKHMN00035-BROWN.png",453,250,false],"trp-custom-language-flag":["https:\/\/turkishtrade.co\/wp-content\/uploads\/2026\/01\/2600FKHMN00035-BROWN-18x10.png",18,10,true],"woocommerce_thumbnail":["https:\/\/turkishtrade.co\/wp-content\/uploads\/2026\/01\/2600FKHMN00035-BROWN-400x250.png",400,250,true],"woocommerce_single":["https:\/\/turkishtrade.co\/wp-content\/uploads\/2026\/01\/2600FKHMN00035-BROWN.png",453,250,false],"woocommerce_gallery_thumbnail":["https:\/\/turkishtrade.co\/wp-content\/uploads\/2026\/01\/2600FKHMN00035-BROWN-100x100.png",100,100,true]},"uagb_author_info":{"display_name":"python python","author_link":"https:\/\/turkishtrade.co\/tr\/author\/"},"uagb_comment_info":0,"uagb_excerpt":"Premium Calf Leather Upper for enduring quality Luxurious Goat Leather Lining ensures breathability and comfort Lightweight Microlight Sole offers superior grip and flexibility Elegant Brogue Detailing for a timeless and sophisticated look Available in European Sizes: 39, 40, 41, 42, 43, 44, 45 Wholesale Orders Welcome (Minimum Order: 16 Pairs)","_links":{"self":[{"href":"https:\/\/turkishtrade.co\/tr\/wp-json\/wp\/v2\/product\/7963","targetHints":{"allow":["GET"]}}],"collection":[{"href":"https:\/\/turkishtrade.co\/tr\/wp-json\/wp\/v2\/product"}],"about":[{"href":"https:\/\/turkishtrade.co\/tr\/wp-json\/wp\/v2\/types\/product"}],"wp:featuredmedia":[{"embeddable":true,"href":"https:\/\/turkishtrade.co\/tr\/wp-json\/wp\/v2\/media\/7018"}],"wp:attachment":[{"href":"https:\/\/turkishtrade.co\/tr\/wp-json\/wp\/v2\/media?parent=7963"}],"wp:term":[{"taxonomy":"product_brand","embeddable":true,"href":"https:\/\/turkishtrade.co\/tr\/wp-json\/wp\/v2\/product_brand?post=7963"},{"taxonomy":"product_cat","embeddable":true,"href":"https:\/\/turkishtrade.co\/tr\/wp-json\/wp\/v2\/product_cat?post=7963"},{"taxonomy":"product_tag","embeddable":true,"href":"https:\/\/turkishtrade.co\/tr\/wp-json\/wp\/v2\/product_tag?post=7963"}],"curies":[{"name":"wp","href":"https:\/\/api.w.org\/{rel}","templated":true}]}}