{"id":7962,"date":"2026-01-29T14:46:25","date_gmt":"2026-01-29T14:46:25","guid":{"rendered":"https:\/\/turkishtrade.co\/?post_type=product&#038;p=7962"},"modified":"2026-04-09T20:39:31","modified_gmt":"2026-04-09T20:39:31","slug":"mens-dark-blue-calf-leather-oxford-shoes","status":"publish","type":"product","link":"https:\/\/turkishtrade.co\/tr\/shop\/mens-dark-blue-calf-leather-oxford-shoes\/","title":{"rendered":"Erkek Koyu Mavi Dana Derisi Oxford Ayakkab\u0131 Sensational"},"content":{"rendered":"<h3>Premium Erkek Koyu Mavi Dana Derisi Oxford Ayakkab\u0131 ile Stilinizi Y\u00fckseltin<\/h3>\n<p>Enfes \u00fcr\u00fcnlerimizle sofistike ve benzersiz bir konfora ad\u0131m at\u0131n <strong>erkek koyu mavi dana derisi Oxford ayakkab\u0131<\/strong>. Se\u00e7kin beyefendiler i\u00e7in tasarlanan bu el yap\u0131m\u0131 ayakkab\u0131lar, klasik zarafeti modern yeniliklerle harmanlayarak her t\u00fcrl\u00fc resmi veya i\u015f gard\u0131robuna vazge\u00e7ilmez bir katk\u0131 sa\u011flar. Zengin, koyu mavi tonu, geleneksel siyaha \u00e7a\u011fda\u015f bir alternatif sunarak, \u00f6zel dikim tak\u0131mlardan \u015f\u0131k g\u00fcndelik tak\u0131mlara kadar \u00e7e\u015fitli k\u0131yafetlerle zahmetsizce e\u015fle\u015fen \u00e7ok y\u00f6nl\u00fc bir se\u00e7enek sunar.<\/p>\n<h3>Lacivert Oxford Ayakkab\u0131lar\u0131m\u0131z i\u00e7in Rakipsiz \u0130\u015f\u00e7ilik ve \u00dcst\u00fcn Malzemeler<\/h3>\n<p>Bu istisnai \u00e7al\u0131\u015fmalar\u0131n merkezinde <strong>erkek koyu mavi dana derisi Oxford ayakkab\u0131<\/strong> kaliteye ba\u011fl\u0131l\u0131k yatar. Her bir \u00e7ift birinci s\u0131n\u0131f malzemeden titizlikle \u00fcretilmi\u015ftir. <em>dana derisi<\/em>, P\u00fcr\u00fczs\u00fcz dokusu, dayan\u0131kl\u0131l\u0131\u011f\u0131 ve zaman i\u00e7inde g\u00fczel bir patina geli\u015ftirme yetene\u011fi ile \u00fcnl\u00fcd\u00fcr. Bu y\u00fcksek kaliteli deri sadece l\u00fcks bir g\u00f6r\u00fcn\u00fcm de\u011fil, ayn\u0131 zamanda uzun \u00f6m\u00fcrl\u00fc bir kullan\u0131m da sa\u011flar. \u0130\u00e7 k\u0131s\u0131mda, yumu\u015fak ve nefes alabilen deri sayesinde ayaklar\u0131n\u0131z \u00fcst\u00fcn bir konfor ya\u015fayacak. <em>ke\u00e7i derisi astar<\/em>, Nemi uzakla\u015ft\u0131r\u0131r ve ilk giyimden itibaren eldiven benzeri bir uyum sa\u011flar. Malzeme se\u00e7imindeki detaylara g\u00f6sterilen bu \u00f6zen <strong>erkek koyu mavi dana derisi Oxford ayakkab\u0131<\/strong> ayr\u0131.<\/p>\n<h3>Dana Derisi Ayakkab\u0131larda Modern Konfor i\u00e7in Yenilik\u00e7i Tasar\u0131m<\/h3>\n<p>\u00c7arp\u0131c\u0131 esteti\u011finin \u00f6tesinde, bu <strong>erkek koyu mavi dana derisi Oxford ayakkab\u0131<\/strong> konfor i\u00e7in tasarlanm\u0131\u015ft\u0131r. Son teknoloji \u00fcr\u00fcn\u00fc bir <em>microlight taban<\/em>, Bir\u00e7ok resmi ayakkab\u0131da bulunan sert tabanlarla tam bir tezat olu\u015fturacak \u015fekilde ola\u011fan\u00fcst\u00fc hafiflik ve esneklik sunar. Kendine \u00f6zg\u00fc k\u0131rm\u0131z\u0131 ve siyah taban sadece \u00fcst\u00fcn kavrama ve yast\u0131klama sa\u011flamakla kalmaz, ayn\u0131 zamanda ince bir renk patlamas\u0131 ve modern bir yetenek dokunu\u015fu ekleyerek bu ayakkab\u0131lar\u0131 ger\u00e7ekten benzersiz k\u0131lar <strong>erkek koyu mavi dana derisi Oxford ayakkab\u0131<\/strong>. Uzun saatler sonra bile ayak yorgunlu\u011funu azaltarak g\u00fcvenle ve kolayl\u0131kla hareket etmenizi sa\u011flar.<\/p>\n<h3>Her Durum \u0130\u00e7in M\u00fckemmel Se\u00e7im: Toptan Lacivert Oxford Ayakkab\u0131<\/h3>\n<p>\u0130ster \u00f6nemli bir i\u015f toplant\u0131s\u0131na, ister sofistike bir d\u00fc\u011f\u00fcne veya \u015f\u0131k bir ak\u015fam etkinli\u011fine kat\u0131l\u0131yor olun, bu <strong>erkek koyu mavi dana derisi Oxford ayakkab\u0131<\/strong> m\u00fckemmel yol arkada\u015f\u0131n\u0131zd\u0131r. Kapal\u0131 ba\u011fc\u0131k sistemiyle karakterize edilen zamans\u0131z Oxford tasar\u0131mlar\u0131, rafine bir profesyonellik ve klasik cazibe havas\u0131 yans\u0131t\u0131r. 39'dan 45'e kadar kapsaml\u0131 bir beden yelpazesinde mevcut olan bu ayakkab\u0131lar, her beyefendi i\u00e7in m\u00fckemmel bir uyum sa\u011flar. Y\u00fcksek kaliteli resmi ayakkab\u0131lar stoklamak isteyen perakendeciler ve i\u015fletmeler i\u00e7in bu premium <strong>erkek koyu mavi dana derisi Oxford ayakkab\u0131<\/strong> minimum 16 \u00e7ift sipari\u015fle toptan sat\u0131\u015f i\u00e7in mevcuttur ve ola\u011fan\u00fcst\u00fc erkek elbise ayakkab\u0131lar\u0131na olan talebi kar\u015f\u0131layabilmenizi sa\u011flar.<\/p>\n<p>Tarz\u0131n\u0131z ve kalite tercihiniz hakk\u0131nda \u00e7ok \u015fey ifade eden ayakkab\u0131lara yat\u0131r\u0131m yap\u0131n. Bizimkileri se\u00e7in <strong>erkek koyu mavi dana derisi Oxford ayakkab\u0131<\/strong> g\u00fcvenle ve e\u015fsiz bir zarafetle d\u0131\u015far\u0131 \u00e7\u0131k\u0131n.<\/p>","protected":false},"excerpt":{"rendered":"<ul>\n<li>Sofistike bir g\u00f6r\u00fcn\u00fcm i\u00e7in birinci s\u0131n\u0131f dana derisi saya<\/li>\n<li>Rahat ke\u00e7i derisi astar nefes alabilirlik ve yumu\u015fak bir his sa\u011flar<\/li>\n<li>Kendine \u00f6zg\u00fc k\u0131rm\u0131z\u0131\/siyah tasar\u0131ma sahip hafif ve esnek mikro hafif taban<\/li>\n<li>\u00c7ok y\u00f6nl\u00fc koyu mavi renk tonunda klasik Oxford stili<\/li>\n<li>39, 40, 41, 42, 43, 44, 45 bedenlerde mevcuttur<\/li>\n<li>Toptan sat\u0131\u015f talepleri i\u00e7in minimum 16 \u00e7ift sipari\u015f<\/li>\n<\/ul>","protected":false},"featured_media":7017,"template":"","meta":{"_acf_changed":false,"_uag_custom_page_level_css":"","site-sidebar-layout":"default","site-content-layout":"","ast-site-content-layout":"default","site-content-style":"default","site-sidebar-style":"default","ast-global-header-display":"","ast-banner-title-visibility":"","ast-main-header-display":"","ast-hfb-above-header-display":"","ast-hfb-below-header-display":"","ast-hfb-mobile-header-display":"","site-post-title":"","ast-breadcrumbs-content":"","ast-featured-img":"","footer-sml-layout":"","ast-disable-related-posts":"","theme-transparent-header-meta":"","adv-header-id-meta":"","stick-header-meta":"","header-above-stick-meta":"","header-main-stick-meta":"","header-below-stick-meta":"","astra-migrate-meta-layouts":"default","ast-page-background-enabled":"default","ast-page-background-meta":{"desktop":{"background-color":"var(--ast-global-color-4)","background-image":"","background-repeat":"repeat","background-position":"center center","background-size":"auto","background-attachment":"scroll","background-type":"","background-media":"","overlay-type":"","overlay-color":"","overlay-opacity":"","overlay-gradient":""},"tablet":{"background-color":"","background-image":"","background-repeat":"repeat","background-position":"center center","background-size":"auto","background-attachment":"scroll","background-type":"","background-media":"","overlay-type":"","overlay-color":"","overlay-opacity":"","overlay-gradient":""},"mobile":{"background-color":"","background-image":"","background-repeat":"repeat","background-position":"center center","background-size":"auto","background-attachment":"scroll","background-type":"","background-media":"","overlay-type":"","overlay-color":"","overlay-opacity":"","overlay-gradient":""}},"ast-content-background-meta":{"desktop":{"background-color":"var(--ast-global-color-5)","background-image":"","background-repeat":"repeat","background-position":"center center","background-size":"auto","background-attachment":"scroll","background-type":"","background-media":"","overlay-type":"","overlay-color":"","overlay-opacity":"","overlay-gradient":""},"tablet":{"background-color":"var(--ast-global-color-5)","background-image":"","background-repeat":"repeat","background-position":"center center","background-size":"auto","background-attachment":"scroll","background-type":"","background-media":"","overlay-type":"","overlay-color":"","overlay-opacity":"","overlay-gradient":""},"mobile":{"background-color":"var(--ast-global-color-5)","background-image":"","background-repeat":"repeat","background-position":"center center","background-size":"auto","background-attachment":"scroll","background-type":"","background-media":"","overlay-type":"","overlay-color":"","overlay-opacity":"","overlay-gradient":""}}},"product_brand":[],"product_cat":[47,430,1200],"product_tag":[405,185,1323,314,189,1322,324,466,281],"class_list":{"0":"post-7962","1":"product","2":"type-product","3":"status-publish","4":"has-post-thumbnail","6":"product_cat-classic","7":"product_cat-men","8":"product_cat-mens-shoes-2","9":"product_tag-business-shoes","10":"product_tag-calf-leather-shoes","11":"product_tag-classic-oxford","12":"product_tag-formal-mens-shoes","13":"product_tag-goat-leather-lining","14":"product_tag-mens-dark-blue-oxford-shoes","15":"product_tag-mens-dress-shoes","16":"product_tag-microlight-sole","17":"product_tag-wholesale-shoes","18":"desktop-align-center","19":"tablet-align-center","20":"mobile-align-center","22":"first","23":"instock","24":"shipping-taxable","25":"purchasable","26":"product-type-variable","27":"has-default-attributes"},"acf":[],"uagb_featured_image_src":{"full":["https:\/\/turkishtrade.co\/wp-content\/uploads\/2026\/01\/2600FKHMN00034-DARK-BLUE.png",453,250,false],"thumbnail":["https:\/\/turkishtrade.co\/wp-content\/uploads\/2026\/01\/2600FKHMN00034-DARK-BLUE-150x150.png",150,150,true],"medium":["https:\/\/turkishtrade.co\/wp-content\/uploads\/2026\/01\/2600FKHMN00034-DARK-BLUE-300x166.png",300,166,true],"medium_large":["https:\/\/turkishtrade.co\/wp-content\/uploads\/2026\/01\/2600FKHMN00034-DARK-BLUE.png",453,250,false],"large":["https:\/\/turkishtrade.co\/wp-content\/uploads\/2026\/01\/2600FKHMN00034-DARK-BLUE.png",453,250,false],"1536x1536":["https:\/\/turkishtrade.co\/wp-content\/uploads\/2026\/01\/2600FKHMN00034-DARK-BLUE.png",453,250,false],"2048x2048":["https:\/\/turkishtrade.co\/wp-content\/uploads\/2026\/01\/2600FKHMN00034-DARK-BLUE.png",453,250,false],"trp-custom-language-flag":["https:\/\/turkishtrade.co\/wp-content\/uploads\/2026\/01\/2600FKHMN00034-DARK-BLUE-18x10.png",18,10,true],"woocommerce_thumbnail":["https:\/\/turkishtrade.co\/wp-content\/uploads\/2026\/01\/2600FKHMN00034-DARK-BLUE-400x250.png",400,250,true],"woocommerce_single":["https:\/\/turkishtrade.co\/wp-content\/uploads\/2026\/01\/2600FKHMN00034-DARK-BLUE.png",453,250,false],"woocommerce_gallery_thumbnail":["https:\/\/turkishtrade.co\/wp-content\/uploads\/2026\/01\/2600FKHMN00034-DARK-BLUE-100x100.png",100,100,true]},"uagb_author_info":{"display_name":"python python","author_link":"https:\/\/turkishtrade.co\/tr\/author\/"},"uagb_comment_info":0,"uagb_excerpt":"Premium calf leather upper for a sophisticated look Comfortable goat leather lining ensures breathability and a soft feel Lightweight and flexible microlight sole with distinctive red\/black design Classic Oxford style in a versatile dark blue hue Available in sizes 39, 40, 41, 42, 43, 44, 45 Minimum order of 16 pairs for wholesale inquiries","_links":{"self":[{"href":"https:\/\/turkishtrade.co\/tr\/wp-json\/wp\/v2\/product\/7962","targetHints":{"allow":["GET"]}}],"collection":[{"href":"https:\/\/turkishtrade.co\/tr\/wp-json\/wp\/v2\/product"}],"about":[{"href":"https:\/\/turkishtrade.co\/tr\/wp-json\/wp\/v2\/types\/product"}],"wp:featuredmedia":[{"embeddable":true,"href":"https:\/\/turkishtrade.co\/tr\/wp-json\/wp\/v2\/media\/7017"}],"wp:attachment":[{"href":"https:\/\/turkishtrade.co\/tr\/wp-json\/wp\/v2\/media?parent=7962"}],"wp:term":[{"taxonomy":"product_brand","embeddable":true,"href":"https:\/\/turkishtrade.co\/tr\/wp-json\/wp\/v2\/product_brand?post=7962"},{"taxonomy":"product_cat","embeddable":true,"href":"https:\/\/turkishtrade.co\/tr\/wp-json\/wp\/v2\/product_cat?post=7962"},{"taxonomy":"product_tag","embeddable":true,"href":"https:\/\/turkishtrade.co\/tr\/wp-json\/wp\/v2\/product_tag?post=7962"}],"curies":[{"name":"wp","href":"https:\/\/api.w.org\/{rel}","templated":true}]}}