{"id":7961,"date":"2026-01-29T14:46:25","date_gmt":"2026-01-29T14:46:25","guid":{"rendered":"https:\/\/turkishtrade.co\/?post_type=product&#038;p=7961"},"modified":"2026-04-09T20:39:34","modified_gmt":"2026-04-09T20:39:34","slug":"navy-calf-leather-dress-shoes","status":"publish","type":"product","link":"https:\/\/turkishtrade.co\/tr\/shop\/navy-calf-leather-dress-shoes\/","title":{"rendered":"Lacivert Dana Derisi Elbise Ayakkab\u0131s\u0131 Exclusive | Microlight Tabanl\u0131 Klasik"},"content":{"rendered":"<p><strong>Lacivert Dana Derisi Elbise Ayakkab\u0131s\u0131<\/strong>. \u00d6zel kalite ve tasar\u0131m.<\/p>\n<p>Classic ile benzersiz \u015f\u0131kl\u0131k ve konfora ad\u0131m at\u0131n <strong>Lacivert Dana Derisi Elbise Ayakkab\u0131s\u0131<\/strong>. Modern beyefendiler i\u00e7in titizlikle haz\u0131rlanan bu ayakkab\u0131lar, geleneksel i\u015f\u00e7ili\u011fi \u00e7a\u011fda\u015f tasar\u0131mla harmanlayarak her se\u00e7kin gard\u0131robun vazge\u00e7ilmez bir par\u00e7as\u0131 haline geliyor. Standart siyaha \u00e7ok y\u00f6nl\u00fc bir alternatif sunan koyu lacivert tonu, say\u0131s\u0131z resmi ve yar\u0131 resmi durum i\u00e7in uygundur ve sofistike bir g\u00f6r\u00fcn\u00fcm sergiler.<\/p>\n<h3>Rakipsiz Kalite ve \u0130\u015f\u00e7ilik<\/h3>\n<p>Her bir \u00e7iftimiz <strong>Lacivert Dana Derisi Elbise Ayakkab\u0131s\u0131<\/strong> \u00fcst\u00fcn kalitenin bir kan\u0131t\u0131d\u0131r. \u00dcst k\u0131s\u0131m, p\u00fcr\u00fczs\u00fcz dokusu, dayan\u0131kl\u0131l\u0131\u011f\u0131 ve g\u00fczel bir \u015fekilde eskime kabiliyeti ile tan\u0131nan hakiki dana derisinden \u00fcretilmi\u015ftir. Bu birinci s\u0131n\u0131f malzeme, hem estetik \u00e7ekicilik hem de sa\u011flam performans sa\u011flayarak zaman\u0131n testinden ge\u00e7en cilal\u0131 bir g\u00f6r\u00fcn\u00fcm sa\u011flar. E\u015fsiz \u00e7ekicili\u011fine katk\u0131da bulunan bu elbise ayakkab\u0131, zarif bir karakter dokunu\u015fu sunan, ince ama \u00e7arp\u0131c\u0131 timsah kabartmal\u0131 detaylara sahiptir.<\/p>\n<h3>\u00dcst\u00fcn Konfor i\u00e7in Tasarland\u0131<\/h3>\n<p>\u00c7arp\u0131c\u0131 d\u0131\u015f g\u00f6r\u00fcn\u00fc\u015flerinin \u00f6tesinde, bu <strong>Lacivert Dana Derisi Elbise Ayakkab\u0131s\u0131<\/strong> konfora \u00f6ncelik verir. \u0130\u00e7 k\u0131s\u0131m, ola\u011fan\u00fcst\u00fc nefes alabilirli\u011fi ve aya\u011fa verdi\u011fi esnek his ile bilinen yumu\u015fak ke\u00e7i derisi ile tamamen astarlanm\u0131\u015ft\u0131r. Bu l\u00fcks astar nemi uzakla\u015ft\u0131rarak ayaklar\u0131n\u0131z\u0131 en uzun g\u00fcnler boyunca kuru ve rahat tutar. \u00dcst\u00fcn astar\u0131 hafif microlight taban tamamlar. Bu yenilik\u00e7i taban teknolojisi, m\u00fckemmel yast\u0131klama, esneklik ve kaymay\u0131 \u00f6nleyici \u00f6zellikler sa\u011flayarak, gereksiz hacim eklemeden dengeli bir duru\u015f sa\u011flar ve sabah toplant\u0131lar\u0131ndan ak\u015fam etkinliklerine kadar kolayl\u0131kla ve g\u00fcvenle hareket etmenizi sa\u011flar.<\/p>\n<h3>Toptan Sat\u0131\u015f Ortakl\u0131klar\u0131 i\u00e7in M\u00fckemmel<\/h3>\n<p>Klasik Lacivert Dana Derisi Elbise Ayakkab\u0131lar\u0131m\u0131z sadece bireysel al\u0131c\u0131lar i\u00e7in de\u011fil; birinci s\u0131n\u0131f erkek ayakkab\u0131s\u0131 sunmak isteyen toptanc\u0131lar i\u00e7in de m\u00fckemmel bir f\u0131rsatt\u0131r. 39'dan 45'e kadar kapsaml\u0131 bir Avrupa beden yelpazesinde mevcut olan bu ayakkab\u0131lar, geni\u015f bir m\u00fc\u015fteri taban\u0131na hitap etmektedir. B2B ortaklar\u0131m\u0131z\u0131n ihtiya\u00e7lar\u0131n\u0131 anl\u0131yoruz, bu nedenle bu se\u00e7kin ayakkab\u0131lar\u0131 sadece 16 \u00e7iftlik uygun bir minimum sipari\u015f miktar\u0131yla sunuyoruz. Hem stil hem de i\u00e7erik vaat eden bir \u00fcr\u00fcnle envanterinizi y\u00fckseltin, m\u00fc\u015fteri memnuniyetini ve i\u015f tekrar\u0131n\u0131 sa\u011flay\u0131n.<\/p>","protected":false},"excerpt":{"rendered":"<ul>\n<li>Dayan\u0131kl\u0131l\u0131k ve Sofistikelik i\u00e7in Premium Dana Derisi Saya<\/li>\n<li>T\u00fcm G\u00fcn Konfor i\u00e7in Yumu\u015fak, Nefes Alabilir Ke\u00e7i Derisi Astar<\/li>\n<li>Hafif Microlight Taban Esneklik ve Kavrama Sa\u011flar<\/li>\n<li>Zarif Krokodil Kabartmal\u0131 Detaylara Sahiptir<\/li>\n<li>Avrupa Erkek Bedenlerinde mevcuttur: 39, 40, 41, 42, 43, 44, 45<\/li>\n<li>Toptan Sat\u0131\u015f Mevcuttur: Minimum Sipari\u015f Miktar\u0131 16 \u00c7ift<\/li>\n<\/ul>","protected":false},"featured_media":7016,"template":"","meta":{"_acf_changed":false,"_uag_custom_page_level_css":"","site-sidebar-layout":"default","site-content-layout":"","ast-site-content-layout":"default","site-content-style":"default","site-sidebar-style":"default","ast-global-header-display":"","ast-banner-title-visibility":"","ast-main-header-display":"","ast-hfb-above-header-display":"","ast-hfb-below-header-display":"","ast-hfb-mobile-header-display":"","site-post-title":"","ast-breadcrumbs-content":"","ast-featured-img":"","footer-sml-layout":"","ast-disable-related-posts":"","theme-transparent-header-meta":"","adv-header-id-meta":"","stick-header-meta":"","header-above-stick-meta":"","header-main-stick-meta":"","header-below-stick-meta":"","astra-migrate-meta-layouts":"default","ast-page-background-enabled":"default","ast-page-background-meta":{"desktop":{"background-color":"var(--ast-global-color-4)","background-image":"","background-repeat":"repeat","background-position":"center center","background-size":"auto","background-attachment":"scroll","background-type":"","background-media":"","overlay-type":"","overlay-color":"","overlay-opacity":"","overlay-gradient":""},"tablet":{"background-color":"","background-image":"","background-repeat":"repeat","background-position":"center center","background-size":"auto","background-attachment":"scroll","background-type":"","background-media":"","overlay-type":"","overlay-color":"","overlay-opacity":"","overlay-gradient":""},"mobile":{"background-color":"","background-image":"","background-repeat":"repeat","background-position":"center center","background-size":"auto","background-attachment":"scroll","background-type":"","background-media":"","overlay-type":"","overlay-color":"","overlay-opacity":"","overlay-gradient":""}},"ast-content-background-meta":{"desktop":{"background-color":"var(--ast-global-color-5)","background-image":"","background-repeat":"repeat","background-position":"center center","background-size":"auto","background-attachment":"scroll","background-type":"","background-media":"","overlay-type":"","overlay-color":"","overlay-opacity":"","overlay-gradient":""},"tablet":{"background-color":"var(--ast-global-color-5)","background-image":"","background-repeat":"repeat","background-position":"center center","background-size":"auto","background-attachment":"scroll","background-type":"","background-media":"","overlay-type":"","overlay-color":"","overlay-opacity":"","overlay-gradient":""},"mobile":{"background-color":"var(--ast-global-color-5)","background-image":"","background-repeat":"repeat","background-position":"center center","background-size":"auto","background-attachment":"scroll","background-type":"","background-media":"","overlay-type":"","overlay-color":"","overlay-opacity":"","overlay-gradient":""}}},"product_brand":[],"product_cat":[47,430,1200],"product_tag":[185,551,731,314,189,324,466,397,362,254],"class_list":{"0":"post-7961","1":"product","2":"type-product","3":"status-publish","4":"has-post-thumbnail","6":"product_cat-classic","7":"product_cat-men","8":"product_cat-mens-shoes-2","9":"product_tag-calf-leather-shoes","10":"product_tag-classic-style","11":"product_tag-crocodile-embossed","12":"product_tag-formal-mens-shoes","13":"product_tag-goat-leather-lining","14":"product_tag-mens-dress-shoes","15":"product_tag-microlight-sole","16":"product_tag-navy-leather-shoes","17":"product_tag-premium-footwear","18":"product_tag-wholesale-footwear","19":"desktop-align-center","20":"tablet-align-center","21":"mobile-align-center","23":"first","24":"instock","25":"shipping-taxable","26":"purchasable","27":"product-type-variable","28":"has-default-attributes"},"acf":[],"uagb_featured_image_src":{"full":["https:\/\/turkishtrade.co\/wp-content\/uploads\/2026\/01\/2600FKHMN00033-DARK-BLUE.png",453,250,false],"thumbnail":["https:\/\/turkishtrade.co\/wp-content\/uploads\/2026\/01\/2600FKHMN00033-DARK-BLUE-150x150.png",150,150,true],"medium":["https:\/\/turkishtrade.co\/wp-content\/uploads\/2026\/01\/2600FKHMN00033-DARK-BLUE-300x166.png",300,166,true],"medium_large":["https:\/\/turkishtrade.co\/wp-content\/uploads\/2026\/01\/2600FKHMN00033-DARK-BLUE.png",453,250,false],"large":["https:\/\/turkishtrade.co\/wp-content\/uploads\/2026\/01\/2600FKHMN00033-DARK-BLUE.png",453,250,false],"1536x1536":["https:\/\/turkishtrade.co\/wp-content\/uploads\/2026\/01\/2600FKHMN00033-DARK-BLUE.png",453,250,false],"2048x2048":["https:\/\/turkishtrade.co\/wp-content\/uploads\/2026\/01\/2600FKHMN00033-DARK-BLUE.png",453,250,false],"trp-custom-language-flag":["https:\/\/turkishtrade.co\/wp-content\/uploads\/2026\/01\/2600FKHMN00033-DARK-BLUE-18x10.png",18,10,true],"woocommerce_thumbnail":["https:\/\/turkishtrade.co\/wp-content\/uploads\/2026\/01\/2600FKHMN00033-DARK-BLUE-400x250.png",400,250,true],"woocommerce_single":["https:\/\/turkishtrade.co\/wp-content\/uploads\/2026\/01\/2600FKHMN00033-DARK-BLUE.png",453,250,false],"woocommerce_gallery_thumbnail":["https:\/\/turkishtrade.co\/wp-content\/uploads\/2026\/01\/2600FKHMN00033-DARK-BLUE-100x100.png",100,100,true]},"uagb_author_info":{"display_name":"python python","author_link":"https:\/\/turkishtrade.co\/tr\/author\/"},"uagb_comment_info":0,"uagb_excerpt":"Premium Calf Leather Upper for Durability &amp; Sophistication Soft, Breathable Goat Leather Lining for All-Day Comfort Lightweight Microlight Sole Ensures Flexibility &amp; Grip Features Elegant Crocodile-Embossed Detailing Available in European Men's Sizes: 39, 40, 41, 42, 43, 44, 45 Wholesale Availability: Minimum Order Quantity of 16 Pairs","_links":{"self":[{"href":"https:\/\/turkishtrade.co\/tr\/wp-json\/wp\/v2\/product\/7961","targetHints":{"allow":["GET"]}}],"collection":[{"href":"https:\/\/turkishtrade.co\/tr\/wp-json\/wp\/v2\/product"}],"about":[{"href":"https:\/\/turkishtrade.co\/tr\/wp-json\/wp\/v2\/types\/product"}],"wp:featuredmedia":[{"embeddable":true,"href":"https:\/\/turkishtrade.co\/tr\/wp-json\/wp\/v2\/media\/7016"}],"wp:attachment":[{"href":"https:\/\/turkishtrade.co\/tr\/wp-json\/wp\/v2\/media?parent=7961"}],"wp:term":[{"taxonomy":"product_brand","embeddable":true,"href":"https:\/\/turkishtrade.co\/tr\/wp-json\/wp\/v2\/product_brand?post=7961"},{"taxonomy":"product_cat","embeddable":true,"href":"https:\/\/turkishtrade.co\/tr\/wp-json\/wp\/v2\/product_cat?post=7961"},{"taxonomy":"product_tag","embeddable":true,"href":"https:\/\/turkishtrade.co\/tr\/wp-json\/wp\/v2\/product_tag?post=7961"}],"curies":[{"name":"wp","href":"https:\/\/api.w.org\/{rel}","templated":true}]}}