{"id":7960,"date":"2026-01-29T14:46:25","date_gmt":"2026-01-29T14:46:25","guid":{"rendered":"https:\/\/turkishtrade.co\/?post_type=product&#038;p=7960"},"modified":"2026-04-09T20:39:37","modified_gmt":"2026-04-09T20:39:37","slug":"mens-black-calfskin-oxford-shoes","status":"publish","type":"product","link":"https:\/\/turkishtrade.co\/tr\/shop\/mens-black-calfskin-oxford-shoes\/","title":{"rendered":"Premium Erkek Siyah Dana Derisi Oxford Ayakkab\u0131"},"content":{"rendered":"<p>Premium Erkek Siyah Dana Derisi Oxford Ayakkab\u0131lar\u0131m\u0131z ile benzersiz bir sofistike ve rahatl\u0131\u011fa ad\u0131m at\u0131n. Se\u00e7kin beyefendiler i\u00e7in tasarlanan bu klasik elbise ayakkab\u0131lar\u0131, zamans\u0131z \u015f\u0131kl\u0131\u011f\u0131 modern i\u015f\u00e7ilikle birle\u015ftiriyor. Bu zarif Erkek Siyah Dana Derisi Oxford Ayakkab\u0131lar\u0131n her bir \u00e7ifti kalitenin bir kan\u0131t\u0131d\u0131r ve her t\u00fcrl\u00fc resmi veya i\u015f tak\u0131m\u0131n\u0131 y\u00fckseltmeyi vaat eder. \u0130ster \u00f6nemli bir toplant\u0131 ister \u00f6zel bir etkinlik i\u00e7in olsun, bu ayakkab\u0131lar stil ve \u00f6z\u00fcn m\u00fckemmel bir kar\u0131\u015f\u0131m\u0131n\u0131 sunar.<\/p>\n<h3>E\u015fsiz \u0130\u015f\u00e7ilik ve Birinci S\u0131n\u0131f Malzemeler<\/h3>\n<p>Erkek Siyah Dana Derisi Oxford Ayakkab\u0131lar\u0131m\u0131z, p\u00fcr\u00fczs\u00fcz dokusu, dayan\u0131kl\u0131l\u0131\u011f\u0131 ve l\u00fcks \u00e7ekicili\u011fiyle tan\u0131nan en iyi hakiki dana derisinden titizlikle \u00fcretilmi\u015ftir. Zengin, koyu siyah tonu \u00e7ok y\u00f6nl\u00fcl\u00fck sa\u011flar ve \u00e7ok \u00e7e\u015fitli k\u0131yafetlerle zahmetsizce e\u015fle\u015fir. \u00c7arp\u0131c\u0131 d\u0131\u015f g\u00f6r\u00fcn\u00fcm\u00fcn\u00fcn \u00f6tesinde, bu ayakkab\u0131lar ayaklar\u0131n\u0131z i\u00e7in inan\u0131lmaz derecede yumu\u015fak ve nefes alabilen bir ortam sa\u011flayan esnek ke\u00e7i derisiyle astarlanm\u0131\u015f bir i\u00e7 k\u0131sma sahiptir. Bu birinci s\u0131n\u0131f astar, uzun s\u00fcreli kullan\u0131mlarda bile maksimum konfor sa\u011flar. Ayr\u0131ca, yenilik\u00e7i microlight taban ola\u011fan\u00fcst\u00fc hafiflik ve esneklik sunarak yorgunlu\u011fu azalt\u0131r ve bu Erkek Siyah Dana Derisi Oxford Ayakkab\u0131y\u0131 g\u00fcn boyu giymeyi bir zevk haline getirir. Kaymay\u0131 \u00f6nleyen desenlere sahip ay\u0131rt edici k\u0131rm\u0131z\u0131 taban da modern bir hava katar ve g\u00fcvenli bir duru\u015f sa\u011flar.<\/p>\n<h3>Her Durum i\u00e7in Zamans\u0131z Stil<\/h3>\n<p>Bu Erkek Siyah Dana Derisi Oxford Ayakkab\u0131'n\u0131n d\u00fcz burunlu Oxford tasar\u0131m\u0131, klasik ayakkab\u0131n\u0131n zirvesini temsil eder. Sade \u00e7izgileri ve zarif silueti, bu ayakkab\u0131y\u0131 \u00e7ok \u00e7e\u015fitli durumlar i\u00e7in \u00e7ok y\u00f6nl\u00fc bir se\u00e7im haline getirir. Kurumsal ortamlardan siyah kravatl\u0131 etkinliklere kadar, bu Erkek Siyah Dana Derisi Oxford Ayakkab\u0131, \u015f\u0131kl\u0131\u011f\u0131n m\u00fckemmelli\u011finin \u00f6z\u00fcd\u00fcr. G\u00fcven ve profesyonellik yans\u0131tan bu ayakkab\u0131lar, sofistike gard\u0131roplar i\u00e7in vazge\u00e7ilmez bir eklentidir. Sa\u011flam yap\u0131s\u0131, bu ayakkab\u0131lar\u0131n kal\u0131c\u0131 bir stil ve performans sunarak y\u0131llarca koleksiyonunuzda temel bir par\u00e7a olarak kalmas\u0131n\u0131 garanti eder.<\/p>\n<h3>\u0130deal Toptan Sat\u0131\u015f F\u0131rsat\u0131<\/h3>\n<p>M\u00fc\u015fterilerine y\u00fcksek kaliteli, birinci s\u0131n\u0131f ayakkab\u0131lar sunmak isteyen perakendecilerin ve i\u015fletmelerin ihtiya\u00e7lar\u0131n\u0131 anl\u0131yoruz. Erkek Siyah Dana Derisi Oxford Ayakkab\u0131lar\u0131m\u0131z, minimum 16 \u00e7ift sipari\u015fle, AB 39'dan 45'e kadar t\u00fcm bedenlerde toptan sat\u0131n al\u0131nabilir. Bu, geni\u015f bir m\u00fc\u015fteri taban\u0131na hitap eden klasik ve \u00e7ok aranan bir \u00fcr\u00fcn\u00fc stoklamak i\u00e7in m\u00fckemmel bir f\u0131rsat sunuyor. Bu ola\u011fan\u00fcst\u00fc Erkek Siyah Dana Derisi Oxford Ayakkab\u0131lar\u0131 envanterinize dahil ederek m\u00fc\u015fterilerinize hak ettikleri l\u00fcks ve konforu sa\u011flay\u0131n. Pazar\u0131n\u0131za \u00fcst\u00fcn kalite ve ola\u011fan\u00fcst\u00fc stil sunmak, m\u00fc\u015fteri memnuniyeti ve tekrar i\u015f sa\u011flamak i\u00e7in bizimle ortak olun.<\/p>","protected":false},"excerpt":{"rendered":"<ul>\n<li>Zarif ve l\u00fcks bir g\u00f6r\u00fcn\u00fcm i\u00e7in hakiki dana derisinden ustal\u0131kla \u00fcretilmi\u015ftir.<\/li>\n<li>Son derece yumu\u015fak ke\u00e7i derisi astar\u0131yla her ad\u0131mda ola\u011fan\u00fcst\u00fc konfor sa\u011flar.<\/li>\n<li>\u00dcst\u00fcn hafiflikte konfor ve dayan\u0131kl\u0131l\u0131k sunan yenilik\u00e7i microlight taban ile donat\u0131lm\u0131\u015ft\u0131r.<\/li>\n<li>Zamans\u0131z d\u00fcz burunlu Oxford tasar\u0131ma sahip bu Erkek Siyah Dana Derisi Oxford Ayakkab\u0131, hem i\u015f hem de resmi davetler i\u00e7in idealdir.<\/li>\n<li>Kapsaml\u0131 bir AB beden yelpazesinde mevcuttur: 39, 40, 41, 42, 43, 44, 45.<\/li>\n<li>Minimum sipari\u015f miktar\u0131 sadece 16 \u00e7ift olan \u00f6zel toptan sat\u0131\u015f imkan\u0131.<\/li>\n<\/ul>","protected":false},"featured_media":7015,"template":"","meta":{"_acf_changed":false,"_uag_custom_page_level_css":"","site-sidebar-layout":"default","site-content-layout":"","ast-site-content-layout":"default","site-content-style":"default","site-sidebar-style":"default","ast-global-header-display":"","ast-banner-title-visibility":"","ast-main-header-display":"","ast-hfb-above-header-display":"","ast-hfb-below-header-display":"","ast-hfb-mobile-header-display":"","site-post-title":"","ast-breadcrumbs-content":"","ast-featured-img":"","footer-sml-layout":"","ast-disable-related-posts":"","theme-transparent-header-meta":"","adv-header-id-meta":"","stick-header-meta":"","header-above-stick-meta":"","header-main-stick-meta":"","header-below-stick-meta":"","astra-migrate-meta-layouts":"default","ast-page-background-enabled":"default","ast-page-background-meta":{"desktop":{"background-color":"var(--ast-global-color-4)","background-image":"","background-repeat":"repeat","background-position":"center center","background-size":"auto","background-attachment":"scroll","background-type":"","background-media":"","overlay-type":"","overlay-color":"","overlay-opacity":"","overlay-gradient":""},"tablet":{"background-color":"","background-image":"","background-repeat":"repeat","background-position":"center center","background-size":"auto","background-attachment":"scroll","background-type":"","background-media":"","overlay-type":"","overlay-color":"","overlay-opacity":"","overlay-gradient":""},"mobile":{"background-color":"","background-image":"","background-repeat":"repeat","background-position":"center center","background-size":"auto","background-attachment":"scroll","background-type":"","background-media":"","overlay-type":"","overlay-color":"","overlay-opacity":"","overlay-gradient":""}},"ast-content-background-meta":{"desktop":{"background-color":"var(--ast-global-color-5)","background-image":"","background-repeat":"repeat","background-position":"center center","background-size":"auto","background-attachment":"scroll","background-type":"","background-media":"","overlay-type":"","overlay-color":"","overlay-opacity":"","overlay-gradient":""},"tablet":{"background-color":"var(--ast-global-color-5)","background-image":"","background-repeat":"repeat","background-position":"center center","background-size":"auto","background-attachment":"scroll","background-type":"","background-media":"","overlay-type":"","overlay-color":"","overlay-opacity":"","overlay-gradient":""},"mobile":{"background-color":"var(--ast-global-color-5)","background-image":"","background-repeat":"repeat","background-position":"center center","background-size":"auto","background-attachment":"scroll","background-type":"","background-media":"","overlay-type":"","overlay-color":"","overlay-opacity":"","overlay-gradient":""}}},"product_brand":[],"product_cat":[47,430,1200],"product_tag":[295,405,1160,754,1308,189,359,1283,787,633],"class_list":{"0":"post-7960","1":"product","2":"type-product","3":"status-publish","4":"has-post-thumbnail","6":"product_cat-classic","7":"product_cat-men","8":"product_cat-mens-shoes-2","9":"product_tag-black-dress-shoes","10":"product_tag-business-shoes","11":"product_tag-calfskin-leather-shoes","12":"product_tag-classic-mens-shoes","13":"product_tag-formal-mens-footwear","14":"product_tag-goat-leather-lining","15":"product_tag-mens-oxford-shoes","16":"product_tag-microlight-sole-shoes","17":"product_tag-premium-mens-shoes","18":"product_tag-wholesale-dress-shoes","19":"desktop-align-center","20":"tablet-align-center","21":"mobile-align-center","23":"first","24":"instock","25":"shipping-taxable","26":"purchasable","27":"product-type-variable","28":"has-default-attributes"},"acf":[],"uagb_featured_image_src":{"full":["https:\/\/turkishtrade.co\/wp-content\/uploads\/2026\/01\/2600FKHMN00032-BLACK.png",453,250,false],"thumbnail":["https:\/\/turkishtrade.co\/wp-content\/uploads\/2026\/01\/2600FKHMN00032-BLACK-150x150.png",150,150,true],"medium":["https:\/\/turkishtrade.co\/wp-content\/uploads\/2026\/01\/2600FKHMN00032-BLACK-300x166.png",300,166,true],"medium_large":["https:\/\/turkishtrade.co\/wp-content\/uploads\/2026\/01\/2600FKHMN00032-BLACK.png",453,250,false],"large":["https:\/\/turkishtrade.co\/wp-content\/uploads\/2026\/01\/2600FKHMN00032-BLACK.png",453,250,false],"1536x1536":["https:\/\/turkishtrade.co\/wp-content\/uploads\/2026\/01\/2600FKHMN00032-BLACK.png",453,250,false],"2048x2048":["https:\/\/turkishtrade.co\/wp-content\/uploads\/2026\/01\/2600FKHMN00032-BLACK.png",453,250,false],"trp-custom-language-flag":["https:\/\/turkishtrade.co\/wp-content\/uploads\/2026\/01\/2600FKHMN00032-BLACK-18x10.png",18,10,true],"woocommerce_thumbnail":["https:\/\/turkishtrade.co\/wp-content\/uploads\/2026\/01\/2600FKHMN00032-BLACK-400x250.png",400,250,true],"woocommerce_single":["https:\/\/turkishtrade.co\/wp-content\/uploads\/2026\/01\/2600FKHMN00032-BLACK.png",453,250,false],"woocommerce_gallery_thumbnail":["https:\/\/turkishtrade.co\/wp-content\/uploads\/2026\/01\/2600FKHMN00032-BLACK-100x100.png",100,100,true]},"uagb_author_info":{"display_name":"python python","author_link":"https:\/\/turkishtrade.co\/tr\/author\/"},"uagb_comment_info":0,"uagb_excerpt":"Expertly crafted from genuine calfskin leather for a refined and luxurious appearance. Features a sumptuously soft goat leather lining, ensuring exceptional comfort with every step. Equipped with an innovative microlight sole, offering superior lightweight comfort and durability. Boasts a timeless plain-toe Oxford design, making these Men's Black Calfskin Oxford Shoes ideal for both business and&hellip;","_links":{"self":[{"href":"https:\/\/turkishtrade.co\/tr\/wp-json\/wp\/v2\/product\/7960","targetHints":{"allow":["GET"]}}],"collection":[{"href":"https:\/\/turkishtrade.co\/tr\/wp-json\/wp\/v2\/product"}],"about":[{"href":"https:\/\/turkishtrade.co\/tr\/wp-json\/wp\/v2\/types\/product"}],"wp:featuredmedia":[{"embeddable":true,"href":"https:\/\/turkishtrade.co\/tr\/wp-json\/wp\/v2\/media\/7015"}],"wp:attachment":[{"href":"https:\/\/turkishtrade.co\/tr\/wp-json\/wp\/v2\/media?parent=7960"}],"wp:term":[{"taxonomy":"product_brand","embeddable":true,"href":"https:\/\/turkishtrade.co\/tr\/wp-json\/wp\/v2\/product_brand?post=7960"},{"taxonomy":"product_cat","embeddable":true,"href":"https:\/\/turkishtrade.co\/tr\/wp-json\/wp\/v2\/product_cat?post=7960"},{"taxonomy":"product_tag","embeddable":true,"href":"https:\/\/turkishtrade.co\/tr\/wp-json\/wp\/v2\/product_tag?post=7960"}],"curies":[{"name":"wp","href":"https:\/\/api.w.org\/{rel}","templated":true}]}}