{"id":7959,"date":"2026-01-29T14:46:25","date_gmt":"2026-01-29T14:46:25","guid":{"rendered":"https:\/\/turkishtrade.co\/?post_type=product&#038;p=7959"},"modified":"2026-04-09T20:39:40","modified_gmt":"2026-04-09T20:39:40","slug":"men-black-leather-oxford-shoes","status":"publish","type":"product","link":"https:\/\/turkishtrade.co\/tr\/shop\/men-black-leather-oxford-shoes\/","title":{"rendered":"Klasik Erkek Siyah Dana Derisi Oxford Ayakkab\u0131"},"content":{"rendered":"<p>Klasik Erkek Siyah Dana Derisi Oxford Ayakkab\u0131lar\u0131m\u0131zla benzersiz bir sofistikeli\u011fe ad\u0131m at\u0131n. Se\u00e7kin beyefendiler i\u00e7in titizlikle tasarlanan bu ayakkab\u0131lar, geleneksel zarafet ve modern konforun m\u00fckemmel bir kar\u0131\u015f\u0131m\u0131n\u0131 temsil eder. Birinci s\u0131n\u0131f dana derisinden \u00fcretilen \u00fcst k\u0131s\u0131m, rafine bir dokuya ve ola\u011fan\u00fcst\u00fc dayan\u0131kl\u0131l\u0131\u011fa sahiptir ve bu ayakkab\u0131lar\u0131n y\u0131llarca gard\u0131robunuzda temel bir par\u00e7a olarak kalmas\u0131n\u0131 sa\u011flar. \u015e\u0131k siyah kaplama ve klasik Oxford silueti, bu ayakkab\u0131lar\u0131 \u00f6nemli toplant\u0131lardan \u015f\u0131k ak\u015fam etkinliklerine kadar her t\u00fcrl\u00fc resmi veya i\u015f ortam\u0131 i\u00e7in vazge\u00e7ilmez bir se\u00e7im haline getirir.<\/p>\n<p>Bu zarif Erkek Siyah Deri Oxford Ayakkab\u0131'n\u0131n \u00f6zenli yap\u0131s\u0131 sayesinde her ad\u0131mda \u00fcst\u00fcn konforu ya\u015fay\u0131n. \u0130\u00e7 k\u0131sm\u0131 tamamen yumu\u015fak ke\u00e7i derisiyle astarlanm\u0131\u015ft\u0131r ve aya\u011f\u0131n\u0131za nefes alabilir ve l\u00fcks bir his vererek uzun s\u00fcreli kullan\u0131mlarda bile rahats\u0131zl\u0131\u011f\u0131 \u00f6nler. Alt k\u0131s\u0131mdaki yenilik\u00e7i microlight taban, stil veya dengeden \u00f6d\u00fcn vermeden ad\u0131mlar\u0131n\u0131z\u0131 yast\u0131klayarak ola\u011fan\u00fcst\u00fc hafiflik ve esneklik sunar. Bu geli\u015fmi\u015f taban teknolojisi, m\u00fckemmel tutu\u015f ve uzun s\u00fcreli a\u015f\u0131nma sa\u011flayarak bu ayakkab\u0131lar\u0131 sadece \u015f\u0131k de\u011fil, ayn\u0131 zamanda g\u00fcnl\u00fck kullan\u0131m i\u00e7in inan\u0131lmaz derecede pratik hale getirir.<\/p>\n<p>Kaliteye olan ba\u011fl\u0131l\u0131\u011f\u0131m\u0131z, m\u00fckemmel bir uyum sa\u011flayan sa\u011flam ba\u011fc\u0131klardan, \u00e7a\u011fda\u015f bir dokunu\u015f sa\u011flayan mikro \u0131\u015f\u0131k taban\u0131ndaki ince ama \u00e7arp\u0131c\u0131 k\u0131rm\u0131z\u0131 vurguya kadar her ayr\u0131nt\u0131ya kadar uzan\u0131r. Bu Erkek Siyah Deri Oxford Ayakkab\u0131, 39'dan 45'e kadar kapsaml\u0131 bir beden yelpazesinde mevcuttur ve geni\u015f bir m\u00fc\u015fteri yelpazesi i\u00e7in rahat ve hassas bir uyum sa\u011flar. Klasik burnu a\u00e7\u0131k tasar\u0131m\u0131, zamans\u0131z \u00e7ekicili\u011fine katk\u0131da bulunurken, \u00f6zel tak\u0131m elbiseleri, \u015f\u0131k pantolonlar\u0131 tamamlayacak ve hatta sofistike bir g\u00fcndelik k\u0131yafeti y\u00fckseltecek kadar \u00e7ok y\u00f6nl\u00fc olmas\u0131n\u0131 sa\u011flar.<\/p>\n<h3>Toptan Al\u0131c\u0131lar i\u00e7in M\u00fckemmel Se\u00e7im<\/h3>\n<p>Toptan sat\u0131\u015f ortaklar\u0131 i\u00e7in bu Erkek Siyah Deri Oxford Ayakkab\u0131lar, m\u00fc\u015fterilerinize \u00fcst d\u00fczey i\u015f\u00e7ili\u011fi kal\u0131c\u0131 bir stille birle\u015ftiren bir \u00fcr\u00fcn sunmak i\u00e7in ola\u011fan\u00fcst\u00fc bir f\u0131rsatt\u0131r. Minimum 16 \u00e7ift sipari\u015f miktar\u0131 ile kalite, konfor ve \u015f\u0131kl\u0131k arayan geni\u015f bir pazar segmentine hitap eden birinci s\u0131n\u0131f bir ayakkab\u0131 se\u00e7ene\u011fini g\u00fcvenle stoklayabilirsiniz. Bu ayakkab\u0131lar, m\u00fckemmel de\u011fer ve m\u00fc\u015fteri memnuniyeti sa\u011flayan sofistike bir stile yat\u0131r\u0131md\u0131r. Ayakkab\u0131 koleksiyonunuzu asla modas\u0131 ge\u00e7meyen bir klasikle y\u00fckseltin.<\/p>\n<h3>E\u015fsiz \u00c7ok Y\u00f6nl\u00fcl\u00fck ve Stil<\/h3>\n<p>\u0130ster y\u00fcksek riskli bir i\u015f sunumu, ister siyah kravatl\u0131 bir etkinlik ya da \u015f\u0131k bir ak\u015fam yeme\u011fi i\u00e7in olsun, bu siyah dana derisi oxfordlar m\u00fckemmel bir se\u00e7imdir. Resmi ve smart-casual aras\u0131ndaki bo\u015flu\u011fu zahmetsizce doldurur ve di\u011fer \u00e7ok az ayakkab\u0131n\u0131n ula\u015fabilece\u011fi bir cila seviyesi sunar. Bu ola\u011fan\u00fcst\u00fc Erkek Siyah Deri Oxford Ayakkab\u0131lardan bir \u00e7ift sat\u0131n al\u0131n ve miras tasar\u0131m, \u00e7a\u011fda\u015f konfor ve ola\u011fan\u00fcst\u00fc kalitenin m\u00fckemmel kombinasyonunu deneyimleyerek kusursuz zevk konusundaki itibar\u0131n\u0131z\u0131 sa\u011flamla\u015ft\u0131r\u0131n.<\/p>","protected":false},"excerpt":{"rendered":"<ul>\n<li>\u00dcst\u00fcn dayan\u0131kl\u0131l\u0131k ve klasik \u00e7ekicilik i\u00e7in Premium Dana Derisi Saya<\/li>\n<li>Yumu\u015fak Ke\u00e7i Derisi Astar g\u00fcn boyu nefes alabilen konfor sa\u011flar<\/li>\n<li>Hafif Microlight Taban ola\u011fan\u00fcst\u00fc esneklik ve g\u00fcvenilir kavrama sunar<\/li>\n<li>Zamans\u0131z Oxford Tasar\u0131m, resmi k\u0131yafetler ve i\u015f k\u0131yafetleri i\u00e7in ideal<\/li>\n<li>39'dan 45'e kadar kapsaml\u0131 bir beden aral\u0131\u011f\u0131nda mevcuttur<\/li>\n<li>Minimum Sipari\u015f Miktar\u0131: 16 \u00c7ift (Sadece Toptan Sat\u0131\u015f)<\/li>\n<\/ul>","protected":false},"featured_media":7014,"template":"","meta":{"_acf_changed":false,"_uag_custom_page_level_css":"","site-sidebar-layout":"default","site-content-layout":"","ast-site-content-layout":"default","site-content-style":"default","site-sidebar-style":"default","ast-global-header-display":"","ast-banner-title-visibility":"","ast-main-header-display":"","ast-hfb-above-header-display":"","ast-hfb-below-header-display":"","ast-hfb-mobile-header-display":"","site-post-title":"","ast-breadcrumbs-content":"","ast-featured-img":"","footer-sml-layout":"","ast-disable-related-posts":"","theme-transparent-header-meta":"","adv-header-id-meta":"","stick-header-meta":"","header-above-stick-meta":"","header-main-stick-meta":"","header-below-stick-meta":"","astra-migrate-meta-layouts":"default","ast-page-background-enabled":"default","ast-page-background-meta":{"desktop":{"background-color":"var(--ast-global-color-4)","background-image":"","background-repeat":"repeat","background-position":"center center","background-size":"auto","background-attachment":"scroll","background-type":"","background-media":"","overlay-type":"","overlay-color":"","overlay-opacity":"","overlay-gradient":""},"tablet":{"background-color":"","background-image":"","background-repeat":"repeat","background-position":"center center","background-size":"auto","background-attachment":"scroll","background-type":"","background-media":"","overlay-type":"","overlay-color":"","overlay-opacity":"","overlay-gradient":""},"mobile":{"background-color":"","background-image":"","background-repeat":"repeat","background-position":"center center","background-size":"auto","background-attachment":"scroll","background-type":"","background-media":"","overlay-type":"","overlay-color":"","overlay-opacity":"","overlay-gradient":""}},"ast-content-background-meta":{"desktop":{"background-color":"var(--ast-global-color-5)","background-image":"","background-repeat":"repeat","background-position":"center center","background-size":"auto","background-attachment":"scroll","background-type":"","background-media":"","overlay-type":"","overlay-color":"","overlay-opacity":"","overlay-gradient":""},"tablet":{"background-color":"var(--ast-global-color-5)","background-image":"","background-repeat":"repeat","background-position":"center center","background-size":"auto","background-attachment":"scroll","background-type":"","background-media":"","overlay-type":"","overlay-color":"","overlay-opacity":"","overlay-gradient":""},"mobile":{"background-color":"var(--ast-global-color-5)","background-image":"","background-repeat":"repeat","background-position":"center center","background-size":"auto","background-attachment":"scroll","background-type":"","background-media":"","overlay-type":"","overlay-color":"","overlay-opacity":"","overlay-gradient":""}}},"product_brand":[],"product_cat":[47,430,1200],"product_tag":[405,185,458,1305,284,314,1258,766,466,262],"class_list":{"0":"post-7959","1":"product","2":"type-product","3":"status-publish","4":"has-post-thumbnail","6":"product_cat-classic","7":"product_cat-men","8":"product_cat-mens-shoes-2","9":"product_tag-business-shoes","10":"product_tag-calf-leather-shoes","11":"product_tag-cap-toe-shoes","12":"product_tag-classic-oxford-shoes","13":"product_tag-dress-shoes","14":"product_tag-formal-mens-shoes","15":"product_tag-goat-lined-shoes","16":"product_tag-mens-black-leather-oxford-shoes","17":"product_tag-microlight-sole","18":"product_tag-wholesale-mens-shoes","19":"desktop-align-center","20":"tablet-align-center","21":"mobile-align-center","23":"first","24":"instock","25":"shipping-taxable","26":"purchasable","27":"product-type-variable","28":"has-default-attributes"},"acf":[],"uagb_featured_image_src":{"full":["https:\/\/turkishtrade.co\/wp-content\/uploads\/2026\/01\/2600FKHMN00031-BLACK.png",453,250,false],"thumbnail":["https:\/\/turkishtrade.co\/wp-content\/uploads\/2026\/01\/2600FKHMN00031-BLACK-150x150.png",150,150,true],"medium":["https:\/\/turkishtrade.co\/wp-content\/uploads\/2026\/01\/2600FKHMN00031-BLACK-300x166.png",300,166,true],"medium_large":["https:\/\/turkishtrade.co\/wp-content\/uploads\/2026\/01\/2600FKHMN00031-BLACK.png",453,250,false],"large":["https:\/\/turkishtrade.co\/wp-content\/uploads\/2026\/01\/2600FKHMN00031-BLACK.png",453,250,false],"1536x1536":["https:\/\/turkishtrade.co\/wp-content\/uploads\/2026\/01\/2600FKHMN00031-BLACK.png",453,250,false],"2048x2048":["https:\/\/turkishtrade.co\/wp-content\/uploads\/2026\/01\/2600FKHMN00031-BLACK.png",453,250,false],"trp-custom-language-flag":["https:\/\/turkishtrade.co\/wp-content\/uploads\/2026\/01\/2600FKHMN00031-BLACK-18x10.png",18,10,true],"woocommerce_thumbnail":["https:\/\/turkishtrade.co\/wp-content\/uploads\/2026\/01\/2600FKHMN00031-BLACK-400x250.png",400,250,true],"woocommerce_single":["https:\/\/turkishtrade.co\/wp-content\/uploads\/2026\/01\/2600FKHMN00031-BLACK.png",453,250,false],"woocommerce_gallery_thumbnail":["https:\/\/turkishtrade.co\/wp-content\/uploads\/2026\/01\/2600FKHMN00031-BLACK-100x100.png",100,100,true]},"uagb_author_info":{"display_name":"python python","author_link":"https:\/\/turkishtrade.co\/tr\/author\/"},"uagb_comment_info":0,"uagb_excerpt":"Premium Calf Leather Upper for superior durability and classic appeal Soft Goat Leather Lining ensures breathable comfort all day long Lightweight Microlight Sole offers exceptional flexibility and reliable grip Timeless Oxford Design, ideal for formal wear and business attire Available in a comprehensive size range from 39 to 45 Minimum Order Quantity: 16 Pairs (Wholesale&hellip;","_links":{"self":[{"href":"https:\/\/turkishtrade.co\/tr\/wp-json\/wp\/v2\/product\/7959","targetHints":{"allow":["GET"]}}],"collection":[{"href":"https:\/\/turkishtrade.co\/tr\/wp-json\/wp\/v2\/product"}],"about":[{"href":"https:\/\/turkishtrade.co\/tr\/wp-json\/wp\/v2\/types\/product"}],"wp:featuredmedia":[{"embeddable":true,"href":"https:\/\/turkishtrade.co\/tr\/wp-json\/wp\/v2\/media\/7014"}],"wp:attachment":[{"href":"https:\/\/turkishtrade.co\/tr\/wp-json\/wp\/v2\/media?parent=7959"}],"wp:term":[{"taxonomy":"product_brand","embeddable":true,"href":"https:\/\/turkishtrade.co\/tr\/wp-json\/wp\/v2\/product_brand?post=7959"},{"taxonomy":"product_cat","embeddable":true,"href":"https:\/\/turkishtrade.co\/tr\/wp-json\/wp\/v2\/product_cat?post=7959"},{"taxonomy":"product_tag","embeddable":true,"href":"https:\/\/turkishtrade.co\/tr\/wp-json\/wp\/v2\/product_tag?post=7959"}],"curies":[{"name":"wp","href":"https:\/\/api.w.org\/{rel}","templated":true}]}}