{"id":7942,"date":"2026-01-29T14:46:08","date_gmt":"2026-01-29T14:46:08","guid":{"rendered":"https:\/\/turkishtrade.co\/?post_type=product&#038;p=7942"},"modified":"2026-04-09T20:39:45","modified_gmt":"2026-04-09T20:39:45","slug":"mens-black-leather-derby-shoes-12","status":"publish","type":"product","link":"https:\/\/turkishtrade.co\/tr\/shop\/mens-black-leather-derby-shoes-12\/","title":{"rendered":"Erkek Siyah Deri Derby Ayakkab\u0131 \u015ea\u015f\u0131rt\u0131c\u0131 | En \u0130yisi | Stilinizi Y\u00fckseltin:"},"content":{"rendered":"<h2>Erkek Siyah Deri Derby Ayakkab\u0131<\/h2>\n<p>Premium \u00fcr\u00fcnlerimizle tarz\u0131n\u0131z\u0131 y\u00fckseltin <strong>Erkek Siyah Deri Derby Ayakkab\u0131<\/strong>. M\u00fckemmellik i\u00e7in \u00fcretilmi\u015ftir.<\/p>\n<p>Zarif \u00fcr\u00fcnlerimizle zamans\u0131z \u015f\u0131kl\u0131\u011fa ve e\u015fsiz konfora ad\u0131m at\u0131n <strong>Erkek Klasik Siyah Deri Derby Ayakkab\u0131<\/strong>. Se\u00e7kin bireyler i\u00e7in tasarlanan bu ayakkab\u0131lar, geleneksel i\u015f\u00e7ili\u011fi modern konforla m\u00fckemmel bir \u015fekilde harmanlayarak her sofistike gard\u0131robun vazge\u00e7ilmez bir par\u00e7as\u0131 haline geliyor. Bizim <strong>Erkek Siyah Deri Derby Ayakkab\u0131<\/strong> ayakkab\u0131dan daha fazlas\u0131d\u0131r; bir stil ve kalite ifadesidir.<\/p>\n<p>Y\u00fcksek kaliteli dana derisinden titizlikle \u00fcretilen bu Derby ayakkab\u0131lar\u0131n d\u0131\u015f y\u00fczeyi, \u00fcst\u00fcn kalitesinden \u00e7ok\u00e7a s\u00f6z ettiren p\u00fcr\u00fczs\u00fcz ve parlak bir y\u00fczeye sahiptir. Dana derisi dayan\u0131kl\u0131l\u0131\u011f\u0131, esnekli\u011fi ve zarif bir \u015fekilde eskime kabiliyetiyle \u00fcnl\u00fcd\u00fcr ve ayakkab\u0131lar\u0131n\u0131z\u0131n y\u0131llarca koleksiyonunuzun de\u011ferli bir par\u00e7as\u0131 olarak kalmas\u0131n\u0131 sa\u011flar.<\/p>\n<p>Klasik siyah renk tonu benzersiz bir \u00e7ok y\u00f6nl\u00fcl\u00fck sunarak bu ayakkab\u0131lar\u0131 g\u00fcnl\u00fck i\u015f hayat\u0131ndan daha zarif toplant\u0131lara kadar \u00e7ok \u00e7e\u015fitli k\u0131yafetler ve durumlar i\u00e7in uygun hale getirir. Bunlar <strong>Erkek Siyah Deri Derby Ayakkab\u0131<\/strong> ger\u00e7ekten uzun \u00f6m\u00fcrl\u00fcl\u00fck ve stil i\u00e7in tasarlanm\u0131\u015ft\u0131r.<\/p>\n<h3>Rakipsiz Konfor ve \u00dcst\u00fcn \u0130\u015f\u00e7ilik<\/h3>\n<p>Konfor her \u015feyden \u00f6nemlidir ve bu Derby ayakkab\u0131lar bunu sa\u011flar. \u0130\u00e7 k\u0131s\u0131m, nemi do\u011fal olarak uzakla\u015ft\u0131ran ve cildinize kar\u015f\u0131 pel\u00fc\u015f bir his veren yumu\u015fak, nefes alabilen ke\u00e7i derisi ile kaplanm\u0131\u015ft\u0131r. Bu l\u00fcks astar zamanla aya\u011f\u0131n\u0131z\u0131n \u015fekline uyum sa\u011flayarak ki\u015fiselle\u015ftirilmi\u015f bir uyum sunar ve uzun s\u00fcreli kullan\u0131mlarda bile yorgunlu\u011fu azalt\u0131r.<\/p>\n<p>Aya\u011f\u0131n\u0131z\u0131n alt\u0131ndaki geli\u015fmi\u015f EVA taban, ola\u011fan\u00fcst\u00fc yast\u0131klama ve \u015fok emilimi sa\u011flar. Hafif ve esnek EVA taban, y\u00fcr\u00fcy\u00fc\u015f konforunu art\u0131rarak her ad\u0131m\u0131n zahmetsizce at\u0131lmas\u0131n\u0131 sa\u011flar. Bu \u00f6zenli malzeme kombinasyonu, ayakkab\u0131m\u0131z\u0131n <strong>Erkek Siyah Deri Derby Ayakkab\u0131<\/strong> sadece \u015f\u0131k de\u011fil, ayn\u0131 zamanda inan\u0131lmaz derecede rahatt\u0131r.<\/p>\n<h3>Her Durum i\u00e7in \u00c7ok Y\u00f6nl\u00fc Stil<\/h3>\n<p>A\u00e7\u0131k ba\u011fc\u0131k sistemiyle karakterize edilen zamans\u0131z Derby silueti, \u015f\u0131k ama uyarlanabilir bir g\u00f6r\u00fcn\u00fcm sunar. \u0130ster \u00f6zel bir etkinlik i\u00e7in giyiniyor olun, ister ofise gidiyor olun ya da sadece rahat bir hafta sonu gezintisinin tad\u0131n\u0131 \u00e7\u0131kar\u0131n, bu <strong>Erkek Klasik Siyah Deri Derby Ayakkab\u0131<\/strong> tak\u0131m\u0131n\u0131z\u0131 zahmetsizce y\u00fckseltecek.<\/p>\n<p>Klasik tasar\u0131mlar\u0131, \u00f6zel dikim pantolonlar, \u015f\u0131k chino pantolonlar ve hatta koyu y\u0131kamal\u0131 kot pantolonlarla g\u00fczel bir uyum sa\u011flayarak her g\u00f6r\u00fcn\u00fcme \u015f\u0131k bir g\u00f6r\u00fcn\u00fcm kazand\u0131r\u0131r. 39'dan 45'e kadar kapsaml\u0131 bir beden yelpazesinde mevcut oldu\u011fundan, m\u00fckemmel uyumunuzu bulmak \u00e7ok kolay.<\/p>\n<h3>Toptan Sat\u0131\u015f F\u0131rsatlar\u0131<\/h3>\n<p>Birinci s\u0131n\u0131f ayakkab\u0131lar sunmak isteyen i\u015fletmeler i\u00e7in bu <strong>Erkek Klasik Siyah Deri Derby Ayakkab\u0131<\/strong> toptan sat\u0131n al\u0131nabilir. Minimum 16 \u00e7ift sipari\u015f miktar\u0131yla, envanterinizi m\u00fc\u015fterilerinize hem stil hem de i\u00e7erik vaat eden y\u00fcksek talep g\u00f6ren bir \u00fcr\u00fcnle stoklayabilirsiniz.<\/p>\n<p>Kaliteye yat\u0131r\u0131m yap\u0131n ve m\u00fc\u015fterilerinize bu kusursuz tasar\u0131ml\u0131 Derby ayakkab\u0131larla sofistike bir se\u00e7im sunun.<\/p>","protected":false},"excerpt":{"rendered":"<ul>\n<li>Dayan\u0131kl\u0131l\u0131k ve sofistike bir g\u00f6r\u00fcn\u00fcm i\u00e7in birinci s\u0131n\u0131f dana derisinden \u00fcretilmi\u015ftir.<\/li>\n<li>L\u00fcks ke\u00e7i derisi astar, ola\u011fan\u00fcst\u00fc nefes alabilirlik ve konfor sa\u011flar.<\/li>\n<li>T\u00fcm g\u00fcn kullan\u0131m i\u00e7in hafif ve esnek EVA tabana sahiptir.<\/li>\n<li>Klasik ba\u011fc\u0131kl\u0131 Derby tasar\u0131m\u0131, hem g\u00fcndelik hem de yar\u0131 resmi durumlar i\u00e7in idealdir.<\/li>\n<li>M\u00fckemmel uyum i\u00e7in 39-45 bedenleri mevcuttur.<\/li>\n<li>Minimum 16 \u00e7ift sipari\u015f ile toptan sat\u0131\u015f f\u0131rsatlar\u0131 mevcuttur.<\/li>\n<\/ul>","protected":false},"featured_media":7095,"template":"","meta":{"_acf_changed":false,"_uag_custom_page_level_css":"","site-sidebar-layout":"default","site-content-layout":"","ast-site-content-layout":"default","site-content-style":"default","site-sidebar-style":"default","ast-global-header-display":"","ast-banner-title-visibility":"","ast-main-header-display":"","ast-hfb-above-header-display":"","ast-hfb-below-header-display":"","ast-hfb-mobile-header-display":"","site-post-title":"","ast-breadcrumbs-content":"","ast-featured-img":"","footer-sml-layout":"","ast-disable-related-posts":"","theme-transparent-header-meta":"default","adv-header-id-meta":"","stick-header-meta":"","header-above-stick-meta":"","header-main-stick-meta":"","header-below-stick-meta":"","astra-migrate-meta-layouts":"set","ast-page-background-enabled":"default","ast-page-background-meta":{"desktop":{"background-color":"var(--ast-global-color-4)","background-image":"","background-repeat":"repeat","background-position":"center center","background-size":"auto","background-attachment":"scroll","background-type":"","background-media":"","overlay-type":"","overlay-color":"","overlay-opacity":"","overlay-gradient":""},"tablet":{"background-color":"","background-image":"","background-repeat":"repeat","background-position":"center center","background-size":"auto","background-attachment":"scroll","background-type":"","background-media":"","overlay-type":"","overlay-color":"","overlay-opacity":"","overlay-gradient":""},"mobile":{"background-color":"","background-image":"","background-repeat":"repeat","background-position":"center center","background-size":"auto","background-attachment":"scroll","background-type":"","background-media":"","overlay-type":"","overlay-color":"","overlay-opacity":"","overlay-gradient":""}},"ast-content-background-meta":{"desktop":{"background-color":"var(--ast-global-color-5)","background-image":"","background-repeat":"repeat","background-position":"center center","background-size":"auto","background-attachment":"scroll","background-type":"","background-media":"","overlay-type":"","overlay-color":"","overlay-opacity":"","overlay-gradient":""},"tablet":{"background-color":"var(--ast-global-color-5)","background-image":"","background-repeat":"repeat","background-position":"center center","background-size":"auto","background-attachment":"scroll","background-type":"","background-media":"","overlay-type":"","overlay-color":"","overlay-opacity":"","overlay-gradient":""},"mobile":{"background-color":"var(--ast-global-color-5)","background-image":"","background-repeat":"repeat","background-position":"center center","background-size":"auto","background-attachment":"scroll","background-type":"","background-media":"","overlay-type":"","overlay-color":"","overlay-opacity":"","overlay-gradient":""}}},"product_brand":[],"product_cat":[48,47,430,1200],"product_tag":[196,513,185,809,287,251,1258,310,254],"class_list":{"0":"post-7942","1":"product","2":"type-product","3":"status-publish","4":"has-post-thumbnail","6":"product_cat-casual","7":"product_cat-classic","8":"product_cat-men","9":"product_cat-mens-shoes-2","10":"product_tag-black-leather-shoes","11":"product_tag-business-casual-shoes","12":"product_tag-calf-leather-shoes","13":"product_tag-classic-mens-footwear","14":"product_tag-eva-sole-shoes","15":"product_tag-formal-shoes","16":"product_tag-goat-lined-shoes","17":"product_tag-mens-derby-shoes","18":"product_tag-wholesale-footwear","19":"desktop-align-center","20":"tablet-align-center","21":"mobile-align-center","23":"first","24":"instock","25":"shipping-taxable","26":"purchasable","27":"product-type-variable","28":"has-default-attributes"},"acf":[],"uagb_featured_image_src":{"full":["https:\/\/turkishtrade.co\/wp-content\/uploads\/2026\/01\/2600FKHMN00029-GREY.png",453,250,false],"thumbnail":["https:\/\/turkishtrade.co\/wp-content\/uploads\/2026\/01\/2600FKHMN00029-GREY-150x150.png",150,150,true],"medium":["https:\/\/turkishtrade.co\/wp-content\/uploads\/2026\/01\/2600FKHMN00029-GREY-300x166.png",300,166,true],"medium_large":["https:\/\/turkishtrade.co\/wp-content\/uploads\/2026\/01\/2600FKHMN00029-GREY.png",453,250,false],"large":["https:\/\/turkishtrade.co\/wp-content\/uploads\/2026\/01\/2600FKHMN00029-GREY.png",453,250,false],"1536x1536":["https:\/\/turkishtrade.co\/wp-content\/uploads\/2026\/01\/2600FKHMN00029-GREY.png",453,250,false],"2048x2048":["https:\/\/turkishtrade.co\/wp-content\/uploads\/2026\/01\/2600FKHMN00029-GREY.png",453,250,false],"trp-custom-language-flag":["https:\/\/turkishtrade.co\/wp-content\/uploads\/2026\/01\/2600FKHMN00029-GREY-18x10.png",18,10,true],"woocommerce_thumbnail":["https:\/\/turkishtrade.co\/wp-content\/uploads\/2026\/01\/2600FKHMN00029-GREY-400x250.png",400,250,true],"woocommerce_single":["https:\/\/turkishtrade.co\/wp-content\/uploads\/2026\/01\/2600FKHMN00029-GREY.png",453,250,false],"woocommerce_gallery_thumbnail":["https:\/\/turkishtrade.co\/wp-content\/uploads\/2026\/01\/2600FKHMN00029-GREY-100x100.png",100,100,true]},"uagb_author_info":{"display_name":"python python","author_link":"https:\/\/turkishtrade.co\/tr\/author\/"},"uagb_comment_info":0,"uagb_excerpt":"Crafted from premium calf leather for durability and a sophisticated finish. Luxurious goat leather lining ensures exceptional breathability and comfort. Features a lightweight and flexible EVA sole for all-day wear. Classic lace-up Derby design, ideal for both casual and semi-formal occasions. Available in sizes 39-45 for a perfect fit. Wholesale opportunities available with a minimum&hellip;","_links":{"self":[{"href":"https:\/\/turkishtrade.co\/tr\/wp-json\/wp\/v2\/product\/7942","targetHints":{"allow":["GET"]}}],"collection":[{"href":"https:\/\/turkishtrade.co\/tr\/wp-json\/wp\/v2\/product"}],"about":[{"href":"https:\/\/turkishtrade.co\/tr\/wp-json\/wp\/v2\/types\/product"}],"wp:featuredmedia":[{"embeddable":true,"href":"https:\/\/turkishtrade.co\/tr\/wp-json\/wp\/v2\/media\/7095"}],"wp:attachment":[{"href":"https:\/\/turkishtrade.co\/tr\/wp-json\/wp\/v2\/media?parent=7942"}],"wp:term":[{"taxonomy":"product_brand","embeddable":true,"href":"https:\/\/turkishtrade.co\/tr\/wp-json\/wp\/v2\/product_brand?post=7942"},{"taxonomy":"product_cat","embeddable":true,"href":"https:\/\/turkishtrade.co\/tr\/wp-json\/wp\/v2\/product_cat?post=7942"},{"taxonomy":"product_tag","embeddable":true,"href":"https:\/\/turkishtrade.co\/tr\/wp-json\/wp\/v2\/product_tag?post=7942"}],"curies":[{"name":"wp","href":"https:\/\/api.w.org\/{rel}","templated":true}]}}