{"id":7941,"date":"2026-01-29T14:46:08","date_gmt":"2026-01-29T14:46:08","guid":{"rendered":"https:\/\/turkishtrade.co\/?post_type=product&#038;p=7941"},"modified":"2026-04-09T20:39:48","modified_gmt":"2026-04-09T20:39:48","slug":"mens-black-calfskin-derby-shoes","status":"publish","type":"product","link":"https:\/\/turkishtrade.co\/tr\/shop\/mens-black-calfskin-derby-shoes\/","title":{"rendered":"Erkek Siyah Dana Derisi Derby Ayakkab\u0131 \u0130nan\u0131lmaz | Premium | Klasik Stil"},"content":{"rendered":"<p><strong>Erkek Siyah Dana Derisi Derby Ayakkab\u0131<\/strong>. \u0130nan\u0131lmaz kalite ve tasar\u0131m.<\/p>\n<p>\u00dcst\u00fcn kaliteli \u00fcr\u00fcnlerimizle benzersiz stil ve konfora ad\u0131m at\u0131n <strong>Erkek Siyah Dana Derisi Derby Ayakkab\u0131<\/strong>. Se\u00e7ici beyefendiler i\u00e7in tasarlanan bu ayakkab\u0131lar, klasik \u015f\u0131kl\u0131\u011f\u0131 modern giyilebilirlikle zahmetsizce harmanl\u0131yor. Y\u00fcksek kaliteli dana derisinden \u00fcretilen \u00fcst k\u0131s\u0131m, rafine bir doku ve ola\u011fan\u00fcst\u00fc dayan\u0131kl\u0131l\u0131k sunarak y\u0131llarca gard\u0131robunuzun vazge\u00e7ilmezi olmay\u0131 vaat ediyor.<\/p>\n<p>Koyu siyah tonu \u00e7ok y\u00f6nl\u00fcl\u00fck sa\u011flar ve \u00f6nemli i\u015f toplant\u0131lar\u0131ndan sofistike sosyal etkinliklere ve hatta y\u00fcksek g\u00fcndelik giyime kadar \u00e7e\u015fitli durumlar i\u00e7in ideal bir se\u00e7imdir.<\/p>\n<h3>Rakipsiz \u0130\u015f\u00e7ilik ve Birinci S\u0131n\u0131f Malzemeler<\/h3>\n<p>Her bir \u00e7iftimiz <strong>Erkek Siyah Dana Derisi Derby Ayakkab\u0131<\/strong> \u00fcst\u00fcn i\u015f\u00e7ili\u011fin bir kan\u0131t\u0131d\u0131r. D\u0131\u015f y\u00fczeyi, p\u00fcr\u00fczs\u00fcz y\u00fczeyi ve sa\u011flam do\u011fas\u0131yla bilinen ve zamanla g\u00fczel bir patina geli\u015ftiren hakiki dana derisine sahiptir. \u0130\u00e7 k\u0131s\u0131mda ise ayaklar\u0131n\u0131z, nefes alabilirlik ve cilde kar\u015f\u0131 ho\u015f bir his sa\u011flayan son derece yumu\u015fak ke\u00e7i derisi astarla sar\u0131l\u0131r.<\/p>\n<p>Birinci s\u0131n\u0131f malzemelerin bu kombinasyonu sadece esteti\u011fi y\u00fckseltmekle kalmaz, ayn\u0131 zamanda uzun s\u00fcreli konfor ve m\u00fckemmel uyum sa\u011flar.<\/p>\n<h3>\u00dcst\u00fcn Konfor ve Dayan\u0131kl\u0131l\u0131k<\/h3>\n<p>Yenilik\u00e7i EVA taban ile bulutlar\u0131n \u00fczerinde y\u00fcr\u00fcme deneyimini ya\u015fay\u0131n. Geleneksel a\u011f\u0131r tabanlardan farkl\u0131 olarak EVA taban inan\u0131lmaz derecede hafiftir ve \u00fcst\u00fcn \u015fok emilimi ve esneklik sunar. Bu, uzun saatler ayakta kald\u0131ktan sonra bile kavrama veya dayan\u0131kl\u0131l\u0131ktan \u00f6d\u00fcn vermeden daha az yorgunluk anlam\u0131na gelir.<\/p>\n<p>\u00d6zenle tasarlanm\u0131\u015f taban\u0131 denge ve destek sa\u011flayarak bu <strong>Erkek Siyah Dana Derisi Derby Ayakkab\u0131<\/strong> \u015f\u0131k olduklar\u0131 kadar pratiktirler. Yo\u011fun \u015fehir sokaklar\u0131ndan resmi ofis ortamlar\u0131na kadar, g\u00fcvenilir konforu ve sa\u011flam yap\u0131s\u0131n\u0131 takdir edeceksiniz.<\/p>\n<h3>Her Durum i\u00e7in Zamans\u0131z Stil<\/h3>\n<p>Derby ayakkab\u0131 tasar\u0131m\u0131, daha rahat bir uyum sa\u011flayan a\u00e7\u0131k ba\u011fc\u0131k sistemi ile karakterize edilen klasik erkek ayakkab\u0131lar\u0131n\u0131n temel ta\u015f\u0131d\u0131r. Bizim <strong>Erkek Siyah Dana Derisi Derby Ayakkab\u0131<\/strong> bu zamans\u0131z \u00e7ekicili\u011fi somutla\u015ft\u0131r\u0131r ve onlar\u0131 inan\u0131lmaz derecede \u00e7ok y\u00f6nl\u00fc hale getirir.<\/p>\n<p>Resmi bir g\u00f6r\u00fcn\u00fcm i\u00e7in keskin bir tak\u0131m elbise ile e\u015fle\u015ftirin, smart-casual etkinlikler i\u00e7in chino pantolon ve blazer ceket ile giydirin ya da g\u00f6steri\u015fli bir hafta sonu kombini i\u00e7in koyu renk kot pantolon ile kullan\u0131n.<\/p>\n<p>Uyarlanabilirlikleri sayesinde modaya duyarl\u0131 her bireyin koleksiyonuna de\u011ferli bir katk\u0131 sa\u011flayarak her k\u0131yafete \u015f\u0131k ve sofistike bir g\u00f6r\u00fcn\u00fcm kazand\u0131r\u0131r.<\/p>\n<h3>\u0130\u015fletmeler i\u00e7in Toptan Sat\u0131\u015f F\u0131rsat\u0131<\/h3>\n<p>Y\u00fcksek kaliteli ayakkab\u0131 arayan perakendeciler ve i\u015fletmeler i\u00e7in <strong>Erkek Siyah Dana Derisi Derby Ayakkab\u0131<\/strong> toptan sat\u0131n al\u0131nabilir. Toplu sipari\u015fler i\u00e7in sadece 16 \u00e7iftlik minimum miktarla rekabet\u00e7i fiyatlar sunuyoruz. Bu, envanterinizi m\u00fc\u015fterilerinizi etkileyece\u011finden emin oldu\u011funuz birinci s\u0131n\u0131f, el yap\u0131m\u0131 ayakkab\u0131larla doldurmak i\u00e7in m\u00fckemmel bir f\u0131rsatt\u0131r.<\/p>\n<p>M\u00fc\u015fterilerinize l\u00fcks, konfor ve kal\u0131c\u0131 stilin m\u00fckemmel kar\u0131\u015f\u0131m\u0131n\u0131 sunun.<\/p>","protected":false},"excerpt":{"rendered":"<ul>\n<li>L\u00fcks bir his ve sofistike bir g\u00f6r\u00fcn\u00fcm i\u00e7in zarif dana derisi saya.<\/li>\n<li>Yumu\u015fak ve nefes alabilen ke\u00e7i derisi astar g\u00fcn boyu konfor sa\u011flar.<\/li>\n<li>Dayan\u0131kl\u0131 ancak hafif EVA taban m\u00fckemmel kavrama ve \u015fok emilimi sa\u011flar.<\/li>\n<li>Zamans\u0131z Derby stili, hem g\u00fcndelik hem de klasik tak\u0131mlar i\u00e7in m\u00fckemmeldir.<\/li>\n<li>39-45 beden aras\u0131 mevcuttur.<\/li>\n<li>Minimum 16 \u00e7ift sipari\u015f ile toptan fiyatland\u0131rma mevcuttur.<\/li>\n<\/ul>","protected":false},"featured_media":7093,"template":"","meta":{"_acf_changed":false,"_uag_custom_page_level_css":"","site-sidebar-layout":"default","site-content-layout":"","ast-site-content-layout":"default","site-content-style":"default","site-sidebar-style":"default","ast-global-header-display":"","ast-banner-title-visibility":"","ast-main-header-display":"","ast-hfb-above-header-display":"","ast-hfb-below-header-display":"","ast-hfb-mobile-header-display":"","site-post-title":"","ast-breadcrumbs-content":"","ast-featured-img":"","footer-sml-layout":"","ast-disable-related-posts":"","theme-transparent-header-meta":"","adv-header-id-meta":"","stick-header-meta":"","header-above-stick-meta":"","header-main-stick-meta":"","header-below-stick-meta":"","astra-migrate-meta-layouts":"default","ast-page-background-enabled":"default","ast-page-background-meta":{"desktop":{"background-color":"var(--ast-global-color-4)","background-image":"","background-repeat":"repeat","background-position":"center center","background-size":"auto","background-attachment":"scroll","background-type":"","background-media":"","overlay-type":"","overlay-color":"","overlay-opacity":"","overlay-gradient":""},"tablet":{"background-color":"","background-image":"","background-repeat":"repeat","background-position":"center center","background-size":"auto","background-attachment":"scroll","background-type":"","background-media":"","overlay-type":"","overlay-color":"","overlay-opacity":"","overlay-gradient":""},"mobile":{"background-color":"","background-image":"","background-repeat":"repeat","background-position":"center center","background-size":"auto","background-attachment":"scroll","background-type":"","background-media":"","overlay-type":"","overlay-color":"","overlay-opacity":"","overlay-gradient":""}},"ast-content-background-meta":{"desktop":{"background-color":"var(--ast-global-color-5)","background-image":"","background-repeat":"repeat","background-position":"center center","background-size":"auto","background-attachment":"scroll","background-type":"","background-media":"","overlay-type":"","overlay-color":"","overlay-opacity":"","overlay-gradient":""},"tablet":{"background-color":"var(--ast-global-color-5)","background-image":"","background-repeat":"repeat","background-position":"center center","background-size":"auto","background-attachment":"scroll","background-type":"","background-media":"","overlay-type":"","overlay-color":"","overlay-opacity":"","overlay-gradient":""},"mobile":{"background-color":"var(--ast-global-color-5)","background-image":"","background-repeat":"repeat","background-position":"center center","background-size":"auto","background-attachment":"scroll","background-type":"","background-media":"","overlay-type":"","overlay-color":"","overlay-opacity":"","overlay-gradient":""}}},"product_brand":[],"product_cat":[48,47,430,1200],"product_tag":[407,405,566,644,287,1261,1255,324,632,262],"class_list":{"0":"post-7941","1":"product","2":"type-product","3":"status-publish","4":"has-post-thumbnail","6":"product_cat-casual","7":"product_cat-classic","8":"product_cat-men","9":"product_cat-mens-shoes-2","10":"product_tag-black-derby-shoes","11":"product_tag-business-shoes","12":"product_tag-calfskin-shoes","13":"product_tag-classic-footwear","14":"product_tag-eva-sole-shoes","15":"product_tag-formal-oxfords","16":"product_tag-goat-leather-lined","17":"product_tag-mens-dress-shoes","18":"product_tag-premium-leather-shoes","19":"product_tag-wholesale-mens-shoes","20":"desktop-align-center","21":"tablet-align-center","22":"mobile-align-center","24":"first","25":"instock","26":"shipping-taxable","27":"purchasable","28":"product-type-variable","29":"has-default-attributes"},"acf":[],"uagb_featured_image_src":{"full":["https:\/\/turkishtrade.co\/wp-content\/uploads\/2026\/01\/2600FKHMN00028-BLACK.png",453,250,false],"thumbnail":["https:\/\/turkishtrade.co\/wp-content\/uploads\/2026\/01\/2600FKHMN00028-BLACK-150x150.png",150,150,true],"medium":["https:\/\/turkishtrade.co\/wp-content\/uploads\/2026\/01\/2600FKHMN00028-BLACK-300x166.png",300,166,true],"medium_large":["https:\/\/turkishtrade.co\/wp-content\/uploads\/2026\/01\/2600FKHMN00028-BLACK.png",453,250,false],"large":["https:\/\/turkishtrade.co\/wp-content\/uploads\/2026\/01\/2600FKHMN00028-BLACK.png",453,250,false],"1536x1536":["https:\/\/turkishtrade.co\/wp-content\/uploads\/2026\/01\/2600FKHMN00028-BLACK.png",453,250,false],"2048x2048":["https:\/\/turkishtrade.co\/wp-content\/uploads\/2026\/01\/2600FKHMN00028-BLACK.png",453,250,false],"trp-custom-language-flag":["https:\/\/turkishtrade.co\/wp-content\/uploads\/2026\/01\/2600FKHMN00028-BLACK-18x10.png",18,10,true],"woocommerce_thumbnail":["https:\/\/turkishtrade.co\/wp-content\/uploads\/2026\/01\/2600FKHMN00028-BLACK-400x250.png",400,250,true],"woocommerce_single":["https:\/\/turkishtrade.co\/wp-content\/uploads\/2026\/01\/2600FKHMN00028-BLACK.png",453,250,false],"woocommerce_gallery_thumbnail":["https:\/\/turkishtrade.co\/wp-content\/uploads\/2026\/01\/2600FKHMN00028-BLACK-100x100.png",100,100,true]},"uagb_author_info":{"display_name":"python python","author_link":"https:\/\/turkishtrade.co\/tr\/author\/"},"uagb_comment_info":0,"uagb_excerpt":"Exquisite calfskin leather upper for a luxurious feel and sophisticated look. Soft and breathable goat leather lining ensures all-day comfort. Durable yet lightweight EVA sole provides excellent grip and shock absorption. Timeless Derby style, perfect for both casual and classic ensembles. Available in sizes 39-45. Wholesale pricing available with a minimum order of 16 pairs.","_links":{"self":[{"href":"https:\/\/turkishtrade.co\/tr\/wp-json\/wp\/v2\/product\/7941","targetHints":{"allow":["GET"]}}],"collection":[{"href":"https:\/\/turkishtrade.co\/tr\/wp-json\/wp\/v2\/product"}],"about":[{"href":"https:\/\/turkishtrade.co\/tr\/wp-json\/wp\/v2\/types\/product"}],"wp:featuredmedia":[{"embeddable":true,"href":"https:\/\/turkishtrade.co\/tr\/wp-json\/wp\/v2\/media\/7093"}],"wp:attachment":[{"href":"https:\/\/turkishtrade.co\/tr\/wp-json\/wp\/v2\/media?parent=7941"}],"wp:term":[{"taxonomy":"product_brand","embeddable":true,"href":"https:\/\/turkishtrade.co\/tr\/wp-json\/wp\/v2\/product_brand?post=7941"},{"taxonomy":"product_cat","embeddable":true,"href":"https:\/\/turkishtrade.co\/tr\/wp-json\/wp\/v2\/product_cat?post=7941"},{"taxonomy":"product_tag","embeddable":true,"href":"https:\/\/turkishtrade.co\/tr\/wp-json\/wp\/v2\/product_tag?post=7941"}],"curies":[{"name":"wp","href":"https:\/\/api.w.org\/{rel}","templated":true}]}}