{"id":7940,"date":"2026-01-29T14:46:08","date_gmt":"2026-01-29T14:46:08","guid":{"rendered":"https:\/\/turkishtrade.co\/?post_type=product&#038;p=7940"},"modified":"2026-04-09T20:39:51","modified_gmt":"2026-04-09T20:39:51","slug":"mens-calf-leather-derby-shoes-7","status":"publish","type":"product","link":"https:\/\/turkishtrade.co\/tr\/shop\/mens-calf-leather-derby-shoes-7\/","title":{"rendered":"Erkek Dana Derisi Derby Ayakkab\u0131 \u0130nan\u0131lmaz | Premium | Klasik Stil &amp;"},"content":{"rendered":"<h2>Erkek Dana Derisi Derby Ayakkab\u0131<\/h2>\n<p>Premium \u00fcr\u00fcnlerimizle tarz\u0131n\u0131z\u0131 y\u00fckseltin <strong>Erkek Dana Derisi Derby Ayakkab\u0131<\/strong>. M\u00fckemmellik i\u00e7in \u00fcretilmi\u015ftir.<\/p>\n<p>Zamans\u0131z \u015f\u0131kl\u0131\u011fa ve e\u015fsiz konfora ad\u0131m at\u0131n <strong>Erkek Klasik Dana Derisi Derby Ayakkab\u0131<\/strong>. Se\u00e7kin beyefendiler i\u00e7in tasarlanan bu birinci s\u0131n\u0131f ayakkab\u0131lar, hem l\u00fcks hem de pratik bir ayakkab\u0131 deneyimi sunmak i\u00e7in geleneksel i\u015f\u00e7ili\u011fi modern yeniliklerle harmanl\u0131yor.<\/p>\n<p>Her bir \u00e7ift, dayan\u0131kl\u0131l\u0131k, stil ve her duruma m\u00fckemmel uyum sa\u011flayacak \u015fekilde titizlikle \u00fcretilmi\u015ftir. Bu ola\u011fan\u00fcst\u00fc ayakkab\u0131larla ayakkab\u0131 koleksiyonunuzu geli\u015ftirin <strong>Erkek Dana Derisi Derby Ayakkab\u0131<\/strong>, kalite ve tasar\u0131ma yap\u0131lan ger\u00e7ek bir yat\u0131r\u0131md\u0131r.<\/p>\n<h3>Benzersiz \u0130\u015f\u00e7ilik ve \u00dcst\u00fcn Kaliteli Malzemeler<\/h3>\n<p>Bizim <strong>Erkek Dana Derisi Derby Ayakkab\u0131<\/strong> \u00fcst\u00fcn ayakkab\u0131 i\u015f\u00e7ili\u011finin bir kan\u0131t\u0131d\u0131r. \u00dcst k\u0131s\u0131m, yumu\u015fak dokusu, dayan\u0131kl\u0131l\u0131\u011f\u0131 ve zaman i\u00e7inde g\u00fczel bir patine geli\u015ftirme yetene\u011fi ile tan\u0131nan y\u00fcksek kaliteli dana derisinden \u00fcretilmi\u015ftir. Bu birinci s\u0131n\u0131f malzeme sadece sofistike bir estetik sa\u011flamakla kalmaz, ayn\u0131 zamanda uzun \u00f6m\u00fcrl\u00fc kullan\u0131m sa\u011flar.<\/p>\n<p>\u0130\u00e7 k\u0131s\u0131mda, ayaklar\u0131n\u0131z ola\u011fan\u00fcst\u00fc yumu\u015fakl\u0131\u011f\u0131 ve nefes alabilirli\u011fi ile \u00fcnl\u00fc ke\u00e7i derisi astarla sar\u0131l\u0131r. Bu do\u011fal astar nemi uzakla\u015ft\u0131rarak ayaklar\u0131n\u0131z\u0131n g\u00fcn boyunca kuru ve rahat kalmas\u0131n\u0131 sa\u011flar. <strong>Erkek Dana Derisi Derby Ayakkab\u0131<\/strong> uzun s\u00fcreli kullan\u0131m i\u00e7in idealdir.<\/p>\n<h3>Konfor ve Dayan\u0131kl\u0131l\u0131k i\u00e7in Tasarland\u0131<\/h3>\n<p>Konfor her \u015feyden \u00f6nemlidir ve bu <strong>Erkek Dana Derisi Derby Ayakkab\u0131<\/strong> hayal k\u0131r\u0131kl\u0131\u011f\u0131na u\u011fratmaz. Hafif, esnek ve \u015fok emici \u00f6zellikleriyle tan\u0131nan bir malzeme olan geli\u015fmi\u015f EVA (Etilen-vinil asetat) tabana sahiptir. Geleneksel a\u011f\u0131r tabanlardan farkl\u0131 olarak, EVA taban yorgunlu\u011fu \u00f6nemli \u00f6l\u00e7\u00fcde azaltarak kolayl\u0131kla ve g\u00fcvenle hareket etmenizi sa\u011flar.<\/p>\n<p>Sa\u011flam yap\u0131s\u0131 yenilik\u00e7i taban\u0131yla birle\u015ferek bu ayakkab\u0131n\u0131n <strong>Erkek Dana Derisi Derby Ayakkab\u0131<\/strong> y\u0131llarca gard\u0131robunuzun g\u00fcvenilir bir par\u00e7as\u0131 olacak. \u0130ster \u015fehrin sokaklar\u0131nda geziniyor ister resmi bir etkinli\u011fe kat\u0131l\u0131yor olun, her ad\u0131mda \u00fcst\u00fcn destek ve yast\u0131klama deneyimini ya\u015fay\u0131n.<\/p>\n<h3>Her Durum i\u00e7in \u00c7ok Y\u00f6nl\u00fc Stil<\/h3>\n<p>Bu klasik Derby silueti <strong>Erkek Dana Derisi Derby Ayakkab\u0131<\/strong> onlar\u0131 inan\u0131lmaz derecede \u00e7ok y\u00f6nl\u00fc hale getirir. Zarif tasar\u0131mlar\u0131, profesyonel ortamlardan \u015f\u0131k ve g\u00fcndelik gezilere sorunsuz bir \u015fekilde ge\u00e7i\u015f yapar. \u00d6nemli bir i\u015f toplant\u0131s\u0131 i\u00e7in \u00f6zel dikim bir tak\u0131m elbise ile e\u015fle\u015ftirin, zarif bir hafta sonu g\u00f6r\u00fcn\u00fcm\u00fc i\u00e7in chino pantolon ve blazer ceket ile giydirin veya y\u00fcksek bir g\u00fcndelik topluluk i\u00e7in koyu renk denim ile kombinleyin.<\/p>\n<p>Sofistike koyu renk tonlar\u0131 ve kusursuz y\u00fczeyleriyle bu <strong>Erkek Dana Derisi Derby Ayakkab\u0131<\/strong> \u00e7ok \u00e7e\u015fitli k\u0131yafetleri tamamlayacak \u015fekilde tasarlanm\u0131\u015ft\u0131r, bu da onlar\u0131 her modern erke\u011fin dolab\u0131nda vazge\u00e7ilmez bir elyaf haline getirir. Geleneksel \u00e7ekicilik ve \u00e7a\u011fda\u015f i\u015flevselli\u011fin m\u00fckemmel kar\u0131\u015f\u0131m\u0131n\u0131 deneyimleyin.<\/p>\n<h3>Toptan Sat\u0131\u015f F\u0131rsatlar\u0131 Mevcut<\/h3>\n<p>Y\u00fcksek kaliteli ayakkab\u0131lar sunmak isteyen perakendeciler ve i\u015fletmeler i\u00e7in <strong>Erkek Dana Derisi Derby Ayakkab\u0131<\/strong> toptan sat\u0131n al\u0131nabilir. Minimum 16 \u00e7ift sipari\u015f miktar\u0131 talep ediyoruz ve m\u00fc\u015fterilerinize hitap edecek birinci s\u0131n\u0131f ayakkab\u0131lar\u0131 stoklamak i\u00e7in m\u00fckemmel bir f\u0131rsat sunuyoruz.<\/p>\n<p>Toptan sat\u0131\u015f program\u0131m\u0131z hakk\u0131nda daha fazla bilgi edinmek ve bu se\u00e7kin \u00fcr\u00fcnleri getirmek i\u00e7in bug\u00fcn bize ula\u015f\u0131n <strong>Erkek Dana Derisi Derby Ayakkab\u0131<\/strong> m\u00fc\u015fterilerinize.<\/p>","protected":false},"excerpt":{"rendered":"<ul>\n<li>Zarif Dana Derisi Saya: Dayan\u0131kl\u0131 ve \u015f\u0131k, sofistike bir g\u00f6r\u00fcn\u00fcm sunar.<\/li>\n<li>L\u00fcks Ke\u00e7i Derisi Astar: T\u00fcm g\u00fcn kullan\u0131m i\u00e7in maksimum konfor ve nefes alabilirlik sa\u011flar.<\/li>\n<li>Hafif EVA Taban: M\u00fckemmel yast\u0131klama, esneklik ve tutu\u015f sa\u011flar.<\/li>\n<li>Mevcut Bedenler: 39, 40, 41, 42, 43, 44, 45 (Avrupa bedenleri).<\/li>\n<li>Klasik Derby Stili: Hem resmi hem de g\u00fcndelik topluluklar i\u00e7in uygun \u00e7ok y\u00f6nl\u00fc tasar\u0131m.<\/li>\n<li>Toptan Sat\u0131\u015f Mevcuttur: \u0130\u015f ortaklar\u0131m\u0131z i\u00e7in minimum sipari\u015f miktar\u0131 16 \u00e7ifttir.<\/li>\n<\/ul>","protected":false},"featured_media":7091,"template":"","meta":{"_acf_changed":false,"_uag_custom_page_level_css":"","site-sidebar-layout":"default","site-content-layout":"","ast-site-content-layout":"default","site-content-style":"default","site-sidebar-style":"default","ast-global-header-display":"","ast-banner-title-visibility":"","ast-main-header-display":"","ast-hfb-above-header-display":"","ast-hfb-below-header-display":"","ast-hfb-mobile-header-display":"","site-post-title":"","ast-breadcrumbs-content":"","ast-featured-img":"","footer-sml-layout":"","ast-disable-related-posts":"","theme-transparent-header-meta":"","adv-header-id-meta":"","stick-header-meta":"","header-above-stick-meta":"","header-main-stick-meta":"","header-below-stick-meta":"","astra-migrate-meta-layouts":"default","ast-page-background-enabled":"default","ast-page-background-meta":{"desktop":{"background-color":"var(--ast-global-color-4)","background-image":"","background-repeat":"repeat","background-position":"center center","background-size":"auto","background-attachment":"scroll","background-type":"","background-media":"","overlay-type":"","overlay-color":"","overlay-opacity":"","overlay-gradient":""},"tablet":{"background-color":"","background-image":"","background-repeat":"repeat","background-position":"center center","background-size":"auto","background-attachment":"scroll","background-type":"","background-media":"","overlay-type":"","overlay-color":"","overlay-opacity":"","overlay-gradient":""},"mobile":{"background-color":"","background-image":"","background-repeat":"repeat","background-position":"center center","background-size":"auto","background-attachment":"scroll","background-type":"","background-media":"","overlay-type":"","overlay-color":"","overlay-opacity":"","overlay-gradient":""}},"ast-content-background-meta":{"desktop":{"background-color":"var(--ast-global-color-5)","background-image":"","background-repeat":"repeat","background-position":"center center","background-size":"auto","background-attachment":"scroll","background-type":"","background-media":"","overlay-type":"","overlay-color":"","overlay-opacity":"","overlay-gradient":""},"tablet":{"background-color":"var(--ast-global-color-5)","background-image":"","background-repeat":"repeat","background-position":"center center","background-size":"auto","background-attachment":"scroll","background-type":"","background-media":"","overlay-type":"","overlay-color":"","overlay-opacity":"","overlay-gradient":""},"mobile":{"background-color":"var(--ast-global-color-5)","background-image":"","background-repeat":"repeat","background-position":"center center","background-size":"auto","background-attachment":"scroll","background-type":"","background-media":"","overlay-type":"","overlay-color":"","overlay-opacity":"","overlay-gradient":""}}},"product_brand":[],"product_cat":[48,47,430,1200],"product_tag":[1253,1259,754,1077,287,251,189,1260,286,281],"class_list":{"0":"post-7940","1":"product","2":"type-product","3":"status-publish","4":"has-post-thumbnail","6":"product_cat-casual","7":"product_cat-classic","8":"product_cat-men","9":"product_cat-mens-shoes-2","10":"product_tag-calf-leather-derby","11":"product_tag-casual-smart-shoes","12":"product_tag-classic-mens-shoes","13":"product_tag-durable-mens-shoes","14":"product_tag-eva-sole-shoes","15":"product_tag-formal-shoes","16":"product_tag-goat-leather-lining","17":"product_tag-handmade-footwear","18":"product_tag-mens-leather-shoes","19":"product_tag-wholesale-shoes","20":"desktop-align-center","21":"tablet-align-center","22":"mobile-align-center","24":"first","25":"instock","26":"shipping-taxable","27":"purchasable","28":"product-type-variable","29":"has-default-attributes"},"acf":[],"uagb_featured_image_src":{"full":["https:\/\/turkishtrade.co\/wp-content\/uploads\/2026\/01\/2600FKHMN00027-DARK-BLUE.png",453,250,false],"thumbnail":["https:\/\/turkishtrade.co\/wp-content\/uploads\/2026\/01\/2600FKHMN00027-DARK-BLUE-150x150.png",150,150,true],"medium":["https:\/\/turkishtrade.co\/wp-content\/uploads\/2026\/01\/2600FKHMN00027-DARK-BLUE-300x166.png",300,166,true],"medium_large":["https:\/\/turkishtrade.co\/wp-content\/uploads\/2026\/01\/2600FKHMN00027-DARK-BLUE.png",453,250,false],"large":["https:\/\/turkishtrade.co\/wp-content\/uploads\/2026\/01\/2600FKHMN00027-DARK-BLUE.png",453,250,false],"1536x1536":["https:\/\/turkishtrade.co\/wp-content\/uploads\/2026\/01\/2600FKHMN00027-DARK-BLUE.png",453,250,false],"2048x2048":["https:\/\/turkishtrade.co\/wp-content\/uploads\/2026\/01\/2600FKHMN00027-DARK-BLUE.png",453,250,false],"trp-custom-language-flag":["https:\/\/turkishtrade.co\/wp-content\/uploads\/2026\/01\/2600FKHMN00027-DARK-BLUE-18x10.png",18,10,true],"woocommerce_thumbnail":["https:\/\/turkishtrade.co\/wp-content\/uploads\/2026\/01\/2600FKHMN00027-DARK-BLUE-400x250.png",400,250,true],"woocommerce_single":["https:\/\/turkishtrade.co\/wp-content\/uploads\/2026\/01\/2600FKHMN00027-DARK-BLUE.png",453,250,false],"woocommerce_gallery_thumbnail":["https:\/\/turkishtrade.co\/wp-content\/uploads\/2026\/01\/2600FKHMN00027-DARK-BLUE-100x100.png",100,100,true]},"uagb_author_info":{"display_name":"python python","author_link":"https:\/\/turkishtrade.co\/tr\/author\/"},"uagb_comment_info":0,"uagb_excerpt":"Exquisite Calf Leather Upper: Durable and stylish, offering a sophisticated finish. Luxurious Goat Leather Lining: Ensures maximum comfort and breathability for all-day wear. Lightweight EVA Sole: Provides excellent cushioning, flexibility, and traction. Available Sizes: 39, 40, 41, 42, 43, 44, 45 (European sizes). Classic Derby Style: Versatile design suitable for both formal and casual ensembles.&hellip;","_links":{"self":[{"href":"https:\/\/turkishtrade.co\/tr\/wp-json\/wp\/v2\/product\/7940","targetHints":{"allow":["GET"]}}],"collection":[{"href":"https:\/\/turkishtrade.co\/tr\/wp-json\/wp\/v2\/product"}],"about":[{"href":"https:\/\/turkishtrade.co\/tr\/wp-json\/wp\/v2\/types\/product"}],"wp:featuredmedia":[{"embeddable":true,"href":"https:\/\/turkishtrade.co\/tr\/wp-json\/wp\/v2\/media\/7091"}],"wp:attachment":[{"href":"https:\/\/turkishtrade.co\/tr\/wp-json\/wp\/v2\/media?parent=7940"}],"wp:term":[{"taxonomy":"product_brand","embeddable":true,"href":"https:\/\/turkishtrade.co\/tr\/wp-json\/wp\/v2\/product_brand?post=7940"},{"taxonomy":"product_cat","embeddable":true,"href":"https:\/\/turkishtrade.co\/tr\/wp-json\/wp\/v2\/product_cat?post=7940"},{"taxonomy":"product_tag","embeddable":true,"href":"https:\/\/turkishtrade.co\/tr\/wp-json\/wp\/v2\/product_tag?post=7940"}],"curies":[{"name":"wp","href":"https:\/\/api.w.org\/{rel}","templated":true}]}}