{"id":7939,"date":"2026-01-29T14:46:08","date_gmt":"2026-01-29T14:46:08","guid":{"rendered":"https:\/\/turkishtrade.co\/?post_type=product&#038;p=7939"},"modified":"2026-04-09T20:39:54","modified_gmt":"2026-04-09T20:39:54","slug":"mens-leather-oxford-shoes-6","status":"publish","type":"product","link":"https:\/\/turkishtrade.co\/tr\/shop\/mens-leather-oxford-shoes-6\/","title":{"rendered":"Erkek Deri Oxford Ayakkab\u0131 Proven | Elegant Erkek Siyah Deri Ox"},"content":{"rendered":"<p><strong>Erkek Deri Oxford Ayakkab\u0131<\/strong>. Kan\u0131tlanm\u0131\u015f kalite ve tasar\u0131m.<\/p>\n<p>Enfes tasar\u0131m\u0131m\u0131zla benzersiz bir stil ve konfora ad\u0131m at\u0131n <strong>Erkek Deri Oxford Ayakkab\u0131<\/strong>. En iyi malzemelerden ustal\u0131kla \u00fcretilen bu ayakkab\u0131lar, hem sofistike hem de pratik olmay\u0131 seven modern beyefendiler i\u00e7in tasarland\u0131. \u0130ster bir i\u015f toplant\u0131s\u0131na, ister g\u00fcndelik bir gezintiye ya da \u00f6zel bir etkinli\u011fe gidiyor olun, bu \u00e7ok y\u00f6nl\u00fc <strong>Erkek Deri Oxford Ayakkab\u0131<\/strong> resmi ve g\u00fcndelik k\u0131yafetler aras\u0131nda zahmetsizce k\u00f6pr\u00fc kuran m\u00fckemmel arkada\u015f\u0131n\u0131zd\u0131r.<\/p>\n<h3>Rakipsiz \u0130\u015f\u00e7ilik ve Birinci S\u0131n\u0131f Malzemeler<\/h3>\n<p>Bu zarif \u00e7iftlerin her biri <strong>Erkek Deri Oxford Ayakkab\u0131<\/strong> p\u00fcr\u00fczs\u00fcz dokusu, dayan\u0131kl\u0131l\u0131\u011f\u0131 ve l\u00fcks g\u00f6r\u00fcn\u00fcm\u00fcyle tan\u0131nan birinci s\u0131n\u0131f dana derisi sayaya sahiptir. Zengin siyah kaplama, zamans\u0131z bir \u00e7ekicilik sa\u011flayarak bu ayakkab\u0131lar\u0131 her gard\u0131robun vazge\u00e7ilmezi haline getirir.<\/p>\n<p>\u0130\u00e7 k\u0131s\u0131mda, ayaklar\u0131n\u0131z sabahtan ak\u015fama kadar s\u00fcren ola\u011fan\u00fcst\u00fc nefes alabilirlik ve konfor sunan hakiki ke\u00e7i derisi astar\u0131n yumu\u015fakl\u0131\u011f\u0131yla sarmalanacak.<\/p>\n<p>Malzeme se\u00e7imine g\u00f6sterilen bu titizlik, yaln\u0131zca \u00fcst\u00fcn bir g\u00f6r\u00fcn\u00fcm\u00fc de\u011fil, ayn\u0131 zamanda ki\u015fiselle\u015ftirilmi\u015f bir uyum i\u00e7in aya\u011f\u0131n\u0131za g\u00f6re \u015fekillenen bir ayakkab\u0131y\u0131 da garanti eder.<\/p>\n<h3>EVA Tabanlar ile Konfor ve Dayan\u0131kl\u0131l\u0131k<\/h3>\n<p>Hafif ve esnek EVA taban ile y\u00fcr\u00fcy\u00fc\u015f konforunda en \u00fcst noktay\u0131 ya\u015fay\u0131n. Geleneksel a\u011f\u0131r tabanlardan farkl\u0131 olarak EVA taban\u0131m\u0131z m\u00fckemmel \u015fok emilimi sa\u011flayarak uzun saatler ayakta kald\u0131ktan sonra bile yorgunlu\u011fu azalt\u0131r. Benzersiz desenli taban tasar\u0131m\u0131, \u00e7e\u015fitli y\u00fczeylerde g\u00fcvenilir tutu\u015f ve denge sunarak g\u00fcvenle y\u00fcr\u00fcmenizi sa\u011flar.<\/p>\n<p>Bunlar <strong>Erkek Deri Oxford Ayakkab\u0131<\/strong> uzun \u00f6m\u00fcrl\u00fc ve esnek olmalar\u0131 i\u00e7in se\u00e7ilen malzemelerle sa\u011flam yap\u0131y\u0131 birle\u015ftirerek uzun \u00f6m\u00fcrl\u00fc olacak \u015fekilde \u00fcretilmi\u015ftir.<\/p>\n<h3>Her Durum i\u00e7in \u00c7ok Y\u00f6nl\u00fc Stil<\/h3>\n<p>\u201cCasual Classic\u201d tasar\u0131m felsefemiz bu \u00fcr\u00fcnlerde parl\u0131yor <strong>Erkek Deri Oxford Ayakkab\u0131<\/strong>. \u015e\u0131k silueti ve ince dokulu burnu da dahil olmak \u00fczere zarif detaylar\u0131, bu ayakkab\u0131y\u0131 \u00e7ok \u00e7e\u015fitli k\u0131yafetler i\u00e7in uygun hale getirir. Keskin bir i\u015f g\u00f6r\u00fcn\u00fcm\u00fc i\u00e7in \u00f6zel dikim pantolonlarla, smart-casual \u015f\u0131kl\u0131k i\u00e7in chino pantolonlarla ve hatta sofistike bir hafta sonu kombini i\u00e7in koyu renk denimlerle e\u015fle\u015ftirin.<\/p>\n<p>Bunlar sadece ayakkab\u0131 de\u011fil; her zaman \u015f\u0131k bir izlenim b\u0131rakman\u0131z\u0131 sa\u011flayan \u00e7ok y\u00f6nl\u00fc bir stil yat\u0131r\u0131m\u0131d\u0131r.<\/p>\n<h3>Toptan Sat\u0131\u015f<\/h3>\n<p>Y\u00fcksek kaliteli ayakkab\u0131lar sunmak isteyen i\u015fletmeler i\u00e7in <strong>Erkek Deri Oxford Ayakkab\u0131<\/strong> toptan sat\u0131n al\u0131nabilir. Minimum 16 \u00e7ift sipari\u015f miktar\u0131 ile envanterinizi m\u00fc\u015fteri memnuniyeti ve zamans\u0131z bir stil vaat eden bir \u00fcr\u00fcnle doldurabilirsiniz. Ustal\u0131kla tasarlanm\u0131\u015f ve \u00fcretilmi\u015f bu \u00fcr\u00fcnlerle koleksiyonunuzu geli\u015ftirin. <strong>Erkek Deri Oxford Ayakkab\u0131<\/strong>.<\/p>","protected":false},"excerpt":{"rendered":"<ul>\n<li>L\u00fcks bir his i\u00e7in birinci s\u0131n\u0131f dana derisi saya<\/li>\n<li>Yumu\u015fak ve nefes alabilen ke\u00e7i derisi astar g\u00fcn boyu konfor sa\u011flar<\/li>\n<li>Hafif ve esnek EVA taban m\u00fckemmel kavrama ve dayan\u0131kl\u0131l\u0131k sa\u011flar<\/li>\n<li>\u00c7e\u015fitli durumlar i\u00e7in uygun \u00e7ok y\u00f6nl\u00fc \u201cCasual Classic\u201d tasar\u0131m<\/li>\n<li>39-45 AB bedenlerinde mevcuttur<\/li>\n<li>Minimum 16 \u00e7ift sipari\u015f ile toptan sat\u0131\u015f f\u0131rsatlar\u0131 mevcuttur<\/li>\n<\/ul>","protected":false},"featured_media":7089,"template":"","meta":{"_acf_changed":false,"_uag_custom_page_level_css":"","site-sidebar-layout":"default","site-content-layout":"","ast-site-content-layout":"default","site-content-style":"default","site-sidebar-style":"default","ast-global-header-display":"","ast-banner-title-visibility":"","ast-main-header-display":"","ast-hfb-above-header-display":"","ast-hfb-below-header-display":"","ast-hfb-mobile-header-display":"","site-post-title":"","ast-breadcrumbs-content":"","ast-featured-img":"","footer-sml-layout":"","ast-disable-related-posts":"","theme-transparent-header-meta":"","adv-header-id-meta":"","stick-header-meta":"","header-above-stick-meta":"","header-main-stick-meta":"","header-below-stick-meta":"","astra-migrate-meta-layouts":"default","ast-page-background-enabled":"default","ast-page-background-meta":{"desktop":{"background-color":"var(--ast-global-color-4)","background-image":"","background-repeat":"repeat","background-position":"center center","background-size":"auto","background-attachment":"scroll","background-type":"","background-media":"","overlay-type":"","overlay-color":"","overlay-opacity":"","overlay-gradient":""},"tablet":{"background-color":"","background-image":"","background-repeat":"repeat","background-position":"center center","background-size":"auto","background-attachment":"scroll","background-type":"","background-media":"","overlay-type":"","overlay-color":"","overlay-opacity":"","overlay-gradient":""},"mobile":{"background-color":"","background-image":"","background-repeat":"repeat","background-position":"center center","background-size":"auto","background-attachment":"scroll","background-type":"","background-media":"","overlay-type":"","overlay-color":"","overlay-opacity":"","overlay-gradient":""}},"ast-content-background-meta":{"desktop":{"background-color":"var(--ast-global-color-5)","background-image":"","background-repeat":"repeat","background-position":"center center","background-size":"auto","background-attachment":"scroll","background-type":"","background-media":"","overlay-type":"","overlay-color":"","overlay-opacity":"","overlay-gradient":""},"tablet":{"background-color":"var(--ast-global-color-5)","background-image":"","background-repeat":"repeat","background-position":"center center","background-size":"auto","background-attachment":"scroll","background-type":"","background-media":"","overlay-type":"","overlay-color":"","overlay-opacity":"","overlay-gradient":""},"mobile":{"background-color":"var(--ast-global-color-5)","background-image":"","background-repeat":"repeat","background-position":"center center","background-size":"auto","background-attachment":"scroll","background-type":"","background-media":"","overlay-type":"","overlay-color":"","overlay-opacity":"","overlay-gradient":""}}},"product_brand":[],"product_cat":[48,47,430,1200],"product_tag":[196,451,1242,284,438,201,189,549,210,281],"class_list":{"0":"post-7939","1":"product","2":"type-product","3":"status-publish","4":"has-post-thumbnail","6":"product_cat-casual","7":"product_cat-classic","8":"product_cat-men","9":"product_cat-mens-shoes-2","10":"product_tag-black-leather-shoes","11":"product_tag-calfskin-leather","12":"product_tag-casual-classic-shoes","13":"product_tag-dress-shoes","14":"product_tag-eva-sole","15":"product_tag-formal-footwear","16":"product_tag-goat-leather-lining","17":"product_tag-mens-oxfords","18":"product_tag-smart-casual","19":"product_tag-wholesale-shoes","20":"desktop-align-center","21":"tablet-align-center","22":"mobile-align-center","24":"first","25":"instock","26":"shipping-taxable","27":"purchasable","28":"product-type-variable","29":"has-default-attributes"},"acf":[],"uagb_featured_image_src":{"full":["https:\/\/turkishtrade.co\/wp-content\/uploads\/2026\/01\/2600FKHMN00026-BLACK.png",453,250,false],"thumbnail":["https:\/\/turkishtrade.co\/wp-content\/uploads\/2026\/01\/2600FKHMN00026-BLACK-150x150.png",150,150,true],"medium":["https:\/\/turkishtrade.co\/wp-content\/uploads\/2026\/01\/2600FKHMN00026-BLACK-300x166.png",300,166,true],"medium_large":["https:\/\/turkishtrade.co\/wp-content\/uploads\/2026\/01\/2600FKHMN00026-BLACK.png",453,250,false],"large":["https:\/\/turkishtrade.co\/wp-content\/uploads\/2026\/01\/2600FKHMN00026-BLACK.png",453,250,false],"1536x1536":["https:\/\/turkishtrade.co\/wp-content\/uploads\/2026\/01\/2600FKHMN00026-BLACK.png",453,250,false],"2048x2048":["https:\/\/turkishtrade.co\/wp-content\/uploads\/2026\/01\/2600FKHMN00026-BLACK.png",453,250,false],"trp-custom-language-flag":["https:\/\/turkishtrade.co\/wp-content\/uploads\/2026\/01\/2600FKHMN00026-BLACK-18x10.png",18,10,true],"woocommerce_thumbnail":["https:\/\/turkishtrade.co\/wp-content\/uploads\/2026\/01\/2600FKHMN00026-BLACK-400x250.png",400,250,true],"woocommerce_single":["https:\/\/turkishtrade.co\/wp-content\/uploads\/2026\/01\/2600FKHMN00026-BLACK.png",453,250,false],"woocommerce_gallery_thumbnail":["https:\/\/turkishtrade.co\/wp-content\/uploads\/2026\/01\/2600FKHMN00026-BLACK-100x100.png",100,100,true]},"uagb_author_info":{"display_name":"python python","author_link":"https:\/\/turkishtrade.co\/tr\/author\/"},"uagb_comment_info":0,"uagb_excerpt":"Premium calfskin leather upper for a luxurious feel Soft and breathable goat leather lining ensures all-day comfort Lightweight and flexible EVA sole provides excellent grip and durability Versatile \"Casual Classic\" design suitable for various occasions Available in EU sizes 39-45 Wholesale opportunities available with a minimum order of 16 pairs","_links":{"self":[{"href":"https:\/\/turkishtrade.co\/tr\/wp-json\/wp\/v2\/product\/7939","targetHints":{"allow":["GET"]}}],"collection":[{"href":"https:\/\/turkishtrade.co\/tr\/wp-json\/wp\/v2\/product"}],"about":[{"href":"https:\/\/turkishtrade.co\/tr\/wp-json\/wp\/v2\/types\/product"}],"wp:featuredmedia":[{"embeddable":true,"href":"https:\/\/turkishtrade.co\/tr\/wp-json\/wp\/v2\/media\/7089"}],"wp:attachment":[{"href":"https:\/\/turkishtrade.co\/tr\/wp-json\/wp\/v2\/media?parent=7939"}],"wp:term":[{"taxonomy":"product_brand","embeddable":true,"href":"https:\/\/turkishtrade.co\/tr\/wp-json\/wp\/v2\/product_brand?post=7939"},{"taxonomy":"product_cat","embeddable":true,"href":"https:\/\/turkishtrade.co\/tr\/wp-json\/wp\/v2\/product_cat?post=7939"},{"taxonomy":"product_tag","embeddable":true,"href":"https:\/\/turkishtrade.co\/tr\/wp-json\/wp\/v2\/product_tag?post=7939"}],"curies":[{"name":"wp","href":"https:\/\/api.w.org\/{rel}","templated":true}]}}