{"id":7938,"date":"2026-01-29T14:46:08","date_gmt":"2026-01-29T14:46:08","guid":{"rendered":"https:\/\/turkishtrade.co\/?post_type=product&#038;p=7938"},"modified":"2026-04-09T20:39:57","modified_gmt":"2026-04-09T20:39:57","slug":"black-calfskin-mens-dress-shoes","status":"publish","type":"product","link":"https:\/\/turkishtrade.co\/tr\/shop\/black-calfskin-mens-dress-shoes\/","title":{"rendered":"Siyah Dana Derisi Erkek Elbise Ayakkab\u0131s\u0131 En \u00c7ok Satan | Premium | El Yap\u0131m\u0131 Deri"},"content":{"rendered":"<p><strong>Siyah Dana Derisi Erkek Elbise Ayakkab\u0131s\u0131<\/strong>. En \u00c7ok Satan kalite ve tasar\u0131m.<\/p>\n<p>Enfes tasar\u0131m\u0131m\u0131zla benzersiz bir sofistike ve konforlu ortama ad\u0131m at\u0131n <strong>Siyah Dana Derisi Erkek Elbise Ayakkab\u0131s\u0131<\/strong>. En iyi dana derisinden titizlikle \u00fcretilen bu ayakkab\u0131lar, hem stile hem de \u00f6ze de\u011fer veren modern beyefendiler i\u00e7in tasarlanm\u0131\u015ft\u0131r.<\/p>\n<p>Zengin, dokulu siyah dana derisi saya sadece zamans\u0131z bir \u015f\u0131kl\u0131k sergilemekle kalmaz, ayn\u0131 zamanda ola\u011fan\u00fcst\u00fc dayan\u0131kl\u0131l\u0131k vaat ederek bu birinci s\u0131n\u0131f ayakkab\u0131lar\u0131n y\u0131llarca gard\u0131robunuzda temel bir par\u00e7a olarak kalmas\u0131n\u0131 sa\u011flar.<\/p>\n<p>\u0130ster \u00f6nemli bir i\u015f toplant\u0131s\u0131na, ister resmi bir etkinli\u011fe gidiyor olun, ister sadece g\u00fcnl\u00fck k\u0131yafetlerinizi y\u00fckseltiyor olun, bu **siyah dana derisi erkek elbise ayakkab\u0131lar\u0131** kal\u0131c\u0131 bir izlenim b\u0131rakmak i\u00e7in m\u00fckemmel bir se\u00e7imdir.<\/p>\n<p>\u0130\u00e7ten d\u0131\u015fa ger\u00e7ek l\u00fcks\u00fc ya\u015fay\u0131n. Bu ola\u011fan\u00fcst\u00fc **siyah dana derisi erkek elbise ayakkab\u0131lar\u0131n\u0131n** her bir \u00e7ifti, inan\u0131lmaz yumu\u015fakl\u0131\u011f\u0131 ve nefes alabilirli\u011fi ile tan\u0131nan g\u00f6rkemli bir ke\u00e7i derisi astara sahiptir. Bu birinci s\u0131n\u0131f astar aya\u011f\u0131n\u0131za uyum sa\u011flayarak ki\u015fiye \u00f6zel bir uyum sunar ve uzun s\u00fcreli kullan\u0131mlarda bile aya\u011f\u0131n\u0131z\u0131 g\u00fcn boyunca rahat tutar.<\/p>\n<p>Rahats\u0131zl\u0131\u011fa elveda deyin ve g\u00f6r\u00fcnd\u00fc\u011f\u00fc kadar iyi hissettiren bir \u00e7ift ayakkab\u0131ya merhaba deyin. \u00d6zenli yap\u0131s\u0131 her ad\u0131m\u0131n bir zevk olmas\u0131n\u0131 sa\u011flayarak bu **siyah dana derisi erkek elbise ayakkab\u0131lar\u0131n\u0131** sa\u011fl\u0131\u011f\u0131n\u0131za ve zarif tarz\u0131n\u0131za bir yat\u0131r\u0131m haline getirir.<\/p>\n<h3>Her \u00c7ift Siyah Dana Derisi Erkek Elbise Ayakkab\u0131s\u0131nda Rakipsiz Konfor ve \u0130\u015f\u00e7ilik<\/h3>\n<p>\u00c7arp\u0131c\u0131 esteti\u011finin \u00f6tesinde, bu **siyah dana derisi erkek elbise ayakkab\u0131lar\u0131** \u00fcst\u00fcn konfor ve performans i\u00e7in tasarlanm\u0131\u015ft\u0131r. Hafif ancak sa\u011flam EVA taban, m\u00fckemmel \u015fok emilimi ve esneklik sunarak yorgunlu\u011fu azaltan yast\u0131kl\u0131 bir y\u00fcr\u00fcy\u00fc\u015f sa\u011flar. Bu yenilik\u00e7i taban malzemesi ayn\u0131 zamanda g\u00fcvenilir tutu\u015f sa\u011flayarak bu \u00e7ok y\u00f6nl\u00fc **siyah dana derisi erkek elbise ayakkab\u0131lar\u0131n\u0131** \u00e7e\u015fitli y\u00fczeyler ve durumlar i\u00e7in uygun hale getirir.<\/p>\n<p>\u0130\u015f\u00e7ili\u011fe olan sars\u0131lmaz ba\u011fl\u0131l\u0131\u011f\u0131m\u0131z, hassas ba\u011fc\u0131k sisteminden zarif bir \u015fekilde \u015fekillendirilmi\u015f buruna kadar her diki\u015fte kendini g\u00f6sterir. Geleneksel ayakkab\u0131 yap\u0131m tekniklerini \u00e7a\u011fda\u015f malzemelerle birle\u015ftirerek hem kalite hem de konfor a\u00e7\u0131s\u0131ndan \u00f6ne \u00e7\u0131kan **siyah dana derisi erkek elbise ayakkab\u0131lar\u0131n\u0131** yaratt\u0131k.<\/p>\n<p>Ger\u00e7ekten de, klasik stil ve modern i\u015flevselli\u011fin bir kar\u0131\u015f\u0131m\u0131 i\u00e7in bu **siyah dana derisi erkek elbise ayakkab\u0131lar\u0131** e\u015fsizdir.<\/p>\n<p>39\u201cdan 45\u201de kadar kapsaml\u0131 bir Avrupa beden yelpazesinde sunulan bu **siyah dana derisi erkek elbise ayakkab\u0131lar\u0131** y\u00fcksek kaliteli ayakkab\u0131 arayan geni\u015f bir kitleye hitap ediyor. \u00c7ok y\u00f6nl\u00fc \"g\u00fcndelik klasik\" tasar\u0131mlar\u0131, keskin bir i\u015f tak\u0131m\u0131ndan ak\u0131ll\u0131 g\u00fcndelik pantolonlara ve bir blazer cekete sorunsuz bir \u015fekilde ge\u00e7i\u015f yapmalar\u0131 anlam\u0131na gelir ve onlar\u0131 inan\u0131lmaz derecede uyarlanabilir k\u0131lar.<\/p>\n<p>Kal\u0131c\u0131 stil ve ola\u011fan\u00fcst\u00fc de\u011fer sunan bir \u00e7ift erkek deri ayakkab\u0131ya yat\u0131r\u0131m yap\u0131n. Bunlar sadece ayakkab\u0131 de\u011fil; se\u00e7kin bir zevkin ve \u00fcst\u00fcn kaliteye ba\u011fl\u0131l\u0131\u011f\u0131n ifadesidir. Perakendeciler ve i\u015fletmeler i\u00e7in, bu ola\u011fan\u00fcst\u00fc **siyah dana derisi erkek elbise ayakkab\u0131lar\u0131**, minimum 16 \u00e7ift sipari\u015f miktar\u0131yla toptan sat\u0131n al\u0131nabilir ve m\u00fc\u015fterilerinizin sevece\u011fi y\u00fcksek talep g\u00f6ren, kaliteli ayakkab\u0131lar\u0131 stoklamak i\u00e7in m\u00fckemmel bir f\u0131rsat sunar.<\/p>\n<p><h3>Neden Premium Siyah Dana Derisi Erkek Elbise Ayakkab\u0131lar\u0131m\u0131z\u0131 Se\u00e7melisiniz?<\/h3>\n<ul>\n<li><strong>Premium Malzemeler:<\/strong> Hakiki siyah dana derisi saya ve yumu\u015fak ke\u00e7i derisi astar ile \u00fcretilmi\u015ftir.<\/li>\n<li><strong>Optimum Konfor:<\/strong> Hafif EVA taban \u00fcst\u00fcn yast\u0131klama ve esneklik sa\u011flar.<\/li>\n<li><strong>\u00c7ok Y\u00f6nl\u00fc Stil:<\/strong> Resmi, i\u015f ve \u015f\u0131k g\u00fcndelik davetler i\u00e7in m\u00fckemmeldir.<\/li>\n<li><strong>Uzman \u0130\u015f\u00e7ilik:<\/strong> Detaylara g\u00f6sterilen titizlikle uzun \u00f6m\u00fcrl\u00fc olacak \u015fekilde \u00fcretilmi\u015ftir.<\/li>\n<li><strong>Toptan Sat\u0131\u015f:<\/strong> Kaliteli ayakkab\u0131 arayan ticari m\u00fc\u015fteriler i\u00e7in minimum 16 \u00e7ift sipari\u015f.<\/li>\n<\/ul>\n<p>Se\u00e7kin **siyah dana derisi erkek elbise ayakkab\u0131s\u0131** koleksiyonumuzla klasik tasar\u0131m ve modern konforun birle\u015fimini kucaklay\u0131n. Zamans\u0131z stili ger\u00e7ekten temsil eden bir \u00e7ift ile ayakkab\u0131 koleksiyonunuzu bug\u00fcn y\u00fckseltin.<\/p>","protected":false},"excerpt":{"rendered":"<ul>\n<li>Dayan\u0131kl\u0131l\u0131k ve sofistike stil i\u00e7in birinci s\u0131n\u0131f dana derisi saya.<\/li>\n<li>Yumu\u015fak, nefes alabilen ke\u00e7i derisi astar g\u00fcn boyu konfor sa\u011flar.<\/li>\n<li>\u00dcst\u00fcn \u015fok emilimi i\u00e7in hafif ve esnek EVA taban.<\/li>\n<li>Hem resmi hem de \u015f\u0131k g\u00fcndelik giyime uygun klasik ba\u011fc\u0131kl\u0131 tasar\u0131m.<\/li>\n<li>39-45 erkek Avrupa bedenlerinde mevcuttur.<\/li>\n<li>Minimum 16 \u00e7ift sipari\u015f ile toptan fiyatland\u0131rma mevcuttur.<\/li>\n<\/ul>","protected":false},"featured_media":7087,"template":"","meta":{"_acf_changed":false,"_uag_custom_page_level_css":"","site-sidebar-layout":"default","site-content-layout":"","ast-site-content-layout":"default","site-content-style":"default","site-sidebar-style":"default","ast-global-header-display":"","ast-banner-title-visibility":"","ast-main-header-display":"","ast-hfb-above-header-display":"","ast-hfb-below-header-display":"","ast-hfb-mobile-header-display":"","site-post-title":"","ast-breadcrumbs-content":"","ast-featured-img":"","footer-sml-layout":"","ast-disable-related-posts":"","theme-transparent-header-meta":"default","adv-header-id-meta":"","stick-header-meta":"","header-above-stick-meta":"","header-main-stick-meta":"","header-below-stick-meta":"","astra-migrate-meta-layouts":"set","ast-page-background-enabled":"default","ast-page-background-meta":{"desktop":{"background-color":"var(--ast-global-color-4)","background-image":"","background-repeat":"repeat","background-position":"center center","background-size":"auto","background-attachment":"scroll","background-type":"","background-media":"","overlay-type":"","overlay-color":"","overlay-opacity":"","overlay-gradient":""},"tablet":{"background-color":"","background-image":"","background-repeat":"repeat","background-position":"center center","background-size":"auto","background-attachment":"scroll","background-type":"","background-media":"","overlay-type":"","overlay-color":"","overlay-opacity":"","overlay-gradient":""},"mobile":{"background-color":"","background-image":"","background-repeat":"repeat","background-position":"center center","background-size":"auto","background-attachment":"scroll","background-type":"","background-media":"","overlay-type":"","overlay-color":"","overlay-opacity":"","overlay-gradient":""}},"ast-content-background-meta":{"desktop":{"background-color":"var(--ast-global-color-5)","background-image":"","background-repeat":"repeat","background-position":"center center","background-size":"auto","background-attachment":"scroll","background-type":"","background-media":"","overlay-type":"","overlay-color":"","overlay-opacity":"","overlay-gradient":""},"tablet":{"background-color":"var(--ast-global-color-5)","background-image":"","background-repeat":"repeat","background-position":"center center","background-size":"auto","background-attachment":"scroll","background-type":"","background-media":"","overlay-type":"","overlay-color":"","overlay-opacity":"","overlay-gradient":""},"mobile":{"background-color":"var(--ast-global-color-5)","background-image":"","background-repeat":"repeat","background-position":"center center","background-size":"auto","background-attachment":"scroll","background-type":"","background-media":"","overlay-type":"","overlay-color":"","overlay-opacity":"","overlay-gradient":""}}},"product_brand":[],"product_cat":[48,47,430,1200],"product_tag":[295,405,566,1242,287,251,1258,286,392],"class_list":{"0":"post-7938","1":"product","2":"type-product","3":"status-publish","4":"has-post-thumbnail","6":"product_cat-casual","7":"product_cat-classic","8":"product_cat-men","9":"product_cat-mens-shoes-2","10":"product_tag-black-dress-shoes","11":"product_tag-business-shoes","12":"product_tag-calfskin-shoes","13":"product_tag-casual-classic-shoes","14":"product_tag-eva-sole-shoes","15":"product_tag-formal-shoes","16":"product_tag-goat-lined-shoes","17":"product_tag-mens-leather-shoes","18":"product_tag-premium-dress-shoes","19":"desktop-align-center","20":"tablet-align-center","21":"mobile-align-center","23":"first","24":"instock","25":"shipping-taxable","26":"purchasable","27":"product-type-variable","28":"has-default-attributes"},"acf":[],"uagb_featured_image_src":{"full":["https:\/\/turkishtrade.co\/wp-content\/uploads\/2026\/01\/2600FKHMN00025-BLACK.png",453,250,false],"thumbnail":["https:\/\/turkishtrade.co\/wp-content\/uploads\/2026\/01\/2600FKHMN00025-BLACK-150x150.png",150,150,true],"medium":["https:\/\/turkishtrade.co\/wp-content\/uploads\/2026\/01\/2600FKHMN00025-BLACK-300x166.png",300,166,true],"medium_large":["https:\/\/turkishtrade.co\/wp-content\/uploads\/2026\/01\/2600FKHMN00025-BLACK.png",453,250,false],"large":["https:\/\/turkishtrade.co\/wp-content\/uploads\/2026\/01\/2600FKHMN00025-BLACK.png",453,250,false],"1536x1536":["https:\/\/turkishtrade.co\/wp-content\/uploads\/2026\/01\/2600FKHMN00025-BLACK.png",453,250,false],"2048x2048":["https:\/\/turkishtrade.co\/wp-content\/uploads\/2026\/01\/2600FKHMN00025-BLACK.png",453,250,false],"trp-custom-language-flag":["https:\/\/turkishtrade.co\/wp-content\/uploads\/2026\/01\/2600FKHMN00025-BLACK-18x10.png",18,10,true],"woocommerce_thumbnail":["https:\/\/turkishtrade.co\/wp-content\/uploads\/2026\/01\/2600FKHMN00025-BLACK-400x250.png",400,250,true],"woocommerce_single":["https:\/\/turkishtrade.co\/wp-content\/uploads\/2026\/01\/2600FKHMN00025-BLACK.png",453,250,false],"woocommerce_gallery_thumbnail":["https:\/\/turkishtrade.co\/wp-content\/uploads\/2026\/01\/2600FKHMN00025-BLACK-100x100.png",100,100,true]},"uagb_author_info":{"display_name":"python python","author_link":"https:\/\/turkishtrade.co\/tr\/author\/"},"uagb_comment_info":0,"uagb_excerpt":"Premium calfskin leather upper for durability and sophisticated style. Soft, breathable goat leather lining ensures all-day comfort. Lightweight and flexible EVA sole for superior shock absorption. Classic lace-up design suitable for both formal and smart-casual wear. Available in men's European sizes 39-45. Wholesale pricing available with a minimum order of 16 pairs.","_links":{"self":[{"href":"https:\/\/turkishtrade.co\/tr\/wp-json\/wp\/v2\/product\/7938","targetHints":{"allow":["GET"]}}],"collection":[{"href":"https:\/\/turkishtrade.co\/tr\/wp-json\/wp\/v2\/product"}],"about":[{"href":"https:\/\/turkishtrade.co\/tr\/wp-json\/wp\/v2\/types\/product"}],"wp:featuredmedia":[{"embeddable":true,"href":"https:\/\/turkishtrade.co\/tr\/wp-json\/wp\/v2\/media\/7087"}],"wp:attachment":[{"href":"https:\/\/turkishtrade.co\/tr\/wp-json\/wp\/v2\/media?parent=7938"}],"wp:term":[{"taxonomy":"product_brand","embeddable":true,"href":"https:\/\/turkishtrade.co\/tr\/wp-json\/wp\/v2\/product_brand?post=7938"},{"taxonomy":"product_cat","embeddable":true,"href":"https:\/\/turkishtrade.co\/tr\/wp-json\/wp\/v2\/product_cat?post=7938"},{"taxonomy":"product_tag","embeddable":true,"href":"https:\/\/turkishtrade.co\/tr\/wp-json\/wp\/v2\/product_tag?post=7938"}],"curies":[{"name":"wp","href":"https:\/\/api.w.org\/{rel}","templated":true}]}}