{"id":7935,"date":"2026-01-29T14:46:07","date_gmt":"2026-01-29T14:46:07","guid":{"rendered":"https:\/\/turkishtrade.co\/?post_type=product&#038;p=7935"},"modified":"2026-04-09T20:40:04","modified_gmt":"2026-04-09T20:40:04","slug":"mens-brown-croc-embossed-derby-shoes","status":"publish","type":"product","link":"https:\/\/turkishtrade.co\/tr\/shop\/mens-brown-croc-embossed-derby-shoes\/","title":{"rendered":"Erkek Kahverengi Timsah Kabartmal\u0131 Derby Ayakkab\u0131 Premium | L\u00fcks | Premium Ayakkab\u0131"},"content":{"rendered":"<p><strong>Erkek Kahverengi Krok Kabartmal\u0131 Derby Ayakkab\u0131<\/strong>. \u00dcst\u00fcn kalite ve tasar\u0131m.<\/p>\n<p>Zarif tasar\u0131m\u0131m\u0131zla sofistike bir tarza ve benzersiz bir konfora ad\u0131m at\u0131n <strong>Erkek Kahverengi Krok Kabartmal\u0131 Derby Ayakkab\u0131<\/strong>. Se\u00e7kin beyefendiler i\u00e7in titizlikle haz\u0131rlanan bu ayakkab\u0131lar, zamans\u0131z tasar\u0131m\u0131 modern \u00f6zelliklerle harmanlayarak her zarif gard\u0131robun olmazsa olmaz\u0131 haline geliyor.<\/p>\n<p>Ayak ucunda daha a\u00e7\u0131k tonlara ge\u00e7i\u015f yapan zengin, koyu kahverengi renk tonu, \u015f\u0131k g\u00fcndelik k\u0131yafetlerden profesyonel i\u015f k\u0131yafetlerine kadar \u00e7ok \u00e7e\u015fitli k\u0131yafetleri tamamlayarak birinci s\u0131n\u0131f ayakkab\u0131 arayan m\u00fc\u015fterileriniz i\u00e7in \u00e7ok y\u00f6nl\u00fcl\u00fck sa\u011flar.<\/p>\n<p>Bu ola\u011fan\u00fcst\u00fc olaylar\u0131n merkezinde <strong>Erkek Kahverengi Krok Kabartmal\u0131 Derby Ayakkab\u0131<\/strong> birinci s\u0131n\u0131f dana derisi \u00fcst k\u0131s\u0131md\u0131r. Bu l\u00fcks deri, klasik \u00e7ekicilikten \u00f6d\u00fcn vermeden egzotik bir zarafet dokunu\u015fu katan kendine \u00f6zg\u00fc timsah kabartmal\u0131 desenle g\u00fczel bir \u015fekilde detayland\u0131r\u0131lm\u0131\u015ft\u0131r.<\/p>\n<p>Titiz i\u015f\u00e7ilik her diki\u015fte ve kaplamada kendini g\u00f6sterir ve yaln\u0131zca ola\u011fan\u00fcst\u00fc g\u00f6r\u00fcnmekle kalmay\u0131p g\u00fcnl\u00fck kullan\u0131ma dayanacak \u015fekilde \u00fcretilmi\u015f bir \u00fcr\u00fcn vaat eder.<\/p>\n<p>Benzersiz dokusu ve zengin renk derinli\u011fi, erkek modas\u0131nda sofistike zevklere s\u00fcrekli olarak hitap eden \u00fcst d\u00fczey bir estetik sunan bu ayakkab\u0131lar\u0131 di\u011ferlerinden ay\u0131r\u0131r.<\/p>\n<h3>Derbi Ayakkab\u0131lar\u0131m\u0131zda Rakipsiz Konfor ve Kaliteli Malzemeler<\/h3>\n<p>Kaliteli ayakkab\u0131larda konfor her \u015feyden \u00f6nemlidir ve bizim <strong>Erkek Kahverengi Krok Kabartmal\u0131 Derby Ayakkab\u0131<\/strong> t\u00fcm cephelerde teslim. Her bir \u00e7ift, \u00fcst\u00fcn nefes alabilirlik ve aya\u011fa pel\u00fc\u015f, eldiven benzeri bir his sa\u011flayan g\u00f6rkemli yumu\u015fak ke\u00e7i derisi astara sahiptir. Bu birinci s\u0131n\u0131f astar, dayan\u0131kl\u0131 ancak son derece hafif EVA taban ile m\u00fckemmel bir uyum i\u00e7inde \u00e7al\u0131\u015farak her ad\u0131mda ola\u011fan\u00fcst\u00fc yast\u0131klama ve destek sa\u011flar.<\/p>\n<p>Geli\u015fmi\u015f EVA taban\u0131 m\u00fckemmel \u015fok emilimi sunarak ayak yorgunlu\u011funu \u00f6nemli \u00f6l\u00e7\u00fcde azalt\u0131r ve bu ayakkab\u0131lar\u0131 ister ofiste ister d\u0131\u015far\u0131da yo\u011fun bir g\u00fcn ge\u00e7irirken uzun s\u00fcreli kullan\u0131m i\u00e7in ideal bir se\u00e7im haline getirir. AB 39 ila 45 aras\u0131nda kapsaml\u0131 bir erkek numaras\u0131 aral\u0131\u011f\u0131nda sunulan bu sofistike ayakkab\u0131lar, geni\u015f bir m\u00fc\u015fteri taban\u0131na hitap ederek, erkeklerin g\u00fcnl\u00fck klasik ayakkab\u0131lar\u0131nda en iyisini arayan bir\u00e7ok ki\u015fi i\u00e7in m\u00fckemmel bir uyum sa\u011flar.<\/p>\n<h3>Perakendeciler ve Erkek Derby Ayakkab\u0131lar\u0131n\u0131 Se\u00e7en Kullan\u0131c\u0131lar \u0130\u00e7in \u0130deal Se\u00e7im<\/h3>\n<p>Bunlar <strong>Erkek Kahverengi Krok Kabartmal\u0131 Derby Ayakkab\u0131<\/strong> hem kusursuz stile hem de kal\u0131c\u0131 \u00f6ze de\u011fer veren modern erkekler i\u00e7in tasarlanm\u0131\u015ft\u0131r. \u201cCasual Classic\u201d \u00e7ekicili\u011fi sayesinde l\u00fcks ofis ortamlar\u0131ndan sofistike sosyal toplant\u0131lara ve hafta sonu etkinliklerine kadar bir dizi durum i\u00e7in uygundur.<\/p>\n<p>Sa\u011flam yap\u0131s\u0131 etkileyici bir uzun \u00f6m\u00fcrl\u00fcl\u00fck sa\u011flayarak hem son kullan\u0131c\u0131 hem de i\u015fletmeniz i\u00e7in m\u00fckemmel bir yat\u0131r\u0131m getirisi sunar. Y\u00fcksek kaliteli, modaya uygun ayakkab\u0131lar stoklamak isteyen perakendeciler ve i\u015fletmeler i\u00e7in bu Derby ayakkab\u0131lar ola\u011fan\u00fcst\u00fc bir f\u0131rsat sunuyor.<\/p>\n<p>Sadece 16 \u00e7ift minimum sipari\u015f miktar\u0131 ile rekabet\u00e7i toptan sat\u0131\u015f fiyatland\u0131rmas\u0131 sunmaktan gurur duyuyoruz, bu da i\u015fletmelerin bu aranan ve \u015f\u0131k <strong>Erkek Kahverengi Krok Kabartmal\u0131 Derby Ayakkab\u0131<\/strong> envanterlerine.<\/p>\n<p>Ayakkab\u0131 koleksiyonunuzu geli\u015ftirin ve m\u00fc\u015fterilerinize tasar\u0131m, konfor ve i\u015f\u00e7ilik a\u00e7\u0131s\u0131ndan ger\u00e7ekten \u00f6ne \u00e7\u0131kan ayakkab\u0131lar sunun.<\/p>","protected":false},"excerpt":{"rendered":"<ul>\n<li>Kendine \u00f6zg\u00fc timsah kabartmal\u0131 detaylara sahip birinci s\u0131n\u0131f dana derisi saya<\/li>\n<li>\u00dcst\u00fcn konfor i\u00e7in yumu\u015fak ve nefes alabilen ke\u00e7i derisi astar<\/li>\n<li>T\u00fcm g\u00fcn kullan\u0131m i\u00e7in hafif ve dayan\u0131kl\u0131 EVA taban<\/li>\n<li>Klasik ba\u011fc\u0131kl\u0131 Derby stili, \u00e7ok y\u00f6nl\u00fc g\u00f6r\u00fcn\u00fcmler i\u00e7in m\u00fckemmel<\/li>\n<li>39-45 AB bedenlerinde mevcuttur<\/li>\n<li>Toptan sipari\u015fler mevcuttur (minimum 16 \u00e7ift) - Toplu fiyatland\u0131rma i\u00e7in bizimle ileti\u015fime ge\u00e7in!<\/li>\n<\/ul>","protected":false},"featured_media":7081,"template":"","meta":{"_acf_changed":false,"_uag_custom_page_level_css":"","site-sidebar-layout":"default","site-content-layout":"","ast-site-content-layout":"default","site-content-style":"default","site-sidebar-style":"default","ast-global-header-display":"","ast-banner-title-visibility":"","ast-main-header-display":"","ast-hfb-above-header-display":"","ast-hfb-below-header-display":"","ast-hfb-mobile-header-display":"","site-post-title":"","ast-breadcrumbs-content":"","ast-featured-img":"","footer-sml-layout":"","ast-disable-related-posts":"","theme-transparent-header-meta":"","adv-header-id-meta":"","stick-header-meta":"","header-above-stick-meta":"","header-main-stick-meta":"","header-below-stick-meta":"","astra-migrate-meta-layouts":"default","ast-page-background-enabled":"default","ast-page-background-meta":{"desktop":{"background-color":"var(--ast-global-color-4)","background-image":"","background-repeat":"repeat","background-position":"center center","background-size":"auto","background-attachment":"scroll","background-type":"","background-media":"","overlay-type":"","overlay-color":"","overlay-opacity":"","overlay-gradient":""},"tablet":{"background-color":"","background-image":"","background-repeat":"repeat","background-position":"center center","background-size":"auto","background-attachment":"scroll","background-type":"","background-media":"","overlay-type":"","overlay-color":"","overlay-opacity":"","overlay-gradient":""},"mobile":{"background-color":"","background-image":"","background-repeat":"repeat","background-position":"center center","background-size":"auto","background-attachment":"scroll","background-type":"","background-media":"","overlay-type":"","overlay-color":"","overlay-opacity":"","overlay-gradient":""}},"ast-content-background-meta":{"desktop":{"background-color":"var(--ast-global-color-5)","background-image":"","background-repeat":"repeat","background-position":"center center","background-size":"auto","background-attachment":"scroll","background-type":"","background-media":"","overlay-type":"","overlay-color":"","overlay-opacity":"","overlay-gradient":""},"tablet":{"background-color":"var(--ast-global-color-5)","background-image":"","background-repeat":"repeat","background-position":"center center","background-size":"auto","background-attachment":"scroll","background-type":"","background-media":"","overlay-type":"","overlay-color":"","overlay-opacity":"","overlay-gradient":""},"mobile":{"background-color":"var(--ast-global-color-5)","background-image":"","background-repeat":"repeat","background-position":"center center","background-size":"auto","background-attachment":"scroll","background-type":"","background-media":"","overlay-type":"","overlay-color":"","overlay-opacity":"","overlay-gradient":""}}},"product_brand":[],"product_cat":[48,47,430,1200],"product_tag":[292,1253,1254,1252,1256,287,1255,1251,567,320],"class_list":{"0":"post-7935","1":"product","2":"type-product","3":"status-publish","4":"has-post-thumbnail","6":"product_cat-casual","7":"product_cat-classic","8":"product_cat-men","9":"product_cat-mens-shoes-2","10":"product_tag-brown-leather-shoes","11":"product_tag-calf-leather-derby","12":"product_tag-casual-classic-mens-shoes","13":"product_tag-croc-embossed-footwear","14":"product_tag-european-sizes-shoes","15":"product_tag-eva-sole-shoes","16":"product_tag-goat-leather-lined","17":"product_tag-mens-brown-croc-embossed-derby-shoes","18":"product_tag-mens-luxury-shoes","19":"product_tag-wholesale-mens-footwear","20":"desktop-align-center","21":"tablet-align-center","22":"mobile-align-center","24":"first","25":"instock","26":"shipping-taxable","27":"purchasable","28":"product-type-variable","29":"has-default-attributes"},"acf":[],"uagb_featured_image_src":{"full":["https:\/\/turkishtrade.co\/wp-content\/uploads\/2026\/01\/2600FKHMN00022-BROWN.png",453,250,false],"thumbnail":["https:\/\/turkishtrade.co\/wp-content\/uploads\/2026\/01\/2600FKHMN00022-BROWN-150x150.png",150,150,true],"medium":["https:\/\/turkishtrade.co\/wp-content\/uploads\/2026\/01\/2600FKHMN00022-BROWN-300x166.png",300,166,true],"medium_large":["https:\/\/turkishtrade.co\/wp-content\/uploads\/2026\/01\/2600FKHMN00022-BROWN.png",453,250,false],"large":["https:\/\/turkishtrade.co\/wp-content\/uploads\/2026\/01\/2600FKHMN00022-BROWN.png",453,250,false],"1536x1536":["https:\/\/turkishtrade.co\/wp-content\/uploads\/2026\/01\/2600FKHMN00022-BROWN.png",453,250,false],"2048x2048":["https:\/\/turkishtrade.co\/wp-content\/uploads\/2026\/01\/2600FKHMN00022-BROWN.png",453,250,false],"trp-custom-language-flag":["https:\/\/turkishtrade.co\/wp-content\/uploads\/2026\/01\/2600FKHMN00022-BROWN-18x10.png",18,10,true],"woocommerce_thumbnail":["https:\/\/turkishtrade.co\/wp-content\/uploads\/2026\/01\/2600FKHMN00022-BROWN-400x250.png",400,250,true],"woocommerce_single":["https:\/\/turkishtrade.co\/wp-content\/uploads\/2026\/01\/2600FKHMN00022-BROWN.png",453,250,false],"woocommerce_gallery_thumbnail":["https:\/\/turkishtrade.co\/wp-content\/uploads\/2026\/01\/2600FKHMN00022-BROWN-100x100.png",100,100,true]},"uagb_author_info":{"display_name":"python python","author_link":"https:\/\/turkishtrade.co\/tr\/author\/"},"uagb_comment_info":0,"uagb_excerpt":"Premium calf leather upper with distinctive croc-embossed detail Soft and breathable goat leather lining for ultimate comfort Lightweight and durable EVA sole for all-day wear Classic lace-up Derby style, perfect for versatile looks Available in EU sizes 39-45 Wholesale orders available (minimum 16 pairs) \u2013 Contact us for bulk pricing!","_links":{"self":[{"href":"https:\/\/turkishtrade.co\/tr\/wp-json\/wp\/v2\/product\/7935","targetHints":{"allow":["GET"]}}],"collection":[{"href":"https:\/\/turkishtrade.co\/tr\/wp-json\/wp\/v2\/product"}],"about":[{"href":"https:\/\/turkishtrade.co\/tr\/wp-json\/wp\/v2\/types\/product"}],"wp:featuredmedia":[{"embeddable":true,"href":"https:\/\/turkishtrade.co\/tr\/wp-json\/wp\/v2\/media\/7081"}],"wp:attachment":[{"href":"https:\/\/turkishtrade.co\/tr\/wp-json\/wp\/v2\/media?parent=7935"}],"wp:term":[{"taxonomy":"product_brand","embeddable":true,"href":"https:\/\/turkishtrade.co\/tr\/wp-json\/wp\/v2\/product_brand?post=7935"},{"taxonomy":"product_cat","embeddable":true,"href":"https:\/\/turkishtrade.co\/tr\/wp-json\/wp\/v2\/product_cat?post=7935"},{"taxonomy":"product_tag","embeddable":true,"href":"https:\/\/turkishtrade.co\/tr\/wp-json\/wp\/v2\/product_tag?post=7935"}],"curies":[{"name":"wp","href":"https:\/\/api.w.org\/{rel}","templated":true}]}}