{"id":7934,"date":"2026-01-29T14:46:07","date_gmt":"2026-01-29T14:46:07","guid":{"rendered":"https:\/\/turkishtrade.co\/?post_type=product&#038;p=7934"},"modified":"2026-04-09T20:40:06","modified_gmt":"2026-04-09T20:40:06","slug":"mens-black-brogue-shoes","status":"publish","type":"product","link":"https:\/\/turkishtrade.co\/tr\/shop\/mens-black-brogue-shoes\/","title":{"rendered":"Erkek Siyah Brogue Ayakkab\u0131 Exclusive | Sofistike | Premium Dana"},"content":{"rendered":"<p>Enfes tasar\u0131m\u0131m\u0131zla zamans\u0131z \u015f\u0131kl\u0131\u011fa ad\u0131m at\u0131n <strong>Erkek Siyah Brogue Ayakkab\u0131<\/strong>, se\u00e7ici beyefendiler i\u00e7in en iyi ayakkab\u0131 tercihidir. Klasik tasar\u0131m\u0131 modern konforla zahmetsizce harmanlayan bu sofistike ayakkab\u0131lar, her gard\u0131robun olmazsa olmaz\u0131d\u0131r.<\/p>\n<p>En iyi malzemelerden \u00fcretilen siyah brogue ayakkab\u0131lar\u0131m\u0131z yaln\u0131zca ola\u011fan\u00fcst\u00fc g\u00f6r\u00fcnmek i\u00e7in de\u011fil, ayn\u0131 zamanda g\u00fcn boyunca benzersiz bir konfor sa\u011flamak i\u00e7in de tasarlanm\u0131\u015ft\u0131r.<\/p>\n<h3>Rakipsiz Kalite ve \u0130\u015f\u00e7ilik<\/h3>\n<p>Bu premium \u00fcr\u00fcnlerin merkezinde <strong>Erkek Siyah Brogue Ayakkab\u0131<\/strong> \u00fcst\u00fcn malzeme se\u00e7imidir. \u00dcst k\u0131s\u0131m, esnek dokusu, dayan\u0131kl\u0131l\u0131\u011f\u0131 ve l\u00fcks y\u00fczeyiyle tan\u0131nan hakiki dana derisinden titizlikle \u00fcretilmi\u015ftir. Bu y\u00fcksek kaliteli deri, ayakkab\u0131lar\u0131n\u0131z\u0131n g\u00fczel bir \u015fekilde eskimesini, zaman i\u00e7inde benzersiz bir patina geli\u015ftirmesini ve bozulmam\u0131\u015f g\u00f6r\u00fcn\u00fcm\u00fcn\u00fc korumas\u0131n\u0131 sa\u011flar.<\/p>\n<p>Sa\u011flam d\u0131\u015f y\u00fczeyi tamamlayan i\u00e7 k\u0131s\u0131mda yumu\u015fak, nefes alabilen ke\u00e7i derisi astar bulunur. Bu birinci s\u0131n\u0131f astar ayaklar\u0131n\u0131z\u0131 rahat\u00e7a sarar, nemi uzakla\u015ft\u0131r\u0131r ve uzun s\u00fcreli kullan\u0131mlarda bile rahats\u0131zl\u0131\u011f\u0131 \u00f6nler. Erkek siyah brogue ayakkab\u0131lar\u0131m\u0131z\u0131 di\u011ferlerinden ay\u0131ran, malzeme se\u00e7imindeki bu detaylara g\u00f6sterilen \u00f6zendir.<\/p>\n<h3>Stil ve Konfor i\u00e7in Tasarland\u0131<\/h3>\n<p>Bunlar\u0131n \u00fczerindeki ikonik brogue detaylar <strong>Erkek Siyah Brogue Ayakkab\u0131<\/strong> sofistike bir dokunu\u015f katarak onlar\u0131 bir\u00e7ok durum i\u00e7in yeterince \u00e7ok y\u00f6nl\u00fc hale getirir. \u0130ster resmi bir i\u015f toplant\u0131s\u0131, ister yar\u0131 g\u00fcndelik bir etkinlik ya da \u015f\u0131k bir gece i\u00e7in giyiniyor olun, bu ayakkab\u0131lar kombininizi y\u00fckseltecek.<\/p>\n<p>Klasik silueti, her zaman modaya uygun bir ayakkab\u0131 olarak kalmas\u0131n\u0131 sa\u011flar. Ayr\u0131ca, yenilik\u00e7i EVA taban ola\u011fan\u00fcst\u00fc hafif yast\u0131klama ve esneklik sa\u011flar. Geleneksel a\u011f\u0131r tabanlardan farkl\u0131 olarak, EVA taban \u00fcst\u00fcn \u015fok emilimi sunarak yorgunlu\u011fu azalt\u0131r ve kolayl\u0131kla ve g\u00fcvenle hareket etmenizi sa\u011flar.<\/p>\n<p>Klasik esteti\u011fin ve \u00e7a\u011fda\u015f konforun m\u00fckemmel uyumunu bu ola\u011fan\u00fcst\u00fc siyah brogue ayakkab\u0131larla ya\u015fay\u0131n.<\/p>\n<h3>Toptan Sat\u0131\u015f F\u0131rsat\u0131<\/h3>\n<p>M\u00fc\u015fterilerine birinci s\u0131n\u0131f ayakkab\u0131lar sunmak isteyen i\u015fletmeler i\u00e7in <strong>Erkek Siyah Brogue Ayakkab\u0131<\/strong> toptan sat\u0131n al\u0131nabilir. Sadece 16 \u00e7iftlik minimum sipari\u015f miktar\u0131yla, bu y\u00fcksek talep g\u00f6ren ayakkab\u0131lar\u0131 kolayca stoklayabilir ve 39 ila 45 (AB) aras\u0131nda geni\u015f bir beden yelpazesine hitap edebilirsiniz.<\/p>\n<p>Hem ola\u011fan\u00fcst\u00fc kalite hem de klasik bir tasar\u0131m sunan bu siyah erkek brogue ayakkab\u0131, envanteriniz i\u00e7in m\u00fckemmel bir yat\u0131r\u0131m\u0131 temsil eder. M\u00fc\u015fterilerinize kalite ve stil hakk\u0131nda \u00e7ok \u015fey anlatan ayakkab\u0131lar sa\u011flay\u0131n. \u00dcr\u00fcn teklifinizi geli\u015ftirmek i\u00e7in erkekler i\u00e7in dayan\u0131kl\u0131 ve \u015f\u0131k siyah brogue ayakkab\u0131lar\u0131m\u0131z\u0131 se\u00e7in.<\/p>","protected":false},"excerpt":{"rendered":"<ul>\n<li>Kal\u0131c\u0131 dayan\u0131kl\u0131l\u0131k ve stil i\u00e7in birinci s\u0131n\u0131f dana derisi saya.<\/li>\n<li>L\u00fcks ke\u00e7i derisi astar ola\u011fan\u00fcst\u00fc konfor sa\u011flar.<\/li>\n<li>T\u00fcm g\u00fcn kullan\u0131m i\u00e7in hafif ve esnek EVA taban.<\/li>\n<li>Klasik siyah brogue tasar\u0131m\u0131, sofistike erkek ayakkab\u0131lar\u0131 i\u00e7in m\u00fckemmeldir.<\/li>\n<li>39-45 (AB) bedenlerde mevcuttur.<\/li>\n<li>Minimum 16 \u00e7ift sipari\u015f ile toptan fiyatland\u0131rma mevcuttur.<\/li>\n<\/ul>","protected":false},"featured_media":7079,"template":"","meta":{"_acf_changed":false,"_uag_custom_page_level_css":"","site-sidebar-layout":"default","site-content-layout":"","ast-site-content-layout":"default","site-content-style":"default","site-sidebar-style":"default","ast-global-header-display":"","ast-banner-title-visibility":"","ast-main-header-display":"","ast-hfb-above-header-display":"","ast-hfb-below-header-display":"","ast-hfb-mobile-header-display":"","site-post-title":"","ast-breadcrumbs-content":"","ast-featured-img":"","footer-sml-layout":"","ast-disable-related-posts":"","theme-transparent-header-meta":"default","adv-header-id-meta":"","stick-header-meta":"","header-above-stick-meta":"","header-main-stick-meta":"","header-below-stick-meta":"","astra-migrate-meta-layouts":"set","ast-page-background-enabled":"default","ast-page-background-meta":{"desktop":{"background-color":"var(--ast-global-color-4)","background-image":"","background-repeat":"repeat","background-position":"center center","background-size":"auto","background-attachment":"scroll","background-type":"","background-media":"","overlay-type":"","overlay-color":"","overlay-opacity":"","overlay-gradient":""},"tablet":{"background-color":"","background-image":"","background-repeat":"repeat","background-position":"center center","background-size":"auto","background-attachment":"scroll","background-type":"","background-media":"","overlay-type":"","overlay-color":"","overlay-opacity":"","overlay-gradient":""},"mobile":{"background-color":"","background-image":"","background-repeat":"repeat","background-position":"center center","background-size":"auto","background-attachment":"scroll","background-type":"","background-media":"","overlay-type":"","overlay-color":"","overlay-opacity":"","overlay-gradient":""}},"ast-content-background-meta":{"desktop":{"background-color":"var(--ast-global-color-5)","background-image":"","background-repeat":"repeat","background-position":"center center","background-size":"auto","background-attachment":"scroll","background-type":"","background-media":"","overlay-type":"","overlay-color":"","overlay-opacity":"","overlay-gradient":""},"tablet":{"background-color":"var(--ast-global-color-5)","background-image":"","background-repeat":"repeat","background-position":"center center","background-size":"auto","background-attachment":"scroll","background-type":"","background-media":"","overlay-type":"","overlay-color":"","overlay-opacity":"","overlay-gradient":""},"mobile":{"background-color":"var(--ast-global-color-5)","background-image":"","background-repeat":"repeat","background-position":"center center","background-size":"auto","background-attachment":"scroll","background-type":"","background-media":"","overlay-type":"","overlay-color":"","overlay-opacity":"","overlay-gradient":""}}},"product_brand":[],"product_cat":[48,47,430,1200],"product_tag":[1250,185,754,438,251,189,803,324,280,281],"class_list":{"0":"post-7934","1":"product","2":"type-product","3":"status-publish","4":"has-post-thumbnail","6":"product_cat-casual","7":"product_cat-classic","8":"product_cat-men","9":"product_cat-mens-shoes-2","10":"product_tag-black-brogue-shoes","11":"product_tag-calf-leather-shoes","12":"product_tag-classic-mens-shoes","13":"product_tag-eva-sole","14":"product_tag-formal-shoes","15":"product_tag-goat-leather-lining","16":"product_tag-leather-oxford-shoes","17":"product_tag-mens-dress-shoes","18":"product_tag-smart-casual-shoes","19":"product_tag-wholesale-shoes","20":"desktop-align-center","21":"tablet-align-center","22":"mobile-align-center","24":"first","25":"instock","26":"shipping-taxable","27":"purchasable","28":"product-type-variable","29":"has-default-attributes"},"acf":[],"uagb_featured_image_src":{"full":["https:\/\/turkishtrade.co\/wp-content\/uploads\/2026\/01\/2600FKHMN00021-BLACK.png",453,250,false],"thumbnail":["https:\/\/turkishtrade.co\/wp-content\/uploads\/2026\/01\/2600FKHMN00021-BLACK-150x150.png",150,150,true],"medium":["https:\/\/turkishtrade.co\/wp-content\/uploads\/2026\/01\/2600FKHMN00021-BLACK-300x166.png",300,166,true],"medium_large":["https:\/\/turkishtrade.co\/wp-content\/uploads\/2026\/01\/2600FKHMN00021-BLACK.png",453,250,false],"large":["https:\/\/turkishtrade.co\/wp-content\/uploads\/2026\/01\/2600FKHMN00021-BLACK.png",453,250,false],"1536x1536":["https:\/\/turkishtrade.co\/wp-content\/uploads\/2026\/01\/2600FKHMN00021-BLACK.png",453,250,false],"2048x2048":["https:\/\/turkishtrade.co\/wp-content\/uploads\/2026\/01\/2600FKHMN00021-BLACK.png",453,250,false],"trp-custom-language-flag":["https:\/\/turkishtrade.co\/wp-content\/uploads\/2026\/01\/2600FKHMN00021-BLACK-18x10.png",18,10,true],"woocommerce_thumbnail":["https:\/\/turkishtrade.co\/wp-content\/uploads\/2026\/01\/2600FKHMN00021-BLACK-400x250.png",400,250,true],"woocommerce_single":["https:\/\/turkishtrade.co\/wp-content\/uploads\/2026\/01\/2600FKHMN00021-BLACK.png",453,250,false],"woocommerce_gallery_thumbnail":["https:\/\/turkishtrade.co\/wp-content\/uploads\/2026\/01\/2600FKHMN00021-BLACK-100x100.png",100,100,true]},"uagb_author_info":{"display_name":"python python","author_link":"https:\/\/turkishtrade.co\/tr\/author\/"},"uagb_comment_info":0,"uagb_excerpt":"Premium calf leather upper for lasting durability and style. Luxurious goat leather lining ensures exceptional comfort. Lightweight and flexible EVA sole for all-day wear. Classic black brogue design, perfect for sophisticated men's shoes. Available in sizes 39-45 (EU). Wholesale pricing available with a minimum order of 16 pairs.","_links":{"self":[{"href":"https:\/\/turkishtrade.co\/tr\/wp-json\/wp\/v2\/product\/7934","targetHints":{"allow":["GET"]}}],"collection":[{"href":"https:\/\/turkishtrade.co\/tr\/wp-json\/wp\/v2\/product"}],"about":[{"href":"https:\/\/turkishtrade.co\/tr\/wp-json\/wp\/v2\/types\/product"}],"wp:featuredmedia":[{"embeddable":true,"href":"https:\/\/turkishtrade.co\/tr\/wp-json\/wp\/v2\/media\/7079"}],"wp:attachment":[{"href":"https:\/\/turkishtrade.co\/tr\/wp-json\/wp\/v2\/media?parent=7934"}],"wp:term":[{"taxonomy":"product_brand","embeddable":true,"href":"https:\/\/turkishtrade.co\/tr\/wp-json\/wp\/v2\/product_brand?post=7934"},{"taxonomy":"product_cat","embeddable":true,"href":"https:\/\/turkishtrade.co\/tr\/wp-json\/wp\/v2\/product_cat?post=7934"},{"taxonomy":"product_tag","embeddable":true,"href":"https:\/\/turkishtrade.co\/tr\/wp-json\/wp\/v2\/product_tag?post=7934"}],"curies":[{"name":"wp","href":"https:\/\/api.w.org\/{rel}","templated":true}]}}