{"id":7932,"date":"2026-01-29T14:46:07","date_gmt":"2026-01-29T14:46:07","guid":{"rendered":"https:\/\/turkishtrade.co\/?post_type=product&#038;p=7932"},"modified":"2026-04-09T20:40:11","modified_gmt":"2026-04-09T20:40:11","slug":"mens-brown-leather-loafers-6","status":"publish","type":"product","link":"https:\/\/turkishtrade.co\/tr\/shop\/mens-brown-leather-loafers-6\/","title":{"rendered":"Erkek Kahverengi Deri Loafer En \u00c7ok Satan | Premium | G\u00fcnl\u00fck &amp; Klasik"},"content":{"rendered":"<p><strong>Erkek Kahverengi Deri Loafer<\/strong>. En \u00c7ok Satan kalite ve tasar\u0131m.<\/p>\n<p>Zarif tasar\u0131m\u0131m\u0131zla stil, konfor ve dayan\u0131kl\u0131l\u0131\u011f\u0131n m\u00fckemmel kar\u0131\u015f\u0131m\u0131n\u0131 ke\u015ffedin <strong>Erkek Kahverengi Deri Loafer<\/strong>. Hem esteti\u011fe hem de pratikli\u011fe de\u011fer veren modern erkekler i\u00e7in tasarlanan bu mokasen ayakkab\u0131lar, her gard\u0131robun vazge\u00e7ilmez bir par\u00e7as\u0131d\u0131r. Birinci s\u0131n\u0131f hakiki s\u0131\u011f\u0131r derisinden \u00fcretilen bu <strong>Erkek Kahverengi Deri Loafer<\/strong> Sadece ya\u015fland\u0131k\u00e7a daha iyi hale gelen zengin, dokulu bir y\u00fczeye sahiptir.<\/p>\n<p>Derideki do\u011fal varyasyonlar her bir \u00e7iftin benzersiz olmas\u0131n\u0131 sa\u011flar ve \u00f6ne \u00e7\u0131kan sofistike bir g\u00f6r\u00fcn\u00fcm sunar.<\/p>\n<h3>E\u015fsiz Konfor ve Kalite<\/h3>\n<p>L\u00fcks ke\u00e7i derisi astar sayesinde her ad\u0131mda benzersiz bir konfor ya\u015fay\u0131n. Bu yumu\u015fak ve nefes alabilen i\u00e7 k\u0131s\u0131m ayaklar\u0131n\u0131z\u0131 sararak g\u00fcn boyunca keyifli bir kullan\u0131m deneyimi sa\u011flar. Rahats\u0131zl\u0131\u011fa veda edin ve uzun \u00f6m\u00fcrl\u00fc kullan\u0131m i\u00e7in tasarlanm\u0131\u015f bir ayakkab\u0131ya merhaba deyin.<\/p>\n<p>Bu istisnai \u00fcr\u00fcnlerin \u00f6z\u00fc <strong>Erkek Kahverengi Deri Loafer<\/strong> yenilik\u00e7i EVA taban\u0131nda yatmaktad\u0131r. Bu hafif ancak son derece dayan\u0131kl\u0131 taban, m\u00fckemmel \u015fok emilimi ve esneklik sunarak, ister \u015fehir sokaklar\u0131nda geziniyor ister hafta sonu ka\u00e7ama\u011f\u0131nda dinleniyor olun, t\u00fcm g\u00fcn kullan\u0131m i\u00e7in idealdir.<\/p>\n<p>Sa\u011flam yap\u0131s\u0131, bu mokasen ayakkab\u0131lar\u0131n y\u0131llarca koleksiyonunuzun vazge\u00e7ilmezi olmas\u0131n\u0131 sa\u011flar.<\/p>\n<h3>Her Durum i\u00e7in \u00c7ok Y\u00f6nl\u00fc Stil<\/h3>\n<p>Bizim <strong>Erkek Kahverengi Deri Loafer<\/strong> rahat ve klasik bir stile sahiptir, bu da onlar\u0131 inan\u0131lmaz derecede \u00e7ok y\u00f6nl\u00fc k\u0131lar. Rahat bir hafta sonu g\u00f6r\u00fcn\u00fcm\u00fc i\u00e7in chino pantolon ve polo ti\u015f\u00f6rt ile e\u015fle\u015ftirin ya da smart-casual etkinlikler i\u00e7in \u00f6zel dikim pantolon ve blazer ceket ile giydirin.<\/p>\n<p>Zamans\u0131z kahverengi tonu ve zarif tasar\u0131m\u0131, \u00e7ok \u00e7e\u015fitli k\u0131yafetleri zahmetsizce tamamlayarak uyarlanabilirli\u011fini kan\u0131tl\u0131yor. Bu mokasen ayakkab\u0131lar, farkl\u0131 ayak boyutlar\u0131 i\u00e7in m\u00fckemmel bir uyum sa\u011flayarak 39 ila 45 aras\u0131nda kapsaml\u0131 bir beden yelpazesinde mevcuttur.<\/p>\n<p>Her bir \u00e7ift, en y\u00fcksek i\u015f\u00e7ilik standartlar\u0131n\u0131 kar\u015f\u0131lamak \u00fczere titizlikle denetlenir ve kalitesi ve \u00e7ekicili\u011fi konusunda g\u00fcvenebilece\u011finiz bir \u00fcr\u00fcn sunar.<\/p>\n<h3>Toptan Sat\u0131\u015f F\u0131rsat\u0131<\/h3>\n<p>Birinci s\u0131n\u0131f ayakkab\u0131lar sunmak isteyen i\u015fletmeler i\u00e7in <strong>Erkek Kahverengi Deri Loafer<\/strong> toptan sipari\u015fler i\u00e7in mevcuttur. Yaln\u0131zca 16 \u00e7iftlik minimum sipari\u015f miktar\u0131yla, bu pop\u00fcler ve y\u00fcksek talep g\u00f6ren mokasenleri kolayca stoklayabilirsiniz. M\u00fc\u015fterilerinize hakiki deri, uzman i\u015f\u00e7ilik ve ola\u011fan\u00fcst\u00fc konforu bir araya getiren \u00fcst\u00fcn bir \u00fcr\u00fcn sunun.<\/p>\n<p>Bunlar <strong>Erkek Kahverengi Deri Loafer<\/strong> hem bireysel al\u0131c\u0131lar hem de perakendeciler i\u00e7in memnuniyet ve stil vaat eden m\u00fckemmel bir yat\u0131r\u0131m\u0131 temsil eder. Bu ger\u00e7ekten dikkat \u00e7ekici g\u00fcnl\u00fck mokasen ayakkab\u0131larla ayakkab\u0131 koleksiyonunuzu bug\u00fcn y\u00fckseltin.<\/p>","protected":false},"excerpt":{"rendered":"<ul>\n<li>Kal\u0131c\u0131 kalite i\u00e7in hakiki s\u0131\u011f\u0131r derisinden \u00fcretilmi\u015ftir<\/li>\n<li>L\u00fcks ke\u00e7i derisi astar ola\u011fan\u00fcst\u00fc konfor ve nefes alabilirlik sa\u011flar<\/li>\n<li>Hafif ve esnek EVA taban \u00fcst\u00fcn yast\u0131klama sa\u011flar<\/li>\n<li>Zarif detaylara sahip klasik g\u00fcnl\u00fck loafer tasar\u0131m\u0131<\/li>\n<li>Toptan sat\u0131n al\u0131nabilir (minimum 16 \u00e7ift sipari\u015f)<\/li>\n<\/ul>","protected":false},"featured_media":7075,"template":"","meta":{"_acf_changed":false,"_uag_custom_page_level_css":"","site-sidebar-layout":"default","site-content-layout":"","ast-site-content-layout":"default","site-content-style":"default","site-sidebar-style":"default","ast-global-header-display":"","ast-banner-title-visibility":"","ast-main-header-display":"","ast-hfb-above-header-display":"","ast-hfb-below-header-display":"","ast-hfb-mobile-header-display":"","site-post-title":"","ast-breadcrumbs-content":"","ast-featured-img":"","footer-sml-layout":"","ast-disable-related-posts":"","theme-transparent-header-meta":"","adv-header-id-meta":"","stick-header-meta":"","header-above-stick-meta":"","header-main-stick-meta":"","header-below-stick-meta":"","astra-migrate-meta-layouts":"default","ast-page-background-enabled":"default","ast-page-background-meta":{"desktop":{"background-color":"var(--ast-global-color-4)","background-image":"","background-repeat":"repeat","background-position":"center center","background-size":"auto","background-attachment":"scroll","background-type":"","background-media":"","overlay-type":"","overlay-color":"","overlay-opacity":"","overlay-gradient":""},"tablet":{"background-color":"","background-image":"","background-repeat":"repeat","background-position":"center center","background-size":"auto","background-attachment":"scroll","background-type":"","background-media":"","overlay-type":"","overlay-color":"","overlay-opacity":"","overlay-gradient":""},"mobile":{"background-color":"","background-image":"","background-repeat":"repeat","background-position":"center center","background-size":"auto","background-attachment":"scroll","background-type":"","background-media":"","overlay-type":"","overlay-color":"","overlay-opacity":"","overlay-gradient":""}},"ast-content-background-meta":{"desktop":{"background-color":"var(--ast-global-color-5)","background-image":"","background-repeat":"repeat","background-position":"center center","background-size":"auto","background-attachment":"scroll","background-type":"","background-media":"","overlay-type":"","overlay-color":"","overlay-opacity":"","overlay-gradient":""},"tablet":{"background-color":"var(--ast-global-color-5)","background-image":"","background-repeat":"repeat","background-position":"center center","background-size":"auto","background-attachment":"scroll","background-type":"","background-media":"","overlay-type":"","overlay-color":"","overlay-opacity":"","overlay-gradient":""},"mobile":{"background-color":"var(--ast-global-color-5)","background-image":"","background-repeat":"repeat","background-position":"center center","background-size":"auto","background-attachment":"scroll","background-type":"","background-media":"","overlay-type":"","overlay-color":"","overlay-opacity":"","overlay-gradient":""}}},"product_brand":[],"product_cat":[48,47,430,1200],"product_tag":[292,241,457,222,287,221,198,186,184,254],"class_list":{"0":"post-7932","1":"product","2":"type-product","3":"status-publish","4":"has-post-thumbnail","6":"product_cat-casual","7":"product_cat-classic","8":"product_cat-men","9":"product_cat-mens-shoes-2","10":"product_tag-brown-leather-shoes","11":"product_tag-casual-footwear","12":"product_tag-classic-loafers","13":"product_tag-comfortable-shoes","14":"product_tag-eva-sole-shoes","15":"product_tag-genuine-leather","16":"product_tag-mens-fashion","17":"product_tag-mens-loafers","18":"product_tag-slip-on-shoes","19":"product_tag-wholesale-footwear","20":"desktop-align-center","21":"tablet-align-center","22":"mobile-align-center","24":"first","25":"instock","26":"shipping-taxable","27":"purchasable","28":"product-type-variable","29":"has-default-attributes"},"acf":[],"uagb_featured_image_src":{"full":["https:\/\/turkishtrade.co\/wp-content\/uploads\/2026\/01\/2600FKHMN00019-BROWN.png",453,250,false],"thumbnail":["https:\/\/turkishtrade.co\/wp-content\/uploads\/2026\/01\/2600FKHMN00019-BROWN-150x150.png",150,150,true],"medium":["https:\/\/turkishtrade.co\/wp-content\/uploads\/2026\/01\/2600FKHMN00019-BROWN-300x166.png",300,166,true],"medium_large":["https:\/\/turkishtrade.co\/wp-content\/uploads\/2026\/01\/2600FKHMN00019-BROWN.png",453,250,false],"large":["https:\/\/turkishtrade.co\/wp-content\/uploads\/2026\/01\/2600FKHMN00019-BROWN.png",453,250,false],"1536x1536":["https:\/\/turkishtrade.co\/wp-content\/uploads\/2026\/01\/2600FKHMN00019-BROWN.png",453,250,false],"2048x2048":["https:\/\/turkishtrade.co\/wp-content\/uploads\/2026\/01\/2600FKHMN00019-BROWN.png",453,250,false],"trp-custom-language-flag":["https:\/\/turkishtrade.co\/wp-content\/uploads\/2026\/01\/2600FKHMN00019-BROWN-18x10.png",18,10,true],"woocommerce_thumbnail":["https:\/\/turkishtrade.co\/wp-content\/uploads\/2026\/01\/2600FKHMN00019-BROWN-400x250.png",400,250,true],"woocommerce_single":["https:\/\/turkishtrade.co\/wp-content\/uploads\/2026\/01\/2600FKHMN00019-BROWN.png",453,250,false],"woocommerce_gallery_thumbnail":["https:\/\/turkishtrade.co\/wp-content\/uploads\/2026\/01\/2600FKHMN00019-BROWN-100x100.png",100,100,true]},"uagb_author_info":{"display_name":"python python","author_link":"https:\/\/turkishtrade.co\/tr\/author\/"},"uagb_comment_info":0,"uagb_excerpt":"Crafted from genuine cowhide leather for lasting quality Luxurious goat leather lining ensures exceptional comfort and breathability Lightweight and flexible EVA sole provides superior cushioning Classic casual loafer design with elegant detailing Available for wholesale purchase (minimum order of 16 pairs)","_links":{"self":[{"href":"https:\/\/turkishtrade.co\/tr\/wp-json\/wp\/v2\/product\/7932","targetHints":{"allow":["GET"]}}],"collection":[{"href":"https:\/\/turkishtrade.co\/tr\/wp-json\/wp\/v2\/product"}],"about":[{"href":"https:\/\/turkishtrade.co\/tr\/wp-json\/wp\/v2\/types\/product"}],"wp:featuredmedia":[{"embeddable":true,"href":"https:\/\/turkishtrade.co\/tr\/wp-json\/wp\/v2\/media\/7075"}],"wp:attachment":[{"href":"https:\/\/turkishtrade.co\/tr\/wp-json\/wp\/v2\/media?parent=7932"}],"wp:term":[{"taxonomy":"product_brand","embeddable":true,"href":"https:\/\/turkishtrade.co\/tr\/wp-json\/wp\/v2\/product_brand?post=7932"},{"taxonomy":"product_cat","embeddable":true,"href":"https:\/\/turkishtrade.co\/tr\/wp-json\/wp\/v2\/product_cat?post=7932"},{"taxonomy":"product_tag","embeddable":true,"href":"https:\/\/turkishtrade.co\/tr\/wp-json\/wp\/v2\/product_tag?post=7932"}],"curies":[{"name":"wp","href":"https:\/\/api.w.org\/{rel}","templated":true}]}}