{"id":7931,"date":"2026-01-29T14:46:06","date_gmt":"2026-01-29T14:46:06","guid":{"rendered":"https:\/\/turkishtrade.co\/?post_type=product&#038;p=7931"},"modified":"2026-04-09T20:40:14","modified_gmt":"2026-04-09T20:40:14","slug":"mens-brown-leather-derby-shoes-10","status":"publish","type":"product","link":"https:\/\/turkishtrade.co\/tr\/shop\/mens-brown-leather-derby-shoes-10\/","title":{"rendered":"Erkek Kahverengi Deri Derby Ayakkab\u0131 Elite | Premium | Dana Derisi &amp;"},"content":{"rendered":"<h3>Premium Erkek Kahverengi Deri Derby Ayakkab\u0131 ile Stilinizi Y\u00fckseltin<\/h3>\n<p>Titizlikle haz\u0131rlanm\u0131\u015f \u00fcr\u00fcnlerimizle zamans\u0131z \u015f\u0131kl\u0131\u011fa ve benzersiz konfora ad\u0131m at\u0131n <strong>Erkek Kahverengi Deri Derby Ayakkab\u0131<\/strong>. Se\u00e7kin beyefendiler i\u00e7in tasarlanan bu ayakkab\u0131lar, klasik esteti\u011fi modern i\u015flevsellikle harmanlayarak her sofistike gard\u0131robun vazge\u00e7ilmez bir par\u00e7as\u0131 haline geliyor.<\/p>\n<p>\u0130ster bir i\u015f toplant\u0131s\u0131na, ister g\u00fcndelik bir geziye ya da \u00f6zel bir etkinli\u011fe gidiyor olun, bu <strong>Erkek Kahverengi Deri Derby Ayakkab\u0131<\/strong> her ad\u0131mda bir a\u00e7\u0131klama yapman\u0131z\u0131 sa\u011flayacakt\u0131r.<\/p>\n<h3>Benzersiz \u0130\u015f\u00e7ilik ve Malzemeler<\/h3>\n<p>Bu ola\u011fan\u00fcst\u00fc \u00fcr\u00fcnlerin her bir \u00e7ifti <strong>Erkek Kahverengi Deri Derby Ayakkab\u0131<\/strong> \u00fcst\u00fcn i\u015f\u00e7ili\u011fin bir kan\u0131t\u0131d\u0131r. \u00dcst k\u0131s\u0131m, esnek dokusu, zengin kahverengi tonu ve ola\u011fan\u00fcst\u00fc dayan\u0131kl\u0131l\u0131\u011f\u0131 ile bilinen y\u00fcksek kaliteli dana derisinden \u00fcretilmi\u015ftir. Bu birinci s\u0131n\u0131f deri sadece l\u00fcks g\u00f6r\u00fcnmekle kalmaz, ayn\u0131 zamanda zamanla aya\u011f\u0131n\u0131za uyum sa\u011flayarak ki\u015fiye \u00f6zel bir uyum sunar.<\/p>\n<p>\u0130\u00e7 k\u0131s\u0131mda, ayaklar\u0131n\u0131z g\u00fcn boyunca maksimum konfor ve havaland\u0131rma sa\u011flayan yumu\u015fak, nefes alabilen ke\u00e7i derisi astarla sar\u0131lacak. Bu \u00f6zenli malzeme se\u00e7imi, hem l\u00fcks bir hissi hem de uzun \u00f6m\u00fcrl\u00fc giyimi garanti ederek bu ayakkab\u0131lar\u0131 <strong>Erkek Kahverengi Deri Derby Ayakkab\u0131<\/strong> ayr\u0131.<\/p>\n<h3>Konfor ve Dayan\u0131kl\u0131l\u0131k i\u00e7in Tasarland\u0131<\/h3>\n<p>Tarz\u0131n\u0131zdan \u00f6d\u00fcn vermeden g\u00fcn boyu konforu ya\u015fay\u0131n. Bizim <strong>Erkek Kahverengi Deri Derby Ayakkab\u0131<\/strong> hafif ancak inan\u0131lmaz derecede dayan\u0131kl\u0131 EVA tabana sahiptir. Bu yenilik\u00e7i taban malzemesi m\u00fckemmel \u015fok emilimi sa\u011flayarak yorgunlu\u011fu azalt\u0131r ve esnek bir ad\u0131m sunar.<\/p>\n<p>EVA taban ile birle\u015ftirilmi\u015f sa\u011flam yap\u0131, bu ayakkab\u0131lar\u0131n g\u00fcnl\u00fck a\u015f\u0131nma ve y\u0131pranmaya dayanabilmesini sa\u011flayarak onlar\u0131 y\u0131llarca g\u00fcvenilir bir se\u00e7im haline getirir.<\/p>\n<p>39'dan 45'e (AB) kadar geni\u015f bir beden yelpazesinde mevcut olan bu \u015f\u0131k ayakkab\u0131yla m\u00fckemmel uyumunuzu bulabilirsiniz. <strong>Erkek Kahverengi Deri Derby Ayakkab\u0131<\/strong> zahmetsizdir.<\/p>\n<h3>Her Durum i\u00e7in \u00c7ok Y\u00f6nl\u00fc Stil<\/h3>\n<p>Bunlar\u0131n klasik derby tasar\u0131m\u0131 <strong>Erkek Kahverengi Deri Derby Ayakkab\u0131<\/strong> inan\u0131lmaz derecede \u00e7ok y\u00f6nl\u00fc olmas\u0131n\u0131 sa\u011flar. Zengin kahverengi rengi, keskin tak\u0131m elbiselerden \u015f\u0131k g\u00fcndelik pantolonlara ve denimlere kadar \u00e7e\u015fitli k\u0131yafetleri zahmetsizce tamamlar. Sofistike g\u00f6r\u00fcn\u00fcmleri bu ayakkab\u0131lar\u0131 resmi i\u015f ortamlar\u0131 i\u00e7in uygun hale getirirken, rahat yap\u0131lar\u0131 hafta sonu giyimine sorunsuzca ge\u00e7i\u015f yapmalar\u0131n\u0131 sa\u011flar.<\/p>\n<p>Bir \u00e7ift ayakkab\u0131ya yat\u0131r\u0131m yap\u0131n <strong>Erkek Kahverengi Deri Derby Ayakkab\u0131<\/strong> her durum i\u00e7in hem \u015f\u0131kl\u0131k hem de pratik giyilebilirlik sunuyor.<\/p>\n<h3>\u0130\u015fletmeler i\u00e7in Toptan Sat\u0131\u015f F\u0131rsat\u0131<\/h3>\n<p>M\u00fc\u015fterilerine birinci s\u0131n\u0131f ayakkab\u0131lar sunmak isteyen perakendeciler i\u00e7in <strong>Erkek Kahverengi Deri Derby Ayakkab\u0131<\/strong> toptan sat\u0131\u015f i\u00e7in mevcuttur. Minimum sipari\u015f miktar\u0131 sadece 16 \u00e7ift olan i\u015fletmeler, bu y\u00fcksek talep g\u00f6ren, y\u00fcksek kaliteli ayakkab\u0131lar\u0131 kolayca stoklayabilir. M\u00fc\u015fterilerinize erkek ayakkab\u0131s\u0131nda en iyisini sunun - ola\u011fan\u00fcst\u00fc \u00fcr\u00fcnlerimiz <strong>Erkek Kahverengi Deri Derby Ayakkab\u0131<\/strong> - ve sat\u0131\u015flar\u0131n\u0131z\u0131n artmas\u0131n\u0131 izleyin.<\/p>","protected":false},"excerpt":{"rendered":"<ul>\n<li>Sofistike bir g\u00f6r\u00fcn\u00fcm i\u00e7in zarif dana derisi saya<\/li>\n<li>\u00dcst\u00fcn konfor i\u00e7in yumu\u015fak ve nefes alabilen ke\u00e7i derisi astar<\/li>\n<li>T\u00fcm g\u00fcn kullan\u0131m i\u00e7in hafif ve dayan\u0131kl\u0131 EVA taban<\/li>\n<li>Klasik derby ayakkab\u0131 tasar\u0131m\u0131, hem g\u00fcndelik hem de resmi k\u0131yafetler i\u00e7in m\u00fckemmel<\/li>\n<li>39-45 (AB) bedenlerde mevcuttur<\/li>\n<li>Toptan sat\u0131\u015f f\u0131rsatlar\u0131 mevcuttur (Minimum sipari\u015f: 16 \u00e7ift)<\/li>\n<\/ul>","protected":false},"featured_media":7073,"template":"","meta":{"_acf_changed":false,"_uag_custom_page_level_css":"","site-sidebar-layout":"default","site-content-layout":"","ast-site-content-layout":"default","site-content-style":"default","site-sidebar-style":"default","ast-global-header-display":"","ast-banner-title-visibility":"","ast-main-header-display":"","ast-hfb-above-header-display":"","ast-hfb-below-header-display":"","ast-hfb-mobile-header-display":"","site-post-title":"","ast-breadcrumbs-content":"","ast-featured-img":"","footer-sml-layout":"","ast-disable-related-posts":"","theme-transparent-header-meta":"","adv-header-id-meta":"","stick-header-meta":"","header-above-stick-meta":"","header-main-stick-meta":"","header-below-stick-meta":"","astra-migrate-meta-layouts":"default","ast-page-background-enabled":"default","ast-page-background-meta":{"desktop":{"background-color":"var(--ast-global-color-4)","background-image":"","background-repeat":"repeat","background-position":"center center","background-size":"auto","background-attachment":"scroll","background-type":"","background-media":"","overlay-type":"","overlay-color":"","overlay-opacity":"","overlay-gradient":""},"tablet":{"background-color":"","background-image":"","background-repeat":"repeat","background-position":"center center","background-size":"auto","background-attachment":"scroll","background-type":"","background-media":"","overlay-type":"","overlay-color":"","overlay-opacity":"","overlay-gradient":""},"mobile":{"background-color":"","background-image":"","background-repeat":"repeat","background-position":"center center","background-size":"auto","background-attachment":"scroll","background-type":"","background-media":"","overlay-type":"","overlay-color":"","overlay-opacity":"","overlay-gradient":""}},"ast-content-background-meta":{"desktop":{"background-color":"var(--ast-global-color-5)","background-image":"","background-repeat":"repeat","background-position":"center center","background-size":"auto","background-attachment":"scroll","background-type":"","background-media":"","overlay-type":"","overlay-color":"","overlay-opacity":"","overlay-gradient":""},"tablet":{"background-color":"var(--ast-global-color-5)","background-image":"","background-repeat":"repeat","background-position":"center center","background-size":"auto","background-attachment":"scroll","background-type":"","background-media":"","overlay-type":"","overlay-color":"","overlay-opacity":"","overlay-gradient":""},"mobile":{"background-color":"var(--ast-global-color-5)","background-image":"","background-repeat":"repeat","background-position":"center center","background-size":"auto","background-attachment":"scroll","background-type":"","background-media":"","overlay-type":"","overlay-color":"","overlay-opacity":"","overlay-gradient":""}}},"product_brand":[],"product_cat":[48,47,430,1200],"product_tag":[218,202,449,145,212,438,227,198,281],"class_list":{"0":"post-7931","1":"product","2":"type-product","3":"status-publish","4":"has-post-thumbnail","6":"product_cat-casual","7":"product_cat-classic","8":"product_cat-men","9":"product_cat-mens-shoes-2","10":"product_tag-brown-shoes","11":"product_tag-calf-leather","12":"product_tag-casual-shoes","13":"product_tag-classic-shoes","14":"product_tag-derby-shoes","15":"product_tag-eva-sole","16":"product_tag-leather-shoes","17":"product_tag-mens-fashion","18":"product_tag-wholesale-shoes","19":"desktop-align-center","20":"tablet-align-center","21":"mobile-align-center","23":"first","24":"instock","25":"shipping-taxable","26":"purchasable","27":"product-type-variable","28":"has-default-attributes"},"acf":[],"uagb_featured_image_src":{"full":["https:\/\/turkishtrade.co\/wp-content\/uploads\/2026\/01\/2600FKHMN00018-BROWN.png",453,250,false],"thumbnail":["https:\/\/turkishtrade.co\/wp-content\/uploads\/2026\/01\/2600FKHMN00018-BROWN-150x150.png",150,150,true],"medium":["https:\/\/turkishtrade.co\/wp-content\/uploads\/2026\/01\/2600FKHMN00018-BROWN-300x166.png",300,166,true],"medium_large":["https:\/\/turkishtrade.co\/wp-content\/uploads\/2026\/01\/2600FKHMN00018-BROWN.png",453,250,false],"large":["https:\/\/turkishtrade.co\/wp-content\/uploads\/2026\/01\/2600FKHMN00018-BROWN.png",453,250,false],"1536x1536":["https:\/\/turkishtrade.co\/wp-content\/uploads\/2026\/01\/2600FKHMN00018-BROWN.png",453,250,false],"2048x2048":["https:\/\/turkishtrade.co\/wp-content\/uploads\/2026\/01\/2600FKHMN00018-BROWN.png",453,250,false],"trp-custom-language-flag":["https:\/\/turkishtrade.co\/wp-content\/uploads\/2026\/01\/2600FKHMN00018-BROWN-18x10.png",18,10,true],"woocommerce_thumbnail":["https:\/\/turkishtrade.co\/wp-content\/uploads\/2026\/01\/2600FKHMN00018-BROWN-400x250.png",400,250,true],"woocommerce_single":["https:\/\/turkishtrade.co\/wp-content\/uploads\/2026\/01\/2600FKHMN00018-BROWN.png",453,250,false],"woocommerce_gallery_thumbnail":["https:\/\/turkishtrade.co\/wp-content\/uploads\/2026\/01\/2600FKHMN00018-BROWN-100x100.png",100,100,true]},"uagb_author_info":{"display_name":"python python","author_link":"https:\/\/turkishtrade.co\/tr\/author\/"},"uagb_comment_info":0,"uagb_excerpt":"Exquisite calf leather upper for a sophisticated look Soft and breathable goat leather lining for superior comfort Lightweight and durable EVA sole for all-day wear Classic derby shoe design, perfect for both casual and formal attire Available in sizes 39-45 (EU) Wholesale opportunities available (Minimum order: 16 pairs)","_links":{"self":[{"href":"https:\/\/turkishtrade.co\/tr\/wp-json\/wp\/v2\/product\/7931","targetHints":{"allow":["GET"]}}],"collection":[{"href":"https:\/\/turkishtrade.co\/tr\/wp-json\/wp\/v2\/product"}],"about":[{"href":"https:\/\/turkishtrade.co\/tr\/wp-json\/wp\/v2\/types\/product"}],"wp:featuredmedia":[{"embeddable":true,"href":"https:\/\/turkishtrade.co\/tr\/wp-json\/wp\/v2\/media\/7073"}],"wp:attachment":[{"href":"https:\/\/turkishtrade.co\/tr\/wp-json\/wp\/v2\/media?parent=7931"}],"wp:term":[{"taxonomy":"product_brand","embeddable":true,"href":"https:\/\/turkishtrade.co\/tr\/wp-json\/wp\/v2\/product_brand?post=7931"},{"taxonomy":"product_cat","embeddable":true,"href":"https:\/\/turkishtrade.co\/tr\/wp-json\/wp\/v2\/product_cat?post=7931"},{"taxonomy":"product_tag","embeddable":true,"href":"https:\/\/turkishtrade.co\/tr\/wp-json\/wp\/v2\/product_tag?post=7931"}],"curies":[{"name":"wp","href":"https:\/\/api.w.org\/{rel}","templated":true}]}}