{"id":7929,"date":"2026-01-29T14:46:06","date_gmt":"2026-01-29T14:46:06","guid":{"rendered":"https:\/\/turkishtrade.co\/?post_type=product&#038;p=7929"},"modified":"2026-04-09T20:40:21","modified_gmt":"2026-04-09T20:40:21","slug":"mens-classic-calf-leather-loafers","status":"publish","type":"product","link":"https:\/\/turkishtrade.co\/tr\/shop\/mens-classic-calf-leather-loafers\/","title":{"rendered":"Erkek Klasik Dana Derisi Loafer'lar Sansasyonel | Stilinizi Y\u00fckseltin: - Turkish"},"content":{"rendered":"<p><strong>Erkek Klasik Dana Derisi Loafer<\/strong>. Sansasyonel kalite ve tasar\u0131m.<\/p>\n<p>Zarif \u00fcr\u00fcnlerimizle zamans\u0131z \u015f\u0131kl\u0131\u011fa ve e\u015fsiz konfora ad\u0131m at\u0131n <strong>Erkek Klasik Dana Derisi Loafer<\/strong>. Se\u00e7kin beyefendiler i\u00e7in tasarlanan bu mokasen ayakkab\u0131lar, geleneksel tarz\u0131 modern ayakkab\u0131 teknolojisiyle m\u00fckemmel bir \u015fekilde harmanl\u0131yor. Birinci s\u0131n\u0131f dana derisinden \u00fcretilen \u00fcst k\u0131s\u0131m, sadece ya\u015fland\u0131k\u00e7a daha iyi hale gelen l\u00fcks bir g\u00f6r\u00fcn\u00fcm ve his sunar.<\/p>\n<p>Bunlar\u0131n zengin, koyu tonu <strong>Erkek Klasik Dana Derisi Loafer<\/strong> her gard\u0131rop i\u00e7in inan\u0131lmaz derecede \u00e7ok y\u00f6nl\u00fc bir eklenti haline getirir ve i\u015f ama\u00e7l\u0131 g\u00fcndelik toplant\u0131lardan rahat hafta sonu gezilerine kadar say\u0131s\u0131z durum i\u00e7in uygundur.<\/p>\n<h3>Rakipsiz Konfor ve Birinci S\u0131n\u0131f Malzemeler<\/h3>\n<p>Bu istisnai \u00e7al\u0131\u015fmalar\u0131n merkezinde <strong>Erkek Klasik Dana Derisi Loafer<\/strong> kalite ve kullan\u0131c\u0131 konforuna olan ba\u011fl\u0131l\u0131\u011f\u0131d\u0131r. D\u0131\u015f y\u00fczeyi, p\u00fcr\u00fczs\u00fcz dokusu, dayan\u0131kl\u0131l\u0131\u011f\u0131 ve sofistike g\u00f6r\u00fcn\u00fcm\u00fcyle bilinen hakiki dana derisine sahiptir. Bu y\u00fcksek kaliteli malzeme, mokasenlerinizin zamana kar\u015f\u0131 dayan\u0131kl\u0131 olmas\u0131n\u0131, d\u00fczenli kullan\u0131mda bile bozulmam\u0131\u015f durumunu ve zarif parlakl\u0131\u011f\u0131n\u0131 korumas\u0131n\u0131 sa\u011flar.<\/p>\n<p>\u0130\u00e7 k\u0131s\u0131mda, ayaklar\u0131n\u0131z ke\u00e7i derisi astar\u0131n yumu\u015fak kuca\u011f\u0131nda sar\u0131lacak. Bu do\u011fal malzeme, nefes alabilirli\u011fi ve nemi emme \u00f6zellikleriyle \u00fcnl\u00fcd\u00fcr ve ayaklar\u0131n\u0131z\u0131n g\u00fcn boyunca serin ve kuru kalmas\u0131n\u0131 sa\u011flar.<\/p>\n<p>Rahats\u0131zl\u0131\u011fa elveda deyin ve g\u00f6r\u00fcnd\u00fc\u011f\u00fc kadar iyi hissettiren bir y\u00fcr\u00fcy\u00fc\u015f deneyimine merhaba deyin. \u0130\u00e7 detaylara g\u00f6sterilen \u00f6zen, bu ayakkab\u0131lar\u0131 ger\u00e7ekten <strong>Erkek Klasik Dana Derisi Loafer<\/strong> ayr\u0131.<\/p>\n<h3>G\u00fcnl\u00fck Kullan\u0131m i\u00e7in Geli\u015fmi\u015f Taban Teknolojisi<\/h3>\n<p>L\u00fcks saya ve astar\u0131 tamamlayan yenilik\u00e7i EVA taban. Geleneksel a\u011f\u0131r tabanlardan farkl\u0131 olarak EVA (Etilen-vinil asetat) ola\u011fan\u00fcst\u00fc hafiflik, esneklik ve \u015fok emilimi sunar. Bu da bizim <strong>Erkek Klasik Dana Derisi Loafer<\/strong> Uzun s\u00fcreli kullan\u0131mlarda inan\u0131lmaz derecede rahatt\u0131r, yorgunlu\u011fu azalt\u0131r ve her ad\u0131mda yast\u0131kl\u0131 bir ad\u0131m sa\u011flar.<\/p>\n<p>Dokulu d\u0131\u015f taban g\u00fcvenilir tutu\u015f sa\u011flayarak \u00e7e\u015fitli y\u00fczeylerde denge sa\u011flar.<\/p>\n<h3>G\u00fcnl\u00fck ve Klasik Tarz\u0131n M\u00fckemmel Kar\u0131\u015f\u0131m\u0131<\/h3>\n<p>\u0130ster ofiste g\u00fcndelik bir Cuma g\u00fcn\u00fc, ister bir ak\u015fam yeme\u011fi partisi i\u00e7in giyiniyor olun, ister d\u0131\u015far\u0131da sakin bir g\u00fcn\u00fcn tad\u0131n\u0131 \u00e7\u0131kar\u0131n, bu mokasen ayakkab\u0131lar zahmetsizce uyum sa\u011flar. S\u0131rt k\u0131sm\u0131nda ince el diki\u015fi detaylara sahip klasik tasar\u0131m\u0131, her k\u0131yafeti y\u00fckselten sade bir sofistike g\u00f6r\u00fcn\u00fcm sergiler.<\/p>\n<p>39'dan 45'e kadar kapsaml\u0131 bir AB beden yelpazesinde mevcut olan bu temel \u00fcr\u00fcnlere m\u00fckemmel uyumunuzu bulmak i\u00e7in <strong>Erkek Klasik Dana Derisi Loafer<\/strong> basit.<\/p>\n<h3>Toptan Sat\u0131\u015f F\u0131rsat\u0131<\/h3>\n<p>M\u00fc\u015fterilerine birinci s\u0131n\u0131f ayakkab\u0131lar sunmak isteyen i\u015fletmeler i\u00e7in bu <strong>Erkek Klasik Dana Derisi Loafer<\/strong> minimum 16 \u00e7ift sipari\u015fle toptan sat\u0131n al\u0131nabilir. M\u00fc\u015fterilerinize hitap edecek \u00fcst\u00fcn i\u015f\u00e7ilik, y\u00fcksek kaliteli malzemeler ve zamans\u0131z stilin birle\u015fimini deneyimleyin. Hem \u015f\u0131kl\u0131k hem de kal\u0131c\u0131 konfor vaat eden ayakkab\u0131lara yat\u0131r\u0131m yap\u0131n.<\/p>","protected":false},"excerpt":{"rendered":"<ul>\n<li>Premium \u00fcr\u00fcnlerimizi ke\u015ffedin <strong>Erkek Klasik Dana Derisi Loafer<\/strong>, kal\u0131c\u0131 stil i\u00e7in \u00fcretilmi\u015ftir.<\/li>\n<li>Sofistike bir g\u00f6r\u00fcn\u00fcm i\u00e7in l\u00fcks dana derisi sayaya sahiptir.<\/li>\n<li>Yumu\u015fak ke\u00e7i derisi astar ile \u00fcst\u00fcn konforu ya\u015fay\u0131n.<\/li>\n<li>Hafif ve esnek EVA taban m\u00fckemmel yast\u0131klama ve kavrama sa\u011flar.<\/li>\n<li>Farkl\u0131 tercihler i\u00e7in m\u00fckemmel olan 39-45 AB bedenlerinde mevcuttur.<\/li>\n<li>Hem g\u00fcndelik hem de klasik zarif durumlar i\u00e7in idealdir.<\/li>\n<li>Minimum 16 \u00e7ift sipari\u015f ile toptan fiyatland\u0131rma mevcuttur.<\/li>\n<\/ul>","protected":false},"featured_media":7069,"template":"","meta":{"_acf_changed":false,"_uag_custom_page_level_css":"","site-sidebar-layout":"default","site-content-layout":"","ast-site-content-layout":"default","site-content-style":"default","site-sidebar-style":"default","ast-global-header-display":"","ast-banner-title-visibility":"","ast-main-header-display":"","ast-hfb-above-header-display":"","ast-hfb-below-header-display":"","ast-hfb-mobile-header-display":"","site-post-title":"","ast-breadcrumbs-content":"","ast-featured-img":"","footer-sml-layout":"","ast-disable-related-posts":"","theme-transparent-header-meta":"","adv-header-id-meta":"","stick-header-meta":"","header-above-stick-meta":"","header-main-stick-meta":"","header-below-stick-meta":"","astra-migrate-meta-layouts":"default","ast-page-background-enabled":"default","ast-page-background-meta":{"desktop":{"background-color":"var(--ast-global-color-4)","background-image":"","background-repeat":"repeat","background-position":"center center","background-size":"auto","background-attachment":"scroll","background-type":"","background-media":"","overlay-type":"","overlay-color":"","overlay-opacity":"","overlay-gradient":""},"tablet":{"background-color":"","background-image":"","background-repeat":"repeat","background-position":"center center","background-size":"auto","background-attachment":"scroll","background-type":"","background-media":"","overlay-type":"","overlay-color":"","overlay-opacity":"","overlay-gradient":""},"mobile":{"background-color":"","background-image":"","background-repeat":"repeat","background-position":"center center","background-size":"auto","background-attachment":"scroll","background-type":"","background-media":"","overlay-type":"","overlay-color":"","overlay-opacity":"","overlay-gradient":""}},"ast-content-background-meta":{"desktop":{"background-color":"var(--ast-global-color-5)","background-image":"","background-repeat":"repeat","background-position":"center center","background-size":"auto","background-attachment":"scroll","background-type":"","background-media":"","overlay-type":"","overlay-color":"","overlay-opacity":"","overlay-gradient":""},"tablet":{"background-color":"var(--ast-global-color-5)","background-image":"","background-repeat":"repeat","background-position":"center center","background-size":"auto","background-attachment":"scroll","background-type":"","background-media":"","overlay-type":"","overlay-color":"","overlay-opacity":"","overlay-gradient":""},"mobile":{"background-color":"var(--ast-global-color-5)","background-image":"","background-repeat":"repeat","background-position":"center center","background-size":"auto","background-attachment":"scroll","background-type":"","background-media":"","overlay-type":"","overlay-color":"","overlay-opacity":"","overlay-gradient":""}}},"product_brand":[],"product_cat":[48,47,430,1200],"product_tag":[263,1248,220,756,287,189,746,953,186,254],"class_list":{"0":"post-7929","1":"product","2":"type-product","3":"status-publish","4":"has-post-thumbnail","6":"product_cat-casual","7":"product_cat-classic","8":"product_cat-men","9":"product_cat-mens-shoes-2","10":"product_tag-calf-leather-loafers","11":"product_tag-classic-casual-shoes","12":"product_tag-comfortable-loafers","13":"product_tag-european-sizes","14":"product_tag-eva-sole-shoes","15":"product_tag-goat-leather-lining","16":"product_tag-leather-slip-ons","17":"product_tag-mens-dress-casual","18":"product_tag-mens-loafers","19":"product_tag-wholesale-footwear","20":"desktop-align-center","21":"tablet-align-center","22":"mobile-align-center","24":"first","25":"instock","26":"shipping-taxable","27":"purchasable","28":"product-type-variable","29":"has-default-attributes"},"acf":[],"uagb_featured_image_src":{"full":["https:\/\/turkishtrade.co\/wp-content\/uploads\/2026\/01\/2600FKHMN00016-BLACK.png",453,250,false],"thumbnail":["https:\/\/turkishtrade.co\/wp-content\/uploads\/2026\/01\/2600FKHMN00016-BLACK-150x150.png",150,150,true],"medium":["https:\/\/turkishtrade.co\/wp-content\/uploads\/2026\/01\/2600FKHMN00016-BLACK-300x166.png",300,166,true],"medium_large":["https:\/\/turkishtrade.co\/wp-content\/uploads\/2026\/01\/2600FKHMN00016-BLACK.png",453,250,false],"large":["https:\/\/turkishtrade.co\/wp-content\/uploads\/2026\/01\/2600FKHMN00016-BLACK.png",453,250,false],"1536x1536":["https:\/\/turkishtrade.co\/wp-content\/uploads\/2026\/01\/2600FKHMN00016-BLACK.png",453,250,false],"2048x2048":["https:\/\/turkishtrade.co\/wp-content\/uploads\/2026\/01\/2600FKHMN00016-BLACK.png",453,250,false],"trp-custom-language-flag":["https:\/\/turkishtrade.co\/wp-content\/uploads\/2026\/01\/2600FKHMN00016-BLACK-18x10.png",18,10,true],"woocommerce_thumbnail":["https:\/\/turkishtrade.co\/wp-content\/uploads\/2026\/01\/2600FKHMN00016-BLACK-400x250.png",400,250,true],"woocommerce_single":["https:\/\/turkishtrade.co\/wp-content\/uploads\/2026\/01\/2600FKHMN00016-BLACK.png",453,250,false],"woocommerce_gallery_thumbnail":["https:\/\/turkishtrade.co\/wp-content\/uploads\/2026\/01\/2600FKHMN00016-BLACK-100x100.png",100,100,true]},"uagb_author_info":{"display_name":"python python","author_link":"https:\/\/turkishtrade.co\/tr\/author\/"},"uagb_comment_info":0,"uagb_excerpt":"Discover our premium Men's Classic Calf Leather Loafers, crafted for enduring style. Features a luxurious calf leather upper for a sophisticated look. Experience superior comfort with soft goat leather lining. Lightweight and flexible EVA sole provides excellent cushioning and grip. Available in EU sizes 39-45, perfect for diverse preferences. Ideal for both casual and classic&hellip;","_links":{"self":[{"href":"https:\/\/turkishtrade.co\/tr\/wp-json\/wp\/v2\/product\/7929","targetHints":{"allow":["GET"]}}],"collection":[{"href":"https:\/\/turkishtrade.co\/tr\/wp-json\/wp\/v2\/product"}],"about":[{"href":"https:\/\/turkishtrade.co\/tr\/wp-json\/wp\/v2\/types\/product"}],"wp:featuredmedia":[{"embeddable":true,"href":"https:\/\/turkishtrade.co\/tr\/wp-json\/wp\/v2\/media\/7069"}],"wp:attachment":[{"href":"https:\/\/turkishtrade.co\/tr\/wp-json\/wp\/v2\/media?parent=7929"}],"wp:term":[{"taxonomy":"product_brand","embeddable":true,"href":"https:\/\/turkishtrade.co\/tr\/wp-json\/wp\/v2\/product_brand?post=7929"},{"taxonomy":"product_cat","embeddable":true,"href":"https:\/\/turkishtrade.co\/tr\/wp-json\/wp\/v2\/product_cat?post=7929"},{"taxonomy":"product_tag","embeddable":true,"href":"https:\/\/turkishtrade.co\/tr\/wp-json\/wp\/v2\/product_tag?post=7929"}],"curies":[{"name":"wp","href":"https:\/\/api.w.org\/{rel}","templated":true}]}}