{"id":7928,"date":"2026-01-29T14:46:02","date_gmt":"2026-01-29T14:46:02","guid":{"rendered":"https:\/\/turkishtrade.co\/product\/men-2600fkhmn00015\/"},"modified":"2026-04-09T20:40:24","modified_gmt":"2026-04-09T20:40:24","slug":"mens-calf-leather-casual-shoes","status":"publish","type":"product","link":"https:\/\/turkishtrade.co\/tr\/shop\/mens-calf-leather-casual-shoes\/","title":{"rendered":"Erkek Dana Derisi G\u00fcnl\u00fck Ayakkab\u0131 Elite | Premium | Hakiki | Ola\u011fan\u00fcst\u00fc"},"content":{"rendered":"<p><strong>Erkek Dana Derisi G\u00fcnl\u00fck Ayakkab\u0131<\/strong>. Elit kalite ve tasar\u0131m.<\/p>\n<p>Enfes tasar\u0131m\u0131m\u0131zla benzersiz bir stil ve konfora ad\u0131m at\u0131n <strong>Erkek Dana Derisi G\u00fcnl\u00fck Ayakkab\u0131<\/strong>. Zamans\u0131z \u015f\u0131kl\u0131\u011f\u0131 modern dayan\u0131kl\u0131l\u0131kla harmanlamak i\u00e7in titizlikle \u00fcretilen bu ayakkab\u0131lar, her se\u00e7kin beyefendinin gard\u0131robuna m\u00fckemmel bir ektir. \u0130ster bir i\u015f toplant\u0131s\u0131na gidiyor olun, ister bir hafta sonu brunch'\u0131n\u0131n tad\u0131n\u0131 \u00e7\u0131kar\u0131n ya da sadece sofistike bir g\u00fcnl\u00fck ayakkab\u0131 ar\u0131yor olun, bu ayakkab\u0131lar\u0131m\u0131z <strong>Erkek Dana Derisi G\u00fcnl\u00fck Ayakkab\u0131<\/strong> bi\u00e7im ve i\u015flev aras\u0131nda m\u00fckemmel bir denge sunar.<\/p>\n<h3>E\u015fsiz Konfor i\u00e7in Birinci S\u0131n\u0131f Malzemeler<\/h3>\n<p>Bu ola\u011fan\u00fcst\u00fc ayakkab\u0131lar\u0131n kalbinde, \u00fcst k\u0131s\u0131mda kullan\u0131lan birinci s\u0131n\u0131f dana derisi yer al\u0131r. \u0130nce dokusu, yumu\u015fakl\u0131\u011f\u0131 ve dayan\u0131kl\u0131l\u0131\u011f\u0131yla tan\u0131nan dana derisi sadece \u015f\u0131k ve g\u00f6steri\u015fli bir g\u00f6r\u00fcn\u00fcm sa\u011flamakla kalmaz, ayn\u0131 zamanda zaman i\u00e7inde aya\u011f\u0131n\u0131za uyum sa\u011flayarak ki\u015fiselle\u015ftirilmi\u015f bir uyum sa\u011flar.<\/p>\n<p>Bu l\u00fcks d\u0131\u015f y\u00fczeyi tamamlayan i\u00e7 k\u0131s\u0131m tamamen yumu\u015fak ke\u00e7i derisiyle kaplanm\u0131\u015ft\u0131r. Bu do\u011fal astar inan\u0131lmaz derecede nefes alabilir, ayaklar\u0131n\u0131z\u0131 serin ve kuru tutmak i\u00e7in nemi uzakla\u015ft\u0131r\u0131r ve uzun s\u00fcreli kullan\u0131mlarda bile konforu art\u0131r\u0131r. Malzeme se\u00e7iminde detaylara g\u00f6sterilen \u00f6zen, her ad\u0131mda takdir edece\u011finiz \u00fcst\u00fcn bir kullan\u0131m deneyimini garanti eder.<\/p>\n<h3>Hafif Destek i\u00e7in Yenilik\u00e7i EVA Taban<\/h3>\n<p>Klasik tarzda olsa da, bu <strong>Erkek Dana Derisi G\u00fcnl\u00fck Ayakkab\u0131<\/strong> modern ayakkab\u0131 teknolojisine sahiptir. Sa\u011flam ancak son derece hafif EVA (Etilen-vinil asetat) taban, optimum konfor ve performans i\u00e7in tasarlanm\u0131\u015ft\u0131r. EVA m\u00fckemmel \u015fok emilimi sa\u011flayarak eklemleriniz ve ayaklar\u0131n\u0131z \u00fczerindeki etkiyi azalt\u0131r ve bu ayakkab\u0131lar\u0131 t\u00fcm g\u00fcn kullan\u0131m i\u00e7in ideal hale getirir.<\/p>\n<p>Esnek yap\u0131s\u0131 do\u011fal ayak hareketine izin verirken, dayan\u0131kl\u0131 yap\u0131s\u0131 uzun \u00f6m\u00fcrl\u00fc olmas\u0131n\u0131 sa\u011flayarak ayakkab\u0131 koleksiyonunuz i\u00e7in ak\u0131ll\u0131ca bir yat\u0131r\u0131m haline getirir. Dokulu d\u0131\u015f taban da \u00e7e\u015fitli y\u00fczeylerde g\u00fcvenilir tutu\u015f ve denge sa\u011flar.<\/p>\n<h3>Her Durum i\u00e7in \u00c7ok Y\u00f6nl\u00fc Stil<\/h3>\n<p>Bizim <strong>Erkek Dana Derisi G\u00fcnl\u00fck Ayakkab\u0131<\/strong> \u201cg\u00fcndelik klasik\u201d esteti\u011fini somutla\u015ft\u0131r\u0131r ve onlar\u0131 inan\u0131lmaz derecede \u00e7ok y\u00f6nl\u00fc hale getirir. \u015e\u0131k ve rahat bir kombin i\u00e7in \u00f6zel dikim pantolonlarla, rahat ama rafine bir g\u00f6r\u00fcn\u00fcm i\u00e7in chino pantolonlarla ve hatta g\u00fcnl\u00fck k\u0131yafetler i\u00e7in koyu renk kot pantolonlarla zahmetsizce e\u015fle\u015fir.<\/p>\n<p>Sade \u00e7izgileri ve sofistike tasar\u0131m\u0131, gelecek sezonlar boyunca rotasyonunuzda temel bir par\u00e7a olarak kalmas\u0131n\u0131 sa\u011flar. Bu ola\u011fan\u00fcst\u00fc ayakkab\u0131lar\u0131 tan\u0131mlayan geleneksel i\u015f\u00e7ilik ve \u00e7a\u011fda\u015f konforun m\u00fckemmel birle\u015fimini deneyimleyin.<\/p>\n<h3>Toptan Sat\u0131\u015f F\u0131rsatlar\u0131<\/h3>\n<p>Y\u00fcksek kaliteli ayakkab\u0131lar sunmak isteyen perakendeciler ve i\u015fletmeler i\u00e7in <strong>Erkek Dana Derisi G\u00fcnl\u00fck Ayakkab\u0131<\/strong> toptan sat\u0131n al\u0131nabilir. Bu pop\u00fcler ve \u015f\u0131k \u00fcr\u00fcn\u00fc stoklayabilmenizi sa\u011flamak i\u00e7in minimum 16 \u00e7ift sipari\u015fe ihtiyac\u0131m\u0131z var.<\/p>\n<p>M\u00fc\u015fterilerinize en \u00e7ok satanlar aras\u0131nda yer alaca\u011f\u0131 kesin olan birinci s\u0131n\u0131f, dayan\u0131kl\u0131 ve son derece rahat g\u00fcnl\u00fck ayakkab\u0131lar sunmak i\u00e7in bizimle i\u015f birli\u011fi yap\u0131n.<\/p>\n<p>Hem kalite hem de tasar\u0131m a\u00e7\u0131s\u0131ndan \u00f6ne \u00e7\u0131kan bir \u00fcr\u00fcnle envanterinizi y\u00fckseltin.<\/p>","protected":false},"excerpt":{"rendered":"<ul>\n<li>Zarif bir g\u00f6r\u00fcn\u00fcm i\u00e7in birinci s\u0131n\u0131f, esnek dana derisinden \u00fcretilmi\u015ftir.<\/li>\n<li>\u00dcst\u00fcn nefes alabilirlik ve konfor sa\u011flayan l\u00fcks ke\u00e7i derisi astara sahiptir.<\/li>\n<li>M\u00fckemmel \u015fok emilimi ve g\u00fcn boyu kullan\u0131m i\u00e7in hafif ancak dayan\u0131kl\u0131 EVA tabanla donat\u0131lm\u0131\u015ft\u0131r.<\/li>\n<li>\u00c7e\u015fitli durumlar i\u00e7in m\u00fckemmel, \u00e7ok y\u00f6nl\u00fc, rahat ve klasik bir tarzda tasarlanm\u0131\u015ft\u0131r.<\/li>\n<li>39-45 AB bedenlerinde mevcuttur.<\/li>\n<li>Minimum 16 \u00e7ift sipari\u015f ile toptan sat\u0131\u015f f\u0131rsatlar\u0131 mevcuttur.<\/li>\n<\/ul>","protected":false},"featured_media":7067,"template":"","meta":{"_acf_changed":false,"_uag_custom_page_level_css":"","site-sidebar-layout":"default","site-content-layout":"","ast-site-content-layout":"default","site-content-style":"default","site-sidebar-style":"default","ast-global-header-display":"","ast-banner-title-visibility":"","ast-main-header-display":"","ast-hfb-above-header-display":"","ast-hfb-below-header-display":"","ast-hfb-mobile-header-display":"","site-post-title":"","ast-breadcrumbs-content":"","ast-featured-img":"","footer-sml-layout":"","ast-disable-related-posts":"","theme-transparent-header-meta":"","adv-header-id-meta":"","stick-header-meta":"","header-above-stick-meta":"","header-main-stick-meta":"","header-below-stick-meta":"","astra-migrate-meta-layouts":"default","ast-page-background-enabled":"default","ast-page-background-meta":{"desktop":{"background-color":"var(--ast-global-color-4)","background-image":"","background-repeat":"repeat","background-position":"center center","background-size":"auto","background-attachment":"scroll","background-type":"","background-media":"","overlay-type":"","overlay-color":"","overlay-opacity":"","overlay-gradient":""},"tablet":{"background-color":"","background-image":"","background-repeat":"repeat","background-position":"center center","background-size":"auto","background-attachment":"scroll","background-type":"","background-media":"","overlay-type":"","overlay-color":"","overlay-opacity":"","overlay-gradient":""},"mobile":{"background-color":"","background-image":"","background-repeat":"repeat","background-position":"center center","background-size":"auto","background-attachment":"scroll","background-type":"","background-media":"","overlay-type":"","overlay-color":"","overlay-opacity":"","overlay-gradient":""}},"ast-content-background-meta":{"desktop":{"background-color":"var(--ast-global-color-5)","background-image":"","background-repeat":"repeat","background-position":"center center","background-size":"auto","background-attachment":"scroll","background-type":"","background-media":"","overlay-type":"","overlay-color":"","overlay-opacity":"","overlay-gradient":""},"tablet":{"background-color":"var(--ast-global-color-5)","background-image":"","background-repeat":"repeat","background-position":"center center","background-size":"auto","background-attachment":"scroll","background-type":"","background-media":"","overlay-type":"","overlay-color":"","overlay-opacity":"","overlay-gradient":""},"mobile":{"background-color":"var(--ast-global-color-5)","background-image":"","background-repeat":"repeat","background-position":"center center","background-size":"auto","background-attachment":"scroll","background-type":"","background-media":"","overlay-type":"","overlay-color":"","overlay-opacity":"","overlay-gradient":""}}},"product_brand":[],"product_cat":[48,47,430,1200],"product_tag":[185,449,145,272,439,438,189,227,281],"class_list":{"0":"post-7928","1":"product","2":"type-product","3":"status-publish","4":"has-post-thumbnail","6":"product_cat-casual","7":"product_cat-classic","8":"product_cat-men","9":"product_cat-mens-shoes-2","10":"product_tag-calf-leather-shoes","11":"product_tag-casual-shoes","12":"product_tag-classic-shoes","13":"product_tag-comfort-shoes","14":"product_tag-durable-shoes","15":"product_tag-eva-sole","16":"product_tag-goat-leather-lining","17":"product_tag-leather-shoes","18":"product_tag-wholesale-shoes","19":"desktop-align-center","20":"tablet-align-center","21":"mobile-align-center","23":"first","24":"instock","25":"shipping-taxable","26":"purchasable","27":"product-type-variable","28":"has-default-attributes"},"acf":[],"uagb_featured_image_src":{"full":["https:\/\/turkishtrade.co\/wp-content\/uploads\/2026\/01\/2600FKHMN00015-GREEN.png",453,250,false],"thumbnail":["https:\/\/turkishtrade.co\/wp-content\/uploads\/2026\/01\/2600FKHMN00015-GREEN-150x150.png",150,150,true],"medium":["https:\/\/turkishtrade.co\/wp-content\/uploads\/2026\/01\/2600FKHMN00015-GREEN-300x166.png",300,166,true],"medium_large":["https:\/\/turkishtrade.co\/wp-content\/uploads\/2026\/01\/2600FKHMN00015-GREEN.png",453,250,false],"large":["https:\/\/turkishtrade.co\/wp-content\/uploads\/2026\/01\/2600FKHMN00015-GREEN.png",453,250,false],"1536x1536":["https:\/\/turkishtrade.co\/wp-content\/uploads\/2026\/01\/2600FKHMN00015-GREEN.png",453,250,false],"2048x2048":["https:\/\/turkishtrade.co\/wp-content\/uploads\/2026\/01\/2600FKHMN00015-GREEN.png",453,250,false],"trp-custom-language-flag":["https:\/\/turkishtrade.co\/wp-content\/uploads\/2026\/01\/2600FKHMN00015-GREEN-18x10.png",18,10,true],"woocommerce_thumbnail":["https:\/\/turkishtrade.co\/wp-content\/uploads\/2026\/01\/2600FKHMN00015-GREEN-400x250.png",400,250,true],"woocommerce_single":["https:\/\/turkishtrade.co\/wp-content\/uploads\/2026\/01\/2600FKHMN00015-GREEN.png",453,250,false],"woocommerce_gallery_thumbnail":["https:\/\/turkishtrade.co\/wp-content\/uploads\/2026\/01\/2600FKHMN00015-GREEN-100x100.png",100,100,true]},"uagb_author_info":{"display_name":"python python","author_link":"https:\/\/turkishtrade.co\/tr\/author\/"},"uagb_comment_info":0,"uagb_excerpt":"Crafted from premium, supple calf leather for a refined look. Features a luxurious goat leather lining ensuring superior breathability and comfort. Equipped with a lightweight yet durable EVA sole for excellent shock absorption and all-day wear. Designed in a versatile casual classic style, perfect for various occasions. Available in EU sizes 39-45. Wholesale opportunities available&hellip;","_links":{"self":[{"href":"https:\/\/turkishtrade.co\/tr\/wp-json\/wp\/v2\/product\/7928","targetHints":{"allow":["GET"]}}],"collection":[{"href":"https:\/\/turkishtrade.co\/tr\/wp-json\/wp\/v2\/product"}],"about":[{"href":"https:\/\/turkishtrade.co\/tr\/wp-json\/wp\/v2\/types\/product"}],"wp:featuredmedia":[{"embeddable":true,"href":"https:\/\/turkishtrade.co\/tr\/wp-json\/wp\/v2\/media\/7067"}],"wp:attachment":[{"href":"https:\/\/turkishtrade.co\/tr\/wp-json\/wp\/v2\/media?parent=7928"}],"wp:term":[{"taxonomy":"product_brand","embeddable":true,"href":"https:\/\/turkishtrade.co\/tr\/wp-json\/wp\/v2\/product_brand?post=7928"},{"taxonomy":"product_cat","embeddable":true,"href":"https:\/\/turkishtrade.co\/tr\/wp-json\/wp\/v2\/product_cat?post=7928"},{"taxonomy":"product_tag","embeddable":true,"href":"https:\/\/turkishtrade.co\/tr\/wp-json\/wp\/v2\/product_tag?post=7928"}],"curies":[{"name":"wp","href":"https:\/\/api.w.org\/{rel}","templated":true}]}}