{"id":7912,"date":"2026-01-29T14:45:47","date_gmt":"2026-01-29T14:45:47","guid":{"rendered":"https:\/\/turkishtrade.co\/?post_type=product&#038;p=7912"},"modified":"2026-04-09T20:40:27","modified_gmt":"2026-04-09T20:40:27","slug":"mens-black-leather-loafers-11","status":"publish","type":"product","link":"https:\/\/turkishtrade.co\/tr\/shop\/mens-black-leather-loafers-11\/","title":{"rendered":"Erkek Siyah Deri Loafer Exclusive | Premium | Casual Classic Styl"},"content":{"rendered":"<p><strong>Erkek Siyah Deri Loafer<\/strong>. \u00d6zel kalite ve tasar\u0131m.<\/p>\n<p>Enfes tasar\u0131m\u0131m\u0131zla benzersiz bir stil ve konfora ad\u0131m at\u0131n <b>Erkek Siyah Deri Loafer<\/b>. Bu birinci s\u0131n\u0131f mokasen ayakkab\u0131lar, klasik esteti\u011fin ve modern i\u015flevselli\u011fin m\u00fckemmel bir kar\u0131\u015f\u0131m\u0131n\u0131 sunmak i\u00e7in titizlikle \u00fcretilmi\u015ftir. 100% hakiki dana derisinden \u00fcretilen d\u0131\u015f k\u0131s\u0131m, her k\u0131yafete sofistike bir dokunu\u015f katan zarif bir dokuya sahiptir.<\/p>\n<p>\u0130ster bir i\u015f toplant\u0131s\u0131 i\u00e7in giyiniyor ister rahat bir hafta sonunun tad\u0131n\u0131 \u00e7\u0131kar\u0131yor olun, bu <b>erkek si\u0307yah deri\u0307 mokasen<\/b> ideal arkada\u015f\u0131n\u0131zd\u0131r.<\/p>\n<h3>Her Ad\u0131mda E\u015fsiz Konfor ve Kalite<\/h3>\n<p>\u00dcst\u00fcn i\u015f\u00e7ili\u011fin fark\u0131n\u0131 ya\u015fay\u0131n. Bizim <b>Erkek Siyah Deri Loafer<\/b> ola\u011fan\u00fcst\u00fc nefes alabilirlik ve cildinize kar\u015f\u0131 pel\u00fc\u015f bir his sa\u011flayan g\u00f6rkemli yumu\u015fak ke\u00e7i derisi astara sahiptir. Bu do\u011fal astar nemi uzakla\u015ft\u0131rarak ayaklar\u0131n\u0131z\u0131n g\u00fcn boyunca rahat ve kuru kalmas\u0131n\u0131 sa\u011flar.<\/p>\n<p>Hafif EVA taban, m\u00fckemmel \u015fok emilimi ve esneklik sunarak her ad\u0131m\u0131n yast\u0131klanmas\u0131n\u0131 sa\u011flar. Bu ayakkab\u0131n\u0131n dayan\u0131kl\u0131 yap\u0131s\u0131 <b>dana derisi mokasen ayakkab\u0131<\/b> Uzun \u00f6m\u00fcrl\u00fc kullan\u0131m\u0131 garanti ederek ayakkab\u0131 koleksiyonunuz i\u00e7in ak\u0131ll\u0131 bir yat\u0131r\u0131m haline getirir.<\/p>\n<p>M\u00fckemmel uyumun \u00f6nemini biliyoruz, bu nedenle bu zarif slip-on ayakkab\u0131lar 39 ila 45 numara aras\u0131nda geni\u015f bir yelpazede mevcuttur. \u201cCasual Classic\u201d tasar\u0131m\u0131 ger\u00e7ekten \u00e7ok y\u00f6nl\u00fcl\u00fc\u011f\u00fc temsil eder ve bu <b>erkekler i\u00e7in siyah deri mokasen ayakkab\u0131lar<\/b> Yar\u0131 resmi etkinliklerden g\u00fcnl\u00fck g\u00fcndelik giyime sorunsuzca ge\u00e7i\u015f yapmak i\u00e7in.<\/p>\n<p>\u00dcr\u00fcn g\u00f6rselinde g\u00f6r\u00fclebilen sa\u011flam EVA taban, optimum kavrama ve denge i\u00e7in tasarlanm\u0131\u015ft\u0131r ve \u00e7e\u015fitli y\u00fczeylerde g\u00fcven sa\u011flar.<\/p>\n<h3>Her Durum i\u00e7in \u00c7ok Y\u00f6nl\u00fc Stil<\/h3>\n<p>Bizim <b>Erkek Siyah Deri Loafer<\/b> ayakkab\u0131dan daha fazlas\u0131d\u0131r; sofistike bir zevkin ifadesidir. Zamans\u0131z siyah rengi sayesinde inan\u0131lmaz derecede \u00e7ok y\u00f6nl\u00fcd\u00fcr; tak\u0131m elbiseler, chino pantolonlar veya kot pantolonlarla zahmetsizce e\u015fle\u015fir. Dana derisinin ince detaylar\u0131yla zenginle\u015ftirilen klasik loafer silueti, her zaman \u015f\u0131k ve bir arada g\u00f6r\u00fcnmenizi sa\u011flar.<\/p>\n<p>Bunlar <b>klasik erkek mokasen ayakkab\u0131lar<\/b> hem stile hem de pratikli\u011fe de\u011fer veren modern beyefendiler i\u00e7in tasarlanm\u0131\u015ft\u0131r. Dayan\u0131kl\u0131 tasar\u0131m\u0131 ve rahat kal\u0131b\u0131yla, kendinizi bu siyah deri mokasenlere tekrar tekrar uzan\u0131rken bulacaks\u0131n\u0131z.<\/p>\n<p>Y\u00fcksek kaliteli ayakkab\u0131lar sunmak isteyen i\u015fletmeler i\u00e7in <b>erkek si\u0307yah deri\u0307 mokasen<\/b> toptan sat\u0131n al\u0131nabilir. Yaln\u0131zca 16 \u00e7iftlik minimum sipari\u015fle, bu aranan ayakkab\u0131lar\u0131 stoklayabilir ve m\u00fc\u015fterilerinize dayan\u0131kl\u0131l\u0131k, konfor ve inkar edilemez stili bir araya getiren birinci s\u0131n\u0131f ayakkab\u0131lar sunabilirsiniz. Bu ola\u011fan\u00fcst\u00fc ayakkab\u0131larla gard\u0131robunuzu veya envanterinizi y\u00fckseltin <b>dana derisi mokasen ayakkab\u0131<\/b> Bug\u00fcn.<\/p>","protected":false},"excerpt":{"rendered":"<ul>\n<li>\u00dcst\u00fcn dayan\u0131kl\u0131l\u0131k ve \u015f\u0131kl\u0131k i\u00e7in 100% Hakiki Dana Derisinden \u00fcretilmi\u015ftir.<\/li>\n<li>Nefes alabilirlik ve ola\u011fan\u00fcst\u00fc konfor sa\u011flayan l\u00fcks Ke\u00e7i Derisi Astar i\u00e7erir.<\/li>\n<li>G\u00fcn boyu yast\u0131klama ve destek i\u00e7in hafif ve esnek EVA Taban ile donat\u0131lm\u0131\u015ft\u0131r.<\/li>\n<li>\u00c7e\u015fitli durumlar i\u00e7in m\u00fckemmel olan \u00e7ok y\u00f6nl\u00fc Casual Classic loafer tarz\u0131nda tasarlanm\u0131\u015ft\u0131r.<\/li>\n<li>39'dan 45'e kadar kapsaml\u0131 bir beden yelpazesinde mevcuttur.<\/li>\n<li>Toplu sipari\u015fler i\u00e7in toptan sat\u0131\u015f se\u00e7enekleri mevcuttur (minimum 16 \u00e7ift).<\/li>\n<\/ul>","protected":false},"featured_media":7065,"template":"","meta":{"_acf_changed":false,"_uag_custom_page_level_css":"","site-sidebar-layout":"default","site-content-layout":"","ast-site-content-layout":"default","site-content-style":"default","site-sidebar-style":"default","ast-global-header-display":"","ast-banner-title-visibility":"","ast-main-header-display":"","ast-hfb-above-header-display":"","ast-hfb-below-header-display":"","ast-hfb-mobile-header-display":"","site-post-title":"","ast-breadcrumbs-content":"","ast-featured-img":"","footer-sml-layout":"","ast-disable-related-posts":"","theme-transparent-header-meta":"","adv-header-id-meta":"","stick-header-meta":"","header-above-stick-meta":"","header-main-stick-meta":"","header-below-stick-meta":"","astra-migrate-meta-layouts":"default","ast-page-background-enabled":"default","ast-page-background-meta":{"desktop":{"background-color":"var(--ast-global-color-4)","background-image":"","background-repeat":"repeat","background-position":"center center","background-size":"auto","background-attachment":"scroll","background-type":"","background-media":"","overlay-type":"","overlay-color":"","overlay-opacity":"","overlay-gradient":""},"tablet":{"background-color":"","background-image":"","background-repeat":"repeat","background-position":"center center","background-size":"auto","background-attachment":"scroll","background-type":"","background-media":"","overlay-type":"","overlay-color":"","overlay-opacity":"","overlay-gradient":""},"mobile":{"background-color":"","background-image":"","background-repeat":"repeat","background-position":"center center","background-size":"auto","background-attachment":"scroll","background-type":"","background-media":"","overlay-type":"","overlay-color":"","overlay-opacity":"","overlay-gradient":""}},"ast-content-background-meta":{"desktop":{"background-color":"var(--ast-global-color-5)","background-image":"","background-repeat":"repeat","background-position":"center center","background-size":"auto","background-attachment":"scroll","background-type":"","background-media":"","overlay-type":"","overlay-color":"","overlay-opacity":"","overlay-gradient":""},"tablet":{"background-color":"var(--ast-global-color-5)","background-image":"","background-repeat":"repeat","background-position":"center center","background-size":"auto","background-attachment":"scroll","background-type":"","background-media":"","overlay-type":"","overlay-color":"","overlay-opacity":"","overlay-gradient":""},"mobile":{"background-color":"var(--ast-global-color-5)","background-image":"","background-repeat":"repeat","background-position":"center center","background-size":"auto","background-attachment":"scroll","background-type":"","background-media":"","overlay-type":"","overlay-color":"","overlay-opacity":"","overlay-gradient":""}}},"product_brand":[],"product_cat":[48,47,430,1200],"product_tag":[185,1247,290,909,287,959,189,733,372,936],"class_list":{"0":"post-7912","1":"product","2":"type-product","3":"status-publish","4":"has-post-thumbnail","6":"product_cat-casual","7":"product_cat-classic","8":"product_cat-men","9":"product_cat-mens-shoes-2","10":"product_tag-calf-leather-shoes","11":"product_tag-casual-classic-loafers","12":"product_tag-comfortable-mens-shoes","13":"product_tag-durable-loafers","14":"product_tag-eva-sole-shoes","15":"product_tag-formal-casual-shoes","16":"product_tag-goat-leather-lining","17":"product_tag-mens-black-leather-loafers","18":"product_tag-mens-slip-on-shoes","19":"product_tag-premium-mens-footwear","20":"desktop-align-center","21":"tablet-align-center","22":"mobile-align-center","24":"first","25":"instock","26":"shipping-taxable","27":"purchasable","28":"product-type-variable","29":"has-default-attributes"},"acf":[],"uagb_featured_image_src":{"full":["https:\/\/turkishtrade.co\/wp-content\/uploads\/2026\/01\/2600FKHMN00014-BLACK.png",453,250,false],"thumbnail":["https:\/\/turkishtrade.co\/wp-content\/uploads\/2026\/01\/2600FKHMN00014-BLACK-150x150.png",150,150,true],"medium":["https:\/\/turkishtrade.co\/wp-content\/uploads\/2026\/01\/2600FKHMN00014-BLACK-300x166.png",300,166,true],"medium_large":["https:\/\/turkishtrade.co\/wp-content\/uploads\/2026\/01\/2600FKHMN00014-BLACK.png",453,250,false],"large":["https:\/\/turkishtrade.co\/wp-content\/uploads\/2026\/01\/2600FKHMN00014-BLACK.png",453,250,false],"1536x1536":["https:\/\/turkishtrade.co\/wp-content\/uploads\/2026\/01\/2600FKHMN00014-BLACK.png",453,250,false],"2048x2048":["https:\/\/turkishtrade.co\/wp-content\/uploads\/2026\/01\/2600FKHMN00014-BLACK.png",453,250,false],"trp-custom-language-flag":["https:\/\/turkishtrade.co\/wp-content\/uploads\/2026\/01\/2600FKHMN00014-BLACK-18x10.png",18,10,true],"woocommerce_thumbnail":["https:\/\/turkishtrade.co\/wp-content\/uploads\/2026\/01\/2600FKHMN00014-BLACK-400x250.png",400,250,true],"woocommerce_single":["https:\/\/turkishtrade.co\/wp-content\/uploads\/2026\/01\/2600FKHMN00014-BLACK.png",453,250,false],"woocommerce_gallery_thumbnail":["https:\/\/turkishtrade.co\/wp-content\/uploads\/2026\/01\/2600FKHMN00014-BLACK-100x100.png",100,100,true]},"uagb_author_info":{"display_name":"python python","author_link":"https:\/\/turkishtrade.co\/tr\/author\/"},"uagb_comment_info":0,"uagb_excerpt":"Crafted from 100% Genuine Calf Leather for superior durability and elegance. Features a luxurious Goat Leather Lining, ensuring breathability and exceptional comfort. Equipped with a lightweight and flexible EVA Sole for all-day cushioning and support. Designed in a versatile Casual Classic loafer style, perfect for various occasions. Available in a comprehensive range of sizes from&hellip;","_links":{"self":[{"href":"https:\/\/turkishtrade.co\/tr\/wp-json\/wp\/v2\/product\/7912","targetHints":{"allow":["GET"]}}],"collection":[{"href":"https:\/\/turkishtrade.co\/tr\/wp-json\/wp\/v2\/product"}],"about":[{"href":"https:\/\/turkishtrade.co\/tr\/wp-json\/wp\/v2\/types\/product"}],"wp:featuredmedia":[{"embeddable":true,"href":"https:\/\/turkishtrade.co\/tr\/wp-json\/wp\/v2\/media\/7065"}],"wp:attachment":[{"href":"https:\/\/turkishtrade.co\/tr\/wp-json\/wp\/v2\/media?parent=7912"}],"wp:term":[{"taxonomy":"product_brand","embeddable":true,"href":"https:\/\/turkishtrade.co\/tr\/wp-json\/wp\/v2\/product_brand?post=7912"},{"taxonomy":"product_cat","embeddable":true,"href":"https:\/\/turkishtrade.co\/tr\/wp-json\/wp\/v2\/product_cat?post=7912"},{"taxonomy":"product_tag","embeddable":true,"href":"https:\/\/turkishtrade.co\/tr\/wp-json\/wp\/v2\/product_tag?post=7912"}],"curies":[{"name":"wp","href":"https:\/\/api.w.org\/{rel}","templated":true}]}}