{"id":7911,"date":"2026-01-29T14:45:47","date_gmt":"2026-01-29T14:45:47","guid":{"rendered":"https:\/\/turkishtrade.co\/?post_type=product&#038;p=7911"},"modified":"2026-04-09T20:40:31","modified_gmt":"2026-04-09T20:40:31","slug":"mens-brown-suede-shoes","status":"publish","type":"product","link":"https:\/\/turkishtrade.co\/tr\/shop\/mens-brown-suede-shoes\/","title":{"rendered":"Erkek Kahverengi S\u00fcet Ayakkab\u0131 L\u00fcks | Premium | Klasik Stil"},"content":{"rendered":"<p>Ayakkab\u0131 koleksiyonunuzu birinci s\u0131n\u0131f \u00fcr\u00fcnlerimizle geli\u015ftirin <strong>Erkek Kahverengi S\u00fcet Ayakkab\u0131<\/strong>. Modern beyefendiler i\u00e7in titizlikle haz\u0131rlanm\u0131\u015f bu sofistike <strong>Erkek Kahverengi S\u00fcet Ayakkab\u0131<\/strong> klasik tasar\u0131m\u0131 \u00e7a\u011fda\u015f i\u015flevsellikle harmanlayarak her se\u00e7kin gard\u0131rop i\u00e7in vazge\u00e7ilmez bir eklenti haline getiriyor.<\/p>\n<p>Hakiki dana derisinden zarif bir \u015fekilde \u00fcretilen zengin kahverengi s\u00fcet saya, sadece ya\u015fland\u0131k\u00e7a daha iyi hale gelen l\u00fcks bir g\u00f6r\u00fcn\u00fcm ve his sunar.<\/p>\n<p>Bu ola\u011fan\u00fcst\u00fc <strong>Erkek Kahverengi S\u00fcet Ayakkab\u0131<\/strong> sadece estetikten ibaret de\u011fildir; t\u00fcm g\u00fcn kullan\u0131m i\u00e7in titizlikle \u00fcretilmi\u015ftir ve hem kal\u0131c\u0131 \u015f\u0131kl\u0131k hem de pratik konfor sa\u011flar. Kendine \u00f6zg\u00fc apron burun tasar\u0131m\u0131, bu \u00e7ok y\u00f6nl\u00fc ayakkab\u0131lara zarif bir \u00e7ekicilik katar.<\/p>\n<h3>Kahverengi S\u00fcet Erkek Ayakkab\u0131lar\u0131n\u0131n Her \u00c7iftinde E\u015fsiz Konfor ve Kalite<\/h3>\n<p>Giydi\u011finiz her ad\u0131mda \u00fcst\u00fcn konforu ya\u015fay\u0131n <strong>Erkek Kahverengi S\u00fcet Ayakkab\u0131<\/strong>, Ayaklar\u0131n\u0131z\u0131 nazik\u00e7e saran birinci s\u0131n\u0131f ke\u00e7i derisi astar sayesinde. Bu do\u011fal astar m\u00fckemmel nefes alabilirlik sa\u011flayarak ayaklar\u0131n\u0131z\u0131 g\u00fcn boyunca ferah ve rahat tutar.<\/p>\n<p>Hafif ancak son derece dayan\u0131kl\u0131 EVA taban, ola\u011fan\u00fcst\u00fc yast\u0131klama ve esneklik sa\u011flayarak \u00fcst\u00fcn denge sa\u011flar ve yorgunlu\u011fu \u00f6nemli \u00f6l\u00e7\u00fcde azalt\u0131r. <strong>Erkek Kahverengi S\u00fcet Ayakkab\u0131<\/strong> ayaklar\u0131n\u0131z\u0131n \u00fczerinde ge\u00e7irece\u011finiz uzun saatler i\u00e7in ideal bir se\u00e7im. \u00d6zenle dikilmi\u015f detaylardan sa\u011flam ba\u011fc\u0131klara kadar, bu ayakkab\u0131lar\u0131n her unsuru <strong>Erkek Kahverengi S\u00fcet Ayakkab\u0131<\/strong> \u00fcst\u00fcn i\u015f\u00e7ilik ve detaylara g\u00f6sterilen sars\u0131lmaz \u00f6zen hakk\u0131nda \u00e7ok \u015fey anlat\u0131yor.<\/p>\n<h3>Erkek Kahverengi S\u00fcet Ayakkab\u0131lar\u0131n\u0131zla Her Duruma Uygun Zamans\u0131z Stil<\/h3>\n<p>\u00c7ok y\u00f6nl\u00fc \u00fcr\u00fcnlerimiz <strong>Erkek Kahverengi S\u00fcet Ayakkab\u0131<\/strong> \u015f\u0131k ve rahat ofis k\u0131yafetlerinden rahat hafta sonu gezmelerine kolayca ge\u00e7i\u015f yapabilen sofistike bir tasar\u0131ma sahiptir. S\u0131cak kahverengi renk tonu bu <strong>Erkek Kahverengi S\u00fcet Ayakkab\u0131<\/strong> \u00f6zel dikim pantolonlardan en sevdi\u011finiz kot pantolonlara kadar \u00e7ok \u00e7e\u015fitli k\u0131yafetlerle m\u00fckemmel bir uyum sa\u011flar.<\/p>\n<p>Klasik zarafet ve modern g\u00fcndelik \u00e7ekicili\u011fin m\u00fckemmel kar\u0131\u015f\u0131m\u0131n\u0131 kucaklay\u0131n. Bunlar <strong>Erkek Kahverengi S\u00fcet Ayakkab\u0131<\/strong> g\u00fcnl\u00fck ayakkab\u0131 se\u00e7imlerinde hem kusursuz stile hem de pratik konfora de\u011fer veren se\u00e7kin bireyler i\u00e7in tasarlanm\u0131\u015ft\u0131r ve her zaman kal\u0131c\u0131 bir izlenim b\u0131rakman\u0131z\u0131 sa\u011flar.<\/p>\n<h3>Erkek Kahverengi S\u00fcet Ayakkab\u0131lar i\u00e7in Toptan Sat\u0131\u015f F\u0131rsat\u0131<\/h3>\n<p>Bu zarif \u00fcr\u00fcnlerle envanterinizi y\u00fckseltin <strong>Erkek Kahverengi S\u00fcet Ayakkab\u0131<\/strong>. Kapsaml\u0131 bir AB beden yelpazesinde (39-45) mevcut olan bu ayakkab\u0131lar, y\u00fcksek kaliteli, modaya uygun erkek ayakkab\u0131lar\u0131 sunmak isteyen t\u00fcm se\u00e7ici perakendeciler i\u00e7in olmazsa olmazd\u0131r. En az 16 \u00e7iftten ba\u015flayan sipari\u015fler i\u00e7in gururla rekabet\u00e7i toptan sat\u0131\u015f fiyatlar\u0131 sunuyoruz.<\/p>\n<p>M\u00fc\u015fterilerinize dayan\u0131kl\u0131l\u0131k, ola\u011fan\u00fcst\u00fc konfor ve sofistike stili bir araya getiren birinci s\u0131n\u0131f ayakkab\u0131lar sunmak i\u00e7in bizimle i\u015f birli\u011fi yap\u0131n. Bunlara yat\u0131r\u0131m yapmak <strong>Erkek Kahverengi S\u00fcet Ayakkab\u0131<\/strong> y\u00fcksek talep ve ola\u011fan\u00fcst\u00fc m\u00fc\u015fteri memnuniyeti vaat ederek i\u015fletmeniz i\u00e7in m\u00fckemmel bir f\u0131rsat\u0131 temsil eder ve \u00fcr\u00fcn yelpazenize karl\u0131 bir katk\u0131 sa\u011flar.<\/p>","protected":false},"excerpt":{"rendered":"<ul>\n<li>L\u00fcks bir g\u00f6r\u00fcn\u00fcm i\u00e7in hakiki dana derisi s\u00fcetten \u00fcretilmi\u015ftir<\/li>\n<li>\u00dcst\u00fcn konfor ve nefes alabilirlik i\u00e7in birinci s\u0131n\u0131f ke\u00e7i derisi ile astarlanm\u0131\u015ft\u0131r<\/li>\n<li>T\u00fcm g\u00fcn kullan\u0131m i\u00e7in hafif ve esnek EVA tabana sahiptir<\/li>\n<li>Klasik ba\u011fc\u0131kl\u0131 kapama ile \u015f\u0131k \u00f6nl\u00fck burun tasar\u0131m\u0131<\/li>\n<li>\u00c7ok \u00e7e\u015fitli AB bedenlerinde (39-45) mevcuttur<\/li>\n<li>Toptan sipari\u015fler minimum 16 \u00e7ift miktar\u0131yla kabul edilir<\/li>\n<\/ul>","protected":false},"featured_media":7063,"template":"","meta":{"_acf_changed":false,"_uag_custom_page_level_css":"","site-sidebar-layout":"default","site-content-layout":"","ast-site-content-layout":"default","site-content-style":"default","site-sidebar-style":"default","ast-global-header-display":"","ast-banner-title-visibility":"","ast-main-header-display":"","ast-hfb-above-header-display":"","ast-hfb-below-header-display":"","ast-hfb-mobile-header-display":"","site-post-title":"","ast-breadcrumbs-content":"","ast-featured-img":"","footer-sml-layout":"","ast-disable-related-posts":"","theme-transparent-header-meta":"","adv-header-id-meta":"","stick-header-meta":"","header-above-stick-meta":"","header-main-stick-meta":"","header-below-stick-meta":"","astra-migrate-meta-layouts":"default","ast-page-background-enabled":"default","ast-page-background-meta":{"desktop":{"background-color":"var(--ast-global-color-4)","background-image":"","background-repeat":"repeat","background-position":"center center","background-size":"auto","background-attachment":"scroll","background-type":"","background-media":"","overlay-type":"","overlay-color":"","overlay-opacity":"","overlay-gradient":""},"tablet":{"background-color":"","background-image":"","background-repeat":"repeat","background-position":"center center","background-size":"auto","background-attachment":"scroll","background-type":"","background-media":"","overlay-type":"","overlay-color":"","overlay-opacity":"","overlay-gradient":""},"mobile":{"background-color":"","background-image":"","background-repeat":"repeat","background-position":"center center","background-size":"auto","background-attachment":"scroll","background-type":"","background-media":"","overlay-type":"","overlay-color":"","overlay-opacity":"","overlay-gradient":""}},"ast-content-background-meta":{"desktop":{"background-color":"var(--ast-global-color-5)","background-image":"","background-repeat":"repeat","background-position":"center center","background-size":"auto","background-attachment":"scroll","background-type":"","background-media":"","overlay-type":"","overlay-color":"","overlay-opacity":"","overlay-gradient":""},"tablet":{"background-color":"var(--ast-global-color-5)","background-image":"","background-repeat":"repeat","background-position":"center center","background-size":"auto","background-attachment":"scroll","background-type":"","background-media":"","overlay-type":"","overlay-color":"","overlay-opacity":"","overlay-gradient":""},"mobile":{"background-color":"var(--ast-global-color-5)","background-image":"","background-repeat":"repeat","background-position":"center center","background-size":"auto","background-attachment":"scroll","background-type":"","background-media":"","overlay-type":"","overlay-color":"","overlay-opacity":"","overlay-gradient":""}}},"product_brand":[],"product_cat":[48,47,430,1200],"product_tag":[335,1243,185,809,1245,1244,287,1246,337,262],"class_list":{"0":"post-7911","1":"product","2":"type-product","3":"status-publish","4":"has-post-thumbnail","6":"product_cat-casual","7":"product_cat-classic","8":"product_cat-men","9":"product_cat-mens-shoes-2","10":"product_tag-apron-toe-shoes","11":"product_tag-brown-casual-shoes","12":"product_tag-calf-leather-shoes","13":"product_tag-classic-mens-footwear","14":"product_tag-comfortable-suede","15":"product_tag-derby-style-shoes","16":"product_tag-eva-sole-shoes","17":"product_tag-fashionable-footwear","18":"product_tag-mens-suede-shoes","19":"product_tag-wholesale-mens-shoes","20":"desktop-align-center","21":"tablet-align-center","22":"mobile-align-center","24":"first","25":"instock","26":"shipping-taxable","27":"purchasable","28":"product-type-variable","29":"has-default-attributes"},"acf":[],"uagb_featured_image_src":{"full":["https:\/\/turkishtrade.co\/wp-content\/uploads\/2026\/01\/2600FKHMN00013-CAMEL.png",453,250,false],"thumbnail":["https:\/\/turkishtrade.co\/wp-content\/uploads\/2026\/01\/2600FKHMN00013-CAMEL-150x150.png",150,150,true],"medium":["https:\/\/turkishtrade.co\/wp-content\/uploads\/2026\/01\/2600FKHMN00013-CAMEL-300x166.png",300,166,true],"medium_large":["https:\/\/turkishtrade.co\/wp-content\/uploads\/2026\/01\/2600FKHMN00013-CAMEL.png",453,250,false],"large":["https:\/\/turkishtrade.co\/wp-content\/uploads\/2026\/01\/2600FKHMN00013-CAMEL.png",453,250,false],"1536x1536":["https:\/\/turkishtrade.co\/wp-content\/uploads\/2026\/01\/2600FKHMN00013-CAMEL.png",453,250,false],"2048x2048":["https:\/\/turkishtrade.co\/wp-content\/uploads\/2026\/01\/2600FKHMN00013-CAMEL.png",453,250,false],"trp-custom-language-flag":["https:\/\/turkishtrade.co\/wp-content\/uploads\/2026\/01\/2600FKHMN00013-CAMEL-18x10.png",18,10,true],"woocommerce_thumbnail":["https:\/\/turkishtrade.co\/wp-content\/uploads\/2026\/01\/2600FKHMN00013-CAMEL-400x250.png",400,250,true],"woocommerce_single":["https:\/\/turkishtrade.co\/wp-content\/uploads\/2026\/01\/2600FKHMN00013-CAMEL.png",453,250,false],"woocommerce_gallery_thumbnail":["https:\/\/turkishtrade.co\/wp-content\/uploads\/2026\/01\/2600FKHMN00013-CAMEL-100x100.png",100,100,true]},"uagb_author_info":{"display_name":"python python","author_link":"https:\/\/turkishtrade.co\/tr\/author\/"},"uagb_comment_info":0,"uagb_excerpt":"Crafted from genuine calf leather suede for a luxurious finish Lined with premium goat leather for ultimate comfort and breathability Features a lightweight and flexible EVA sole for all-day wear Stylish apron toe design with a classic lace-up closure Available in a wide range of EU sizes (39-45) Wholesale orders are welcome with a minimum&hellip;","_links":{"self":[{"href":"https:\/\/turkishtrade.co\/tr\/wp-json\/wp\/v2\/product\/7911","targetHints":{"allow":["GET"]}}],"collection":[{"href":"https:\/\/turkishtrade.co\/tr\/wp-json\/wp\/v2\/product"}],"about":[{"href":"https:\/\/turkishtrade.co\/tr\/wp-json\/wp\/v2\/types\/product"}],"wp:featuredmedia":[{"embeddable":true,"href":"https:\/\/turkishtrade.co\/tr\/wp-json\/wp\/v2\/media\/7063"}],"wp:attachment":[{"href":"https:\/\/turkishtrade.co\/tr\/wp-json\/wp\/v2\/media?parent=7911"}],"wp:term":[{"taxonomy":"product_brand","embeddable":true,"href":"https:\/\/turkishtrade.co\/tr\/wp-json\/wp\/v2\/product_brand?post=7911"},{"taxonomy":"product_cat","embeddable":true,"href":"https:\/\/turkishtrade.co\/tr\/wp-json\/wp\/v2\/product_cat?post=7911"},{"taxonomy":"product_tag","embeddable":true,"href":"https:\/\/turkishtrade.co\/tr\/wp-json\/wp\/v2\/product_tag?post=7911"}],"curies":[{"name":"wp","href":"https:\/\/api.w.org\/{rel}","templated":true}]}}