{"id":7910,"date":"2026-01-29T14:45:47","date_gmt":"2026-01-29T14:45:47","guid":{"rendered":"https:\/\/turkishtrade.co\/?post_type=product&#038;p=7910"},"modified":"2026-04-09T20:40:35","modified_gmt":"2026-04-09T20:40:35","slug":"mens-classic-brown-leather-oxford-shoes","status":"publish","type":"product","link":"https:\/\/turkishtrade.co\/tr\/shop\/mens-classic-brown-leather-oxford-shoes\/","title":{"rendered":"Erkek Klasik Kahverengi Deri Oxford Ayakkab\u0131 Rakipsiz | Stilinizi Y\u00fckseltin"},"content":{"rendered":"<h3>Erkek Klasik Kahverengi Deri Oxford Ayakkab\u0131lar\u0131m\u0131z ile Zamans\u0131z \u015e\u0131kl\u0131\u011f\u0131 Ya\u015fay\u0131n<\/h3>\n<p>Enfes \u00fcr\u00fcnlerimizle sofistike ve benzersiz bir konfora ad\u0131m at\u0131n <strong>Erkek Klasik Kahverengi Deri Oxford Ayakkab\u0131<\/strong>. Modern beyefendiler i\u00e7in titizlikle \u00fcretilen bu ayakkab\u0131lar, geleneksel tasar\u0131m ve \u00e7a\u011fda\u015f konforun m\u00fckemmel bir kar\u0131\u015f\u0131m\u0131n\u0131 temsil eder. \u0130ster bir i\u015f toplant\u0131s\u0131, ister resmi bir etkinlik ya da sadece g\u00fcnl\u00fck k\u0131yafetlerinizi y\u00fckseltmek i\u00e7in olsun, bu Oxfords kal\u0131c\u0131 bir izlenim b\u0131rakmak i\u00e7in tasarlanm\u0131\u015ft\u0131r.<\/p>\n<h3>\u00dcst\u00fcn \u0130\u015f\u00e7ilik ve Birinci S\u0131n\u0131f Malzemeler<\/h3>\n<p>Kaliteye olan ba\u011fl\u0131l\u0131\u011f\u0131m\u0131z birinci s\u0131n\u0131f malzeme se\u00e7imiyle ba\u015flar. \u00dcst k\u0131s\u0131m, esnek dokusu, do\u011fal parlakl\u0131\u011f\u0131 ve ola\u011fan\u00fcst\u00fc dayan\u0131kl\u0131l\u0131\u011f\u0131yla tan\u0131nan hakiki dana derisinden \u00fcretilmi\u015ftir. Bu zengin kahverengi tonu \u00e7ok y\u00f6nl\u00fcd\u00fcr ve \u00f6zel tak\u0131m elbiselerden \u015f\u0131k g\u00fcndelik tak\u0131mlara kadar \u00e7ok \u00e7e\u015fitli k\u0131yafetleri zahmetsizce tamamlar.<\/p>\n<p>\u0130\u00e7 k\u0131s\u0131mda ayaklar\u0131n\u0131z\u0131 saran l\u00fcks ke\u00e7i derisi astar, g\u00fcn boyunca nefes alabilirlik ve ola\u011fan\u00fcst\u00fc konfor sa\u011flar. Bu yumu\u015fak i\u00e7 k\u0131s\u0131m s\u00fcrt\u00fcnmeyi \u00f6nler ve nemi uzakla\u015ft\u0131rarak ayaklar\u0131n\u0131z\u0131n ferah hissetmesini sa\u011flar.<\/p>\n<p>T\u00fcm bunlar\u0131n alt\u0131nda hafif ama sa\u011flam bir EVA taban yatar. Geleneksel a\u011f\u0131r tabanlardan farkl\u0131 olarak EVA taban m\u00fckemmel \u015fok emilimi sa\u011flayarak yorgunlu\u011fu azalt\u0131r ve bu <strong>Erkek Klasik Kahverengi Deri Oxford Ayakkab\u0131<\/strong> uzun s\u00fcreli kullan\u0131m i\u00e7in inan\u0131lmaz derecede rahatt\u0131r. Sa\u011flam yap\u0131s\u0131, bu ayakkab\u0131lar\u0131n hem stil hem de sa\u011flaml\u0131k sunarak y\u0131llarca gard\u0131robunuzun vazge\u00e7ilmezi olmas\u0131n\u0131 sa\u011flar.<\/p>\n<h3>Her Durum i\u00e7in \u00c7ok Y\u00f6nl\u00fcl\u00fck<\/h3>\n<p>Klasik burnu a\u00e7\u0131k tasar\u0131m, rafine bir zarafet dokunu\u015fu katarak bu <strong>Erkek Klasik Kahverengi Deri Oxford Ayakkab\u0131<\/strong> say\u0131s\u0131z durum i\u00e7in uygundur. Profesyoneller, \u00f6\u011frenciler ve kal\u0131c\u0131 tarz\u0131 takdir eden herkes i\u00e7in ideal se\u00e7imdir.<\/p>\n<p>39'dan 45'e kadar kapsaml\u0131 bir Avrupa beden yelpazesiyle geni\u015f bir m\u00fc\u015fteri kitlesine hitap ediyor ve farkl\u0131 ayak boyutlar\u0131 i\u00e7in m\u00fckemmel uyum sa\u011fl\u0131yoruz.<\/p>\n<p>Toplant\u0131 odas\u0131ndan hafta sonu gezintisine kadar ya\u015fam tarz\u0131n\u0131za kusursuz bir \u015fekilde uyum sa\u011flayan bu ayakkab\u0131lar, \u201cCasual Classic\u201d ayakkab\u0131lar\u0131n \u00f6z\u00fcn\u00fc somutla\u015ft\u0131r\u0131yor.<\/p>\n<h3>Toptan Sat\u0131\u015f F\u0131rsatlar\u0131 Mevcut<\/h3>\n<p>Y\u00fcksek kaliteli ayakkab\u0131lar sunmak isteyen i\u015fletmeler i\u00e7in Erkek Klasik Kahverengi Deri Oxford Ayakkab\u0131lar\u0131m\u0131z i\u00e7in toptan sat\u0131\u015f se\u00e7enekleri sunmaktan memnuniyet duyuyoruz. Sadece 16 \u00e7iftlik minimum sipari\u015f miktar\u0131yla, envanterinizi m\u00fc\u015fteri memnuniyeti vaat eden birinci s\u0131n\u0131f, aranan ayakkab\u0131larla stoklayabilirsiniz.<\/p>\n<p>M\u00fc\u015fterilerinize rekabet\u00e7i fiyatland\u0131rma ve \u00fcst\u00fcn i\u015f\u00e7ilikle desteklenen ola\u011fan\u00fcst\u00fc de\u011fer ve stil sunmak i\u00e7in bizimle i\u015f ortakl\u0131\u011f\u0131 yap\u0131n. \u00dcr\u00fcn teklifinizi bu zamans\u0131z, \u00e7ok y\u00f6nl\u00fc Oxfords ile bug\u00fcn geli\u015ftirin ve zarif erkek ayakkab\u0131lar\u0131na olan talebi kar\u015f\u0131lay\u0131n.<\/p>","protected":false},"excerpt":{"rendered":"<ul>\n<li>\u00dcst\u00fcn dayan\u0131kl\u0131l\u0131k ve stil i\u00e7in birinci s\u0131n\u0131f dana derisinden \u00fcretilmi\u015ftir.<\/li>\n<li>\u00dcst\u00fcn konfor ve nefes alabilirlik i\u00e7in l\u00fcks ke\u00e7i derisi astara sahiptir.<\/li>\n<li>G\u00fcn boyu kullan\u0131m i\u00e7in hafif ve \u015fok emici EVA taban ile donat\u0131lm\u0131\u015ft\u0131r.<\/li>\n<li>Hem resmi hem de \u015f\u0131k g\u00fcndelik davetler i\u00e7in m\u00fckemmel, zamans\u0131z \u015fapkal\u0131 Oxford tasar\u0131m.<\/li>\n<li>39-45 Avrupa bedenleri aras\u0131nda mevcuttur.<\/li>\n<li>Minimum 16 \u00e7ift sipari\u015f ile toptan sat\u0131\u015f f\u0131rsatlar\u0131 mevcuttur.<\/li>\n<\/ul>","protected":false},"featured_media":7061,"template":"","meta":{"_acf_changed":false,"_uag_custom_page_level_css":"","site-sidebar-layout":"default","site-content-layout":"","ast-site-content-layout":"default","site-content-style":"default","site-sidebar-style":"default","ast-global-header-display":"","ast-banner-title-visibility":"","ast-main-header-display":"","ast-hfb-above-header-display":"","ast-hfb-below-header-display":"","ast-hfb-mobile-header-display":"","site-post-title":"","ast-breadcrumbs-content":"","ast-featured-img":"","footer-sml-layout":"","ast-disable-related-posts":"","theme-transparent-header-meta":"","adv-header-id-meta":"","stick-header-meta":"","header-above-stick-meta":"","header-main-stick-meta":"","header-below-stick-meta":"","astra-migrate-meta-layouts":"default","ast-page-background-enabled":"default","ast-page-background-meta":{"desktop":{"background-color":"var(--ast-global-color-4)","background-image":"","background-repeat":"repeat","background-position":"center center","background-size":"auto","background-attachment":"scroll","background-type":"","background-media":"","overlay-type":"","overlay-color":"","overlay-opacity":"","overlay-gradient":""},"tablet":{"background-color":"","background-image":"","background-repeat":"repeat","background-position":"center center","background-size":"auto","background-attachment":"scroll","background-type":"","background-media":"","overlay-type":"","overlay-color":"","overlay-opacity":"","overlay-gradient":""},"mobile":{"background-color":"","background-image":"","background-repeat":"repeat","background-position":"center center","background-size":"auto","background-attachment":"scroll","background-type":"","background-media":"","overlay-type":"","overlay-color":"","overlay-opacity":"","overlay-gradient":""}},"ast-content-background-meta":{"desktop":{"background-color":"var(--ast-global-color-5)","background-image":"","background-repeat":"repeat","background-position":"center center","background-size":"auto","background-attachment":"scroll","background-type":"","background-media":"","overlay-type":"","overlay-color":"","overlay-opacity":"","overlay-gradient":""},"tablet":{"background-color":"var(--ast-global-color-5)","background-image":"","background-repeat":"repeat","background-position":"center center","background-size":"auto","background-attachment":"scroll","background-type":"","background-media":"","overlay-type":"","overlay-color":"","overlay-opacity":"","overlay-gradient":""},"mobile":{"background-color":"var(--ast-global-color-5)","background-image":"","background-repeat":"repeat","background-position":"center center","background-size":"auto","background-attachment":"scroll","background-type":"","background-media":"","overlay-type":"","overlay-color":"","overlay-opacity":"","overlay-gradient":""}}},"product_brand":[],"product_cat":[48,47,430,1200],"product_tag":[292,405,566,644,287,251,360,281],"class_list":{"0":"post-7910","1":"product","2":"type-product","3":"status-publish","4":"has-post-thumbnail","6":"product_cat-casual","7":"product_cat-classic","8":"product_cat-men","9":"product_cat-mens-shoes-2","10":"product_tag-brown-leather-shoes","11":"product_tag-business-shoes","12":"product_tag-calfskin-shoes","13":"product_tag-classic-footwear","14":"product_tag-eva-sole-shoes","15":"product_tag-formal-shoes","16":"product_tag-leather-oxfords","17":"product_tag-wholesale-shoes","18":"desktop-align-center","19":"tablet-align-center","20":"mobile-align-center","22":"first","23":"instock","24":"shipping-taxable","25":"purchasable","26":"product-type-variable","27":"has-default-attributes"},"acf":[],"uagb_featured_image_src":{"full":["https:\/\/turkishtrade.co\/wp-content\/uploads\/2026\/01\/2600FKHMN00012-BROWN.png",453,250,false],"thumbnail":["https:\/\/turkishtrade.co\/wp-content\/uploads\/2026\/01\/2600FKHMN00012-BROWN-150x150.png",150,150,true],"medium":["https:\/\/turkishtrade.co\/wp-content\/uploads\/2026\/01\/2600FKHMN00012-BROWN-300x166.png",300,166,true],"medium_large":["https:\/\/turkishtrade.co\/wp-content\/uploads\/2026\/01\/2600FKHMN00012-BROWN.png",453,250,false],"large":["https:\/\/turkishtrade.co\/wp-content\/uploads\/2026\/01\/2600FKHMN00012-BROWN.png",453,250,false],"1536x1536":["https:\/\/turkishtrade.co\/wp-content\/uploads\/2026\/01\/2600FKHMN00012-BROWN.png",453,250,false],"2048x2048":["https:\/\/turkishtrade.co\/wp-content\/uploads\/2026\/01\/2600FKHMN00012-BROWN.png",453,250,false],"trp-custom-language-flag":["https:\/\/turkishtrade.co\/wp-content\/uploads\/2026\/01\/2600FKHMN00012-BROWN-18x10.png",18,10,true],"woocommerce_thumbnail":["https:\/\/turkishtrade.co\/wp-content\/uploads\/2026\/01\/2600FKHMN00012-BROWN-400x250.png",400,250,true],"woocommerce_single":["https:\/\/turkishtrade.co\/wp-content\/uploads\/2026\/01\/2600FKHMN00012-BROWN.png",453,250,false],"woocommerce_gallery_thumbnail":["https:\/\/turkishtrade.co\/wp-content\/uploads\/2026\/01\/2600FKHMN00012-BROWN-100x100.png",100,100,true]},"uagb_author_info":{"display_name":"python python","author_link":"https:\/\/turkishtrade.co\/tr\/author\/"},"uagb_comment_info":0,"uagb_excerpt":"Crafted from premium calfskin leather for superior durability and style. Features a luxurious goat leather lining for ultimate comfort and breathability. Equipped with a lightweight and shock-absorbent EVA sole for all-day wear. Timeless cap-toe Oxford design, perfect for both formal and smart-casual occasions. Available in European sizes 39 to 45. Wholesale opportunities available with a&hellip;","_links":{"self":[{"href":"https:\/\/turkishtrade.co\/tr\/wp-json\/wp\/v2\/product\/7910","targetHints":{"allow":["GET"]}}],"collection":[{"href":"https:\/\/turkishtrade.co\/tr\/wp-json\/wp\/v2\/product"}],"about":[{"href":"https:\/\/turkishtrade.co\/tr\/wp-json\/wp\/v2\/types\/product"}],"wp:featuredmedia":[{"embeddable":true,"href":"https:\/\/turkishtrade.co\/tr\/wp-json\/wp\/v2\/media\/7061"}],"wp:attachment":[{"href":"https:\/\/turkishtrade.co\/tr\/wp-json\/wp\/v2\/media?parent=7910"}],"wp:term":[{"taxonomy":"product_brand","embeddable":true,"href":"https:\/\/turkishtrade.co\/tr\/wp-json\/wp\/v2\/product_brand?post=7910"},{"taxonomy":"product_cat","embeddable":true,"href":"https:\/\/turkishtrade.co\/tr\/wp-json\/wp\/v2\/product_cat?post=7910"},{"taxonomy":"product_tag","embeddable":true,"href":"https:\/\/turkishtrade.co\/tr\/wp-json\/wp\/v2\/product_tag?post=7910"}],"curies":[{"name":"wp","href":"https:\/\/api.w.org\/{rel}","templated":true}]}}