{"id":7909,"date":"2026-01-29T14:45:47","date_gmt":"2026-01-29T14:45:47","guid":{"rendered":"https:\/\/turkishtrade.co\/?post_type=product&#038;p=7909"},"modified":"2026-04-09T20:40:39","modified_gmt":"2026-04-09T20:40:39","slug":"mens-brown-leather-oxford-shoes","status":"publish","type":"product","link":"https:\/\/turkishtrade.co\/tr\/shop\/mens-brown-leather-oxford-shoes\/","title":{"rendered":"Erkek Kahverengi Deri Oxford Ayakkab\u0131 L\u00fcks | Premium | Konfor &amp; Stil"},"content":{"rendered":"<p><strong>Erkek Kahverengi Deri Oxford Ayakkab\u0131<\/strong>. L\u00fcks kalite ve tasar\u0131m.<\/p>\n<p>Zarif tasar\u0131m\u0131m\u0131zla zamans\u0131z stilin ve benzersiz konforun \u00f6z\u00fcn\u00fc ke\u015ffedin <strong>Erkek Kahverengi Deri Oxford Ayakkab\u0131<\/strong>. En y\u00fcksek kalite ve tasar\u0131m standartlar\u0131n\u0131 kar\u015f\u0131lamak \u00fczere titizlikle \u00fcretilen bu ayakkab\u0131lar, klasik \u015f\u0131kl\u0131k ve modern \u00e7ok y\u00f6nl\u00fcl\u00fc\u011f\u00fcn m\u00fckemmel bir kar\u0131\u015f\u0131m\u0131d\u0131r.<\/p>\n<p>\u0130ster resmi bir etkinlik, ister bir i\u015f toplant\u0131s\u0131 i\u00e7in giyiniyor olun, ister sadece \u015f\u0131k g\u00fcndelik g\u00f6r\u00fcn\u00fcm\u00fcn\u00fcz\u00fc y\u00fckseltin, bu <strong>Erkek Kahverengi Deri Oxford Ayakkab\u0131<\/strong> g\u00fcven ve sofistike bir \u015fekilde d\u0131\u015far\u0131 \u00e7\u0131kman\u0131z\u0131 ve kal\u0131c\u0131 bir izlenim b\u0131rakman\u0131z\u0131 sa\u011flayacakt\u0131r.<\/p>\n<h3>Rakipsiz \u0130\u015f\u00e7ilik ve Birinci S\u0131n\u0131f Malzemeler<\/h3>\n<p>Bu ola\u011fan\u00fcst\u00fc \u00fcr\u00fcnlerin her bir \u00e7ifti <strong>Erkek Kahverengi Deri Oxford Ayakkab\u0131<\/strong> \u00fcst\u00fcn sanat\u00e7\u0131l\u0131\u011f\u0131n ve detaylara g\u00f6sterilen \u00f6zenin bir kan\u0131t\u0131d\u0131r. \u00dcst k\u0131sm\u0131 ustal\u0131kla ger\u00e7ek malzemeden \u00fcretilmi\u015ftir. <em>dana derisi<\/em>, Esnek dokusu, ola\u011fan\u00fcst\u00fc dayan\u0131kl\u0131l\u0131\u011f\u0131 ve sadece ya\u015fland\u0131k\u00e7a geli\u015fen zengin, koyu kahverengi tonuyla \u00fcnl\u00fcd\u00fcr.<\/p>\n<p>Bu birinci s\u0131n\u0131f malzeme, zamana meydan okuyan g\u00f6steri\u015fli bir g\u00f6r\u00fcn\u00fcm sa\u011flar. Yumu\u015fak ve nefes alabilen i\u00e7 k\u0131s\u0131m sayesinde ayaklar\u0131n\u0131z l\u00fcksle kucakla\u015facak <em>ke\u00e7i derisi astar<\/em>. Bu do\u011fal astar nemi uzakla\u015ft\u0131rarak uzun s\u00fcreli kullan\u0131mlarda bile maksimum konfor ve ferahl\u0131k hissi sa\u011flar. <strong>Erkek Kahverengi Deri Oxford Ayakkab\u0131<\/strong> Di\u011ferlerinden.<\/p>\n<p>Bir\u00e7ok geleneksel elbise ayakkab\u0131s\u0131n\u0131n aksine, tasar\u0131m\u0131m\u0131z hafif ancak sa\u011flam bir <em>EVA taban<\/em>. Bu yenilik\u00e7i taban malzemesi \u00fcst\u00fcn yast\u0131klama, m\u00fckemmel \u015fok emilimi ve geli\u015fmi\u015f esneklik sa\u011flayarak bunlar\u0131 belki de en rahat ve pratik hale getirir <strong>Erkek Kahverengi Deri Oxford Ayakkab\u0131<\/strong> sahip olabilece\u011fin tek \u015fey.<\/p>\n<h3>Her Durum i\u00e7in \u00c7ok Y\u00f6nl\u00fc Stil<\/h3>\n<p>Bu ayakkab\u0131lar\u0131n klasik burnu a\u00e7\u0131k tasar\u0131m\u0131 <strong>Erkek Kahverengi Deri Oxford Ayakkab\u0131<\/strong> her se\u00e7kin beyefendinin gard\u0131robunda temel bir par\u00e7a olmas\u0131n\u0131 sa\u011flar. Zengin kahverengi tonlar\u0131 inan\u0131lmaz bir \u00e7ok y\u00f6nl\u00fcl\u00fck sunar ve keskin i\u015f tak\u0131mlar\u0131ndan \u00f6zel dikim chino pantolonlara ve g\u00fcnl\u00fck pantolonlara kadar \u00e7ok \u00e7e\u015fitli k\u0131yafetlerle zahmetsizce e\u015fle\u015fir.<\/p>\n<p>Ofis k\u0131yafetleri, d\u00fc\u011f\u00fcnler, \u00f6zel etkinlikler i\u00e7in m\u00fckemmel olan ya da sadece g\u00fcnl\u00fck k\u0131yafetlerinize zarif bir dokunu\u015f katan bu \u201cCasual Classic\u201d <strong>Erkek Kahverengi Deri Oxford Ayakkab\u0131<\/strong> ya\u015fam tarz\u0131n\u0131za kolayl\u0131kla uyum sa\u011flar. 39'dan 45'e kadar kapsaml\u0131 bir beden aral\u0131\u011f\u0131nda mevcut olup, her m\u00fc\u015fteri i\u00e7in m\u00fckemmel bir uyum sa\u011flamaya ve vazge\u00e7ilmez stat\u00fclerini sa\u011flamla\u015ft\u0131rmaya kararl\u0131y\u0131z. <strong>Erkek Kahverengi Deri Oxford Ayakkab\u0131<\/strong>.<\/p>\n<h3>\u0130\u015fletmeler i\u00e7in Toptan Sat\u0131\u015f F\u0131rsat\u0131<\/h3>\n<p>Birinci s\u0131n\u0131f ayakkab\u0131lar sunmak isteyen perakendeciler ve i\u015fletmeler i\u00e7in bu sofistike <strong>Erkek Kahverengi Deri Oxford Ayakkab\u0131<\/strong> toptan sat\u0131n al\u0131nabilir. M\u00fc\u015fterilerinizi etkileyecek ve \u00fcr\u00fcn tekliflerinizi geli\u015ftirecek rekabet\u00e7i fiyatland\u0131rma ve \u00fcst\u00fcn kaliteden yararlan\u0131n.<\/p>\n<p>Yaln\u0131zca 16 \u00e7iftlik minimum sipari\u015f miktar\u0131yla, bu y\u00fcksek talep g\u00f6ren \u00fcr\u00fcnleri kolayca stoklayabilirsiniz <strong>Erkek Kahverengi Deri Oxford Ayakkab\u0131<\/strong> ve m\u00fc\u015fterilerinize l\u00fcks, konfor ve zamans\u0131z \u00e7ekicili\u011fi bir araya getiren bir \u00fcr\u00fcn sunun.<\/p>\n<p>Piyasada \u00f6ne \u00e7\u0131kan, kalite ve stil arayan geni\u015f bir kitleye hitap eden ayakkab\u0131larla envanterinizi y\u00fckseltin.<\/p>","protected":false},"excerpt":{"rendered":"<ul>\n<li>Premium <strong>Erkek Kahverengi Deri Oxford Ayakkab\u0131<\/strong> sofistike Cap Toe tasar\u0131m\u0131 ile<\/li>\n<li>\u00dcst\u00fcn dayan\u0131kl\u0131l\u0131k ve zengin bir estetik i\u00e7in hakiki dana derisi \u00fcst k\u0131s\u0131mdan \u00fcretilmi\u015ftir<\/li>\n<li>L\u00fcks Ke\u00e7i Derisi Astar, ola\u011fan\u00fcst\u00fc nefes alabilirlik ve g\u00fcn boyu konfor sa\u011flar<\/li>\n<li>Geli\u015fmi\u015f yast\u0131klama ve destek i\u00e7in hafif ve esnek EVA Tabana sahiptir<\/li>\n<li>39'dan 45'e kadar kapsaml\u0131 bir beden yelpazesinde mevcuttur<\/li>\n<li>Minimum 16 \u00e7ift sipari\u015f miktar\u0131 ile toptan fiyatland\u0131rma mevcuttur<\/li>\n<\/ul>","protected":false},"featured_media":7059,"template":"","meta":{"_acf_changed":false,"_uag_custom_page_level_css":"","site-sidebar-layout":"default","site-content-layout":"","ast-site-content-layout":"default","site-content-style":"default","site-sidebar-style":"default","ast-global-header-display":"","ast-banner-title-visibility":"","ast-main-header-display":"","ast-hfb-above-header-display":"","ast-hfb-below-header-display":"","ast-hfb-mobile-header-display":"","site-post-title":"","ast-breadcrumbs-content":"","ast-featured-img":"","footer-sml-layout":"","ast-disable-related-posts":"","theme-transparent-header-meta":"","adv-header-id-meta":"","stick-header-meta":"","header-above-stick-meta":"","header-main-stick-meta":"","header-below-stick-meta":"","astra-migrate-meta-layouts":"default","ast-page-background-enabled":"default","ast-page-background-meta":{"desktop":{"background-color":"var(--ast-global-color-4)","background-image":"","background-repeat":"repeat","background-position":"center center","background-size":"auto","background-attachment":"scroll","background-type":"","background-media":"","overlay-type":"","overlay-color":"","overlay-opacity":"","overlay-gradient":""},"tablet":{"background-color":"","background-image":"","background-repeat":"repeat","background-position":"center center","background-size":"auto","background-attachment":"scroll","background-type":"","background-media":"","overlay-type":"","overlay-color":"","overlay-opacity":"","overlay-gradient":""},"mobile":{"background-color":"","background-image":"","background-repeat":"repeat","background-position":"center center","background-size":"auto","background-attachment":"scroll","background-type":"","background-media":"","overlay-type":"","overlay-color":"","overlay-opacity":"","overlay-gradient":""}},"ast-content-background-meta":{"desktop":{"background-color":"var(--ast-global-color-5)","background-image":"","background-repeat":"repeat","background-position":"center center","background-size":"auto","background-attachment":"scroll","background-type":"","background-media":"","overlay-type":"","overlay-color":"","overlay-opacity":"","overlay-gradient":""},"tablet":{"background-color":"var(--ast-global-color-5)","background-image":"","background-repeat":"repeat","background-position":"center center","background-size":"auto","background-attachment":"scroll","background-type":"","background-media":"","overlay-type":"","overlay-color":"","overlay-opacity":"","overlay-gradient":""},"mobile":{"background-color":"var(--ast-global-color-5)","background-image":"","background-repeat":"repeat","background-position":"center center","background-size":"auto","background-attachment":"scroll","background-type":"","background-media":"","overlay-type":"","overlay-color":"","overlay-opacity":"","overlay-gradient":""}}},"product_brand":[],"product_cat":[48,47,430,1200],"product_tag":[830,566,1241,1242,287,251,803,1240,324,281],"class_list":{"0":"post-7909","1":"product","2":"type-product","3":"status-publish","4":"has-post-thumbnail","6":"product_cat-casual","7":"product_cat-classic","8":"product_cat-men","9":"product_cat-mens-shoes-2","10":"product_tag-brown-oxford-shoes","11":"product_tag-calfskin-shoes","12":"product_tag-cap-toe-oxford","13":"product_tag-casual-classic-shoes","14":"product_tag-eva-sole-shoes","15":"product_tag-formal-shoes","16":"product_tag-leather-oxford-shoes","17":"product_tag-mens-brown-leather-oxford-shoes","18":"product_tag-mens-dress-shoes","19":"product_tag-wholesale-shoes","20":"desktop-align-center","21":"tablet-align-center","22":"mobile-align-center","24":"first","25":"instock","26":"shipping-taxable","27":"purchasable","28":"product-type-variable","29":"has-default-attributes"},"acf":[],"uagb_featured_image_src":{"full":["https:\/\/turkishtrade.co\/wp-content\/uploads\/2026\/01\/2600FKHMN00011-BROWN.png",453,250,false],"thumbnail":["https:\/\/turkishtrade.co\/wp-content\/uploads\/2026\/01\/2600FKHMN00011-BROWN-150x150.png",150,150,true],"medium":["https:\/\/turkishtrade.co\/wp-content\/uploads\/2026\/01\/2600FKHMN00011-BROWN-300x166.png",300,166,true],"medium_large":["https:\/\/turkishtrade.co\/wp-content\/uploads\/2026\/01\/2600FKHMN00011-BROWN.png",453,250,false],"large":["https:\/\/turkishtrade.co\/wp-content\/uploads\/2026\/01\/2600FKHMN00011-BROWN.png",453,250,false],"1536x1536":["https:\/\/turkishtrade.co\/wp-content\/uploads\/2026\/01\/2600FKHMN00011-BROWN.png",453,250,false],"2048x2048":["https:\/\/turkishtrade.co\/wp-content\/uploads\/2026\/01\/2600FKHMN00011-BROWN.png",453,250,false],"trp-custom-language-flag":["https:\/\/turkishtrade.co\/wp-content\/uploads\/2026\/01\/2600FKHMN00011-BROWN-18x10.png",18,10,true],"woocommerce_thumbnail":["https:\/\/turkishtrade.co\/wp-content\/uploads\/2026\/01\/2600FKHMN00011-BROWN-400x250.png",400,250,true],"woocommerce_single":["https:\/\/turkishtrade.co\/wp-content\/uploads\/2026\/01\/2600FKHMN00011-BROWN.png",453,250,false],"woocommerce_gallery_thumbnail":["https:\/\/turkishtrade.co\/wp-content\/uploads\/2026\/01\/2600FKHMN00011-BROWN-100x100.png",100,100,true]},"uagb_author_info":{"display_name":"python python","author_link":"https:\/\/turkishtrade.co\/tr\/author\/"},"uagb_comment_info":0,"uagb_excerpt":"Premium Men's Brown Leather Oxford Shoes with a sophisticated Cap Toe design Crafted from genuine Calfskin Leather Upper for superior durability and a rich aesthetic Luxurious Goat Leather Lining ensures exceptional breathability and all-day comfort Features a lightweight and flexible EVA Sole for enhanced cushioning and support Available in a comprehensive range of sizes from&hellip;","_links":{"self":[{"href":"https:\/\/turkishtrade.co\/tr\/wp-json\/wp\/v2\/product\/7909","targetHints":{"allow":["GET"]}}],"collection":[{"href":"https:\/\/turkishtrade.co\/tr\/wp-json\/wp\/v2\/product"}],"about":[{"href":"https:\/\/turkishtrade.co\/tr\/wp-json\/wp\/v2\/types\/product"}],"wp:featuredmedia":[{"embeddable":true,"href":"https:\/\/turkishtrade.co\/tr\/wp-json\/wp\/v2\/media\/7059"}],"wp:attachment":[{"href":"https:\/\/turkishtrade.co\/tr\/wp-json\/wp\/v2\/media?parent=7909"}],"wp:term":[{"taxonomy":"product_brand","embeddable":true,"href":"https:\/\/turkishtrade.co\/tr\/wp-json\/wp\/v2\/product_brand?post=7909"},{"taxonomy":"product_cat","embeddable":true,"href":"https:\/\/turkishtrade.co\/tr\/wp-json\/wp\/v2\/product_cat?post=7909"},{"taxonomy":"product_tag","embeddable":true,"href":"https:\/\/turkishtrade.co\/tr\/wp-json\/wp\/v2\/product_tag?post=7909"}],"curies":[{"name":"wp","href":"https:\/\/api.w.org\/{rel}","templated":true}]}}