{"id":7905,"date":"2026-01-29T14:45:46","date_gmt":"2026-01-29T14:45:46","guid":{"rendered":"https:\/\/turkishtrade.co\/?post_type=product&#038;p=7905"},"modified":"2026-04-09T20:40:56","modified_gmt":"2026-04-09T20:40:56","slug":"mens-leather-platform-loafers","status":"publish","type":"product","link":"https:\/\/turkishtrade.co\/tr\/shop\/mens-leather-platform-loafers\/","title":{"rendered":"Erkek Deri Platform Loafer Hakiki | Erkek Koyu Kahverengi Dana Derisi Deri"},"content":{"rendered":"<p>Zarif tasar\u0131m\u0131m\u0131zla stilinizi bir \u00fcst seviyeye ta\u015f\u0131y\u0131n <strong>Erkek Deri Platform Loafer<\/strong>, hem klasik zarafeti hem de \u00e7a\u011fda\u015f yetenekleri takdir eden se\u00e7ici bireyler i\u00e7in tasarlanm\u0131\u015ft\u0131r. Bu sofistike mokasen ayakkab\u0131lar, geleneksel i\u015f\u00e7ili\u011fi modern tasar\u0131m unsurlar\u0131yla kusursuz bir \u015fekilde harmanlayarak her gard\u0131rop i\u00e7in \u00e7ok y\u00f6nl\u00fc bir eklenti haline geliyor. En iyi malzemelerden \u00fcretilen bu <strong>Erkek Deri Platform Loafer<\/strong> sadece l\u00fcks bir his de\u011fil, ayn\u0131 zamanda uzun s\u00fcreli dayan\u0131kl\u0131l\u0131k ve konfor vaat ediyor.<\/p>\n<h3>E\u015fsiz \u0130\u015f\u00e7ilik ve Birinci S\u0131n\u0131f Malzemeler<\/h3>\n<p>Bizim <strong>Erkek Deri Platform Loafer<\/strong> \u00fcst k\u0131s\u0131m i\u00e7in birinci s\u0131n\u0131f dana derisi se\u00e7imiyle ba\u015flayan \u00fcst\u00fcn sanat\u00e7\u0131l\u0131\u011f\u0131n bir kan\u0131t\u0131d\u0131r. Dana derisi, p\u00fcr\u00fczs\u00fcz dokusu, esnekli\u011fi ve zamanla g\u00fczel bir patina geli\u015ftirme kabiliyetiyle \u00fcnl\u00fcd\u00fcr ve ayakkab\u0131lar\u0131n\u0131z\u0131n her giyimde daha iyi g\u00f6r\u00fcnmesini sa\u011flar. Zengin koyu kahverengi tonu zamans\u0131z bir sofistike dokunu\u015f katarken, egzotik deriyi an\u0131msatan titizlikle detayland\u0131r\u0131lm\u0131\u015f dokulu vamp ve \u015f\u0131k metal u\u00e7 genel tasar\u0131m\u0131 y\u00fckseltir. \u0130\u00e7 k\u0131s\u0131mda ayaklar\u0131n\u0131z, konfor art\u0131r\u0131c\u0131 \u00f6zellikleri ve s\u0131cakl\u0131\u011f\u0131 d\u00fczenleme kabiliyetiyle bilinen \u00fcst\u00fcn bir se\u00e7im olan yumu\u015fak ve nefes alabilen ke\u00e7i derisi astarla sar\u0131lacak ve ayaklar\u0131n\u0131z\u0131n g\u00fcn boyunca ferah hissetmesini sa\u011flayacakt\u0131r.<\/p>\n<h3>\u00c7a\u011fda\u015f Tasar\u0131m ile Tarz\u0131n\u0131z\u0131 Y\u00fckseltin<\/h3>\n<p>Bunlar\u0131 ger\u00e7ekten belirleyen \u015fey <strong>Erkek Deri Platform Loafer<\/strong> bir di\u011fer \u00f6zelli\u011fi de kendine \u00f6zg\u00fc platform taban\u0131d\u0131r. Bu modern tasar\u0131m \u00f6\u011fesi sadece modaya uygun bir hava katmakla kalm\u0131yor, ayn\u0131 zamanda hafif bir y\u00fckseklik art\u0131\u015f\u0131 sa\u011flayarak kendinden emin bir duru\u015f sergiliyor. Bozulmam\u0131\u015f beyaz EVA taban, koyu kahverengi deri ile \u00e7arp\u0131c\u0131 bir kontrast olu\u015fturarak bu mokasen ayakkab\u0131lar\u0131n dikkat \u00e7ekmesini sa\u011flar. EVA malzemenin kendisi inan\u0131lmaz derecede hafif ve esnektir, ola\u011fan\u00fcst\u00fc \u015fok emilimi sunar ve uzun s\u00fcreli kullan\u0131mdan sonra bile ayak yorgunlu\u011funu azalt\u0131r. \u0130ster \u015f\u0131k g\u00fcndelik k\u0131yafetlerle ister daha resmi tak\u0131mlarla e\u015fle\u015ftirilsin, bu <strong>Erkek Deri Platform Loafer<\/strong> geni\u015f bir g\u00f6r\u00fcn\u00fcm yelpazesini tamamlayacak \u015fekilde tasarlanm\u0131\u015ft\u0131r ve i\u015f hayat\u0131ndan hafta sonu \u015f\u0131kl\u0131\u011f\u0131na zahmetsizce ge\u00e7i\u015f yapar.<\/p>\n<h3>G\u00fcn Boyu Kullan\u0131m i\u00e7in \u00dcst\u00fcn Konfor<\/h3>\n<p>Konfor her \u015feyden \u00f6nemlidir ve bu <strong>Erkek Deri Platform Loafer<\/strong> teslim edin. Aya\u011f\u0131n\u0131za uyum sa\u011flayan esnek dana derisi, yumu\u015fak ke\u00e7i derisi astar ve yast\u0131kl\u0131 EVA platform taban\u0131n birle\u015fimi benzersiz bir kullan\u0131m deneyimi yarat\u0131r. Slip-on tasar\u0131m\u0131, g\u00fcvenli bir uyumdan \u00f6d\u00fcn vermeden kolay giyme ve \u00e7\u0131karma olana\u011f\u0131 sa\u011flayarak kolayl\u0131k sa\u011flar. 40, 41, 42, 43 ve 44 numaral\u0131 temel AB bedenlerinde mevcut olan bu ayakkab\u0131lar, birinci s\u0131n\u0131f ayakkab\u0131 arayan geni\u015f bir m\u00fc\u015fteri yelpazesi i\u00e7in m\u00fckemmel bir uyum sa\u011flar. Bu ola\u011fan\u00fcst\u00fc ayakkab\u0131larla att\u0131\u011f\u0131n\u0131z her ad\u0131mda l\u00fcks, stil ve konforun birle\u015fimini ya\u015fay\u0131n <strong>Erkek Deri Platform Loafer<\/strong>.<\/p>\n<h3>Toptan Al\u0131c\u0131lar i\u00e7in \u0130deal<\/h3>\n<p>Y\u00fcksek kaliteli, modaya uygun ayakkab\u0131lar stoklamak isteyen perakendeciler i\u00e7in bunlar <strong>Erkek Deri Platform Loafer<\/strong> m\u00fckemmel bir f\u0131rsat\u0131 temsil ediyor. Bu \u015f\u0131k ayakkab\u0131lar\u0131, minimum 16 \u00e7ift sipari\u015f miktar\u0131yla toptan al\u0131m i\u00e7in sunuyoruz. \u015e\u0131kl\u0131k, konfor ve \u00e7a\u011fda\u015f tasar\u0131m arayan m\u00fc\u015fterilere hitap eden bir \u00fcr\u00fcnle envanterinizi geni\u015fletin. Bizim premium <strong>Erkek Deri Platform Loafer<\/strong> koleksiyonunuza de\u011ferli bir katk\u0131 sa\u011flayaca\u011f\u0131, kalite ve stile de\u011fer veren se\u00e7ici al\u0131c\u0131lar\u0131n ilgisini \u00e7ekece\u011fi garanti edilir. Modern modan\u0131n taleplerini kar\u015f\u0131layan ve \u00f6ne \u00e7\u0131kan ayakkab\u0131lara yat\u0131r\u0131m yap\u0131n.<\/p>","protected":false},"excerpt":{"rendered":"<ul>\n<li>Dayan\u0131kl\u0131l\u0131k ve sofistike bir g\u00f6r\u00fcn\u00fcm i\u00e7in Premium Dana Derisi Saya<\/li>\n<li>Yumu\u015fak ve nefes alabilen Ke\u00e7i Derisi Astar g\u00fcn boyu konfor sa\u011flar<\/li>\n<li>Hafif ve destekleyici EVA Platform Taban modern y\u00fckseklik sa\u011flar<\/li>\n<li>Daha fazla \u015f\u0131kl\u0131k i\u00e7in ay\u0131rt edici Metal Bit Detay\u0131 ve dokulu vampir<\/li>\n<li>AB Bedenlerinde mevcuttur: 40, 41, 42, 43, 44<\/li>\n<li>Minimum Sipari\u015f Miktar\u0131: 16 \u00c7ift (Toptan Sat\u0131\u015f)<\/li>\n<\/ul>","protected":false},"featured_media":7102,"template":"","meta":{"_acf_changed":false,"_uag_custom_page_level_css":"","site-sidebar-layout":"default","site-content-layout":"","ast-site-content-layout":"default","site-content-style":"default","site-sidebar-style":"default","ast-global-header-display":"","ast-banner-title-visibility":"","ast-main-header-display":"","ast-hfb-above-header-display":"","ast-hfb-below-header-display":"","ast-hfb-mobile-header-display":"","site-post-title":"","ast-breadcrumbs-content":"","ast-featured-img":"","footer-sml-layout":"","ast-disable-related-posts":"","theme-transparent-header-meta":"","adv-header-id-meta":"","stick-header-meta":"","header-above-stick-meta":"","header-main-stick-meta":"","header-below-stick-meta":"","astra-migrate-meta-layouts":"default","ast-page-background-enabled":"default","ast-page-background-meta":{"desktop":{"background-color":"var(--ast-global-color-4)","background-image":"","background-repeat":"repeat","background-position":"center center","background-size":"auto","background-attachment":"scroll","background-type":"","background-media":"","overlay-type":"","overlay-color":"","overlay-opacity":"","overlay-gradient":""},"tablet":{"background-color":"","background-image":"","background-repeat":"repeat","background-position":"center center","background-size":"auto","background-attachment":"scroll","background-type":"","background-media":"","overlay-type":"","overlay-color":"","overlay-opacity":"","overlay-gradient":""},"mobile":{"background-color":"","background-image":"","background-repeat":"repeat","background-position":"center center","background-size":"auto","background-attachment":"scroll","background-type":"","background-media":"","overlay-type":"","overlay-color":"","overlay-opacity":"","overlay-gradient":""}},"ast-content-background-meta":{"desktop":{"background-color":"var(--ast-global-color-5)","background-image":"","background-repeat":"repeat","background-position":"center center","background-size":"auto","background-attachment":"scroll","background-type":"","background-media":"","overlay-type":"","overlay-color":"","overlay-opacity":"","overlay-gradient":""},"tablet":{"background-color":"var(--ast-global-color-5)","background-image":"","background-repeat":"repeat","background-position":"center center","background-size":"auto","background-attachment":"scroll","background-type":"","background-media":"","overlay-type":"","overlay-color":"","overlay-opacity":"","overlay-gradient":""},"mobile":{"background-color":"var(--ast-global-color-5)","background-image":"","background-repeat":"repeat","background-position":"center center","background-size":"auto","background-attachment":"scroll","background-type":"","background-media":"","overlay-type":"","overlay-color":"","overlay-opacity":"","overlay-gradient":""}}},"product_brand":[],"product_cat":[48,430,1200,50],"product_tag":[178,1355,331,725,326,189,1354,186,1356,262],"class_list":{"0":"post-7905","1":"product","2":"type-product","3":"status-publish","4":"has-post-thumbnail","6":"product_cat-casual","7":"product_cat-men","8":"product_cat-mens-shoes-2","9":"product_cat-sneakers","10":"product_tag-bit-loafers","11":"product_tag-calfskin-footwear","12":"product_tag-chunky-sole-shoes","13":"product_tag-dark-brown-loafers","14":"product_tag-eva-sole-loafers","15":"product_tag-goat-leather-lining","16":"product_tag-leather-platform-shoes","17":"product_tag-mens-loafers","18":"product_tag-slip-on-dress-shoes","19":"product_tag-wholesale-mens-shoes","20":"desktop-align-center","21":"tablet-align-center","22":"mobile-align-center","24":"first","25":"instock","26":"shipping-taxable","27":"purchasable","28":"product-type-variable","29":"has-default-attributes"},"acf":[],"uagb_featured_image_src":{"full":["https:\/\/turkishtrade.co\/wp-content\/uploads\/2026\/01\/2600FKHMN00007-BROWN.png",453,250,false],"thumbnail":["https:\/\/turkishtrade.co\/wp-content\/uploads\/2026\/01\/2600FKHMN00007-BROWN-150x150.png",150,150,true],"medium":["https:\/\/turkishtrade.co\/wp-content\/uploads\/2026\/01\/2600FKHMN00007-BROWN-300x166.png",300,166,true],"medium_large":["https:\/\/turkishtrade.co\/wp-content\/uploads\/2026\/01\/2600FKHMN00007-BROWN.png",453,250,false],"large":["https:\/\/turkishtrade.co\/wp-content\/uploads\/2026\/01\/2600FKHMN00007-BROWN.png",453,250,false],"1536x1536":["https:\/\/turkishtrade.co\/wp-content\/uploads\/2026\/01\/2600FKHMN00007-BROWN.png",453,250,false],"2048x2048":["https:\/\/turkishtrade.co\/wp-content\/uploads\/2026\/01\/2600FKHMN00007-BROWN.png",453,250,false],"trp-custom-language-flag":["https:\/\/turkishtrade.co\/wp-content\/uploads\/2026\/01\/2600FKHMN00007-BROWN-18x10.png",18,10,true],"woocommerce_thumbnail":["https:\/\/turkishtrade.co\/wp-content\/uploads\/2026\/01\/2600FKHMN00007-BROWN-400x250.png",400,250,true],"woocommerce_single":["https:\/\/turkishtrade.co\/wp-content\/uploads\/2026\/01\/2600FKHMN00007-BROWN.png",453,250,false],"woocommerce_gallery_thumbnail":["https:\/\/turkishtrade.co\/wp-content\/uploads\/2026\/01\/2600FKHMN00007-BROWN-100x100.png",100,100,true]},"uagb_author_info":{"display_name":"python python","author_link":"https:\/\/turkishtrade.co\/tr\/author\/"},"uagb_comment_info":0,"uagb_excerpt":"Premium Calfskin Leather Upper for durability and a sophisticated look Soft and breathable Goat Leather Lining ensures all-day comfort Lightweight and supportive EVA Platform Sole provides modern elevation Distinctive Metal Bit Detail and textured vamp for added elegance Available in EU Sizes: 40, 41, 42, 43, 44 Minimum Order Quantity: 16 Pairs (Wholesale Availability)","_links":{"self":[{"href":"https:\/\/turkishtrade.co\/tr\/wp-json\/wp\/v2\/product\/7905","targetHints":{"allow":["GET"]}}],"collection":[{"href":"https:\/\/turkishtrade.co\/tr\/wp-json\/wp\/v2\/product"}],"about":[{"href":"https:\/\/turkishtrade.co\/tr\/wp-json\/wp\/v2\/types\/product"}],"wp:featuredmedia":[{"embeddable":true,"href":"https:\/\/turkishtrade.co\/tr\/wp-json\/wp\/v2\/media\/7102"}],"wp:attachment":[{"href":"https:\/\/turkishtrade.co\/tr\/wp-json\/wp\/v2\/media?parent=7905"}],"wp:term":[{"taxonomy":"product_brand","embeddable":true,"href":"https:\/\/turkishtrade.co\/tr\/wp-json\/wp\/v2\/product_brand?post=7905"},{"taxonomy":"product_cat","embeddable":true,"href":"https:\/\/turkishtrade.co\/tr\/wp-json\/wp\/v2\/product_cat?post=7905"},{"taxonomy":"product_tag","embeddable":true,"href":"https:\/\/turkishtrade.co\/tr\/wp-json\/wp\/v2\/product_tag?post=7905"}],"curies":[{"name":"wp","href":"https:\/\/api.w.org\/{rel}","templated":true}]}}