{"id":7904,"date":"2026-01-29T14:45:46","date_gmt":"2026-01-29T14:45:46","guid":{"rendered":"https:\/\/turkishtrade.co\/?post_type=product&#038;p=7904"},"modified":"2026-04-09T20:41:00","modified_gmt":"2026-04-09T20:41:00","slug":"mens-black-leather-sneakers-2","status":"publish","type":"product","link":"https:\/\/turkishtrade.co\/tr\/shop\/mens-black-leather-sneakers-2\/","title":{"rendered":"Erkek Siyah Deri Spor Ayakkab\u0131 Exclusive"},"content":{"rendered":"<p>Enfes \u00fcr\u00fcnlerimizle tan\u0131\u015f\u0131n <strong>Erkek Siyah Deri Spor Ayakkab\u0131<\/strong>, Hem kusursuz bir stil hem de sars\u0131lmaz bir konfor talep eden modern bireyler i\u00e7in titizlikle tasarlanm\u0131\u015ft\u0131r. Bunlar <strong>premium siyah deri spor ayakkab\u0131<\/strong> atletik i\u015flevselli\u011fi sofistike \u015fehir esteti\u011fiyle kusursuz bir \u015fekilde harmanlayan \u00e7ok y\u00f6nl\u00fc ayakkab\u0131lar\u0131n \u00f6z\u00fcd\u00fcr. Dinamik spor aktivitelerinden \u015f\u0131k g\u00fcndelik gezintilere kadar her \u015fey i\u00e7in m\u00fckemmel olan bu ayakkab\u0131lar, sadece bir ayakkab\u0131 de\u011fil; kalite ve se\u00e7kin bir zevkin ifadesidir. Her bir \u00e7ift en y\u00fcksek standartlarda \u00fcretilerek l\u00fcks bir his ve ola\u011fan\u00fcst\u00fc uzun \u00f6m\u00fcrl\u00fcl\u00fck sa\u011flar.<\/p>\n<h3>Benzersiz \u0130\u015f\u00e7ilik ve \u00dcst\u00fcn Malzemeler<\/h3>\n<p>Bu ola\u011fan\u00fcst\u00fc olaylar\u0131n merkezinde <strong>dana derisi spor ayakkab\u0131<\/strong> \u00fcst\u00fcn malzemelere olan ba\u011fl\u0131l\u0131k yatmaktad\u0131r. Ayakkab\u0131n\u0131n \u00fcst k\u0131sm\u0131 yumu\u015fak dokusu, dayan\u0131kl\u0131l\u0131\u011f\u0131 ve zarif g\u00f6r\u00fcn\u00fcm\u00fcyle tan\u0131nan y\u00fcksek kaliteli dana derisinden \u00fcretilmi\u015ftir. Dana derisinin do\u011fal dokusu her ayakkab\u0131ya benzersiz bir karakter katmakla kalmaz, ayn\u0131 zamanda g\u00fczel bir \u015fekilde ya\u015flanmay\u0131 da vaat eder. <strong>erkek si\u0307yah deri\u0307 spor ayakkabi<\/strong> her gard\u0131roba kal\u0131c\u0131 bir katk\u0131 sa\u011flar. D\u0131\u015f g\u00f6r\u00fcn\u00fcm\u00fcn \u00f6tesinde, konforunuza \u00f6ncelik veriyoruz; i\u00e7 k\u0131s\u0131m tamamen g\u00f6rkemli yumu\u015fak ke\u00e7i derisiyle astarlanm\u0131\u015ft\u0131r ve uzun s\u00fcreli kullan\u0131mda bile ayaklar\u0131n\u0131z i\u00e7in nefes alabilen, tahri\u015f etmeyen ve inan\u0131lmaz derecede rahat bir ortam sa\u011flar. Bu \u00f6zenli malzeme kombinasyonu, ayakkab\u0131m\u0131z\u0131n <strong>erkek si\u0307yah deri\u0307 spor ayakkabi<\/strong> e\u015fsiz bir kullan\u0131m deneyimi sunar.<\/p>\n<h3>Hafif EVA Taban ile Geli\u015fmi\u015f Konfor<\/h3>\n<p>Bu muhte\u015fem eserlerin temeli <strong>erkek si\u0307yah deri\u0307 spor ayakkabi<\/strong> son teknoloji EVA taban\u0131d\u0131r. Optimum performans i\u00e7in tasarlanan hafif EVA malzeme, \u00e7e\u015fitli y\u00fczeylerde \u00fcst\u00fcn \u015fok emilimi, esneklik ve ola\u011fan\u00fcst\u00fc \u00e7eki\u015f g\u00fcc\u00fc sunar. \u0130ster \u015fehrin kalabal\u0131k caddelerinde geziniyor, ister hafta sonu ka\u00e7ama\u011f\u0131n\u0131n tad\u0131n\u0131 \u00e7\u0131kar\u0131yor ya da hafif atletik aktivitelere kat\u0131l\u0131yor olun, geli\u015fmi\u015f taban teknolojisi her ad\u0131mda maksimum konfor ve denge sa\u011flar. Bunlar <strong>premium deri spor ayakkab\u0131<\/strong> stilinizden \u00f6d\u00fcn vermeden aktif ya\u015fam tarz\u0131n\u0131z\u0131 desteklemek i\u00e7in tasarlanm\u0131\u015ft\u0131r ve ayakkab\u0131 koleksiyonunuzun vazge\u00e7ilmez bir par\u00e7as\u0131d\u0131r.<\/p>\n<h3>Dikkatli Perakendeciler i\u00e7in Toptan Sat\u0131\u015f F\u0131rsat\u0131<\/h3>\n<p>Y\u00fcksek kaliteli, \u015f\u0131k ve dayan\u0131kl\u0131 ayakkab\u0131lara olan talebi anl\u0131yoruz. Bu ola\u011fan\u00fcst\u00fc <strong>siyah deri spor ayakkab\u0131<\/strong> geni\u015f bir m\u00fc\u015fteri kitlesine hitap eden, 40 ila 44 aras\u0131nda pratik bir AB beden yelpazesinde mevcuttur. \u00dcr\u00fcn tekliflerini y\u00fckseltmek isteyen i\u015fletmeler ve perakendeciler i\u00e7in bu aranan <strong>erkek si\u0307yah deri\u0307 spor ayakkabi<\/strong> toptan sat\u0131n al\u0131nabilir. Minimum 16 \u00e7iftlik bir sipari\u015f talep ediyoruz ve \u015f\u00fcphesiz m\u00fc\u015fterilerinize hitap edecek birinci s\u0131n\u0131f ayakkab\u0131lar\u0131 stoklamak i\u00e7in m\u00fckemmel bir f\u0131rsat sunuyoruz. Bu ola\u011fan\u00fcst\u00fc ayakkab\u0131lara yat\u0131r\u0131m yap\u0131n <strong>deri spor ayakkab\u0131<\/strong> ve m\u00fc\u015fterilerinize pazarda ger\u00e7ekten \u00f6ne \u00e7\u0131kan bir \u00fcr\u00fcn sunun.<\/p>","protected":false},"excerpt":{"rendered":"<p>40 41 42 43 44 dana derisi ici keci astar eva taban En az 16 pairSneakers Sports<\/p>\n<p>Minimum Sipari\u015f: 16 \u00c7ift<\/p>","protected":false},"featured_media":7101,"template":"","meta":{"_acf_changed":false,"_uag_custom_page_level_css":"","site-sidebar-layout":"default","site-content-layout":"","ast-site-content-layout":"default","site-content-style":"default","site-sidebar-style":"default","ast-global-header-display":"","ast-banner-title-visibility":"","ast-main-header-display":"","ast-hfb-above-header-display":"","ast-hfb-below-header-display":"","ast-hfb-mobile-header-display":"","site-post-title":"","ast-breadcrumbs-content":"","ast-featured-img":"","footer-sml-layout":"","ast-disable-related-posts":"","theme-transparent-header-meta":"default","adv-header-id-meta":"","stick-header-meta":"","header-above-stick-meta":"","header-main-stick-meta":"","header-below-stick-meta":"","astra-migrate-meta-layouts":"set","ast-page-background-enabled":"default","ast-page-background-meta":{"desktop":{"background-color":"var(--ast-global-color-4)","background-image":"","background-repeat":"repeat","background-position":"center center","background-size":"auto","background-attachment":"scroll","background-type":"","background-media":"","overlay-type":"","overlay-color":"","overlay-opacity":"","overlay-gradient":""},"tablet":{"background-color":"","background-image":"","background-repeat":"repeat","background-position":"center center","background-size":"auto","background-attachment":"scroll","background-type":"","background-media":"","overlay-type":"","overlay-color":"","overlay-opacity":"","overlay-gradient":""},"mobile":{"background-color":"","background-image":"","background-repeat":"repeat","background-position":"center center","background-size":"auto","background-attachment":"scroll","background-type":"","background-media":"","overlay-type":"","overlay-color":"","overlay-opacity":"","overlay-gradient":""}},"ast-content-background-meta":{"desktop":{"background-color":"var(--ast-global-color-5)","background-image":"","background-repeat":"repeat","background-position":"center center","background-size":"auto","background-attachment":"scroll","background-type":"","background-media":"","overlay-type":"","overlay-color":"","overlay-opacity":"","overlay-gradient":""},"tablet":{"background-color":"var(--ast-global-color-5)","background-image":"","background-repeat":"repeat","background-position":"center center","background-size":"auto","background-attachment":"scroll","background-type":"","background-media":"","overlay-type":"","overlay-color":"","overlay-opacity":"","overlay-gradient":""},"mobile":{"background-color":"var(--ast-global-color-5)","background-image":"","background-repeat":"repeat","background-position":"center center","background-size":"auto","background-attachment":"scroll","background-type":"","background-media":"","overlay-type":"","overlay-color":"","overlay-opacity":"","overlay-gradient":""}}},"product_brand":[],"product_cat":[430,1200,50,51],"product_tag":[196,1343,1117,438,189,1362,214,787,1361,254],"class_list":{"0":"post-7904","1":"product","2":"type-product","3":"status-publish","4":"has-post-thumbnail","6":"product_cat-men","7":"product_cat-mens-shoes-2","8":"product_cat-sneakers","9":"product_cat-sports","10":"product_tag-black-leather-shoes","11":"product_tag-calfskin-sneakers","12":"product_tag-comfortable-sneakers","13":"product_tag-eva-sole","14":"product_tag-goat-leather-lining","15":"product_tag-leather-sports-sneakers","16":"product_tag-mens-sneakers","17":"product_tag-premium-mens-shoes","18":"product_tag-sports-shoes","19":"product_tag-wholesale-footwear","20":"desktop-align-center","21":"tablet-align-center","22":"mobile-align-center","24":"first","25":"instock","26":"shipping-taxable","27":"purchasable","28":"product-type-variable","29":"has-default-attributes"},"acf":[],"uagb_featured_image_src":{"full":["https:\/\/turkishtrade.co\/wp-content\/uploads\/2026\/01\/2600FKHMN00006-BLACK.png",453,250,false],"thumbnail":["https:\/\/turkishtrade.co\/wp-content\/uploads\/2026\/01\/2600FKHMN00006-BLACK-150x150.png",150,150,true],"medium":["https:\/\/turkishtrade.co\/wp-content\/uploads\/2026\/01\/2600FKHMN00006-BLACK-300x166.png",300,166,true],"medium_large":["https:\/\/turkishtrade.co\/wp-content\/uploads\/2026\/01\/2600FKHMN00006-BLACK.png",453,250,false],"large":["https:\/\/turkishtrade.co\/wp-content\/uploads\/2026\/01\/2600FKHMN00006-BLACK.png",453,250,false],"1536x1536":["https:\/\/turkishtrade.co\/wp-content\/uploads\/2026\/01\/2600FKHMN00006-BLACK.png",453,250,false],"2048x2048":["https:\/\/turkishtrade.co\/wp-content\/uploads\/2026\/01\/2600FKHMN00006-BLACK.png",453,250,false],"trp-custom-language-flag":["https:\/\/turkishtrade.co\/wp-content\/uploads\/2026\/01\/2600FKHMN00006-BLACK-18x10.png",18,10,true],"woocommerce_thumbnail":["https:\/\/turkishtrade.co\/wp-content\/uploads\/2026\/01\/2600FKHMN00006-BLACK-400x250.png",400,250,true],"woocommerce_single":["https:\/\/turkishtrade.co\/wp-content\/uploads\/2026\/01\/2600FKHMN00006-BLACK.png",453,250,false],"woocommerce_gallery_thumbnail":["https:\/\/turkishtrade.co\/wp-content\/uploads\/2026\/01\/2600FKHMN00006-BLACK-100x100.png",100,100,true]},"uagb_author_info":{"display_name":"python python","author_link":"https:\/\/turkishtrade.co\/tr\/author\/"},"uagb_comment_info":0,"uagb_excerpt":"40 41 42 43 44 dana derisi ici keci astar eva taban En az 16 pairSneakers Sports Minimum Order: 16 Pairs","_links":{"self":[{"href":"https:\/\/turkishtrade.co\/tr\/wp-json\/wp\/v2\/product\/7904","targetHints":{"allow":["GET"]}}],"collection":[{"href":"https:\/\/turkishtrade.co\/tr\/wp-json\/wp\/v2\/product"}],"about":[{"href":"https:\/\/turkishtrade.co\/tr\/wp-json\/wp\/v2\/types\/product"}],"wp:featuredmedia":[{"embeddable":true,"href":"https:\/\/turkishtrade.co\/tr\/wp-json\/wp\/v2\/media\/7101"}],"wp:attachment":[{"href":"https:\/\/turkishtrade.co\/tr\/wp-json\/wp\/v2\/media?parent=7904"}],"wp:term":[{"taxonomy":"product_brand","embeddable":true,"href":"https:\/\/turkishtrade.co\/tr\/wp-json\/wp\/v2\/product_brand?post=7904"},{"taxonomy":"product_cat","embeddable":true,"href":"https:\/\/turkishtrade.co\/tr\/wp-json\/wp\/v2\/product_cat?post=7904"},{"taxonomy":"product_tag","embeddable":true,"href":"https:\/\/turkishtrade.co\/tr\/wp-json\/wp\/v2\/product_tag?post=7904"}],"curies":[{"name":"wp","href":"https:\/\/api.w.org\/{rel}","templated":true}]}}