{"id":7903,"date":"2026-01-29T14:45:46","date_gmt":"2026-01-29T14:45:46","guid":{"rendered":"https:\/\/turkishtrade.co\/?post_type=product&#038;p=7903"},"modified":"2026-04-09T20:41:04","modified_gmt":"2026-04-09T20:41:04","slug":"mens-calfskin-suede-sneakers","status":"publish","type":"product","link":"https:\/\/turkishtrade.co\/tr\/shop\/mens-calfskin-suede-sneakers\/","title":{"rendered":"Ke\u00e7i Derisi Astarl\u0131 Erkek Dana Derisi S\u00fcet Spor Ayakkab\u0131 Amazing | Premium"},"content":{"rendered":"<p><strong>Erkek Dana Derisi S\u00fcet Spor Ayakkab\u0131<\/strong>. \u0130nan\u0131lmaz kalite ve tasar\u0131m.<\/p>\n<p>Premium Erkek Dana Derisi S\u00fcet Spor Ayakkab\u0131lar\u0131m\u0131z ile benzersiz konfora ve zarif stile ad\u0131m at\u0131n. Hem esteti\u011fe hem de giyilebilirli\u011fe de\u011fer veren modern erkek i\u00e7in tasarlanan bu zarif spor ayakkab\u0131lar, \u00fcst\u00fcn i\u015f\u00e7ili\u011fin bir kan\u0131t\u0131d\u0131r. Bu l\u00fcks ayakkab\u0131lar\u0131n her bir \u00e7ifti <strong>Erkek Dana Derisi S\u00fcet Spor Ayakkab\u0131<\/strong> geleneksel ayakkab\u0131lara sofistike bir alternatif sunmak i\u00e7in titizlikle \u00fcretilmi\u015ftir ve hem g\u00fcndelik geziler hem de \u015f\u0131k etkinlikler i\u00e7in m\u00fckemmeldir.<\/p>\n<h3>E\u015fsiz Kalite ve \u0130\u015f\u00e7ilik<\/h3>\n<p>Bizim <strong>Erkek Dana Derisi S\u00fcet Spor Ayakkab\u0131<\/strong> Yumu\u015fak dokusu, dayan\u0131kl\u0131l\u0131\u011f\u0131 ve zarif g\u00f6r\u00fcn\u00fcm\u00fcyle tan\u0131nan hakiki dana derisi s\u00fcet sayaya sahiptir. S\u00fcetin zengin, toprak tonlar\u0131 \u00e7a\u011fda\u015f moda trendleriyle kusursuz bir uyum sa\u011flayarak her gard\u0131rop i\u00e7in \u00e7ok y\u00f6nl\u00fc bir eklenti haline gelir. Zarif d\u0131\u015f y\u00fczeyinin \u00f6tesinde, i\u00e7 k\u0131sm\u0131 birinci s\u0131n\u0131f ke\u00e7i derisi ile astarlanm\u0131\u015ft\u0131r ve ayaklar\u0131n\u0131z\u0131 rahat\u00e7a saran inan\u0131lmaz yumu\u015fak bir dokunu\u015f ve \u00fcst\u00fcn nefes alabilirlik sa\u011flar. Y\u00fcksek kaliteli malzemelerin bu \u00f6zenli kombinasyonu, bu spor ayakkab\u0131lar\u0131n yaln\u0131zca ola\u011fan\u00fcst\u00fc g\u00f6r\u00fcnmesini de\u011fil, ayn\u0131 zamanda zaman\u0131n testine de dayanmas\u0131n\u0131 sa\u011flar.<\/p>\n<h3>\u00dcst\u00fcn Konfor ve Destek i\u00e7in Tasarland\u0131<\/h3>\n<p>Bu ola\u011fan\u00fcst\u00fc \u00fcr\u00fcnlere entegre edilmi\u015f geli\u015fmi\u015f EVA taban ile bulutlar\u0131n \u00fczerinde y\u00fcr\u00fcme deneyimini ya\u015fay\u0131n <strong>Erkek Dana Derisi S\u00fcet Spor Ayakkab\u0131<\/strong>. Hafif ve esnek EVA taban m\u00fckemmel \u015fok emilimi sunarak darbeyi azalt\u0131r ve g\u00fcn boyunca s\u00fcrekli konfor sa\u011flar. \u0130ster \u015fehir sokaklar\u0131nda geziniyor olun ister rahat bir y\u00fcr\u00fcy\u00fc\u015f\u00fcn tad\u0131n\u0131 \u00e7\u0131kar\u0131n, ergonomik tasar\u0131m ayaklar\u0131n\u0131z i\u00e7in optimum destek sa\u011flar. EVA taban\u0131n \u00f6zenle se\u00e7ilmesi, pel\u00fc\u015f ke\u00e7i derisi astarla birle\u015fti\u011finde, bu spor ayakkab\u0131lar\u0131 saatlerce giymek ger\u00e7ek bir zevk haline gelir.<\/p>\n<h3>Her Durum i\u00e7in \u00c7ok Y\u00f6nl\u00fc Stil<\/h3>\n<p>Bunlar <strong>Erkek Dana Derisi S\u00fcet Spor Ayakkab\u0131<\/strong> ayakkab\u0131dan daha fazlas\u0131d\u0131r; sofistike g\u00fcndelik stilin bir ifadesidir. \u00c7ok y\u00f6nl\u00fc tasar\u0131mlar\u0131, kot pantolonlar, chino pantolonlar ve hatta \u00f6zel dikim pantolonlarla zahmetsizce e\u015fle\u015ftirilerek \u015f\u0131k ve g\u00fcndelik bir kombin olu\u015fturmalar\u0131n\u0131 sa\u011flar. 40'tan 44'e kadar kapsaml\u0131 bir beden yelpazesinde mevcut olan bu ayakkab\u0131lar, geni\u015f bir m\u00fc\u015fteri kitlesine hitap ediyor. Y\u00fcksek kaliteli, modaya uygun ayakkab\u0131lar sunmak isteyen i\u015fletmeler i\u00e7in bu spor ayakkab\u0131lar m\u00fckemmel bir se\u00e7imdir. Minimum sipari\u015f miktar\u0131 sadece 16 \u00e7ift olan bu ayakkab\u0131lar, \u00fcr\u00fcn teklifinizi hem stil hem de kal\u0131c\u0131 kalite vaat eden birinci s\u0131n\u0131f erkek ayakkab\u0131lar\u0131yla zenginle\u015ftirmek i\u00e7in ideal bir toptan sat\u0131\u015f f\u0131rsat\u0131n\u0131 temsil eder.<\/p>","protected":false},"excerpt":{"rendered":"<ul>\n<li><b>\u00dcst\u00fcn Malzemeler:<\/b> L\u00fcks bir his ve sofistike bir g\u00f6r\u00fcn\u00fcm i\u00e7in hakiki dana derisi s\u00fcetten \u00fcretilmi\u015ftir.<\/li>\n<li><b>\u00dcst\u00fcn Konfor:<\/b> Yumu\u015fak, nefes alabilen ke\u00e7i derisi astara ve g\u00fcn boyu kullan\u0131m i\u00e7in hafif EVA tabana sahiptir.<\/li>\n<li><b>\u015e\u0131k Tasar\u0131m:<\/b> Klasik spor ayakkab\u0131 esteti\u011fini modern \u015f\u0131kl\u0131kla harmanlayarak \u00e7e\u015fitli k\u0131yafetlerle m\u00fckemmel uyum sa\u011flar.<\/li>\n<li><b>Mevcut Boyutlar:<\/b> 40, 41, 42, 43 ve 44 Avrupa bedenlerinde sunulmaktad\u0131r.<\/li>\n<li><b>Toptan Sat\u0131\u015f F\u0131rsat\u0131:<\/b> Minimum 16 \u00e7ift sipari\u015f ile toplu al\u0131m i\u00e7in mevcuttur.<\/li>\n<\/ul>","protected":false},"featured_media":7100,"template":"","meta":{"_acf_changed":false,"_uag_custom_page_level_css":"","site-sidebar-layout":"default","site-content-layout":"","ast-site-content-layout":"default","site-content-style":"default","site-sidebar-style":"default","ast-global-header-display":"","ast-banner-title-visibility":"","ast-main-header-display":"","ast-hfb-above-header-display":"","ast-hfb-below-header-display":"","ast-hfb-mobile-header-display":"","site-post-title":"","ast-breadcrumbs-content":"","ast-featured-img":"","footer-sml-layout":"","ast-disable-related-posts":"","theme-transparent-header-meta":"","adv-header-id-meta":"","stick-header-meta":"","header-above-stick-meta":"","header-main-stick-meta":"","header-below-stick-meta":"","astra-migrate-meta-layouts":"default","ast-page-background-enabled":"default","ast-page-background-meta":{"desktop":{"background-color":"var(--ast-global-color-4)","background-image":"","background-repeat":"repeat","background-position":"center center","background-size":"auto","background-attachment":"scroll","background-type":"","background-media":"","overlay-type":"","overlay-color":"","overlay-opacity":"","overlay-gradient":""},"tablet":{"background-color":"","background-image":"","background-repeat":"repeat","background-position":"center center","background-size":"auto","background-attachment":"scroll","background-type":"","background-media":"","overlay-type":"","overlay-color":"","overlay-opacity":"","overlay-gradient":""},"mobile":{"background-color":"","background-image":"","background-repeat":"repeat","background-position":"center center","background-size":"auto","background-attachment":"scroll","background-type":"","background-media":"","overlay-type":"","overlay-color":"","overlay-opacity":"","overlay-gradient":""}},"ast-content-background-meta":{"desktop":{"background-color":"var(--ast-global-color-5)","background-image":"","background-repeat":"repeat","background-position":"center center","background-size":"auto","background-attachment":"scroll","background-type":"","background-media":"","overlay-type":"","overlay-color":"","overlay-opacity":"","overlay-gradient":""},"tablet":{"background-color":"var(--ast-global-color-5)","background-image":"","background-repeat":"repeat","background-position":"center center","background-size":"auto","background-attachment":"scroll","background-type":"","background-media":"","overlay-type":"","overlay-color":"","overlay-opacity":"","overlay-gradient":""},"mobile":{"background-color":"var(--ast-global-color-5)","background-image":"","background-repeat":"repeat","background-position":"center center","background-size":"auto","background-attachment":"scroll","background-type":"","background-media":"","overlay-type":"","overlay-color":"","overlay-opacity":"","overlay-gradient":""}}},"product_brand":[],"product_cat":[430,1200,50,51],"product_tag":[1358,1360,1359,189,365,270,787,1124,254],"class_list":{"0":"post-7903","1":"product","2":"type-product","3":"status-publish","4":"has-post-thumbnail","6":"product_cat-men","7":"product_cat-mens-shoes-2","8":"product_cat-sneakers","9":"product_cat-sports","10":"product_tag-calfskin-suede-sneakers","11":"product_tag-comfortable-mens-sneakers","12":"product_tag-eva-sole-sneakers","13":"product_tag-goat-leather-lining","14":"product_tag-luxury-sneakers","15":"product_tag-mens-leather-sneakers","16":"product_tag-premium-mens-shoes","17":"product_tag-stylish-sneakers","18":"product_tag-wholesale-footwear","19":"desktop-align-center","20":"tablet-align-center","21":"mobile-align-center","23":"first","24":"instock","25":"shipping-taxable","26":"purchasable","27":"product-type-variable","28":"has-default-attributes"},"acf":[],"uagb_featured_image_src":{"full":["https:\/\/turkishtrade.co\/wp-content\/uploads\/2026\/01\/2600FKHMN00005-BEIGE.png",453,250,false],"thumbnail":["https:\/\/turkishtrade.co\/wp-content\/uploads\/2026\/01\/2600FKHMN00005-BEIGE-150x150.png",150,150,true],"medium":["https:\/\/turkishtrade.co\/wp-content\/uploads\/2026\/01\/2600FKHMN00005-BEIGE-300x166.png",300,166,true],"medium_large":["https:\/\/turkishtrade.co\/wp-content\/uploads\/2026\/01\/2600FKHMN00005-BEIGE.png",453,250,false],"large":["https:\/\/turkishtrade.co\/wp-content\/uploads\/2026\/01\/2600FKHMN00005-BEIGE.png",453,250,false],"1536x1536":["https:\/\/turkishtrade.co\/wp-content\/uploads\/2026\/01\/2600FKHMN00005-BEIGE.png",453,250,false],"2048x2048":["https:\/\/turkishtrade.co\/wp-content\/uploads\/2026\/01\/2600FKHMN00005-BEIGE.png",453,250,false],"trp-custom-language-flag":["https:\/\/turkishtrade.co\/wp-content\/uploads\/2026\/01\/2600FKHMN00005-BEIGE-18x10.png",18,10,true],"woocommerce_thumbnail":["https:\/\/turkishtrade.co\/wp-content\/uploads\/2026\/01\/2600FKHMN00005-BEIGE-400x250.png",400,250,true],"woocommerce_single":["https:\/\/turkishtrade.co\/wp-content\/uploads\/2026\/01\/2600FKHMN00005-BEIGE.png",453,250,false],"woocommerce_gallery_thumbnail":["https:\/\/turkishtrade.co\/wp-content\/uploads\/2026\/01\/2600FKHMN00005-BEIGE-100x100.png",100,100,true]},"uagb_author_info":{"display_name":"python python","author_link":"https:\/\/turkishtrade.co\/tr\/author\/"},"uagb_comment_info":0,"uagb_excerpt":"Superior Materials: Crafted from genuine calfskin suede for a luxurious feel and sophisticated look. Ultimate Comfort: Features a soft, breathable goat leather lining and a lightweight EVA sole for all-day wear. Stylish Design: Blends classic sneaker aesthetics with modern elegance, perfect for various outfits. Available Sizes: Offered in European sizes 40, 41, 42, 43, and&hellip;","_links":{"self":[{"href":"https:\/\/turkishtrade.co\/tr\/wp-json\/wp\/v2\/product\/7903","targetHints":{"allow":["GET"]}}],"collection":[{"href":"https:\/\/turkishtrade.co\/tr\/wp-json\/wp\/v2\/product"}],"about":[{"href":"https:\/\/turkishtrade.co\/tr\/wp-json\/wp\/v2\/types\/product"}],"wp:featuredmedia":[{"embeddable":true,"href":"https:\/\/turkishtrade.co\/tr\/wp-json\/wp\/v2\/media\/7100"}],"wp:attachment":[{"href":"https:\/\/turkishtrade.co\/tr\/wp-json\/wp\/v2\/media?parent=7903"}],"wp:term":[{"taxonomy":"product_brand","embeddable":true,"href":"https:\/\/turkishtrade.co\/tr\/wp-json\/wp\/v2\/product_brand?post=7903"},{"taxonomy":"product_cat","embeddable":true,"href":"https:\/\/turkishtrade.co\/tr\/wp-json\/wp\/v2\/product_cat?post=7903"},{"taxonomy":"product_tag","embeddable":true,"href":"https:\/\/turkishtrade.co\/tr\/wp-json\/wp\/v2\/product_tag?post=7903"}],"curies":[{"name":"wp","href":"https:\/\/api.w.org\/{rel}","templated":true}]}}