{"id":7902,"date":"2026-01-29T14:45:46","date_gmt":"2026-01-29T14:45:46","guid":{"rendered":"https:\/\/turkishtrade.co\/?post_type=product&#038;p=7902"},"modified":"2026-04-09T20:41:07","modified_gmt":"2026-04-09T20:41:07","slug":"mens-olive-green-leather-sneakers","status":"publish","type":"product","link":"https:\/\/turkishtrade.co\/tr\/shop\/mens-olive-green-leather-sneakers\/","title":{"rendered":"Erkek Zeytin Ye\u015fili Deri Spor Ayakkab\u0131 Garantili"},"content":{"rendered":"<p><strong>Erkek Zeytin Ye\u015fili Deri Spor Ayakkab\u0131<\/strong>. Garantili kalite ve tasar\u0131m.<\/p>\n<p>Ayakkab\u0131 koleksiyonunuzu se\u00e7kin \u00fcr\u00fcnlerimizle geli\u015ftirin <strong>Erkek Zeytin Ye\u015fili Deri Spor Ayakkab\u0131<\/strong>. Hem sofistike stile hem de benzersiz konfora de\u011fer veren modern erkek i\u00e7in tasarlanan bu spor ayakkab\u0131lar, \u00fcst\u00fcn i\u015f\u00e7ili\u011fin bir kan\u0131t\u0131d\u0131r. Birinci s\u0131n\u0131f dana derisinden \u00fcretilen ay\u0131rt edici zeytin ye\u015fili tonu, hem \u00e7arp\u0131c\u0131 hem de \u00e7ok y\u00f6nl\u00fc bir g\u00f6r\u00fcn\u00fcm yaratarak bu ayakkab\u0131lar\u0131 her se\u00e7kin gard\u0131robun vazge\u00e7ilmez bir par\u00e7as\u0131 haline getirir.<\/p>\n<h3>Rakipsiz Kalite ve Konfor<\/h3>\n<p>Hakiki dana derisinden \u00fcretilen bu ola\u011fan\u00fcst\u00fc \u00fcst k\u0131s\u0131m <strong>erkek zeyti\u0307n ye\u015fi\u0307li\u0307 deri\u0307 spor ayakkabi<\/strong> ola\u011fan\u00fcst\u00fc dayan\u0131kl\u0131l\u0131k ve l\u00fcks bir his sunar. P\u00fcr\u00fczs\u00fcz dokusu ve a\u015f\u0131nmaya kar\u015f\u0131 direnciyle \u00fcnl\u00fc dana derisi, spor ayakkab\u0131lar\u0131n\u0131z\u0131n zaman i\u00e7inde zarif g\u00f6r\u00fcn\u00fcm\u00fcn\u00fc korumas\u0131n\u0131 sa\u011flar. \u0130\u00e7 k\u0131s\u0131mda, ayaklar\u0131n\u0131z son derece yumu\u015fak ke\u00e7i derisi astarla sar\u0131l\u0131r. Bu do\u011fal astar malzemesi nefes alabilirli\u011fi ile \u00fcnl\u00fcd\u00fcr, optimum hava sirk\u00fclasyonu sa\u011flar ve nemi emerek uzun s\u00fcreli kullan\u0131mlarda bile ayaklar\u0131n\u0131z\u0131n g\u00fcn boyunca kuru ve rahat kalmas\u0131n\u0131 sa\u011flar. Rahats\u0131zl\u0131\u011fa veda edin ve ger\u00e7ekten birinci s\u0131n\u0131f bir deneyime merhaba deyin.<\/p>\n<h3>Yenilik\u00e7i Tasar\u0131m ve G\u00fcnl\u00fck \u00c7ok Y\u00f6nl\u00fcl\u00fck<\/h3>\n<p>Bu zeytin ye\u015fili deri spor ayakkab\u0131, l\u00fcks malzemelerinin \u00f6tesinde \u00f6zenle tasarlanm\u0131\u015f bir esteti\u011fe sahiptir. Sade \u00e7izgiler ve yan panellerdeki ince kapitone detaylar, klasik \u015f\u0131kl\u0131\u011f\u0131 modern g\u00fcndelik \u00e7ekicilikle m\u00fckemmel bir \u015fekilde dengeleyerek \u00e7a\u011fda\u015f bir hava kat\u0131yor. Bozulmam\u0131\u015f beyaz EVA taban, koyu zeytin ye\u015fili saya ile \u00e7arp\u0131c\u0131 bir kontrast olu\u015fturmakla kalmaz, ayn\u0131 zamanda hafif yast\u0131klama ve m\u00fckemmel \u015fok emilimi sa\u011flar. \u0130ster \u015fehir sokaklar\u0131nda geziniyor, ister hafta sonu gezintisinin tad\u0131n\u0131 \u00e7\u0131kar\u0131yor ya da \u015f\u0131k bir etkinlik i\u00e7in giyiniyor olun, bu spor ayakkab\u0131lar m\u00fckemmel arkada\u015f\u0131n\u0131zd\u0131r. Chino ve kot pantolonlardan daha \u00f6zel pantolonlara kadar \u00e7ok \u00e7e\u015fitli k\u0131yafetleri zahmetsizce tamamlayarak her zaman \u015f\u0131k bir \u015fekilde d\u0131\u015far\u0131 \u00e7\u0131kman\u0131z\u0131 sa\u011flar.<\/p>\n<h3>Dayan\u0131kl\u0131l\u0131k Etik Kaynak Kullan\u0131m\u0131 ile Bulu\u015fuyor<\/h3>\n<p>Kaliteye olan ba\u011fl\u0131l\u0131\u011f\u0131m\u0131z her ayr\u0131nt\u0131ya kadar uzanmaktad\u0131r. Sa\u011flam yap\u0131 ve y\u00fcksek kaliteli malzemeler, bunlar\u0131n <strong>erkek zeyti\u0307n ye\u015fi\u0307li\u0307 deri\u0307 spor ayakkabi<\/strong> uzun s\u00fcre dayanacak \u015fekilde \u00fcretilmi\u015ftir. Sadece iyi g\u00f6r\u00fcnmekle kalmay\u0131p ayn\u0131 zamanda giymesi de iyi hissettiren bir \u00fcr\u00fcn yaratmak i\u00e7in sorumlu bir \u015fekilde tedarik edilen en iyi dana derisi ve ke\u00e7i derisini kullan\u0131yoruz. 40'tan 44'e kadar kapsaml\u0131 bir AB beden yelpazesinde mevcut oldu\u011fundan, m\u00fckemmel uyumunuzu bulmak \u00e7ok kolay. Geleneksel ayakkab\u0131c\u0131l\u0131k sanat\u0131n\u0131n \u00e7a\u011fda\u015f konfor teknolojisiyle birle\u015fimini deneyimleyin.<\/p>\n<h3>Toptan Sat\u0131\u015f F\u0131rsatlar\u0131 Mevcut<\/h3>\n<p>M\u00fc\u015fterilerine birinci s\u0131n\u0131f ayakkab\u0131lar sunmak isteyen i\u015fletmeler i\u00e7in bu ola\u011fan\u00fcst\u00fc spor ayakkab\u0131lar toptan sat\u0131n al\u0131nabilir. Minimum 16 \u00e7iftlik bir sipari\u015fe ihtiyac\u0131m\u0131z var, bu da l\u00fcks, konfor ve zamans\u0131z stili bir araya getiren \u00e7ok aranan bir \u00fcr\u00fcn\u00fc stoklamay\u0131 kolayla\u015ft\u0131r\u0131yor. M\u00fc\u015fterilerinize g\u00fcnl\u00fck erkek ayakkab\u0131lar\u0131nda en iyisini sunmak i\u00e7in bizimle i\u015f ortakl\u0131\u011f\u0131 yap\u0131n. Bizim <strong>Erkek Zeytin Ye\u015fili Deri Spor Ayakkab\u0131<\/strong> envanteriniz i\u00e7in kesin bir isabettir.<\/p>","protected":false},"excerpt":{"rendered":"<ul>\n<li>Dayan\u0131kl\u0131l\u0131k ve stil i\u00e7in birinci s\u0131n\u0131f zeytin ye\u015fili deri saya (dana derisi).<\/li>\n<li>L\u00fcks ke\u00e7i derisi astar nefes alabilirlik ve konfor sa\u011flar.<\/li>\n<li>T\u00fcm g\u00fcn kullan\u0131m i\u00e7in hafif ve destekleyici EVA taban.<\/li>\n<li>Modern rahat tasar\u0131m, \u00e7e\u015fitli k\u0131yafetler ve durumlar i\u00e7in m\u00fckemmeldir.<\/li>\n<li>40-44 AB bedenlerinde mevcuttur.<\/li>\n<li>Bu erkek zeytin ye\u015fili deri spor ayakkab\u0131 i\u00e7in minimum 16 \u00e7ift sipari\u015fle toptan sat\u0131\u015f f\u0131rsatlar\u0131 mevcuttur.<\/li>\n<\/ul>","protected":false},"featured_media":7099,"template":"","meta":{"_acf_changed":false,"_uag_custom_page_level_css":"","site-sidebar-layout":"default","site-content-layout":"","ast-site-content-layout":"default","site-content-style":"default","site-sidebar-style":"default","ast-global-header-display":"","ast-banner-title-visibility":"","ast-main-header-display":"","ast-hfb-above-header-display":"","ast-hfb-below-header-display":"","ast-hfb-mobile-header-display":"","site-post-title":"","ast-breadcrumbs-content":"","ast-featured-img":"","footer-sml-layout":"","ast-disable-related-posts":"","theme-transparent-header-meta":"","adv-header-id-meta":"","stick-header-meta":"","header-above-stick-meta":"","header-main-stick-meta":"","header-below-stick-meta":"","astra-migrate-meta-layouts":"default","ast-page-background-enabled":"default","ast-page-background-meta":{"desktop":{"background-color":"var(--ast-global-color-4)","background-image":"","background-repeat":"repeat","background-position":"center center","background-size":"auto","background-attachment":"scroll","background-type":"","background-media":"","overlay-type":"","overlay-color":"","overlay-opacity":"","overlay-gradient":""},"tablet":{"background-color":"","background-image":"","background-repeat":"repeat","background-position":"center center","background-size":"auto","background-attachment":"scroll","background-type":"","background-media":"","overlay-type":"","overlay-color":"","overlay-opacity":"","overlay-gradient":""},"mobile":{"background-color":"","background-image":"","background-repeat":"repeat","background-position":"center center","background-size":"auto","background-attachment":"scroll","background-type":"","background-media":"","overlay-type":"","overlay-color":"","overlay-opacity":"","overlay-gradient":""}},"ast-content-background-meta":{"desktop":{"background-color":"var(--ast-global-color-5)","background-image":"","background-repeat":"repeat","background-position":"center center","background-size":"auto","background-attachment":"scroll","background-type":"","background-media":"","overlay-type":"","overlay-color":"","overlay-opacity":"","overlay-gradient":""},"tablet":{"background-color":"var(--ast-global-color-5)","background-image":"","background-repeat":"repeat","background-position":"center center","background-size":"auto","background-attachment":"scroll","background-type":"","background-media":"","overlay-type":"","overlay-color":"","overlay-opacity":"","overlay-gradient":""},"mobile":{"background-color":"var(--ast-global-color-5)","background-image":"","background-repeat":"repeat","background-position":"center center","background-size":"auto","background-attachment":"scroll","background-type":"","background-media":"","overlay-type":"","overlay-color":"","overlay-opacity":"","overlay-gradient":""}}},"product_brand":[],"product_cat":[48,430,1200,50],"product_tag":[451,1117,438,189,1351,1348,1350,1353,1352,262],"class_list":{"0":"post-7902","1":"product","2":"type-product","3":"status-publish","4":"has-post-thumbnail","6":"product_cat-casual","7":"product_cat-men","8":"product_cat-mens-shoes-2","9":"product_cat-sneakers","10":"product_tag-calfskin-leather","11":"product_tag-comfortable-sneakers","12":"product_tag-eva-sole","13":"product_tag-goat-leather-lining","14":"product_tag-green-casual-shoes","15":"product_tag-mens-fashion-sneakers","16":"product_tag-mens-olive-green-leather-sneakers","17":"product_tag-olive-green-shoes","18":"product_tag-premium-quality-footwear","19":"product_tag-wholesale-mens-shoes","20":"desktop-align-center","21":"tablet-align-center","22":"mobile-align-center","24":"first","25":"instock","26":"shipping-taxable","27":"purchasable","28":"product-type-variable","29":"has-default-attributes"},"acf":[],"uagb_featured_image_src":{"full":["https:\/\/turkishtrade.co\/wp-content\/uploads\/2026\/01\/2600FKHMN00004-GREEN.png",453,250,false],"thumbnail":["https:\/\/turkishtrade.co\/wp-content\/uploads\/2026\/01\/2600FKHMN00004-GREEN-150x150.png",150,150,true],"medium":["https:\/\/turkishtrade.co\/wp-content\/uploads\/2026\/01\/2600FKHMN00004-GREEN-300x166.png",300,166,true],"medium_large":["https:\/\/turkishtrade.co\/wp-content\/uploads\/2026\/01\/2600FKHMN00004-GREEN.png",453,250,false],"large":["https:\/\/turkishtrade.co\/wp-content\/uploads\/2026\/01\/2600FKHMN00004-GREEN.png",453,250,false],"1536x1536":["https:\/\/turkishtrade.co\/wp-content\/uploads\/2026\/01\/2600FKHMN00004-GREEN.png",453,250,false],"2048x2048":["https:\/\/turkishtrade.co\/wp-content\/uploads\/2026\/01\/2600FKHMN00004-GREEN.png",453,250,false],"trp-custom-language-flag":["https:\/\/turkishtrade.co\/wp-content\/uploads\/2026\/01\/2600FKHMN00004-GREEN-18x10.png",18,10,true],"woocommerce_thumbnail":["https:\/\/turkishtrade.co\/wp-content\/uploads\/2026\/01\/2600FKHMN00004-GREEN-400x250.png",400,250,true],"woocommerce_single":["https:\/\/turkishtrade.co\/wp-content\/uploads\/2026\/01\/2600FKHMN00004-GREEN.png",453,250,false],"woocommerce_gallery_thumbnail":["https:\/\/turkishtrade.co\/wp-content\/uploads\/2026\/01\/2600FKHMN00004-GREEN-100x100.png",100,100,true]},"uagb_author_info":{"display_name":"python python","author_link":"https:\/\/turkishtrade.co\/tr\/author\/"},"uagb_comment_info":0,"uagb_excerpt":"Premium olive green leather upper (calfskin) for durability and style. Luxurious goat leather lining ensures breathability and comfort. Lightweight and supportive EVA sole for all-day wear. Modern casual design, perfect for various outfits and occasions. Available in EU sizes 40-44. Wholesale opportunities available for these men's olive green leather sneakers with a minimum order of&hellip;","_links":{"self":[{"href":"https:\/\/turkishtrade.co\/tr\/wp-json\/wp\/v2\/product\/7902","targetHints":{"allow":["GET"]}}],"collection":[{"href":"https:\/\/turkishtrade.co\/tr\/wp-json\/wp\/v2\/product"}],"about":[{"href":"https:\/\/turkishtrade.co\/tr\/wp-json\/wp\/v2\/types\/product"}],"wp:featuredmedia":[{"embeddable":true,"href":"https:\/\/turkishtrade.co\/tr\/wp-json\/wp\/v2\/media\/7099"}],"wp:attachment":[{"href":"https:\/\/turkishtrade.co\/tr\/wp-json\/wp\/v2\/media?parent=7902"}],"wp:term":[{"taxonomy":"product_brand","embeddable":true,"href":"https:\/\/turkishtrade.co\/tr\/wp-json\/wp\/v2\/product_brand?post=7902"},{"taxonomy":"product_cat","embeddable":true,"href":"https:\/\/turkishtrade.co\/tr\/wp-json\/wp\/v2\/product_cat?post=7902"},{"taxonomy":"product_tag","embeddable":true,"href":"https:\/\/turkishtrade.co\/tr\/wp-json\/wp\/v2\/product_tag?post=7902"}],"curies":[{"name":"wp","href":"https:\/\/api.w.org\/{rel}","templated":true}]}}