{"id":7900,"date":"2026-01-29T14:45:46","date_gmt":"2026-01-29T14:45:46","guid":{"rendered":"https:\/\/turkishtrade.co\/?post_type=product&#038;p=7900"},"modified":"2026-04-09T20:41:13","modified_gmt":"2026-04-09T20:41:13","slug":"mens-black-leather-sneakers","status":"publish","type":"product","link":"https:\/\/turkishtrade.co\/tr\/shop\/mens-black-leather-sneakers\/","title":{"rendered":"Erkek Siyah Deri Spor Ayakkab\u0131"},"content":{"rendered":"<p>Enfes tasar\u0131m\u0131m\u0131zla benzersiz bir stil ve konfora ad\u0131m at\u0131n <strong>Erkek Siyah Deri Spor Ayakkab\u0131<\/strong>. Modern erkek i\u00e7in tasarlanan bu birinci s\u0131n\u0131f spor ayakkab\u0131lar, sofistike esteti\u011fi ola\u011fan\u00fcst\u00fc dayan\u0131kl\u0131l\u0131kla kusursuz bir \u015fekilde harmanlayarak her ayakkab\u0131 koleksiyonunun olmazsa olmaz\u0131 haline geliyor. Her bir \u00e7ift, geleneksel i\u015f\u00e7ilik ve \u00e7a\u011fda\u015f tasar\u0131m\u0131n m\u00fckemmel birle\u015fimini temsil eder ve hangi durumda olursan\u0131z olun en iyi \u015fekilde g\u00f6r\u00fcnmenizi ve hissetmenizi sa\u011flar.<\/p>\n<h3>E\u015fsiz \u0130\u015f\u00e7ilik ve Birinci S\u0131n\u0131f Malzemeler<\/h3>\n<p>Bizim <strong>Erkek Siyah Deri Spor Ayakkab\u0131<\/strong> yaln\u0131zca en iyi malzemeler kullan\u0131larak titizlikle \u00fcretilmi\u015ftir. \u00dcst k\u0131s\u0131m, esnek dokusu, sa\u011flaml\u0131\u011f\u0131 ve zarif y\u00fczeyiyle bilinen hakiki dana derisinden yap\u0131lm\u0131\u015ft\u0131r. Bu l\u00fcks d\u0131\u015f y\u00fczey, her ad\u0131mda nefes alabilen ve rahat bir deneyim sa\u011flayan inan\u0131lmaz yumu\u015fak ke\u00e7i derisi i\u00e7 astar ile tamamlanmaktad\u0131r. Rahats\u0131z ayakkab\u0131lara elveda deyin; ke\u00e7i astar, zamanla aya\u011f\u0131n\u0131za uyum sa\u011flayan p\u00fcr\u00fczs\u00fcz, tahri\u015fsiz bir uyum sa\u011flar. Bu ola\u011fan\u00fcst\u00fc ayakkab\u0131n\u0131n temeli <strong>Erkek Siyah Deri Spor Ayakkab\u0131<\/strong> hafif ama sa\u011flam bir EVA taband\u0131r. Bu geli\u015fmi\u015f malzeme \u00fcst\u00fcn \u015fok emilimi, esneklik ve uzun s\u00fcreli a\u015f\u0131nma sunar, \u015fehir gezintileri veya uzun s\u00fcre ayakta kalmak i\u00e7in m\u00fckemmeldir.<\/p>\n<h3>G\u00fcnl\u00fck Konfor ve \u00c7ok Y\u00f6nl\u00fc Stil i\u00e7in Tasarland\u0131<\/h3>\n<p>Bunlar s\u0131radan de\u011fil <strong>Erkek Siyah Deri Spor Ayakkab\u0131<\/strong>; G\u00fcnl\u00fck konforunuz ve tarz\u0131n\u0131z i\u00e7in bir yat\u0131r\u0131md\u0131r. Ergonomik tasar\u0131m\u0131 aya\u011f\u0131n\u0131z\u0131n do\u011fal hatlar\u0131n\u0131 destekleyerek denge sa\u011flar ve yorgunlu\u011fu azalt\u0131r. \u0130nce diki\u015fler ve temiz beyaz tabanla vurgulanan zamans\u0131z siyah rengi, bu ayakkab\u0131lar\u0131 inan\u0131lmaz derecede \u00e7ok y\u00f6nl\u00fc k\u0131l\u0131yor. Bunlar\u0131 e\u015fle\u015ftirin <strong>Erkek Siyah Deri Spor Ayakkab\u0131<\/strong> rahat bir hafta sonu g\u00f6r\u00fcn\u00fcm\u00fc i\u00e7in kot pantolonlarla veya \u015f\u0131k ve rahat bir ofis k\u0131yafeti i\u00e7in chino pantolonlarla giydirin. 40, 41, 42, 43 ve 44 Avrupa bedenleri mevcuttur, m\u00fckemmel uyumunuzu bulmak zahmetsizdir.<\/p>\n<h3>Dikkatli Perakendeciler i\u00e7in Toptan Sat\u0131\u015f F\u0131rsatlar\u0131<\/h3>\n<p>M\u00fc\u015fterilerine y\u00fcksek kaliteli, modaya uygun ayakkab\u0131lar sunmak isteyen i\u015fletmeler i\u00e7in <strong>Erkek Siyah Deri Spor Ayakkab\u0131<\/strong> m\u00fckemmel bir f\u0131rsat\u0131 temsil ediyor. Piyasada \u00f6ne \u00e7\u0131kan birinci s\u0131n\u0131f \u00fcr\u00fcnler \u00fcretmekten gurur duyuyoruz. Minimum 16 \u00e7ift sipari\u015f miktar\u0131 ile perakendeciler bu aranan \u00fcr\u00fcnleri kolayca stoklayabilirler. <strong>Erkek Siyah Deri Spor Ayakkab\u0131<\/strong> ve se\u00e7ici bir m\u00fc\u015fteri kitlesine hitap edin. M\u00fc\u015fterilerinize ola\u011fan\u00fcst\u00fc konfor ve stil sunmak i\u00e7in bizimle i\u015f ortakl\u0131\u011f\u0131 yap\u0131n. Kaliteye yat\u0131r\u0131m yap\u0131n; bize yat\u0131r\u0131m yap\u0131n <strong>Erkek Siyah Deri Spor Ayakkab\u0131<\/strong>.<\/p>","protected":false},"excerpt":{"rendered":"<p>40 41 42 43 44 dana derisi ici keci astar eva taban En az 16 \u00e7ift<\/p>\n<p>Minimum Sipari\u015f: 16 \u00c7ift<\/p>","protected":false},"featured_media":7097,"template":"","meta":{"_acf_changed":false,"_uag_custom_page_level_css":"","site-sidebar-layout":"default","site-content-layout":"","ast-site-content-layout":"default","site-content-style":"default","site-sidebar-style":"default","ast-global-header-display":"","ast-banner-title-visibility":"","ast-main-header-display":"","ast-hfb-above-header-display":"","ast-hfb-below-header-display":"","ast-hfb-mobile-header-display":"","site-post-title":"","ast-breadcrumbs-content":"","ast-featured-img":"","footer-sml-layout":"","ast-disable-related-posts":"","theme-transparent-header-meta":"default","adv-header-id-meta":"","stick-header-meta":"","header-above-stick-meta":"","header-main-stick-meta":"","header-below-stick-meta":"","astra-migrate-meta-layouts":"set","ast-page-background-enabled":"default","ast-page-background-meta":{"desktop":{"background-color":"var(--ast-global-color-4)","background-image":"","background-repeat":"repeat","background-position":"center center","background-size":"auto","background-attachment":"scroll","background-type":"","background-media":"","overlay-type":"","overlay-color":"","overlay-opacity":"","overlay-gradient":""},"tablet":{"background-color":"","background-image":"","background-repeat":"repeat","background-position":"center center","background-size":"auto","background-attachment":"scroll","background-type":"","background-media":"","overlay-type":"","overlay-color":"","overlay-opacity":"","overlay-gradient":""},"mobile":{"background-color":"","background-image":"","background-repeat":"repeat","background-position":"center center","background-size":"auto","background-attachment":"scroll","background-type":"","background-media":"","overlay-type":"","overlay-color":"","overlay-opacity":"","overlay-gradient":""}},"ast-content-background-meta":{"desktop":{"background-color":"var(--ast-global-color-5)","background-image":"","background-repeat":"repeat","background-position":"center center","background-size":"auto","background-attachment":"scroll","background-type":"","background-media":"","overlay-type":"","overlay-color":"","overlay-opacity":"","overlay-gradient":""},"tablet":{"background-color":"var(--ast-global-color-5)","background-image":"","background-repeat":"repeat","background-position":"center center","background-size":"auto","background-attachment":"scroll","background-type":"","background-media":"","overlay-type":"","overlay-color":"","overlay-opacity":"","overlay-gradient":""},"mobile":{"background-color":"var(--ast-global-color-5)","background-image":"","background-repeat":"repeat","background-position":"center center","background-size":"auto","background-attachment":"scroll","background-type":"","background-media":"","overlay-type":"","overlay-color":"","overlay-opacity":"","overlay-gradient":""}}},"product_brand":[],"product_cat":[48,430,1200,50],"product_tag":[1314,185,287,1345,1344,1116,1346,255,1123],"class_list":{"0":"post-7900","1":"product","2":"type-product","3":"status-publish","4":"has-post-thumbnail","6":"product_cat-casual","7":"product_cat-men","8":"product_cat-mens-shoes-2","9":"product_cat-sneakers","10":"product_tag-black-leather-footwear","11":"product_tag-calf-leather-shoes","12":"product_tag-eva-sole-shoes","13":"product_tag-goat-lining-sneakers","14":"product_tag-mens-black-leather-sneakers","15":"product_tag-premium-sneakers","16":"product_tag-stylish-mens-sneakers","17":"product_tag-turkish-leather-shoes","18":"product_tag-wholesale-sneakers","19":"desktop-align-center","20":"tablet-align-center","21":"mobile-align-center","23":"first","24":"instock","25":"shipping-taxable","26":"purchasable","27":"product-type-variable","28":"has-default-attributes"},"acf":[],"uagb_featured_image_src":{"full":["https:\/\/turkishtrade.co\/wp-content\/uploads\/2026\/01\/2600FKHMN00002-BLACK.png",453,250,false],"thumbnail":["https:\/\/turkishtrade.co\/wp-content\/uploads\/2026\/01\/2600FKHMN00002-BLACK-150x150.png",150,150,true],"medium":["https:\/\/turkishtrade.co\/wp-content\/uploads\/2026\/01\/2600FKHMN00002-BLACK-300x166.png",300,166,true],"medium_large":["https:\/\/turkishtrade.co\/wp-content\/uploads\/2026\/01\/2600FKHMN00002-BLACK.png",453,250,false],"large":["https:\/\/turkishtrade.co\/wp-content\/uploads\/2026\/01\/2600FKHMN00002-BLACK.png",453,250,false],"1536x1536":["https:\/\/turkishtrade.co\/wp-content\/uploads\/2026\/01\/2600FKHMN00002-BLACK.png",453,250,false],"2048x2048":["https:\/\/turkishtrade.co\/wp-content\/uploads\/2026\/01\/2600FKHMN00002-BLACK.png",453,250,false],"trp-custom-language-flag":["https:\/\/turkishtrade.co\/wp-content\/uploads\/2026\/01\/2600FKHMN00002-BLACK-18x10.png",18,10,true],"woocommerce_thumbnail":["https:\/\/turkishtrade.co\/wp-content\/uploads\/2026\/01\/2600FKHMN00002-BLACK-400x250.png",400,250,true],"woocommerce_single":["https:\/\/turkishtrade.co\/wp-content\/uploads\/2026\/01\/2600FKHMN00002-BLACK.png",453,250,false],"woocommerce_gallery_thumbnail":["https:\/\/turkishtrade.co\/wp-content\/uploads\/2026\/01\/2600FKHMN00002-BLACK-100x100.png",100,100,true]},"uagb_author_info":{"display_name":"python python","author_link":"https:\/\/turkishtrade.co\/tr\/author\/"},"uagb_comment_info":0,"uagb_excerpt":"40 41 42 43 44 dana derisi ici keci astar eva taban En az 16 pair Minimum Order: 16 Pairs","_links":{"self":[{"href":"https:\/\/turkishtrade.co\/tr\/wp-json\/wp\/v2\/product\/7900","targetHints":{"allow":["GET"]}}],"collection":[{"href":"https:\/\/turkishtrade.co\/tr\/wp-json\/wp\/v2\/product"}],"about":[{"href":"https:\/\/turkishtrade.co\/tr\/wp-json\/wp\/v2\/types\/product"}],"wp:featuredmedia":[{"embeddable":true,"href":"https:\/\/turkishtrade.co\/tr\/wp-json\/wp\/v2\/media\/7097"}],"wp:attachment":[{"href":"https:\/\/turkishtrade.co\/tr\/wp-json\/wp\/v2\/media?parent=7900"}],"wp:term":[{"taxonomy":"product_brand","embeddable":true,"href":"https:\/\/turkishtrade.co\/tr\/wp-json\/wp\/v2\/product_brand?post=7900"},{"taxonomy":"product_cat","embeddable":true,"href":"https:\/\/turkishtrade.co\/tr\/wp-json\/wp\/v2\/product_cat?post=7900"},{"taxonomy":"product_tag","embeddable":true,"href":"https:\/\/turkishtrade.co\/tr\/wp-json\/wp\/v2\/product_tag?post=7900"}],"curies":[{"name":"wp","href":"https:\/\/api.w.org\/{rel}","templated":true}]}}