{"id":7899,"date":"2026-01-29T14:45:45","date_gmt":"2026-01-29T14:45:45","guid":{"rendered":"https:\/\/turkishtrade.co\/?post_type=product&#038;p=7899"},"modified":"2026-04-09T20:41:16","modified_gmt":"2026-04-09T20:41:16","slug":"mens-brown-leather-sneakers-3","status":"publish","type":"product","link":"https:\/\/turkishtrade.co\/tr\/shop\/mens-brown-leather-sneakers-3\/","title":{"rendered":"Erkek Kahverengi Deri Spor Ayakkab\u0131 Ultimate | Premium Erkek Kahverengi Dana Derisi Deri"},"content":{"rendered":"<p>Premium Erkek Kahverengi Deri Spor Ayakkab\u0131lar\u0131m\u0131z ile sofistike bir konfora ad\u0131m at\u0131n. Modern erkek i\u00e7in titizlikle tasarlanan bu ola\u011fan\u00fcst\u00fc spor ayakkab\u0131lar, zamans\u0131z stili \u00e7a\u011fda\u015f performansla harmanl\u0131yor. \u0130ster \u015fehir sokaklar\u0131nda geziniyor ister rahat bir hafta sonunun tad\u0131n\u0131 \u00e7\u0131kar\u0131yor olun, bu <strong>erkek kahverengi\u0307 deri\u0307 spor ayakkabi<\/strong> m\u00fckemmel yol arkada\u015f\u0131n\u0131zd\u0131r. Zengin kahverengi tonu ve \u015f\u0131k silueti, gitti\u011finiz her yerde abart\u0131s\u0131z bir \u015f\u0131kl\u0131k ifadesi yaratman\u0131z\u0131 sa\u011flarken, kot pantolonlar, chino pantolonlar ve hatta \u00f6zel pantolonlarla zahmetsizce e\u015fle\u015fen \u00e7ok y\u00f6nl\u00fcl\u00fck sunar.<\/p>\n<h3>Rakipsiz Kalite ve Konfor: \u00d6nemli Olan Malzemeler<\/h3>\n<p>Kaliteye olan ba\u011fl\u0131l\u0131\u011f\u0131m\u0131z, bu ola\u011fan\u00fcst\u00fc \u00fcr\u00fcnlerin her detay\u0131nda kendini g\u00f6stermektedir <strong>erkek kahverengi\u0307 deri\u0307 spor ayakkabi<\/strong>. \u00dcst k\u0131s\u0131m, yumu\u015fak dokusu, dayan\u0131kl\u0131l\u0131\u011f\u0131 ve zarif y\u00fczeyiyle tan\u0131nan 100% hakiki dana derisinden \u00fcretilmi\u015ftir. Bu birinci s\u0131n\u0131f deri sadece m\u00fckemmel g\u00f6r\u00fcnmekle kalmaz, ayn\u0131 zamanda zamanla aya\u011f\u0131n\u0131za uyum sa\u011flayarak ki\u015fiye \u00f6zel bir uyum sa\u011flar. Bu ayakkab\u0131lar\u0131 ger\u00e7ekten farkl\u0131 k\u0131lan <strong>erkek kahverengi\u0307 deri\u0307 spor ayakkabi<\/strong> Bir di\u011fer ayr\u0131cal\u0131k ise i\u00e7 k\u0131s\u0131mlar\u0131d\u0131r: son derece yumu\u015fak ke\u00e7i derisi astar. Bu do\u011fal astar, \u00fcst\u00fcn nefes alabilirlik sa\u011flayarak uzun s\u00fcreli kullan\u0131mdan sonra bile ayaklar\u0131n\u0131z\u0131 rahat ve ferah tutar. Se\u00e7kin bireyler i\u00e7in tasarlanan ayakkab\u0131larla rahats\u0131zl\u0131\u011fa veda edin ve l\u00fckse merhaba deyin.<\/p>\n<p>Zarif deri saya ve astar\u0131 tamamlayan y\u00fcksek performansl\u0131 EVA taban. Bu hafif ve esnek malzeme m\u00fckemmel yast\u0131klama ve \u015fok emilimi sunarak her ad\u0131m\u0131 bir zevk haline getirir. EVA taban, g\u00fcvenilir tutu\u015f ve ola\u011fan\u00fcst\u00fc dayan\u0131kl\u0131l\u0131k sa\u011flayarak bu ayakkab\u0131n\u0131n <strong>erkek kahverengi\u0307 deri\u0307 spor ayakkabi<\/strong> gelecek sezonlar boyunca gard\u0131robunuzun vazge\u00e7ilmezi olacak. Sa\u011flam yap\u0131s\u0131ndan zarif esteti\u011fine kadar, bu ayakkab\u0131lar g\u00fcnl\u00fck ayakkab\u0131lardan \u00e7ok daha fazlas\u0131d\u0131r; kal\u0131c\u0131 stil ve benzersiz konfora yap\u0131lan bir yat\u0131r\u0131md\u0131r. Birinci s\u0131n\u0131f malzemelerin yaratt\u0131\u011f\u0131 fark\u0131 deneyimleyin.<\/p>\n<h3>Her Durum i\u00e7in \u00c7ok Y\u00f6nl\u00fc Stil<\/h3>\n<p>Bunlar\u0131n zamans\u0131z \u00e7ekicili\u011fi <strong>erkek kahverengi\u0307 deri\u0307 spor ayakkabi<\/strong> inan\u0131lmaz derecede \u00e7ok y\u00f6nl\u00fc olmas\u0131n\u0131 sa\u011flar. Rafine bir sofistike dokunu\u015f katarak her t\u00fcrl\u00fc g\u00fcndelik kombini y\u00fckseltmek i\u00e7in tasarlanm\u0131\u015ft\u0131r. \u015e\u0131k ve rahat bir g\u00f6r\u00fcn\u00fcm i\u00e7in koyu renk kot pantolon ve d\u00fc\u011fmeli g\u00f6mlekle ya da rahat ama g\u00f6steri\u015fli bir hava i\u00e7in a\u00e7\u0131k renk chino pantolon ve polo ile e\u015fle\u015ftirdi\u011finizi hayal edin. Zengin kahverengi rengi, geni\u015f bir renk ve stil yelpazesini tamamlayan topraks\u0131, klasik bir ton sunarak bu <strong>erkek kahverengi\u0307 deri\u0307 spor ayakkabi<\/strong> her gard\u0131rop i\u00e7in vazge\u00e7ilmez bir ek. Konfordan \u00f6d\u00fcn vermeden g\u00fcnl\u00fck stilinizi y\u00fckseltin.<\/p>\n<h3>Toptan Sat\u0131\u015f F\u0131rsatlar\u0131 ve Boyutland\u0131rma<\/h3>\n<p>Premium Erkek Kahverengi Deri Spor Ayakkab\u0131lar\u0131m\u0131z, 40 ila 44 numara aras\u0131nda geni\u015f bir m\u00fc\u015fteri kitlesine hitap eden kapsaml\u0131 bir beden yelpazesinde mevcuttur. Y\u00fcksek kaliteli ayakkab\u0131 stoklamak isteyen perakendeciler ve i\u015fletmeler i\u00e7in cazip toptan sat\u0131\u015f se\u00e7enekleri sunuyoruz. Bu ola\u011fan\u00fcst\u00fc ayakkab\u0131lar i\u00e7in minimum sipari\u015f miktar\u0131 <strong>erkek kahverengi\u0307 deri\u0307 spor ayakkabi<\/strong> 16 \u00e7ifttir ve m\u00fc\u015fterilerinize \u00fcst\u00fcn i\u015f\u00e7ilik ve \u00e7ekicili\u011fe sahip bir \u00fcr\u00fcn sunarken talebi kolayca kar\u015f\u0131laman\u0131z\u0131 sa\u011flar. M\u00fc\u015fterilerinize birinci s\u0131n\u0131f ayakkab\u0131lar sunma f\u0131rsat\u0131n\u0131 ka\u00e7\u0131rmay\u0131n. <strong>erkek kahverengi\u0307 deri\u0307 spor ayakkabi<\/strong> l\u00fcks, konfor ve kal\u0131c\u0131 stili bir araya getiriyor.<\/p>","protected":false},"excerpt":{"rendered":"<ul>\n<li>\u00dcst\u00fcn dayan\u0131kl\u0131l\u0131k ve stil i\u00e7in hakiki dana derisinden ustal\u0131kla \u00fcretilmi\u015ftir.<\/li>\n<li>Ola\u011fan\u00fcst\u00fc nefes alabilirlik ve konfor sa\u011flayan l\u00fcks ke\u00e7i derisi astara sahiptir.<\/li>\n<li>G\u00fcn boyu giyilebilirlik i\u00e7in hafif ve esnek EVA taban ile donat\u0131lm\u0131\u015ft\u0131r.<\/li>\n<li>Pop\u00fcler erkek bedenlerinde mevcuttur: 40, 41, 42, 43, 44.<\/li>\n<li>Hem g\u00fcndelik geziler hem de \u015f\u0131k etkinlikler i\u00e7in idealdir ve \u00e7ok y\u00f6nl\u00fc bir stil sunar.<\/li>\n<li>Minimum 16 \u00e7ift sipari\u015f ile toptan sat\u0131\u015f f\u0131rsatlar\u0131 mevcuttur.<\/li>\n<\/ul>","protected":false},"featured_media":7096,"template":"","meta":{"_acf_changed":false,"_uag_custom_page_level_css":"","site-sidebar-layout":"default","site-content-layout":"","ast-site-content-layout":"default","site-content-style":"default","site-sidebar-style":"default","ast-global-header-display":"","ast-banner-title-visibility":"","ast-main-header-display":"","ast-hfb-above-header-display":"","ast-hfb-below-header-display":"","ast-hfb-mobile-header-display":"","site-post-title":"","ast-breadcrumbs-content":"","ast-featured-img":"","footer-sml-layout":"","ast-disable-related-posts":"","theme-transparent-header-meta":"","adv-header-id-meta":"","stick-header-meta":"","header-above-stick-meta":"","header-main-stick-meta":"","header-below-stick-meta":"","astra-migrate-meta-layouts":"default","ast-page-background-enabled":"default","ast-page-background-meta":{"desktop":{"background-color":"var(--ast-global-color-4)","background-image":"","background-repeat":"repeat","background-position":"center center","background-size":"auto","background-attachment":"scroll","background-type":"","background-media":"","overlay-type":"","overlay-color":"","overlay-opacity":"","overlay-gradient":""},"tablet":{"background-color":"","background-image":"","background-repeat":"repeat","background-position":"center center","background-size":"auto","background-attachment":"scroll","background-type":"","background-media":"","overlay-type":"","overlay-color":"","overlay-opacity":"","overlay-gradient":""},"mobile":{"background-color":"","background-image":"","background-repeat":"repeat","background-position":"center center","background-size":"auto","background-attachment":"scroll","background-type":"","background-media":"","overlay-type":"","overlay-color":"","overlay-opacity":"","overlay-gradient":""}},"ast-content-background-meta":{"desktop":{"background-color":"var(--ast-global-color-5)","background-image":"","background-repeat":"repeat","background-position":"center center","background-size":"auto","background-attachment":"scroll","background-type":"","background-media":"","overlay-type":"","overlay-color":"","overlay-opacity":"","overlay-gradient":""},"tablet":{"background-color":"var(--ast-global-color-5)","background-image":"","background-repeat":"repeat","background-position":"center center","background-size":"auto","background-attachment":"scroll","background-type":"","background-media":"","overlay-type":"","overlay-color":"","overlay-opacity":"","overlay-gradient":""},"mobile":{"background-color":"var(--ast-global-color-5)","background-image":"","background-repeat":"repeat","background-position":"center center","background-size":"auto","background-attachment":"scroll","background-type":"","background-media":"","overlay-type":"","overlay-color":"","overlay-opacity":"","overlay-gradient":""}}},"product_brand":[],"product_cat":[48,430,1200,50],"product_tag":[292,1343,241,222,438,189,365,198,214,1123],"class_list":{"0":"post-7899","1":"product","2":"type-product","3":"status-publish","4":"has-post-thumbnail","6":"product_cat-casual","7":"product_cat-men","8":"product_cat-mens-shoes-2","9":"product_cat-sneakers","10":"product_tag-brown-leather-shoes","11":"product_tag-calfskin-sneakers","12":"product_tag-casual-footwear","13":"product_tag-comfortable-shoes","14":"product_tag-eva-sole","15":"product_tag-goat-leather-lining","16":"product_tag-luxury-sneakers","17":"product_tag-mens-fashion","18":"product_tag-mens-sneakers","19":"product_tag-wholesale-sneakers","20":"desktop-align-center","21":"tablet-align-center","22":"mobile-align-center","24":"first","25":"instock","26":"shipping-taxable","27":"purchasable","28":"product-type-variable","29":"has-default-attributes"},"acf":[],"uagb_featured_image_src":{"full":["https:\/\/turkishtrade.co\/wp-content\/uploads\/2026\/01\/2600FKHMN00001-BROWN.png",453,250,false],"thumbnail":["https:\/\/turkishtrade.co\/wp-content\/uploads\/2026\/01\/2600FKHMN00001-BROWN-150x150.png",150,150,true],"medium":["https:\/\/turkishtrade.co\/wp-content\/uploads\/2026\/01\/2600FKHMN00001-BROWN-300x166.png",300,166,true],"medium_large":["https:\/\/turkishtrade.co\/wp-content\/uploads\/2026\/01\/2600FKHMN00001-BROWN.png",453,250,false],"large":["https:\/\/turkishtrade.co\/wp-content\/uploads\/2026\/01\/2600FKHMN00001-BROWN.png",453,250,false],"1536x1536":["https:\/\/turkishtrade.co\/wp-content\/uploads\/2026\/01\/2600FKHMN00001-BROWN.png",453,250,false],"2048x2048":["https:\/\/turkishtrade.co\/wp-content\/uploads\/2026\/01\/2600FKHMN00001-BROWN.png",453,250,false],"trp-custom-language-flag":["https:\/\/turkishtrade.co\/wp-content\/uploads\/2026\/01\/2600FKHMN00001-BROWN-18x10.png",18,10,true],"woocommerce_thumbnail":["https:\/\/turkishtrade.co\/wp-content\/uploads\/2026\/01\/2600FKHMN00001-BROWN-400x250.png",400,250,true],"woocommerce_single":["https:\/\/turkishtrade.co\/wp-content\/uploads\/2026\/01\/2600FKHMN00001-BROWN.png",453,250,false],"woocommerce_gallery_thumbnail":["https:\/\/turkishtrade.co\/wp-content\/uploads\/2026\/01\/2600FKHMN00001-BROWN-100x100.png",100,100,true]},"uagb_author_info":{"display_name":"python python","author_link":"https:\/\/turkishtrade.co\/tr\/author\/"},"uagb_comment_info":0,"uagb_excerpt":"Expertly crafted from genuine calfskin leather for superior durability and style. Features a luxurious goat leather lining, ensuring exceptional breathability and comfort. Equipped with a lightweight and flexible EVA sole for all-day wearability. Available in popular men's sizes: 40, 41, 42, 43, 44. Ideal for both casual outings and smart-casual events, offering versatile styling. Wholesale&hellip;","_links":{"self":[{"href":"https:\/\/turkishtrade.co\/tr\/wp-json\/wp\/v2\/product\/7899","targetHints":{"allow":["GET"]}}],"collection":[{"href":"https:\/\/turkishtrade.co\/tr\/wp-json\/wp\/v2\/product"}],"about":[{"href":"https:\/\/turkishtrade.co\/tr\/wp-json\/wp\/v2\/types\/product"}],"wp:featuredmedia":[{"embeddable":true,"href":"https:\/\/turkishtrade.co\/tr\/wp-json\/wp\/v2\/media\/7096"}],"wp:attachment":[{"href":"https:\/\/turkishtrade.co\/tr\/wp-json\/wp\/v2\/media?parent=7899"}],"wp:term":[{"taxonomy":"product_brand","embeddable":true,"href":"https:\/\/turkishtrade.co\/tr\/wp-json\/wp\/v2\/product_brand?post=7899"},{"taxonomy":"product_cat","embeddable":true,"href":"https:\/\/turkishtrade.co\/tr\/wp-json\/wp\/v2\/product_cat?post=7899"},{"taxonomy":"product_tag","embeddable":true,"href":"https:\/\/turkishtrade.co\/tr\/wp-json\/wp\/v2\/product_tag?post=7899"}],"curies":[{"name":"wp","href":"https:\/\/api.w.org\/{rel}","templated":true}]}}