{"id":6554,"date":"2026-01-26T13:08:10","date_gmt":"2026-01-26T13:08:10","guid":{"rendered":"https:\/\/turkishtrade.co\/?post_type=product&#038;p=6554"},"modified":"2026-04-09T19:08:56","modified_gmt":"2026-04-09T19:08:56","slug":"exclusive-mens-suede-brogue-shoes-premium-leather-footwear","status":"publish","type":"product","link":"https:\/\/turkishtrade.co\/tr\/shop\/exclusive-mens-suede-brogue-shoes-premium-leather-footwear\/","title":{"rendered":"Zarif Erkek S\u00fcet Deri Brogue Derby Ayakkab\u0131"},"content":{"rendered":"<p><strong>Erkek S\u00fcet Brogue Ayakkab\u0131<\/strong><\/p>\n<p>Ayakkab\u0131 koleksiyonunuzu se\u00e7kin \u00fcr\u00fcnlerimizle geli\u015ftirin <b>Erkek S\u00fcet Brogue Ayakkab\u0131<\/b>, Hem stil hem de konfora de\u011fer veren modern beyefendiler i\u00e7in tasarland\u0131. Bunlar herhangi bir ayakkab\u0131 de\u011fil; say\u0131s\u0131z durum i\u00e7in m\u00fckemmel olan sofistike g\u00fcndelik \u015f\u0131kl\u0131\u011f\u0131n bir ifadesidir. \u0130ster i\u015f ama\u00e7l\u0131 g\u00fcndelik bir etkinlik i\u00e7in giyiniyor olun, ister hafta sonu k\u0131yafetleriniz i\u00e7in zarif bir dokunu\u015f ar\u0131yor olun, bu <b>Erkek S\u00fcet Brogue Ayakkab\u0131<\/b> benzersiz bir ayr\u0131cal\u0131k sunar.<\/p>\n<h3>E\u015fsiz \u0130\u015f\u00e7ilik ve Birinci S\u0131n\u0131f Malzemeler<\/h3>\n<p>Detaylara titizlikle \u00f6zen g\u00f6sterilerek \u00fcretilen d\u0131\u015f k\u0131s\u0131m, yumu\u015fak bir doku ve zarif bir y\u00fczey sunan l\u00fcks bir s\u0131\u011f\u0131r derisi s\u00fcete sahiptir. Klasik kanat ucu brogue detaylar ve karma\u015f\u0131k delikler, son derece \u00e7a\u011fda\u015f kal\u0131rken geleneksel ayakkab\u0131c\u0131l\u0131\u011f\u0131 an\u0131msatan zamans\u0131z bir \u00e7ekicilik kat\u0131yor. Zengin ten rengi (ilk resimde g\u00f6r\u00fcld\u00fc\u011f\u00fc gibi) ve derin, sofistike lacivert (ikinci resimde yer al\u0131yor) gibi \u00e7ok y\u00f6nl\u00fc tonlarda mevcut olan bu <b>Erkek S\u00fcet Brogue Ayakkab\u0131<\/b> her gard\u0131robu m\u00fckemmel \u015fekilde tamamlayacak se\u00e7enekler sunar.<\/p>\n<h3>Her Ad\u0131mda \u00dcst\u00fcn Konfor<\/h3>\n<p>\u00c7arp\u0131c\u0131 esteti\u011finin \u00f6tesinde, konfor her \u015feyden \u00f6nemlidir. \u0130\u00e7 k\u0131sm\u0131 esnek ke\u00e7i derisiyle astarlanm\u0131\u015ft\u0131r ve g\u00fcn boyunca ayaklar\u0131n\u0131z i\u00e7in yumu\u015fak, nefes alabilen bir ortam sa\u011flar. Ke\u00e7i derisinin do\u011fal \u00f6zellikleri cilde kar\u015f\u0131 inan\u0131lmaz derecede p\u00fcr\u00fczs\u00fcz bir his sa\u011flad\u0131\u011f\u0131ndan rahats\u0131zl\u0131\u011fa elveda deyin.<\/p>\n<p>Bu birinci s\u0131n\u0131f i\u00e7 mekan\u0131 tamamlayan geli\u015fmi\u015f EVA taban, ola\u011fan\u00fcst\u00fc hafiflik ve yast\u0131klama i\u00e7in tasarlanm\u0131\u015ft\u0131r. \u0130nce bir 1-3 cm topukla e\u015fle\u015ftirilen bu yenilik\u00e7i taban, darbeyi emer ve \u00fcst\u00fcn esneklik sa\u011flayarak bu ayakkab\u0131lar\u0131 <b>Erkek S\u00fcet Brogue Ayakkab\u0131<\/b> uzun s\u00fcreli kullan\u0131m i\u00e7in idealdir. Bunlar <b>Erkek S\u00fcet Brogue Ayakkab\u0131<\/b> klasik \u00e7ekicili\u011fi modern konforla ger\u00e7ekten birle\u015ftiriyor.<\/p>\n<h3>Boyutland\u0131rma, Bulunabilirlik ve \u00d6zel Sipari\u015fler<\/h3>\n<p>Se\u00e7ici m\u00fc\u015fterilerimizin ihtiya\u00e7lar\u0131n\u0131 anl\u0131yoruz, i\u015fte bu y\u00fczden bu y\u00fcksek kaliteli <b>Erkek S\u00fcet Brogue Ayakkab\u0131<\/b> AB 39'dan 45'e kadar kapsaml\u0131 bir beden aral\u0131\u011f\u0131nda sunulmaktad\u0131r. Birinci s\u0131n\u0131f ayakkab\u0131 stoklamak isteyen perakendeciler ve i\u015fletmeler i\u00e7in, minimum 8 \u00e7ift sipari\u015f miktar\u0131yla cazip toptan sat\u0131\u015f se\u00e7enekleri sunuyoruz. Bu ola\u011fan\u00fcst\u00fc ayakkab\u0131lar\u0131n her bir \u00e7ifti <b>Erkek S\u00fcet Brogue Ayakkab\u0131<\/b> sipari\u015f \u00fczerine haz\u0131rlan\u0131r, teslimat s\u00fcresi yakla\u015f\u0131k 12 g\u00fcn art\u0131 nakliye ile \u00f6zenle ve hassasiyetle yap\u0131lm\u0131\u015f bir \u00fcr\u00fcn alman\u0131z\u0131 sa\u011flar.<\/p>\n<p>Bir \u00e7ift ayakkab\u0131ya yat\u0131r\u0131m yap\u0131n <b>Erkek S\u00fcet Brogue Ayakkab\u0131<\/b> bug\u00fcn ve gelenek, yenilik ve \u00fcst\u00fcn konforun m\u00fckemmel kar\u0131\u015f\u0131m\u0131n\u0131 deneyimleyin.<\/p>","protected":false},"excerpt":{"rendered":"<ul>\n<li><b>Premium Malzemeler:<\/b> Ola\u011fan\u00fcst\u00fc konfor ve dayan\u0131kl\u0131l\u0131k i\u00e7in l\u00fcks s\u0131\u011f\u0131r derisi s\u00fcet saya ve yumu\u015fak ke\u00e7i derisi astar ile \u00fcretilmi\u015ftir.<\/li>\n<li><b>Hafif Konfor:<\/b> Klasik 1-3 cm topuk ile \u00fcst\u00fcn yast\u0131klama ve hafif bir ad\u0131m sa\u011flayan geli\u015fmi\u015f EVA tabana sahiptir.<\/li>\n<li><b>Klasik Brogue Stili:<\/b> Zarif wingtip detaylar ve klasik ba\u011fc\u0131kl\u0131 tasar\u0131m, hem g\u00fcndelik hem de yar\u0131 resmi durumlar i\u00e7in m\u00fckemmeldir.<\/li>\n<li><b>Mevcut Boyutlar:<\/b> 39'dan 45'e (AB) kadar kapsaml\u0131 bir beden yelpazesinde sunulmaktad\u0131r.<\/li>\n<li><b>Toptan Sat\u0131\u015f:<\/b> Minimum 8 \u00e7ift sipari\u015f, perakendeciler ve toplu al\u0131mlar i\u00e7in idealdir.<\/li>\n<\/ul>","protected":false},"featured_media":3835,"template":"","meta":{"_acf_changed":false,"_uag_custom_page_level_css":"","site-sidebar-layout":"default","site-content-layout":"","ast-site-content-layout":"default","site-content-style":"default","site-sidebar-style":"default","ast-global-header-display":"","ast-banner-title-visibility":"","ast-main-header-display":"","ast-hfb-above-header-display":"","ast-hfb-below-header-display":"","ast-hfb-mobile-header-display":"","site-post-title":"","ast-breadcrumbs-content":"","ast-featured-img":"","footer-sml-layout":"","ast-disable-related-posts":"","theme-transparent-header-meta":"default","adv-header-id-meta":"","stick-header-meta":"","header-above-stick-meta":"","header-main-stick-meta":"","header-below-stick-meta":"","astra-migrate-meta-layouts":"set","ast-page-background-enabled":"default","ast-page-background-meta":{"desktop":{"background-color":"var(--ast-global-color-4)","background-image":"","background-repeat":"repeat","background-position":"center center","background-size":"auto","background-attachment":"scroll","background-type":"","background-media":"","overlay-type":"","overlay-color":"","overlay-opacity":"","overlay-gradient":""},"tablet":{"background-color":"","background-image":"","background-repeat":"repeat","background-position":"center center","background-size":"auto","background-attachment":"scroll","background-type":"","background-media":"","overlay-type":"","overlay-color":"","overlay-opacity":"","overlay-gradient":""},"mobile":{"background-color":"","background-image":"","background-repeat":"repeat","background-position":"center center","background-size":"auto","background-attachment":"scroll","background-type":"","background-media":"","overlay-type":"","overlay-color":"","overlay-opacity":"","overlay-gradient":""}},"ast-content-background-meta":{"desktop":{"background-color":"var(--ast-global-color-5)","background-image":"","background-repeat":"repeat","background-position":"center center","background-size":"auto","background-attachment":"scroll","background-type":"","background-media":"","overlay-type":"","overlay-color":"","overlay-opacity":"","overlay-gradient":""},"tablet":{"background-color":"var(--ast-global-color-5)","background-image":"","background-repeat":"repeat","background-position":"center center","background-size":"auto","background-attachment":"scroll","background-type":"","background-media":"","overlay-type":"","overlay-color":"","overlay-opacity":"","overlay-gradient":""},"mobile":{"background-color":"var(--ast-global-color-5)","background-image":"","background-repeat":"repeat","background-position":"center center","background-size":"auto","background-attachment":"scroll","background-type":"","background-media":"","overlay-type":"","overlay-color":"","overlay-opacity":"","overlay-gradient":""}}},"product_brand":[],"product_cat":[152,48,151,47,430,40],"product_tag":[672,781,212,438,959,189,227,1030,225,1032,283,1031,281,702],"class_list":{"0":"post-6554","1":"product","2":"type-product","3":"status-publish","4":"has-post-thumbnail","6":"product_cat-casual-2","7":"product_cat-casual","8":"product_cat-classic-2","9":"product_cat-classic","10":"product_cat-men","11":"product_cat-mens-shoes","12":"product_tag-brogues","13":"product_tag-cowhide-shoes","14":"product_tag-derby-shoes","15":"product_tag-eva-sole","16":"product_tag-formal-casual-shoes","17":"product_tag-goat-leather-lining","18":"product_tag-leather-shoes","19":"product_tag-mens-suede-brogue-shoes","20":"product_tag-mens-footwear","21":"product_tag-navy-suede","22":"product_tag-suede-shoes","23":"product_tag-tan-suede","24":"product_tag-wholesale-shoes","25":"product_tag-wingtip-shoes","26":"desktop-align-center","27":"tablet-align-center","28":"mobile-align-center","30":"first","31":"instock","32":"shipping-taxable","33":"purchasable","34":"product-type-variable","35":"has-default-attributes"},"acf":[],"uagb_featured_image_src":{"full":["https:\/\/turkishtrade.co\/wp-content\/uploads\/2026\/01\/2400EJOMN00236-DARK-BLUE-DKS_435-4-USD.png",453,250,false],"thumbnail":["https:\/\/turkishtrade.co\/wp-content\/uploads\/2026\/01\/2400EJOMN00236-DARK-BLUE-DKS_435-4-USD-150x150.png",150,150,true],"medium":["https:\/\/turkishtrade.co\/wp-content\/uploads\/2026\/01\/2400EJOMN00236-DARK-BLUE-DKS_435-4-USD-300x166.png",300,166,true],"medium_large":["https:\/\/turkishtrade.co\/wp-content\/uploads\/2026\/01\/2400EJOMN00236-DARK-BLUE-DKS_435-4-USD.png",453,250,false],"large":["https:\/\/turkishtrade.co\/wp-content\/uploads\/2026\/01\/2400EJOMN00236-DARK-BLUE-DKS_435-4-USD.png",453,250,false],"1536x1536":["https:\/\/turkishtrade.co\/wp-content\/uploads\/2026\/01\/2400EJOMN00236-DARK-BLUE-DKS_435-4-USD.png",453,250,false],"2048x2048":["https:\/\/turkishtrade.co\/wp-content\/uploads\/2026\/01\/2400EJOMN00236-DARK-BLUE-DKS_435-4-USD.png",453,250,false],"trp-custom-language-flag":["https:\/\/turkishtrade.co\/wp-content\/uploads\/2026\/01\/2400EJOMN00236-DARK-BLUE-DKS_435-4-USD-18x10.png",18,10,true],"woocommerce_thumbnail":["https:\/\/turkishtrade.co\/wp-content\/uploads\/2026\/01\/2400EJOMN00236-DARK-BLUE-DKS_435-4-USD-400x250.png",400,250,true],"woocommerce_single":["https:\/\/turkishtrade.co\/wp-content\/uploads\/2026\/01\/2400EJOMN00236-DARK-BLUE-DKS_435-4-USD.png",453,250,false],"woocommerce_gallery_thumbnail":["https:\/\/turkishtrade.co\/wp-content\/uploads\/2026\/01\/2400EJOMN00236-DARK-BLUE-DKS_435-4-USD-100x100.png",100,100,true]},"uagb_author_info":{"display_name":"python python","author_link":"https:\/\/turkishtrade.co\/tr\/author\/"},"uagb_comment_info":0,"uagb_excerpt":"Premium Materials: Crafted with a luxurious cowhide suede upper and soft goat leather lining for exceptional comfort and durability. Lightweight Comfort: Features an advanced EVA sole providing superior cushioning and a light step, with a classic 1-3 cm heel. Classic Brogue Style: Elegant wingtip detailing and classic lace-up design, perfect for both casual and semi-formal&hellip;","_links":{"self":[{"href":"https:\/\/turkishtrade.co\/tr\/wp-json\/wp\/v2\/product\/6554","targetHints":{"allow":["GET"]}}],"collection":[{"href":"https:\/\/turkishtrade.co\/tr\/wp-json\/wp\/v2\/product"}],"about":[{"href":"https:\/\/turkishtrade.co\/tr\/wp-json\/wp\/v2\/types\/product"}],"wp:featuredmedia":[{"embeddable":true,"href":"https:\/\/turkishtrade.co\/tr\/wp-json\/wp\/v2\/media\/3835"}],"wp:attachment":[{"href":"https:\/\/turkishtrade.co\/tr\/wp-json\/wp\/v2\/media?parent=6554"}],"wp:term":[{"taxonomy":"product_brand","embeddable":true,"href":"https:\/\/turkishtrade.co\/tr\/wp-json\/wp\/v2\/product_brand?post=6554"},{"taxonomy":"product_cat","embeddable":true,"href":"https:\/\/turkishtrade.co\/tr\/wp-json\/wp\/v2\/product_cat?post=6554"},{"taxonomy":"product_tag","embeddable":true,"href":"https:\/\/turkishtrade.co\/tr\/wp-json\/wp\/v2\/product_tag?post=6554"}],"curies":[{"name":"wp","href":"https:\/\/api.w.org\/{rel}","templated":true}]}}