{"id":6199,"date":"2026-01-14T14:20:12","date_gmt":"2026-01-14T14:20:12","guid":{"rendered":"https:\/\/turkishtrade.co\/product\/mens-classic-leather-brogues\/"},"modified":"2026-04-09T19:09:25","modified_gmt":"2026-04-09T19:09:25","slug":"mens-classic-leather-brogues","status":"publish","type":"product","link":"https:\/\/turkishtrade.co\/tr\/shop\/mens-classic-leather-brogues\/","title":{"rendered":"Erkek Klasik Deri Brogues - Premium Dana Derisi Elbise Ayakkab\u0131s\u0131"},"content":{"rendered":"<p><strong>Erkek Klasik Deri Brogues<\/strong><\/p>\n<p>Enfes tasar\u0131m\u0131m\u0131zla zamans\u0131z \u015f\u0131kl\u0131\u011fa ad\u0131m at\u0131n <b>Erkek Klasik Deri Brogues<\/b>. Titizlikle m\u00fckemmel bir \u015fekilde \u00fcretilen bu birinci s\u0131n\u0131f elbise ayakkab\u0131lar\u0131, geleneksel stil ve modern konforun bir kar\u0131\u015f\u0131m\u0131n\u0131 sunarak her se\u00e7kin beyefendinin gard\u0131robuna vazge\u00e7ilmez bir katk\u0131 sa\u011flar. Sofistike zengin kahverengi ve \u00e7ok y\u00f6nl\u00fc lacivert renkleri bulunan bu <b>Erkek Klasik Deri Brogues<\/b> ister \u00f6nemli bir i\u015f toplant\u0131s\u0131na, ister resmi bir etkinli\u011fe gidiyor olun, ister sadece g\u00fcnl\u00fck \u015f\u0131k k\u0131yafetlerinizi y\u00fckseltiyor olun, bir a\u00e7\u0131klama yapmak i\u00e7in tasarlanm\u0131\u015ft\u0131r.<\/p>\n<p>Koleksiyonumuz <b>Erkek Klasik Deri Brogues<\/b> her zaman kusursuz giyinmenizi sa\u011flar.<\/p>\n<h3>Benzersiz \u0130\u015f\u00e7ilik ve Malzemeler<\/h3>\n<p>Bu y\u00fcksek kaliteli \u00fcr\u00fcnlerin her bir \u00e7ifti <b>Erkek Klasik Deri Brogues<\/b> sadece en iyi malzemeler kullan\u0131larak \u00fcretilmi\u015ftir. D\u0131\u015f y\u00fczey, dayan\u0131kl\u0131l\u0131\u011f\u0131, p\u00fcr\u00fczs\u00fcz y\u00fczeyi ve g\u00fczel bir \u015fekilde eskime kabiliyetiyle tan\u0131nan esnek, y\u00fcksek kaliteli dana derisinden yap\u0131lm\u0131\u015ft\u0131r. Bu birinci s\u0131n\u0131f d\u0131\u015f y\u00fczey, her ad\u0131mda nefes alabilirlik ve ola\u011fan\u00fcst\u00fc rahatl\u0131k sa\u011flayan son derece yumu\u015fak ke\u00e7i derisi astar ile tamamlanmaktad\u0131r.<\/p>\n<p>Parmak ucundaki ve yanlardaki karma\u015f\u0131k brogue detaylar, klasik sofistike bir dokunu\u015f katarak kaliteli ayakkab\u0131c\u0131l\u0131k miras\u0131n\u0131 yans\u0131t\u0131r. Bizim ayakkab\u0131m\u0131z\u0131 se\u00e7ti\u011finizde <b>Erkek Klasik Deri Brogues<\/b>, benzersiz kaliteyi ve uzun s\u00fcre dayanacak \u015fekilde tasarlanm\u0131\u015f bir ayakkab\u0131y\u0131 se\u00e7iyorsunuz.<\/p>\n<h3>Sizin \u0130\u00e7in Tasarlanm\u0131\u015f Konfor ve Dayan\u0131kl\u0131l\u0131k<\/h3>\n<p>Konfor, stilin \u00f6n\u00fcne ge\u00e7mez. Bizim <b>Erkek Klasik Deri Brogues<\/b> m\u00fckemmel kavrama ve uzun \u00f6m\u00fcrl\u00fc a\u015f\u0131nma sa\u011flayan sa\u011flam kau\u00e7uk tabana sahiptir. \u0130nce 1-3 cm topuk y\u00fcksekli\u011fi, denge veya konfordan \u00f6d\u00fcn vermeden zarif bir siluet i\u00e7in do\u011fru miktarda y\u00fckselme sa\u011flar.<\/p>\n<p>Bunlar <b>Erkek Klasik Deri Brogues<\/b> bozulmam\u0131\u015f g\u00f6r\u00fcn\u00fcmlerini korurken g\u00fcnl\u00fck kullan\u0131m\u0131n zorluklar\u0131na dayanacak \u015fekilde \u00fcretilmi\u015ftir. 39-45 EU aras\u0131nda de\u011fi\u015fen bedenlerimizle, geni\u015f bir ayak yelpazesine hitap ederek kusursuz bir g\u00f6r\u00fcn\u00fcm i\u00e7in m\u00fckemmel bir uyum sa\u011fl\u0131yoruz. Ayakkab\u0131lar\u0131m\u0131z\u0131n kal\u0131c\u0131 konforunu ve se\u00e7kin tarz\u0131n\u0131 deneyimleyin <b>Erkek Klasik Deri Brogues<\/b>.<\/p>\n<h3>Toptan Al\u0131c\u0131lar i\u00e7in \u0130deal<\/h3>\n<p>M\u00fc\u015fterilerine birinci s\u0131n\u0131f ayakkab\u0131lar sunmak isteyen perakendeciler ve i\u015fletmeler i\u00e7in bu <b>Erkek Klasik Deri Brogues<\/b> m\u00fckemmel bir se\u00e7imdir. Bu y\u00fcksek kaliteli ayakkab\u0131lar\u0131 toptan sat\u0131\u015f i\u00e7in minimum 8 \u00e7ift sipari\u015f \u015fart\u0131yla sunuyoruz. Bu sayede hem butik ma\u011fazalara hem de b\u00fcy\u00fck perakendecilere hitap eden esnek stoklama se\u00e7enekleri sunuyoruz.<\/p>\n<p>Bizim i\u00e7in sipari\u015fler <b>Erkek Klasik Deri Brogues<\/b> yakla\u015f\u0131k 12 g\u00fcnl\u00fck tahmini teslimat s\u00fcresi ve standart nakliye ile i\u015flenir ve i\u015fletmeniz i\u00e7in sorunsuz ve verimli bir tedarik s\u00fcreci sa\u011flar.<\/p>\n<p>Envanterinizi y\u00fckseltin ve m\u00fc\u015fterilerinize \u015funlar\u0131 sa\u011flay\u0131n <b>Erkek Klasik Deri Brogues<\/b> kalite ve tasar\u0131mda ger\u00e7ekten \u00f6ne \u00e7\u0131k\u0131yor. Bu broglar sadece ayakkab\u0131 de\u011fildir; en se\u00e7ici m\u00fc\u015fterileriniz i\u00e7in stil ve kal\u0131c\u0131 konfora yap\u0131lan bir yat\u0131r\u0131md\u0131r.<\/p>","protected":false},"excerpt":{"rendered":"<ul>\n<li>Premium D\u0131\u015f Malzeme: 100% Hakiki Dana Derisi<\/li>\n<li>L\u00fcks \u0130\u00e7 Astar: Yumu\u015fak Ke\u00e7i Derisi<\/li>\n<li>Dayan\u0131kl\u0131 ve Rahat Taban: Kau\u00e7uk<\/li>\n<li>\u015e\u0131k Topuk Y\u00fcksekli\u011fi: Hafif kald\u0131rma i\u00e7in 1-3 cm<\/li>\n<li>Mevcut Bedenler: AB 39, 40, 41, 42, 43, 44, 45<\/li>\n<li>Minimum Sipari\u015f: 8 \u00c7ift (Toptan al\u0131c\u0131lar i\u00e7in idealdir)<\/li>\n<li>Tahmini Teslimat: 12 G\u00fcn + Kargo<\/li>\n<\/ul>","protected":false},"featured_media":4141,"template":"","meta":{"_acf_changed":false,"_uag_custom_page_level_css":"","site-sidebar-layout":"default","site-content-layout":"","ast-site-content-layout":"default","site-content-style":"default","site-sidebar-style":"default","ast-global-header-display":"","ast-banner-title-visibility":"","ast-main-header-display":"","ast-hfb-above-header-display":"","ast-hfb-below-header-display":"","ast-hfb-mobile-header-display":"","site-post-title":"","ast-breadcrumbs-content":"","ast-featured-img":"","footer-sml-layout":"","ast-disable-related-posts":"","theme-transparent-header-meta":"default","adv-header-id-meta":"","stick-header-meta":"","header-above-stick-meta":"","header-main-stick-meta":"","header-below-stick-meta":"","astra-migrate-meta-layouts":"set","ast-page-background-enabled":"default","ast-page-background-meta":{"desktop":{"background-color":"var(--ast-global-color-4)","background-image":"","background-repeat":"repeat","background-position":"center center","background-size":"auto","background-attachment":"scroll","background-type":"","background-media":"","overlay-type":"","overlay-color":"","overlay-opacity":"","overlay-gradient":""},"tablet":{"background-color":"","background-image":"","background-repeat":"repeat","background-position":"center center","background-size":"auto","background-attachment":"scroll","background-type":"","background-media":"","overlay-type":"","overlay-color":"","overlay-opacity":"","overlay-gradient":""},"mobile":{"background-color":"","background-image":"","background-repeat":"repeat","background-position":"center center","background-size":"auto","background-attachment":"scroll","background-type":"","background-media":"","overlay-type":"","overlay-color":"","overlay-opacity":"","overlay-gradient":""}},"ast-content-background-meta":{"desktop":{"background-color":"var(--ast-global-color-5)","background-image":"","background-repeat":"repeat","background-position":"center center","background-size":"auto","background-attachment":"scroll","background-type":"","background-media":"","overlay-type":"","overlay-color":"","overlay-opacity":"","overlay-gradient":""},"tablet":{"background-color":"var(--ast-global-color-5)","background-image":"","background-repeat":"repeat","background-position":"center center","background-size":"auto","background-attachment":"scroll","background-type":"","background-media":"","overlay-type":"","overlay-color":"","overlay-opacity":"","overlay-gradient":""},"mobile":{"background-color":"var(--ast-global-color-5)","background-image":"","background-repeat":"repeat","background-position":"center center","background-size":"auto","background-attachment":"scroll","background-type":"","background-media":"","overlay-type":"","overlay-color":"","overlay-opacity":"","overlay-gradient":""}}},"product_brand":[],"product_cat":[48,47,49,430,40],"product_tag":[898,405,566,896,251,189,535,685,1183,1181,632,1182,281,702],"class_list":{"0":"post-6199","1":"product","2":"type-product","3":"status-publish","4":"has-post-thumbnail","6":"product_cat-casual","7":"product_cat-classic","8":"product_cat-loafer","9":"product_cat-men","10":"product_cat-mens-shoes","11":"product_tag-brown-brogues","12":"product_tag-business-shoes","13":"product_tag-calfskin-shoes","14":"product_tag-classic-brogues","15":"product_tag-formal-shoes","16":"product_tag-goat-leather-lining","17":"product_tag-leather-dress-shoes","18":"product_tag-mens-brogues","19":"product_tag-navy-brogues","20":"product_tag-oxford-brogues","21":"product_tag-premium-leather-shoes","22":"product_tag-rubber-sole-shoes","23":"product_tag-wholesale-shoes","24":"product_tag-wingtip-shoes","25":"desktop-align-center","26":"tablet-align-center","27":"mobile-align-center","29":"first","30":"instock","31":"featured","32":"shipping-taxable","33":"purchasable","34":"product-type-variable","35":"has-default-attributes"},"acf":[],"uagb_featured_image_src":{"full":["https:\/\/turkishtrade.co\/wp-content\/uploads\/2026\/01\/2400EJOMN00396-BROWN-TOV_10-5-USD-1.png",453,250,false],"thumbnail":["https:\/\/turkishtrade.co\/wp-content\/uploads\/2026\/01\/2400EJOMN00396-BROWN-TOV_10-5-USD-1-150x150.png",150,150,true],"medium":["https:\/\/turkishtrade.co\/wp-content\/uploads\/2026\/01\/2400EJOMN00396-BROWN-TOV_10-5-USD-1-300x166.png",300,166,true],"medium_large":["https:\/\/turkishtrade.co\/wp-content\/uploads\/2026\/01\/2400EJOMN00396-BROWN-TOV_10-5-USD-1.png",453,250,false],"large":["https:\/\/turkishtrade.co\/wp-content\/uploads\/2026\/01\/2400EJOMN00396-BROWN-TOV_10-5-USD-1.png",453,250,false],"1536x1536":["https:\/\/turkishtrade.co\/wp-content\/uploads\/2026\/01\/2400EJOMN00396-BROWN-TOV_10-5-USD-1.png",453,250,false],"2048x2048":["https:\/\/turkishtrade.co\/wp-content\/uploads\/2026\/01\/2400EJOMN00396-BROWN-TOV_10-5-USD-1.png",453,250,false],"trp-custom-language-flag":["https:\/\/turkishtrade.co\/wp-content\/uploads\/2026\/01\/2400EJOMN00396-BROWN-TOV_10-5-USD-1-18x10.png",18,10,true],"woocommerce_thumbnail":["https:\/\/turkishtrade.co\/wp-content\/uploads\/2026\/01\/2400EJOMN00396-BROWN-TOV_10-5-USD-1-400x250.png",400,250,true],"woocommerce_single":["https:\/\/turkishtrade.co\/wp-content\/uploads\/2026\/01\/2400EJOMN00396-BROWN-TOV_10-5-USD-1.png",453,250,false],"woocommerce_gallery_thumbnail":["https:\/\/turkishtrade.co\/wp-content\/uploads\/2026\/01\/2400EJOMN00396-BROWN-TOV_10-5-USD-1-100x100.png",100,100,true]},"uagb_author_info":{"display_name":"yaser olabi","author_link":"https:\/\/turkishtrade.co\/tr\/author\/"},"uagb_comment_info":0,"uagb_excerpt":"Premium Outer Material: 100% Genuine Calf Leather Luxurious Inner Lining: Soft Goat Leather Durable &amp; Comfortable Sole: Rubber Stylish Heel Height: 1-3 cm for subtle lift Available Sizes: EU 39, 40, 41, 42, 43, 44, 45 Minimum Order: 8 Pairs (Ideal for wholesale buyers) Estimated Delivery: 12 Days + Shipping","_links":{"self":[{"href":"https:\/\/turkishtrade.co\/tr\/wp-json\/wp\/v2\/product\/6199","targetHints":{"allow":["GET"]}}],"collection":[{"href":"https:\/\/turkishtrade.co\/tr\/wp-json\/wp\/v2\/product"}],"about":[{"href":"https:\/\/turkishtrade.co\/tr\/wp-json\/wp\/v2\/types\/product"}],"wp:featuredmedia":[{"embeddable":true,"href":"https:\/\/turkishtrade.co\/tr\/wp-json\/wp\/v2\/media\/4141"}],"wp:attachment":[{"href":"https:\/\/turkishtrade.co\/tr\/wp-json\/wp\/v2\/media?parent=6199"}],"wp:term":[{"taxonomy":"product_brand","embeddable":true,"href":"https:\/\/turkishtrade.co\/tr\/wp-json\/wp\/v2\/product_brand?post=6199"},{"taxonomy":"product_cat","embeddable":true,"href":"https:\/\/turkishtrade.co\/tr\/wp-json\/wp\/v2\/product_cat?post=6199"},{"taxonomy":"product_tag","embeddable":true,"href":"https:\/\/turkishtrade.co\/tr\/wp-json\/wp\/v2\/product_tag?post=6199"}],"curies":[{"name":"wp","href":"https:\/\/api.w.org\/{rel}","templated":true}]}}