{"id":6196,"date":"2026-01-14T14:19:50","date_gmt":"2026-01-14T14:19:50","guid":{"rendered":"https:\/\/turkishtrade.co\/product\/mens-calf-leather-comfort-shoes\/"},"modified":"2026-04-09T19:09:30","modified_gmt":"2026-04-09T19:09:30","slug":"mens-calf-leather-comfort-shoes","status":"publish","type":"product","link":"https:\/\/turkishtrade.co\/tr\/shop\/mens-calf-leather-comfort-shoes\/","title":{"rendered":"Velcro'lu Erkek Premium Dana Derisi Konfor Ayakkab\u0131"},"content":{"rendered":"<p><strong>Erkek Dana Derisi Konfor Ayakkab\u0131<\/strong><\/p>\n<p>Enfes tasar\u0131m\u0131m\u0131zla benzersiz konfor ve stile ad\u0131m at\u0131n <strong>Erkek Dana Derisi Konfor Ayakkab\u0131<\/strong>. En iyi tam tah\u0131ll\u0131 dana derisinden \u00fcretilen bu ayakkab\u0131lar, hem \u015f\u0131kl\u0131\u011fa hem de sa\u011fl\u0131\u011fa \u00f6ncelik veren modern erkekler i\u00e7in tasarlanm\u0131\u015ft\u0131r. Dana derisi sayan\u0131n zengin dokusu sadece se\u00e7kin bir g\u00f6r\u00fcn\u00fcm sa\u011flamakla kalmaz, ayn\u0131 zamanda ola\u011fan\u00fcst\u00fc dayan\u0131kl\u0131l\u0131k vaat ederek bu rahat ayakkab\u0131lar\u0131n her gard\u0131rop i\u00e7in uzun \u00f6m\u00fcrl\u00fc bir ek olmas\u0131n\u0131 sa\u011flar.<\/p>\n<p>Sa\u011flam yap\u0131dan \u00f6zenli tasar\u0131ma kadar her ayr\u0131nt\u0131, bu \u00fcr\u00fcnleri g\u00fcnl\u00fck kullan\u0131m veya konforun \u00f6nemli oldu\u011fu \u00f6zel g\u00fcnler i\u00e7in m\u00fckemmel bir se\u00e7im haline getirmeye katk\u0131da bulunur.<\/p>\n<h3>Se\u00e7ici Beyler i\u00e7in E\u015fsiz Konfor ve Kalite<\/h3>\n<p>Bizim <strong>Erkek Dana Derisi Konfor Ayakkab\u0131<\/strong> ola\u011fan\u00fcst\u00fc bir kullan\u0131m deneyimi sa\u011flamak i\u00e7in titizlikle tasarlanm\u0131\u015ft\u0131r. \u0130\u00e7 k\u0131s\u0131m, nemi do\u011fal olarak uzakla\u015ft\u0131ran ve aya\u011fa uyum sa\u011flayarak l\u00fcks bir his sunan ve saatlerce giyildikten sonra bile rahats\u0131zl\u0131\u011f\u0131 \u00f6nleyen yumu\u015fak, nefes alabilen ke\u00e7i derisiyle g\u00f6rkemli bir \u015fekilde astarlanm\u0131\u015ft\u0131r.<\/p>\n<p>Bunu tamamlayan sa\u011flam ancak esnek kau\u00e7uk taban, her ad\u0131mda darbeyi emerek \u00fcst\u00fcn tutu\u015f ve destek sa\u011flar. 1-3 cm'lik ince topuk y\u00fcksekli\u011fine sahip bu rahat ayakkab\u0131lar, do\u011fal y\u00fcr\u00fcy\u00fc\u015f deneyiminden \u00f6d\u00fcn vermeden denge sunar. Pratik Velcro kay\u0131\u015f kapamas\u0131, kolayca ayarlanabilir ve g\u00fcvenli bir uyum sa\u011flayarak \u00e7e\u015fitli ayak \u015fekillerine uyum sa\u011flar ve giyip \u00e7\u0131karmay\u0131 zahmetsiz hale getirir.<\/p>\n<p>Birinci s\u0131n\u0131f malzemeler ve ergonomik tasar\u0131m\u0131n bu kar\u0131\u015f\u0131m\u0131, bu ayakkab\u0131lar\u0131 tipik ayakkab\u0131lar\u0131n \u00f6tesine ta\u015f\u0131yarak yeni bir standart belirliyor <strong>Erkek Dana Derisi Konfor Ayakkab\u0131<\/strong>.<\/p>\n<p>39'dan 45'e kadar kapsaml\u0131 bir AB beden yelpazesinde mevcut olan bu <strong>Erkek Dana Derisi Konfor Ayakkab\u0131<\/strong> geni\u015f bir m\u00fc\u015fteri kitlesine hitap ederek her m\u00fc\u015fteri i\u00e7in m\u00fckemmel bir uyum sa\u011flar. Y\u00fcksek kaliteli malzemelerle bir araya gelen zamans\u0131z tasar\u0131m, bu ayakkab\u0131lar\u0131 i\u015f ama\u00e7l\u0131 g\u00fcndelik ortamlar, g\u00fcnl\u00fck ofis k\u0131yafetleri veya rahat hafta sonu gezileri i\u00e7in yeterince \u00e7ok y\u00f6nl\u00fc hale getirir. Sadece sofistike g\u00f6r\u00fcnmekle kalmayan, ayn\u0131 zamanda ayaklar\u0131n\u0131z\u0131 g\u00fcn boyu rahat ettiren ayakkab\u0131lara yat\u0131r\u0131m yap\u0131n.<\/p>\n<p>Zarif esteti\u011fi, pratik \u00f6zellikleriyle birle\u015fti\u011finde, bu ayakkab\u0131lar her se\u00e7kin beyefendinin ayakkab\u0131 koleksiyonu i\u00e7in vazge\u00e7ilmez bir par\u00e7a haline geliyor.<\/p>\n<h3>Toptan Sat\u0131\u015f Avantaj\u0131: \u0130\u015fletmeniz i\u00e7in Premium Ayakkab\u0131lar<\/h3>\n<p>Y\u00fcksek kaliteli, rahat ve \u015f\u0131k ayakkab\u0131 se\u00e7enekleri arayan perakendeciler ve i\u015fletmeler i\u00e7in <strong>Erkek Dana Derisi Konfor Ayakkab\u0131<\/strong> ideal bir se\u00e7imdir. Bu birinci s\u0131n\u0131f ayakkab\u0131lar\u0131 sadece 8 \u00e7iftlik minimum sipari\u015f miktar\u0131yla toptan sat\u0131\u015fa sunuyoruz, bu da her b\u00fcy\u00fckl\u00fckteki i\u015fletmenin en \u00e7ok satan \u00fcr\u00fcnlerden stok yapmas\u0131n\u0131 kolayla\u015ft\u0131r\u0131yor.<\/p>\n<p>Do\u011frudan fiyat listemizden ula\u015fabilece\u011finiz rekabet\u00e7i fiyatlar\u0131n keyfini \u00e7\u0131kar\u0131n. Verimli \u00fcretim ve teslimat s\u00fcrecimiz, sipari\u015finizin 12 g\u00fcn i\u00e7inde, art\u0131 standart kargo ge\u00e7i\u015f s\u00fcresi i\u00e7inde sevkiyata haz\u0131r olmas\u0131n\u0131 sa\u011flar. M\u00fc\u015fterilerinize ola\u011fan\u00fcst\u00fc \u00fcr\u00fcnler sunmak i\u00e7in bizimle i\u015f ortakl\u0131\u011f\u0131 yap\u0131n <strong>Erkek Dana Derisi Konfor Ayakkab\u0131<\/strong> Envanterinize pop\u00fcler bir katk\u0131 olaca\u011f\u0131 kesin olan bu \u00fcr\u00fcnler, zanaat kalitesini \u00e7a\u011fda\u015f konfor gereksinimleriyle birle\u015ftiriyor.<\/p>","protected":false},"excerpt":{"rendered":"<ul>\n<li>Sofistike stil ve dayan\u0131kl\u0131l\u0131k i\u00e7in birinci s\u0131n\u0131f dana derisi saya.<\/li>\n<li>Yumu\u015fak, nefes alabilen ke\u00e7i derisi astar g\u00fcn boyu konfor sa\u011flar.<\/li>\n<li>Dayan\u0131kl\u0131 kau\u00e7uk taban, 1-3 cm al\u00e7ak topuk ile m\u00fckemmel kavrama ve destek sa\u011flar.<\/li>\n<li>Ayarlanabilir ve g\u00fcvenli bir uyum i\u00e7in kullan\u0131\u015fl\u0131 Velcro kay\u0131\u015f kapatma.<\/li>\n<li>39, 40, 41, 42, 43, 44, 45 AB bedenlerinde mevcuttur.<\/li>\n<li>Sipari\u015f ba\u015f\u0131na minimum 8 \u00e7ift ile toptan sipari\u015fler mevcuttur.<\/li>\n<li>12 g\u00fcn i\u00e7inde teslimat art\u0131 nakliye s\u00fcresi.<\/li>\n<\/ul>","protected":false},"featured_media":4140,"template":"","meta":{"_acf_changed":false,"_uag_custom_page_level_css":"","site-sidebar-layout":"default","site-content-layout":"","ast-site-content-layout":"default","site-content-style":"default","site-sidebar-style":"default","ast-global-header-display":"","ast-banner-title-visibility":"","ast-main-header-display":"","ast-hfb-above-header-display":"","ast-hfb-below-header-display":"","ast-hfb-mobile-header-display":"","site-post-title":"","ast-breadcrumbs-content":"","ast-featured-img":"","footer-sml-layout":"","ast-disable-related-posts":"","theme-transparent-header-meta":"default","adv-header-id-meta":"","stick-header-meta":"","header-above-stick-meta":"","header-main-stick-meta":"","header-below-stick-meta":"","astra-migrate-meta-layouts":"set","ast-page-background-enabled":"default","ast-page-background-meta":{"desktop":{"background-color":"var(--ast-global-color-4)","background-image":"","background-repeat":"repeat","background-position":"center center","background-size":"auto","background-attachment":"scroll","background-type":"","background-media":"","overlay-type":"","overlay-color":"","overlay-opacity":"","overlay-gradient":""},"tablet":{"background-color":"","background-image":"","background-repeat":"repeat","background-position":"center center","background-size":"auto","background-attachment":"scroll","background-type":"","background-media":"","overlay-type":"","overlay-color":"","overlay-opacity":"","overlay-gradient":""},"mobile":{"background-color":"","background-image":"","background-repeat":"repeat","background-position":"center center","background-size":"auto","background-attachment":"scroll","background-type":"","background-media":"","overlay-type":"","overlay-color":"","overlay-opacity":"","overlay-gradient":""}},"ast-content-background-meta":{"desktop":{"background-color":"var(--ast-global-color-5)","background-image":"","background-repeat":"repeat","background-position":"center center","background-size":"auto","background-attachment":"scroll","background-type":"","background-media":"","overlay-type":"","overlay-color":"","overlay-opacity":"","overlay-gradient":""},"tablet":{"background-color":"var(--ast-global-color-5)","background-image":"","background-repeat":"repeat","background-position":"center center","background-size":"auto","background-attachment":"scroll","background-type":"","background-media":"","overlay-type":"","overlay-color":"","overlay-opacity":"","overlay-gradient":""},"mobile":{"background-color":"var(--ast-global-color-5)","background-image":"","background-repeat":"repeat","background-position":"center center","background-size":"auto","background-attachment":"scroll","background-type":"","background-media":"","overlay-type":"","overlay-color":"","overlay-opacity":"","overlay-gradient":""}}},"product_brand":[],"product_cat":[48,47,49,430,40],"product_tag":[605,218,200,185,449,272,439,593,459,189,192,1180,281],"class_list":{"0":"post-6196","1":"product","2":"type-product","3":"status-publish","4":"has-post-thumbnail","6":"product_cat-casual","7":"product_cat-classic","8":"product_cat-loafer","9":"product_cat-men","10":"product_cat-mens-shoes","11":"product_tag-black-shoes","12":"product_tag-brown-shoes","13":"product_tag-business-casual","14":"product_tag-calf-leather-shoes","15":"product_tag-casual-shoes","16":"product_tag-comfort-shoes","17":"product_tag-durable-shoes","18":"product_tag-eu-sizes-39-45","19":"product_tag-everyday-shoes","20":"product_tag-goat-leather-lining","21":"product_tag-rubber-sole","22":"product_tag-velcro-shoes","23":"product_tag-wholesale-shoes","24":"desktop-align-center","25":"tablet-align-center","26":"mobile-align-center","28":"first","29":"instock","30":"featured","31":"shipping-taxable","32":"purchasable","33":"product-type-variable","34":"has-default-attributes"},"acf":[],"uagb_featured_image_src":{"full":["https:\/\/turkishtrade.co\/wp-content\/uploads\/2026\/01\/2400EJOMN00395-BROWN-12660.png",453,250,false],"thumbnail":["https:\/\/turkishtrade.co\/wp-content\/uploads\/2026\/01\/2400EJOMN00395-BROWN-12660-150x150.png",150,150,true],"medium":["https:\/\/turkishtrade.co\/wp-content\/uploads\/2026\/01\/2400EJOMN00395-BROWN-12660-300x166.png",300,166,true],"medium_large":["https:\/\/turkishtrade.co\/wp-content\/uploads\/2026\/01\/2400EJOMN00395-BROWN-12660.png",453,250,false],"large":["https:\/\/turkishtrade.co\/wp-content\/uploads\/2026\/01\/2400EJOMN00395-BROWN-12660.png",453,250,false],"1536x1536":["https:\/\/turkishtrade.co\/wp-content\/uploads\/2026\/01\/2400EJOMN00395-BROWN-12660.png",453,250,false],"2048x2048":["https:\/\/turkishtrade.co\/wp-content\/uploads\/2026\/01\/2400EJOMN00395-BROWN-12660.png",453,250,false],"trp-custom-language-flag":["https:\/\/turkishtrade.co\/wp-content\/uploads\/2026\/01\/2400EJOMN00395-BROWN-12660-18x10.png",18,10,true],"woocommerce_thumbnail":["https:\/\/turkishtrade.co\/wp-content\/uploads\/2026\/01\/2400EJOMN00395-BROWN-12660-400x250.png",400,250,true],"woocommerce_single":["https:\/\/turkishtrade.co\/wp-content\/uploads\/2026\/01\/2400EJOMN00395-BROWN-12660.png",453,250,false],"woocommerce_gallery_thumbnail":["https:\/\/turkishtrade.co\/wp-content\/uploads\/2026\/01\/2400EJOMN00395-BROWN-12660-100x100.png",100,100,true]},"uagb_author_info":{"display_name":"yaser olabi","author_link":"https:\/\/turkishtrade.co\/tr\/author\/"},"uagb_comment_info":0,"uagb_excerpt":"Premium calf leather upper for sophisticated style and durability. Soft, breathable goat leather lining ensures all-day comfort. Durable rubber sole provides excellent grip and support with a low 1-3 cm heel. Convenient Velcro strap closure for an adjustable and secure fit. Available in EU sizes 39, 40, 41, 42, 43, 44, 45. Wholesale orders available&hellip;","_links":{"self":[{"href":"https:\/\/turkishtrade.co\/tr\/wp-json\/wp\/v2\/product\/6196","targetHints":{"allow":["GET"]}}],"collection":[{"href":"https:\/\/turkishtrade.co\/tr\/wp-json\/wp\/v2\/product"}],"about":[{"href":"https:\/\/turkishtrade.co\/tr\/wp-json\/wp\/v2\/types\/product"}],"wp:featuredmedia":[{"embeddable":true,"href":"https:\/\/turkishtrade.co\/tr\/wp-json\/wp\/v2\/media\/4140"}],"wp:attachment":[{"href":"https:\/\/turkishtrade.co\/tr\/wp-json\/wp\/v2\/media?parent=6196"}],"wp:term":[{"taxonomy":"product_brand","embeddable":true,"href":"https:\/\/turkishtrade.co\/tr\/wp-json\/wp\/v2\/product_brand?post=6196"},{"taxonomy":"product_cat","embeddable":true,"href":"https:\/\/turkishtrade.co\/tr\/wp-json\/wp\/v2\/product_cat?post=6196"},{"taxonomy":"product_tag","embeddable":true,"href":"https:\/\/turkishtrade.co\/tr\/wp-json\/wp\/v2\/product_tag?post=6196"}],"curies":[{"name":"wp","href":"https:\/\/api.w.org\/{rel}","templated":true}]}}