{"id":6195,"date":"2026-01-14T14:19:32","date_gmt":"2026-01-14T14:19:32","guid":{"rendered":"https:\/\/turkishtrade.co\/product\/men-s-green-suede-loafers\/"},"modified":"2026-04-09T19:09:40","modified_gmt":"2026-04-09T19:09:40","slug":"mens-green-suede-loafers-premium","status":"publish","type":"product","link":"https:\/\/turkishtrade.co\/tr\/shop\/mens-green-suede-loafers-premium\/","title":{"rendered":"Premium Erkek Ye\u015fil S\u00fcet P\u00fcsk\u00fcll\u00fc Loafer"},"content":{"rendered":"<p>Ayakkab\u0131 koleksiyonunuzu ger\u00e7ekten e\u015fsiz ayakkab\u0131lar\u0131m\u0131zla geli\u015ftirin <strong>erkek ye\u015fil s\u00fcet mokasen<\/strong>. Hem stil hem de konfora \u00f6nem veren se\u00e7ici beyefendiler i\u00e7in tasarlanan bu mokasen ayakkab\u0131lar, \u00fcst\u00fcn i\u015f\u00e7ili\u011fin bir kan\u0131t\u0131d\u0131r. Birinci s\u0131n\u0131f dana derisi d\u0131\u015f y\u00fczeye titizlikle uygulanan canl\u0131 ye\u015fil renk tonu, an\u0131nda fark edilen zengin ve l\u00fcks bir doku yarat\u0131r. Bunlar sadece ayakkab\u0131 de\u011fil; geleneksel loafer zarafetini \u00e7a\u011fda\u015f bir renk paletiyle m\u00fckemmel bir \u015fekilde harmanlayan bir ifade.<\/p>\n<p>Bunlar\u0131n her detay\u0131 <strong>ye\u015fil s\u00fcet mokasen<\/strong> ola\u011fan\u00fcst\u00fc bir kullan\u0131m deneyimi sa\u011flamak i\u00e7in \u00f6zenle d\u00fc\u015f\u00fcn\u00fclm\u00fc\u015ft\u00fcr. Hakiki dana derisinden \u00fcretilen d\u0131\u015f y\u00fczey, zaman i\u00e7inde aya\u011f\u0131n\u0131za uyum sa\u011flayarak benzersiz bir konfor sunan yumu\u015fak ancak dayan\u0131kl\u0131 bir y\u00fczey sunar. Bunu tamamlayan i\u00e7 k\u0131s\u0131m, nefes alabilirli\u011fi ve cilde verdi\u011fi p\u00fcr\u00fczs\u00fcz hisle tan\u0131nan inan\u0131lmaz yumu\u015fak ke\u00e7i derisiyle astarlanm\u0131\u015ft\u0131r. Bu \u00e7ift deri yap\u0131, uzun s\u00fcreli kullan\u0131mlarda bile maksimum konfor sa\u011flayarak bu ayakkab\u0131lar\u0131 \u00e7e\u015fitli durumlar i\u00e7in ideal bir se\u00e7im haline getirir.<\/p>\n<h3>Rakipsiz Konfor ve Dayan\u0131kl\u0131l\u0131k<\/h3>\n<p>Bu muhte\u015fem eserlerin temeli <strong>erkek ye\u015fil s\u00fcet mokasen<\/strong> y\u00fcksek kaliteli kau\u00e7uk taban \u00fczerinde durur. Esneklik ve m\u00fckemmel kavrama i\u00e7in tasarlanan bu taban, her ad\u0131mda denge ve rahatl\u0131k sa\u011flar. Topuk y\u00fcksekli\u011fi 1-3 cm aras\u0131nda de\u011fi\u015fen bu mokasen ayakkab\u0131lar, klasik ve rahat bir profilden \u00f6d\u00fcn vermeden do\u011fru miktarda y\u00fckseklik sunar. Sa\u011flam yap\u0131s\u0131 uzun \u00f6m\u00fcrl\u00fc olmas\u0131n\u0131 sa\u011flar, yani bu \u015f\u0131k mokasen ayakkab\u0131lar gelecek sezonlar boyunca gard\u0131robunuzun de\u011ferli bir par\u00e7as\u0131 olacakt\u0131r. Ay\u0131rt edici beyaz kontrast diki\u015f ve zarif p\u00fcsk\u00fcl detay\u0131 zarif bir dokunu\u015f katarak bu <strong>s\u00fcet mokasen<\/strong> S\u0131radan ayakkab\u0131lardan ayr\u0131 olarak.<\/p>\n<p>\u0130ster rahat bir hafta sonu gezisi, ister \u015f\u0131k ve rahat bir ofis ortam\u0131 ya da sofistike bir sosyal toplant\u0131 i\u00e7in giyiniyor olun, bu <strong>erkek ye\u015fil s\u00fcet mokasen<\/strong> inan\u0131lmaz derecede \u00e7ok y\u00f6nl\u00fcd\u00fcr. Chino pantolonlar, kot pantolonlar ve hatta hafif tak\u0131m elbiselerle zahmetsizce e\u015fle\u015ferek standart ayakkab\u0131 renklerine yeni bir alternatif sunar. G\u00f6z al\u0131c\u0131 tasar\u0131mlar\u0131 sayesinde an\u0131nda sohbet ba\u015flat\u0131r ve ki\u015fisel tarz\u0131n\u0131z\u0131n \u00f6ne \u00e7\u0131kmas\u0131n\u0131 sa\u011flar. Enfes koleksiyonumuzla geleneksel tasar\u0131m ve modern yetene\u011fin m\u00fckemmel birle\u015fimini deneyimleyin.<\/p>\n<h3>Perakendeciler i\u00e7in Toptan Sat\u0131\u015f F\u0131rsatlar\u0131<\/h3>\n<p>M\u00fc\u015fterilerine benzersiz ve y\u00fcksek kaliteli bir \u00fcr\u00fcn sunmak isteyen perakendeciler i\u00e7in bu <strong>ye\u015fil s\u00fcet mokasen<\/strong> toptan sat\u0131n al\u0131nabilir. Bu pop\u00fcler \u00fcr\u00fcn\u00fc stoklayabilmenizi sa\u011flamak i\u00e7in minimum 200 \u00e7ift sipari\u015f miktar\u0131 talep ediyoruz. Verimli \u00fcretim s\u00fcrecimiz, 12 g\u00fcn i\u00e7inde teslimat\u0131 ve nakliye s\u00fcresini garanti ederek bu arzu edilen \u00fcr\u00fcn\u00fc h\u0131zl\u0131 bir \u015fekilde tan\u0131tman\u0131za olanak tan\u0131r <strong>erkek ye\u015fil s\u00fcet mokasen<\/strong> m\u00fc\u015fterilerinize sunun. L\u00fcks, konfor ve kendine \u00f6zg\u00fc stili bir araya getiren ola\u011fan\u00fcst\u00fc ayakkab\u0131lar sunmak i\u00e7in bizimle ortakl\u0131k kurun ve birinci s\u0131n\u0131f ayakkab\u0131 talebini kar\u015f\u0131lay\u0131n. <strong>s\u00fcet mokasen<\/strong>.<\/p>","protected":false},"excerpt":{"rendered":"<ul>\n<li>Zarif erkek ye\u015fil s\u00fcet mokasen ayakkab\u0131lar, her kombine renk katmak i\u00e7in m\u00fckemmeldir.<\/li>\n<li>L\u00fcks dana derisinden \u00fcretilen d\u0131\u015f y\u00fczeyi birinci s\u0131n\u0131f bir his ve sofistike bir g\u00f6r\u00fcn\u00fcm sunar.<\/li>\n<li>\u00dcst\u00fcn konfor ve nefes alabilirlik i\u00e7in son derece yumu\u015fak ke\u00e7i derisi i\u00e7 astara sahiptir.<\/li>\n<li>Dayan\u0131kl\u0131 ve esnek kau\u00e7uk taban, 1-3 cm topuk y\u00fcksekli\u011fi ile m\u00fckemmel tutu\u015f ve uzun s\u00fcreli kullan\u0131m sa\u011flar.<\/li>\n<li>\u015e\u0131k p\u00fcsk\u00fcl detay\u0131 ve zarif beyaz kontrast diki\u015fler mokasenin kendine \u00f6zg\u00fc tasar\u0131m\u0131n\u0131 zenginle\u015ftirir.<\/li>\n<li>AB 39'dan 45'e kadar kapsaml\u0131 bir beden yelpazesinde mevcuttur.<\/li>\n<li><strong>Toptan Sat\u0131\u015f F\u0131rsat\u0131:<\/strong> Minimum sipari\u015f miktar\u0131 200 \u00e7ift. 12 g\u00fcn i\u00e7inde teslimat art\u0131 nakliye.<\/li>\n<\/ul>","protected":false},"featured_media":6506,"template":"","meta":{"_acf_changed":false,"_uag_custom_page_level_css":"","site-sidebar-layout":"default","site-content-layout":"","ast-site-content-layout":"default","site-content-style":"default","site-sidebar-style":"default","ast-global-header-display":"","ast-banner-title-visibility":"","ast-main-header-display":"","ast-hfb-above-header-display":"","ast-hfb-below-header-display":"","ast-hfb-mobile-header-display":"","site-post-title":"","ast-breadcrumbs-content":"","ast-featured-img":"","footer-sml-layout":"","ast-disable-related-posts":"","theme-transparent-header-meta":"default","adv-header-id-meta":"","stick-header-meta":"","header-above-stick-meta":"","header-main-stick-meta":"","header-below-stick-meta":"","astra-migrate-meta-layouts":"set","ast-page-background-enabled":"default","ast-page-background-meta":{"desktop":{"background-color":"var(--ast-global-color-4)","background-image":"","background-repeat":"repeat","background-position":"center center","background-size":"auto","background-attachment":"scroll","background-type":"","background-media":"","overlay-type":"","overlay-color":"","overlay-opacity":"","overlay-gradient":""},"tablet":{"background-color":"","background-image":"","background-repeat":"repeat","background-position":"center center","background-size":"auto","background-attachment":"scroll","background-type":"","background-media":"","overlay-type":"","overlay-color":"","overlay-opacity":"","overlay-gradient":""},"mobile":{"background-color":"","background-image":"","background-repeat":"repeat","background-position":"center center","background-size":"auto","background-attachment":"scroll","background-type":"","background-media":"","overlay-type":"","overlay-color":"","overlay-opacity":"","overlay-gradient":""}},"ast-content-background-meta":{"desktop":{"background-color":"var(--ast-global-color-5)","background-image":"","background-repeat":"repeat","background-position":"center center","background-size":"auto","background-attachment":"scroll","background-type":"","background-media":"","overlay-type":"","overlay-color":"","overlay-opacity":"","overlay-gradient":""},"tablet":{"background-color":"var(--ast-global-color-5)","background-image":"","background-repeat":"repeat","background-position":"center center","background-size":"auto","background-attachment":"scroll","background-type":"","background-media":"","overlay-type":"","overlay-color":"","overlay-opacity":"","overlay-gradient":""},"mobile":{"background-color":"var(--ast-global-color-5)","background-image":"","background-repeat":"repeat","background-position":"center center","background-size":"auto","background-attachment":"scroll","background-type":"","background-media":"","overlay-type":"","overlay-color":"","overlay-opacity":"","overlay-gradient":""}}},"product_brand":[],"product_cat":[152,48,430,40],"product_tag":[1178,555,449,220,221,908,1177,1179,384,186,184,210,149,349,281],"class_list":{"0":"post-6195","1":"product","2":"type-product","3":"status-publish","4":"has-post-thumbnail","6":"product_cat-casual-2","7":"product_cat-casual","8":"product_cat-men","9":"product_cat-mens-shoes","10":"product_tag-bespoke-shoes","11":"product_tag-calfskin-loafers","12":"product_tag-casual-shoes","13":"product_tag-comfortable-loafers","14":"product_tag-genuine-leather","15":"product_tag-goat-leather-shoes","16":"product_tag-green-loafers","17":"product_tag-green-suede","18":"product_tag-luxury-loafers","19":"product_tag-mens-loafers","20":"product_tag-slip-on-shoes","21":"product_tag-smart-casual","22":"product_tag-suede-loafers","23":"product_tag-tassel-loafers","24":"product_tag-wholesale-shoes","25":"desktop-align-center","26":"tablet-align-center","27":"mobile-align-center","29":"first","30":"instock","31":"shipping-taxable","32":"purchasable","33":"product-type-variable","34":"has-default-attributes"},"acf":[],"uagb_featured_image_src":{"full":["https:\/\/turkishtrade.co\/wp-content\/uploads\/2026\/01\/2400EJOMN00393GREEN-X_172.png",453,250,false],"thumbnail":["https:\/\/turkishtrade.co\/wp-content\/uploads\/2026\/01\/2400EJOMN00393GREEN-X_172-150x150.png",150,150,true],"medium":["https:\/\/turkishtrade.co\/wp-content\/uploads\/2026\/01\/2400EJOMN00393GREEN-X_172-300x166.png",300,166,true],"medium_large":["https:\/\/turkishtrade.co\/wp-content\/uploads\/2026\/01\/2400EJOMN00393GREEN-X_172.png",453,250,false],"large":["https:\/\/turkishtrade.co\/wp-content\/uploads\/2026\/01\/2400EJOMN00393GREEN-X_172.png",453,250,false],"1536x1536":["https:\/\/turkishtrade.co\/wp-content\/uploads\/2026\/01\/2400EJOMN00393GREEN-X_172.png",453,250,false],"2048x2048":["https:\/\/turkishtrade.co\/wp-content\/uploads\/2026\/01\/2400EJOMN00393GREEN-X_172.png",453,250,false],"trp-custom-language-flag":["https:\/\/turkishtrade.co\/wp-content\/uploads\/2026\/01\/2400EJOMN00393GREEN-X_172-18x10.png",18,10,true],"woocommerce_thumbnail":["https:\/\/turkishtrade.co\/wp-content\/uploads\/2026\/01\/2400EJOMN00393GREEN-X_172-400x250.png",400,250,true],"woocommerce_single":["https:\/\/turkishtrade.co\/wp-content\/uploads\/2026\/01\/2400EJOMN00393GREEN-X_172.png",453,250,false],"woocommerce_gallery_thumbnail":["https:\/\/turkishtrade.co\/wp-content\/uploads\/2026\/01\/2400EJOMN00393GREEN-X_172-100x100.png",100,100,true]},"uagb_author_info":{"display_name":"yaser olabi","author_link":"https:\/\/turkishtrade.co\/tr\/author\/"},"uagb_comment_info":0,"uagb_excerpt":"Exquisite men's green suede loafers, perfect for adding a pop of color to any ensemble. Crafted with a luxurious calfskin leather exterior, offering a premium feel and sophisticated look. Features a sumptuously soft goat leather interior lining for superior comfort and breathability. Durable and flexible rubber sole, ensuring excellent traction and lasting wear with a&hellip;","_links":{"self":[{"href":"https:\/\/turkishtrade.co\/tr\/wp-json\/wp\/v2\/product\/6195","targetHints":{"allow":["GET"]}}],"collection":[{"href":"https:\/\/turkishtrade.co\/tr\/wp-json\/wp\/v2\/product"}],"about":[{"href":"https:\/\/turkishtrade.co\/tr\/wp-json\/wp\/v2\/types\/product"}],"wp:featuredmedia":[{"embeddable":true,"href":"https:\/\/turkishtrade.co\/tr\/wp-json\/wp\/v2\/media\/6506"}],"wp:attachment":[{"href":"https:\/\/turkishtrade.co\/tr\/wp-json\/wp\/v2\/media?parent=6195"}],"wp:term":[{"taxonomy":"product_brand","embeddable":true,"href":"https:\/\/turkishtrade.co\/tr\/wp-json\/wp\/v2\/product_brand?post=6195"},{"taxonomy":"product_cat","embeddable":true,"href":"https:\/\/turkishtrade.co\/tr\/wp-json\/wp\/v2\/product_cat?post=6195"},{"taxonomy":"product_tag","embeddable":true,"href":"https:\/\/turkishtrade.co\/tr\/wp-json\/wp\/v2\/product_tag?post=6195"}],"curies":[{"name":"wp","href":"https:\/\/api.w.org\/{rel}","templated":true}]}}