{"id":6189,"date":"2026-01-14T14:18:52","date_gmt":"2026-01-14T14:18:52","guid":{"rendered":"https:\/\/turkishtrade.co\/product\/men-classic-leather-loafers-4\/"},"modified":"2026-04-09T19:09:53","modified_gmt":"2026-04-09T19:09:53","slug":"mens-classic-leather-loafers-4","status":"publish","type":"product","link":"https:\/\/turkishtrade.co\/tr\/shop\/mens-classic-leather-loafers-4\/","title":{"rendered":"Tokal\u0131 Erkek Klasik Kahverengi Deri Loafer"},"content":{"rendered":"<p><strong>Erkek Klasik Deri Loafer'lar<\/strong><\/p>\n<p>Enfes tasar\u0131m\u0131m\u0131zla sofistike bir ad\u0131m at\u0131n <b>Erkek Klasik Deri Loafer'lar<\/b>, Hem stil hem de konfora de\u011fer veren modern beyefendiler i\u00e7in tasarland\u0131. Bu mokasen ayakkab\u0131lar bir ayakkab\u0131dan \u00e7ok daha fazlas\u0131d\u0131r; her t\u00fcrl\u00fc kombini y\u00fckseltmek i\u00e7in titizlikle haz\u0131rlanm\u0131\u015f bir zarafet ve kalite ifadesidir. Premium ayakkab\u0131lar\u0131m\u0131zla benzersiz l\u00fcks\u00fc ya\u015fay\u0131n <b>erkek klasi\u0307k deri\u0307 mokasen<\/b>, \u00e7e\u015fitli durumlar i\u00e7in m\u00fckemmeldir.<\/p>\n<p>Bu ola\u011fan\u00fcst\u00fc ayakkab\u0131lar\u0131n d\u0131\u015f y\u00fczeyi \u00fcst\u00fcn kaliteli malzemeden \u00fcretilmi\u015ftir. <b>dana derisi<\/b>, p\u00fcr\u00fczs\u00fcz dokusu, dayan\u0131kl\u0131l\u0131\u011f\u0131 ve g\u00fczel bir \u015fekilde eskime kabiliyeti ile \u00fcnl\u00fcd\u00fcr. Bu y\u00fcksek kaliteli malzeme, mobilyan\u0131z\u0131n <b>erkek klasi\u0307k deri\u0307 mokasen<\/b> Y\u0131llar boyunca bozulmam\u0131\u015f g\u00f6r\u00fcn\u00fcm\u00fcn\u00fc koruyarak g\u00f6ze \u00e7arpan cilal\u0131 bir y\u00fczey sunar. \u0130\u00e7 k\u0131s\u0131mda, ayaklar\u0131n\u0131z esnek ve yumu\u015fak ayakkab\u0131lar taraf\u0131ndan en \u00fcst d\u00fczeyde konforla sar\u0131lacakt\u0131r. <b>ke\u00e7i derisi astar<\/b>.<\/p>\n<p>Bu do\u011fal malzeme nefes alabilirli\u011fi ve yumu\u015fakl\u0131\u011f\u0131yla \u00fcnl\u00fcd\u00fcr, aya\u011f\u0131n\u0131za \u00f6zel bir uyum sa\u011flar ve ister ofiste ister \u00f6zel bir etkinli\u011fe kat\u0131l\u0131yor olun, g\u00fcn boyu rahatl\u0131k sa\u011flar.<\/p>\n<p>Bunlar\u0131n verdi\u011fi hissi ger\u00e7ekten takdir edeceksiniz <b>erkek klasi\u0307k deri\u0307 mokasen<\/b>.<\/p>\n<p>Alt\u0131nda, sa\u011flam bir <b>kau\u00e7uk taban<\/b> m\u00fckemmel kavrama ve uzun \u00f6m\u00fcrl\u00fc dayan\u0131kl\u0131l\u0131k sa\u011flayarak bu <b>erkek klasi\u0307k deri\u0307 mokasen<\/b> g\u00fcnl\u00fck kullan\u0131m i\u00e7in pratik bir se\u00e7im. \u0130nce 1-3 cm topuk, rahatl\u0131ktan \u00f6d\u00fcn vermeden sofistike bir dokunu\u015f katar ve yorulmadan uzun s\u00fcre giyilmesine olanak tan\u0131r. 39'dan 45'e kadar de\u011fi\u015fen mevcut bedenlerle, en iyiyi arayan geni\u015f bir yelpazedeki se\u00e7ici m\u00fc\u015fterilere hitap ediyoruz. <b>erkek klasi\u0307k deri\u0307 mokasen<\/b>.<\/p>\n<p>Zarif bir toka detay\u0131yla vurgulanan zamans\u0131z tasar\u0131m, bu <b>erkek klasi\u0307k deri\u0307 mokasen<\/b> inan\u0131lmaz derecede \u00e7ok y\u00f6nl\u00fcd\u00fcr. Profesyonel i\u015f k\u0131yafetlerinden smart-casual k\u0131yafetlere ve hatta rahat ama g\u00f6steri\u015fli bir g\u00f6r\u00fcn\u00fcm\u00fcn istendi\u011fi daha resmi etkinliklere sorunsuz bir \u015fekilde ge\u00e7i\u015f yaparlar. Bunlara yat\u0131r\u0131m yapmak <b>erkek klasi\u0307k deri\u0307 mokasen<\/b> g\u00fcven ve rafine bir zevk yans\u0131tan bir gard\u0131rop par\u00e7as\u0131na yat\u0131r\u0131m yapmak anlam\u0131na gelir.<\/p>\n<h3>Premium Erkek Ayakkab\u0131lar\u0131 i\u00e7in Toptan Sat\u0131\u015f F\u0131rsat\u0131<\/h3>\n<p>Toptan sat\u0131\u015f ortaklar\u0131m\u0131z i\u00e7in bu premium <b>erkek klasi\u0307k deri\u0307 mokasen<\/b> minimum 200 \u00e7ift sipari\u015f i\u00e7in mevcuttur. Y\u00fcksek talep g\u00f6ren, y\u00fcksek kaliteli ayakkab\u0131larla envanterinizi h\u0131zl\u0131 bir \u015fekilde stoklayabilmenizi sa\u011flamak i\u00e7in sadece 12 g\u00fcnl\u00fck teslim s\u00fcresi ve nakliye ile verimli \u00fcretim konusunda kendimizle gurur duyuyoruz. Bu temel ayakkab\u0131larla m\u00fc\u015fterilerinize en iyi konforu, stili ve dayan\u0131kl\u0131l\u0131\u011f\u0131 sunun <b>erkek klasi\u0307k deri\u0307 mokasen<\/b>.<\/p>\n<p>Rekabet\u00e7i fiyatlar\u0131m\u0131z hakk\u0131nda daha fazla bilgi edinmek ve toplu sipari\u015finizi vermek i\u00e7in bug\u00fcn bize ula\u015f\u0131n.<\/p>","protected":false},"excerpt":{"rendered":"<ul>\n<li><b>D\u0131\u015f Malzeme:<\/b> Premium Dana Derisi<\/li>\n<li><b>\u0130\u00e7 Malzeme:<\/b> Yumu\u015fak Ke\u00e7i Derisi Astar<\/li>\n<li><b>Taban:<\/b> Dayan\u0131kl\u0131 Kau\u00e7uk<\/li>\n<li><b>Topuk Y\u00fcksekli\u011fi:<\/b> 1-3 cm<\/li>\n<li><b>Mevcut Boyutlar:<\/b> 39, 40, 41, 42, 43, 44, 45<\/li>\n<li><b>Toplu Bulunabilirlik:<\/b> Minimum 200 \u00e7ift sipari\u015f<\/li>\n<li><b>Teslimat S\u00fcresi:<\/b> 12 g\u00fcn + Kargo<\/li>\n<\/ul>","protected":false},"featured_media":4143,"template":"","meta":{"_acf_changed":false,"_uag_custom_page_level_css":"","site-sidebar-layout":"default","site-content-layout":"","ast-site-content-layout":"default","site-content-style":"default","site-sidebar-style":"default","ast-global-header-display":"","ast-banner-title-visibility":"","ast-main-header-display":"","ast-hfb-above-header-display":"","ast-hfb-below-header-display":"","ast-hfb-mobile-header-display":"","site-post-title":"","ast-breadcrumbs-content":"","ast-featured-img":"","footer-sml-layout":"","ast-disable-related-posts":"","theme-transparent-header-meta":"default","adv-header-id-meta":"","stick-header-meta":"","header-above-stick-meta":"","header-main-stick-meta":"","header-below-stick-meta":"","astra-migrate-meta-layouts":"set","ast-page-background-enabled":"default","ast-page-background-meta":{"desktop":{"background-color":"var(--ast-global-color-4)","background-image":"","background-repeat":"repeat","background-position":"center center","background-size":"auto","background-attachment":"scroll","background-type":"","background-media":"","overlay-type":"","overlay-color":"","overlay-opacity":"","overlay-gradient":""},"tablet":{"background-color":"","background-image":"","background-repeat":"repeat","background-position":"center center","background-size":"auto","background-attachment":"scroll","background-type":"","background-media":"","overlay-type":"","overlay-color":"","overlay-opacity":"","overlay-gradient":""},"mobile":{"background-color":"","background-image":"","background-repeat":"repeat","background-position":"center center","background-size":"auto","background-attachment":"scroll","background-type":"","background-media":"","overlay-type":"","overlay-color":"","overlay-opacity":"","overlay-gradient":""}},"ast-content-background-meta":{"desktop":{"background-color":"var(--ast-global-color-5)","background-image":"","background-repeat":"repeat","background-position":"center center","background-size":"auto","background-attachment":"scroll","background-type":"","background-media":"","overlay-type":"","overlay-color":"","overlay-opacity":"","overlay-gradient":""},"tablet":{"background-color":"var(--ast-global-color-5)","background-image":"","background-repeat":"repeat","background-position":"center center","background-size":"auto","background-attachment":"scroll","background-type":"","background-media":"","overlay-type":"","overlay-color":"","overlay-opacity":"","overlay-gradient":""},"mobile":{"background-color":"var(--ast-global-color-5)","background-image":"","background-repeat":"repeat","background-position":"center center","background-size":"auto","background-attachment":"scroll","background-type":"","background-media":"","overlay-type":"","overlay-color":"","overlay-opacity":"","overlay-gradient":""}}},"product_brand":[],"product_cat":[47,430,40],"product_tag":[147,315,405,451,457,284,251,189,215,186,192,280,281],"class_list":{"0":"post-6189","1":"product","2":"type-product","3":"status-publish","4":"has-post-thumbnail","6":"product_cat-classic","7":"product_cat-men","8":"product_cat-mens-shoes","9":"product_tag-brown-loafers","10":"product_tag-buckle-loafers","11":"product_tag-business-shoes","12":"product_tag-calfskin-leather","13":"product_tag-classic-loafers","14":"product_tag-dress-shoes","15":"product_tag-formal-shoes","16":"product_tag-goat-leather-lining","17":"product_tag-leather-loafers","18":"product_tag-mens-loafers","19":"product_tag-rubber-sole","20":"product_tag-smart-casual-shoes","21":"product_tag-wholesale-shoes","22":"desktop-align-center","23":"tablet-align-center","24":"mobile-align-center","26":"first","27":"instock","28":"featured","29":"shipping-taxable","30":"purchasable","31":"product-type-variable","32":"has-default-attributes"},"acf":[],"uagb_featured_image_src":{"full":["https:\/\/turkishtrade.co\/wp-content\/uploads\/2026\/01\/2400EJOMN00394-BROWN-X_173-1.png",453,250,false],"thumbnail":["https:\/\/turkishtrade.co\/wp-content\/uploads\/2026\/01\/2400EJOMN00394-BROWN-X_173-1-150x150.png",150,150,true],"medium":["https:\/\/turkishtrade.co\/wp-content\/uploads\/2026\/01\/2400EJOMN00394-BROWN-X_173-1-300x166.png",300,166,true],"medium_large":["https:\/\/turkishtrade.co\/wp-content\/uploads\/2026\/01\/2400EJOMN00394-BROWN-X_173-1.png",453,250,false],"large":["https:\/\/turkishtrade.co\/wp-content\/uploads\/2026\/01\/2400EJOMN00394-BROWN-X_173-1.png",453,250,false],"1536x1536":["https:\/\/turkishtrade.co\/wp-content\/uploads\/2026\/01\/2400EJOMN00394-BROWN-X_173-1.png",453,250,false],"2048x2048":["https:\/\/turkishtrade.co\/wp-content\/uploads\/2026\/01\/2400EJOMN00394-BROWN-X_173-1.png",453,250,false],"trp-custom-language-flag":["https:\/\/turkishtrade.co\/wp-content\/uploads\/2026\/01\/2400EJOMN00394-BROWN-X_173-1-18x10.png",18,10,true],"woocommerce_thumbnail":["https:\/\/turkishtrade.co\/wp-content\/uploads\/2026\/01\/2400EJOMN00394-BROWN-X_173-1-400x250.png",400,250,true],"woocommerce_single":["https:\/\/turkishtrade.co\/wp-content\/uploads\/2026\/01\/2400EJOMN00394-BROWN-X_173-1.png",453,250,false],"woocommerce_gallery_thumbnail":["https:\/\/turkishtrade.co\/wp-content\/uploads\/2026\/01\/2400EJOMN00394-BROWN-X_173-1-100x100.png",100,100,true]},"uagb_author_info":{"display_name":"yaser olabi","author_link":"https:\/\/turkishtrade.co\/tr\/author\/"},"uagb_comment_info":0,"uagb_excerpt":"Exterior Material: Premium Calfskin Leather Interior Material: Soft Goat Leather Lining Sole: Durable Rubber Heel Height: 1-3 cm Available Sizes: 39, 40, 41, 42, 43, 44, 45 Bulk Availability: Minimum order of 200 pairs Delivery Time: 12 days + Shipping","_links":{"self":[{"href":"https:\/\/turkishtrade.co\/tr\/wp-json\/wp\/v2\/product\/6189","targetHints":{"allow":["GET"]}}],"collection":[{"href":"https:\/\/turkishtrade.co\/tr\/wp-json\/wp\/v2\/product"}],"about":[{"href":"https:\/\/turkishtrade.co\/tr\/wp-json\/wp\/v2\/types\/product"}],"wp:featuredmedia":[{"embeddable":true,"href":"https:\/\/turkishtrade.co\/tr\/wp-json\/wp\/v2\/media\/4143"}],"wp:attachment":[{"href":"https:\/\/turkishtrade.co\/tr\/wp-json\/wp\/v2\/media?parent=6189"}],"wp:term":[{"taxonomy":"product_brand","embeddable":true,"href":"https:\/\/turkishtrade.co\/tr\/wp-json\/wp\/v2\/product_brand?post=6189"},{"taxonomy":"product_cat","embeddable":true,"href":"https:\/\/turkishtrade.co\/tr\/wp-json\/wp\/v2\/product_cat?post=6189"},{"taxonomy":"product_tag","embeddable":true,"href":"https:\/\/turkishtrade.co\/tr\/wp-json\/wp\/v2\/product_tag?post=6189"}],"curies":[{"name":"wp","href":"https:\/\/api.w.org\/{rel}","templated":true}]}}