{"id":6185,"date":"2026-01-14T14:18:28","date_gmt":"2026-01-14T14:18:28","guid":{"rendered":"https:\/\/turkishtrade.co\/product\/men-s-leather-casual-sneakers\/"},"modified":"2026-04-09T19:10:03","modified_gmt":"2026-04-09T19:10:03","slug":"mens-leather-casual-sneakers-3","status":"publish","type":"product","link":"https:\/\/turkishtrade.co\/tr\/shop\/mens-leather-casual-sneakers-3\/","title":{"rendered":"Premium Erkek Dana Derisi G\u00fcnl\u00fck Spor Ayakkab\u0131"},"content":{"rendered":"<p><strong>Erkek Deri G\u00fcnl\u00fck Spor Ayakkab\u0131<\/strong><\/p>\n<h3>Erkek Deri G\u00fcnl\u00fck Spor Ayakkab\u0131lar\u0131m\u0131zla Rakipsiz Konforu ve Stili Deneyimleyin<\/h3>\n<p>Enfes koleksiyonumuzla l\u00fcks\u00fcn g\u00fcnl\u00fck konforla bulu\u015ftu\u011fu bir d\u00fcnyaya ad\u0131m at\u0131n <b>erkek deri\u0307 g\u00fcnl\u00fck spor ayakkabi<\/b>. Se\u00e7kin bireyler i\u00e7in titizlikle tasarlanan bu spor ayakkab\u0131lar sadece bir ayakkab\u0131 de\u011fil; rafine bir zevkin ve pratik bir \u015f\u0131kl\u0131\u011f\u0131n ifadesidir. En iyi malzemelerden \u00fcretilen <b>erkek deri\u0307 g\u00fcnl\u00fck spor ayakkabi<\/b> benzersiz bir kullan\u0131m deneyimi vaat ederek her modern gard\u0131robun vazge\u00e7ilmez bir par\u00e7as\u0131 haline getiriyor.<\/p>\n<h3>\u00dcst\u00fcn \u0130\u015f\u00e7ilik ve Malzemeler<\/h3>\n<p>Bu ola\u011fan\u00fcst\u00fc binan\u0131n d\u0131\u015f cephesi <b>erkek deri\u0307 g\u00fcnl\u00fck spor ayakkabi<\/b> \u00fcst\u00fcn yumu\u015fakl\u0131\u011f\u0131, dayan\u0131kl\u0131l\u0131\u011f\u0131 ve l\u00fcks g\u00f6r\u00fcn\u00fcm\u00fcyle tan\u0131nan hakiki dana derisinden titizlikle \u00fcretilmi\u015ftir. Dana derisinin zengin dokusu ve do\u011fal parlakl\u0131\u011f\u0131, g\u00fcndelik k\u0131yafetlerinizi zahmetsizce y\u00fckselten sofistike bir estetik sa\u011flar. Sa\u011flam d\u0131\u015f y\u00fczeyi tamamlayan i\u00e7 k\u0131s\u0131m, ayaklar\u0131n\u0131z i\u00e7in nefes alabilen ve son derece yumu\u015fak bir ortam sunan esnek ke\u00e7i derisiyle astarlanm\u0131\u015ft\u0131r.<\/p>\n<p>Bu \u00f6zenli kombinasyon, maksimum konfor ve uzun \u00f6m\u00fcrl\u00fc kalite sa\u011flayarak \u015funlar\u0131 ay\u0131rt eder <b>erkek deri\u0307 g\u00fcnl\u00fck spor ayakkabi<\/b> s\u0131radan ayakkab\u0131lardan.<\/p>\n<h3>T\u00fcm G\u00fcn Konfor ve Destek i\u00e7in Tasarland\u0131<\/h3>\n<p>Tasar\u0131m felsefemizde konfor her \u015feyden \u00f6nemlidir. Bu birinci s\u0131n\u0131f ayakkab\u0131lar\u0131n her \u00e7ifti <b>erkek deri\u0307 g\u00fcnl\u00fck spor ayakkabi<\/b> y\u00fcksek kaliteli termo tabana sahiptir. Bu geli\u015fmi\u015f taban teknolojisi m\u00fckemmel yast\u0131klama, esneklik ve \u015fok emilimi sa\u011flayarak ister \u015fehir sokaklar\u0131nda geziniyor ister rahat bir hafta sonunun tad\u0131n\u0131 \u00e7\u0131kar\u0131yor olun rahat bir ad\u0131m atman\u0131z\u0131 sa\u011flar.<\/p>\n<p>Hafif 1-3 cm topuk y\u00fcksekli\u011fi, rahatl\u0131k hissinden \u00f6d\u00fcn vermeden hafif bir y\u00fckselme sunarak g\u00fcn boyunca dengeli bir destek sa\u011flar. 39'dan 45'e kadar geni\u015f bir beden yelpazesinde mevcut olan bu ayakkab\u0131lara m\u00fckemmel uyumunuzu bulmak i\u00e7in <b>erkek deri\u0307 g\u00fcnl\u00fck spor ayakkabi<\/b> zahmetsizdir.<\/p>\n<h3>Her Durum i\u00e7in \u00c7ok Y\u00f6nl\u00fc Stil<\/h3>\n<p>Bizim <b>erkek deri\u0307 g\u00fcnl\u00fck spor ayakkabi<\/b> inan\u0131lmaz derecede \u00e7ok y\u00f6nl\u00fc olacak \u015fekilde tasarlanm\u0131\u015ft\u0131r. Zengin kahverengi ve sofistike lacivert se\u00e7enekleriyle sergilenen klasik ancak \u00e7a\u011fda\u015f tasar\u0131m, g\u00fcndelik gezilerden \u015f\u0131k ve rahat etkinliklere sorunsuz bir \u015fekilde ge\u00e7i\u015f yapmalar\u0131n\u0131 sa\u011flar. Rahat bir g\u00f6r\u00fcn\u00fcm i\u00e7in kot pantolonlarla e\u015fle\u015ftirin veya daha g\u00f6steri\u015fli bir topluluk i\u00e7in chino pantolonlarla giydirin.<\/p>\n<p>Kendine \u00f6zg\u00fc timsah kabartmal\u0131 deri paneller benzersiz bir dokunu\u015f katarak bu <b>erkek deri\u0307 g\u00fcnl\u00fck spor ayakkabi<\/b> ger\u00e7ekten \u00f6ne \u00e7\u0131kar. Zamans\u0131z stili modern i\u015flevsellikle birle\u015ftiren bir \u00e7ifte yat\u0131r\u0131m yap\u0131n.<\/p>\n<h3>Toplu Bulunabilirlik ve Zaman\u0131nda Teslimat<\/h3>\n<p>M\u00fc\u015fterilerine birinci s\u0131n\u0131f ayakkab\u0131lar sunmak isteyen perakendeciler ve i\u015fletmeler i\u00e7in <b>erkek deri\u0307 g\u00fcnl\u00fck spor ayakkabi<\/b> toplu sipari\u015fler i\u00e7in mevcuttur. Minimum sipari\u015f miktar\u0131 sadece 8 \u00e7ift oldu\u011fundan, bu y\u00fcksek talep g\u00f6ren \u00fcr\u00fcnleri stoklamak kolayd\u0131r. Envanterinizi etkili bir \u015fekilde planlaman\u0131za olanak tan\u0131yan yakla\u015f\u0131k 12 g\u00fcnl\u00fck bir teslimat s\u00fcresi ve nakliye sa\u011fl\u0131yoruz.<\/p>\n<p>Detayl\u0131 fiyatland\u0131rma ve toptan sat\u0131\u015f ihtiya\u00e7lar\u0131n\u0131z\u0131 g\u00f6r\u00fc\u015fmek i\u00e7in bizimle ileti\u015fime ge\u00e7in <b>erkek deri\u0307 g\u00fcnl\u00fck spor ayakkabi<\/b>.<\/p>","protected":false},"excerpt":{"rendered":"<ul>\n<li><b>Birinci s\u0131n\u0131f deriden \u00fcretilmi\u015ftir:<\/b> Yumu\u015fak ke\u00e7i derisi astarl\u0131 l\u00fcks dana derisi d\u0131\u015f y\u00fczey.<\/li>\n<li><b>\u00dcst\u00fcn Konfor:<\/b> T\u00fcm g\u00fcn kullan\u0131m i\u00e7in dayan\u0131kl\u0131 ve esnek termo taban ile donat\u0131lm\u0131\u015ft\u0131r.<\/li>\n<li><b>\u015e\u0131k Tasar\u0131m:<\/b> Zengin kahverengi ve sofistike lacivert renkleriyle \u00e7ok y\u00f6nl\u00fc kombinler i\u00e7in m\u00fckemmel modern ve rahat bir g\u00f6r\u00fcn\u00fcm.<\/li>\n<li><b>Optimal Topuk Y\u00fcksekli\u011fi:<\/b> Hafif y\u00fckseklik ve destek i\u00e7in rahat 1-3 cm topuk.<\/li>\n<li><b>Geni\u015fletilmi\u015f Boyut Aral\u0131\u011f\u0131:<\/b> M\u00fckemmel bir uyum sa\u011flamak i\u00e7in 39 ila 45 bedenleri mevcuttur.<\/li>\n<li><b>Toplu Al\u0131m Mevcuttur:<\/b> Minimum 8 \u00e7ift sipari\u015f; perakendeciler ve toptanc\u0131lar i\u00e7in idealdir.<\/li>\n<\/ul>","protected":false},"featured_media":4137,"template":"","meta":{"_acf_changed":false,"_uag_custom_page_level_css":"","site-sidebar-layout":"default","site-content-layout":"","ast-site-content-layout":"default","site-content-style":"default","site-sidebar-style":"default","ast-global-header-display":"","ast-banner-title-visibility":"","ast-main-header-display":"","ast-hfb-above-header-display":"","ast-hfb-below-header-display":"","ast-hfb-mobile-header-display":"","site-post-title":"","ast-breadcrumbs-content":"","ast-featured-img":"","footer-sml-layout":"","ast-disable-related-posts":"","theme-transparent-header-meta":"default","adv-header-id-meta":"","stick-header-meta":"","header-above-stick-meta":"","header-main-stick-meta":"","header-below-stick-meta":"","astra-migrate-meta-layouts":"set","ast-page-background-enabled":"default","ast-page-background-meta":{"desktop":{"background-color":"var(--ast-global-color-4)","background-image":"","background-repeat":"repeat","background-position":"center center","background-size":"auto","background-attachment":"scroll","background-type":"","background-media":"","overlay-type":"","overlay-color":"","overlay-opacity":"","overlay-gradient":""},"tablet":{"background-color":"","background-image":"","background-repeat":"repeat","background-position":"center center","background-size":"auto","background-attachment":"scroll","background-type":"","background-media":"","overlay-type":"","overlay-color":"","overlay-opacity":"","overlay-gradient":""},"mobile":{"background-color":"","background-image":"","background-repeat":"repeat","background-position":"center center","background-size":"auto","background-attachment":"scroll","background-type":"","background-media":"","overlay-type":"","overlay-color":"","overlay-opacity":"","overlay-gradient":""}},"ast-content-background-meta":{"desktop":{"background-color":"var(--ast-global-color-5)","background-image":"","background-repeat":"repeat","background-position":"center center","background-size":"auto","background-attachment":"scroll","background-type":"","background-media":"","overlay-type":"","overlay-color":"","overlay-opacity":"","overlay-gradient":""},"tablet":{"background-color":"var(--ast-global-color-5)","background-image":"","background-repeat":"repeat","background-position":"center center","background-size":"auto","background-attachment":"scroll","background-type":"","background-media":"","overlay-type":"","overlay-color":"","overlay-opacity":"","overlay-gradient":""},"mobile":{"background-color":"var(--ast-global-color-5)","background-image":"","background-repeat":"repeat","background-position":"center center","background-size":"auto","background-attachment":"scroll","background-type":"","background-media":"","overlay-type":"","overlay-color":"","overlay-opacity":"","overlay-gradient":""}}},"product_brand":[],"product_cat":[48,430,40,50],"product_tag":[1176,1130,185,216,222,1159,189,224,365,214,546,209,1123],"class_list":{"0":"post-6185","1":"product","2":"type-product","3":"status-publish","4":"has-post-thumbnail","6":"product_cat-casual","7":"product_cat-men","8":"product_cat-mens-shoes","9":"product_cat-sneakers","10":"product_tag-blue-sneakers","11":"product_tag-brown-sneakers","12":"product_tag-calf-leather-shoes","13":"product_tag-casual-sneakers","14":"product_tag-comfortable-shoes","15":"product_tag-everyday-footwear","16":"product_tag-goat-leather-lining","17":"product_tag-leather-sneakers","18":"product_tag-luxury-sneakers","19":"product_tag-mens-sneakers","20":"product_tag-stylish-mens-shoes","21":"product_tag-thermo-sole","22":"product_tag-wholesale-sneakers","23":"desktop-align-center","24":"tablet-align-center","25":"mobile-align-center","27":"first","28":"instock","29":"featured","30":"shipping-taxable","31":"purchasable","32":"product-type-variable","33":"has-default-attributes"},"acf":[],"uagb_featured_image_src":{"full":["https:\/\/turkishtrade.co\/wp-content\/uploads\/2026\/01\/2400EJOMN00385-BURGUNDY-X_133-5-USD.png",453,250,false],"thumbnail":["https:\/\/turkishtrade.co\/wp-content\/uploads\/2026\/01\/2400EJOMN00385-BURGUNDY-X_133-5-USD-150x150.png",150,150,true],"medium":["https:\/\/turkishtrade.co\/wp-content\/uploads\/2026\/01\/2400EJOMN00385-BURGUNDY-X_133-5-USD-300x166.png",300,166,true],"medium_large":["https:\/\/turkishtrade.co\/wp-content\/uploads\/2026\/01\/2400EJOMN00385-BURGUNDY-X_133-5-USD.png",453,250,false],"large":["https:\/\/turkishtrade.co\/wp-content\/uploads\/2026\/01\/2400EJOMN00385-BURGUNDY-X_133-5-USD.png",453,250,false],"1536x1536":["https:\/\/turkishtrade.co\/wp-content\/uploads\/2026\/01\/2400EJOMN00385-BURGUNDY-X_133-5-USD.png",453,250,false],"2048x2048":["https:\/\/turkishtrade.co\/wp-content\/uploads\/2026\/01\/2400EJOMN00385-BURGUNDY-X_133-5-USD.png",453,250,false],"trp-custom-language-flag":["https:\/\/turkishtrade.co\/wp-content\/uploads\/2026\/01\/2400EJOMN00385-BURGUNDY-X_133-5-USD-18x10.png",18,10,true],"woocommerce_thumbnail":["https:\/\/turkishtrade.co\/wp-content\/uploads\/2026\/01\/2400EJOMN00385-BURGUNDY-X_133-5-USD-400x250.png",400,250,true],"woocommerce_single":["https:\/\/turkishtrade.co\/wp-content\/uploads\/2026\/01\/2400EJOMN00385-BURGUNDY-X_133-5-USD.png",453,250,false],"woocommerce_gallery_thumbnail":["https:\/\/turkishtrade.co\/wp-content\/uploads\/2026\/01\/2400EJOMN00385-BURGUNDY-X_133-5-USD-100x100.png",100,100,true]},"uagb_author_info":{"display_name":"yaser olabi","author_link":"https:\/\/turkishtrade.co\/tr\/author\/"},"uagb_comment_info":0,"uagb_excerpt":"Crafted from Premium Leathers: Luxurious calf leather exterior with soft goat leather lining. Superior Comfort: Equipped with a durable and flexible thermo sole for all-day wear. Stylish Design: Modern casual look perfect for versatile outfits, available in rich brown and sophisticated navy blue. Optimal Heel Height: Comfortable 1-3 cm heel for subtle elevation and support.&hellip;","_links":{"self":[{"href":"https:\/\/turkishtrade.co\/tr\/wp-json\/wp\/v2\/product\/6185","targetHints":{"allow":["GET"]}}],"collection":[{"href":"https:\/\/turkishtrade.co\/tr\/wp-json\/wp\/v2\/product"}],"about":[{"href":"https:\/\/turkishtrade.co\/tr\/wp-json\/wp\/v2\/types\/product"}],"wp:featuredmedia":[{"embeddable":true,"href":"https:\/\/turkishtrade.co\/tr\/wp-json\/wp\/v2\/media\/4137"}],"wp:attachment":[{"href":"https:\/\/turkishtrade.co\/tr\/wp-json\/wp\/v2\/media?parent=6185"}],"wp:term":[{"taxonomy":"product_brand","embeddable":true,"href":"https:\/\/turkishtrade.co\/tr\/wp-json\/wp\/v2\/product_brand?post=6185"},{"taxonomy":"product_cat","embeddable":true,"href":"https:\/\/turkishtrade.co\/tr\/wp-json\/wp\/v2\/product_cat?post=6185"},{"taxonomy":"product_tag","embeddable":true,"href":"https:\/\/turkishtrade.co\/tr\/wp-json\/wp\/v2\/product_tag?post=6185"}],"curies":[{"name":"wp","href":"https:\/\/api.w.org\/{rel}","templated":true}]}}