{"id":6181,"date":"2026-01-14T14:18:04","date_gmt":"2026-01-14T14:18:04","guid":{"rendered":"https:\/\/turkishtrade.co\/product\/mens-leather-casual-sneakers-2\/"},"modified":"2026-04-09T19:10:16","modified_gmt":"2026-04-09T19:10:16","slug":"mens-leather-casual-sneakers-2","status":"publish","type":"product","link":"https:\/\/turkishtrade.co\/tr\/shop\/mens-leather-casual-sneakers-2\/","title":{"rendered":"Premium Erkek Deri G\u00fcnl\u00fck Spor Ayakkab\u0131"},"content":{"rendered":"<p><strong>Erkek Deri G\u00fcnl\u00fck Spor Ayakkab\u0131<\/strong><\/p>\n<p>Enfes koleksiyonumuzla benzersiz bir stil ve konfora ad\u0131m at\u0131n <strong>Erkek Deri G\u00fcnl\u00fck Spor Ayakkab\u0131<\/strong>. Hem esteti\u011fe hem de kaliteye de\u011fer veren modern erkek i\u00e7in tasarlanan bu premium spor ayakkab\u0131lar, \u00fcst\u00fcn i\u015f\u00e7ili\u011fin bir kan\u0131t\u0131d\u0131r. Bu sofistike ayakkab\u0131lar\u0131n her bir \u00e7ifti <strong>erkek deri\u0307 g\u00fcnl\u00fck spor ayakkabi<\/strong> kal\u0131c\u0131 stil ve ola\u011fan\u00fcst\u00fc konfor sunmak i\u00e7in titizlikle \u00fcretilmi\u015ftir ve her se\u00e7kin gard\u0131rop i\u00e7in vazge\u00e7ilmez bir eklentidir.<\/p>\n<p>\u0130ster rahat bir hafta sonu gezintisi ister \u015f\u0131k ve g\u00fcndelik bir ofis ortam\u0131 i\u00e7in olsun, bu \u00e7ok y\u00f6nl\u00fc spor ayakkab\u0131lar g\u00f6r\u00fcn\u00fcm\u00fcn\u00fcz\u00fc abart\u0131s\u0131z bir \u015f\u0131kl\u0131kla y\u00fckseltmeyi vaat ediyor. Bu ayakkab\u0131lar\u0131n neden <strong>premium erkek deri\u0307 g\u00fcnl\u00fck spor ayakkabi<\/strong> g\u00fcnl\u00fck ayakkab\u0131larda en iyisini talep edenler aras\u0131nda h\u0131zla favori haline geliyor.<\/p>\n<h3>Rakipsiz Kalite ve Malzemeler<\/h3>\n<p>Bizim <strong>Erkek Deri G\u00fcnl\u00fck Spor Ayakkab\u0131<\/strong> maksimum dayan\u0131kl\u0131l\u0131k ve konfor sa\u011flamak i\u00e7in en iyi malzemelerden \u00fcretilmi\u015ftir. D\u0131\u015f y\u00fczeyinde p\u00fcr\u00fczs\u00fcz dokusu, esnekli\u011fi ve zarif y\u00fczeyiyle bilinen l\u00fcks dana derisi kullan\u0131lm\u0131\u015ft\u0131r. Bu birinci s\u0131n\u0131f deri sadece muhte\u015fem g\u00f6r\u00fcnmekle kalmaz, ayn\u0131 zamanda zamanla aya\u011f\u0131n\u0131za uyum sa\u011flayarak ki\u015fiye \u00f6zel bir uyum sa\u011flar.<\/p>\n<p>\u0130\u00e7 k\u0131s\u0131mda ayaklar\u0131n\u0131z, g\u00fcn boyu rahat etmenizi sa\u011flayan ola\u011fan\u00fcst\u00fc nefes alabilirlik ve yumu\u015fakl\u0131k sunan hakiki ke\u00e7i derisi astar\u0131n pel\u00fc\u015f kuca\u011f\u0131n\u0131 deneyimleyecek. Sa\u011flam termo taban m\u00fckemmel tutu\u015f ve destek sa\u011flar, 1-3 cm'lik ince topuk y\u00fcksekli\u011fi ile optimum konfor i\u00e7in tasarlanm\u0131\u015ft\u0131r ve stilden \u00f6d\u00fcn vermeden denge sa\u011flar. Bunlar ger\u00e7ekten bir ayakkab\u0131dan \u00e7ok daha fazlas\u0131d\u0131r; y\u00fcksek kaliteli, rahat ve konforlu bir yat\u0131r\u0131md\u0131r. <strong>erkek deri\u0307 g\u00fcnl\u00fck spor ayakkabi<\/strong>.<\/p>\n<h3>\u015e\u0131k Tasar\u0131m ve \u00c7ok Y\u00f6nl\u00fcl\u00fck<\/h3>\n<p>Tasar\u0131m\u0131m\u0131z <strong>Erkek Deri G\u00fcnl\u00fck Spor Ayakkab\u0131<\/strong> klasik \u00e7ekicili\u011fi \u00e7a\u011fda\u015f dokunu\u015flarla harmanl\u0131yor. Daha fazla nefes alabilirlik i\u00e7in ince deliklere ve ay\u0131rt edici yan \u015feritlere sahip bu spor ayakkab\u0131, \u00e7ok \u00e7e\u015fitli k\u0131yafetlerle zahmetsizce e\u015fle\u015fen dinamik bir g\u00f6r\u00fcn\u00fcm sunar. Siyah, zengin kahverengi ve koyu lacivertin sofistike tonlar\u0131nda sunulan bu <strong>premium deri spor ayakkab\u0131<\/strong> farkl\u0131 ki\u015fisel stillere ve tercihlere hitap eder.<\/p>\n<p>Aerodinamik siluet, \u015f\u0131k bir profil sa\u011flar ve bunlar\u0131 <strong>deri g\u00fcnl\u00fck spor ayakkab\u0131<\/strong> Kot ve chino pantolonlardan \u00f6zel dikim pantolonlara kadar her \u015fey i\u00e7in uygundur. 39'dan 45'e kadar de\u011fi\u015fen bedenleriyle, m\u00fckemmel uyumunuzu bulmak kolayd\u0131r, ilk giyimden itibaren rahatl\u0131k sa\u011flar ve bu <strong>\u015f\u0131k erkek deri g\u00fcnl\u00fck spor ayakkab\u0131<\/strong> her durum i\u00e7in m\u00fckemmel bir se\u00e7im.<\/p>\n<h3>Perakendeciler i\u00e7in Toptan Sat\u0131\u015f F\u0131rsat\u0131<\/h3>\n<p>M\u00fc\u015fterilerine y\u00fcksek kaliteli, \u015f\u0131k ayakkab\u0131lar sunmak isteyen i\u015fletmeler i\u00e7in <strong>Erkek Deri G\u00fcnl\u00fck Spor Ayakkab\u0131<\/strong> m\u00fckemmel bir toptan sat\u0131\u015f f\u0131rsat\u0131 sunuyor. Minimum 8 \u00e7ift gereksinimi ile toplu sipari\u015fleri kar\u015f\u0131l\u0131yoruz, bu da \u00e7e\u015fitli boyut ve renkleri stoklamay\u0131 kolayla\u015ft\u0131r\u0131yor. Verimli s\u00fcrecimiz, yakla\u015f\u0131k 12 g\u00fcn art\u0131 nakliye s\u00fcresi sa\u011flayarak envanterinizi h\u0131zl\u0131 bir \u015fekilde yenilemenize olanak tan\u0131r.<\/p>\n<p>M\u00fc\u015fterilerinize en iyi hizmeti sunun <strong>erkek deri\u0307 g\u00fcnl\u00fck spor ayakkabi<\/strong> l\u00fcks, konfor ve \u00e7ok y\u00f6nl\u00fc stili bir araya getiriyor. Ayr\u0131nt\u0131l\u0131 fiyat listemize eri\u015fmek ve bu ola\u011fan\u00fcst\u00fc modellerin nas\u0131l tasarland\u0131\u011f\u0131n\u0131 ke\u015ffetmek i\u00e7in bug\u00fcn bize ula\u015f\u0131n. <strong>erkek deri\u0307 g\u00fcnl\u00fck spor ayakkabi<\/strong> \u00fcr\u00fcn tekliflerinizi geli\u015ftirebilir ve m\u00fc\u015fterilerinizin birinci s\u0131n\u0131f ayakkab\u0131 taleplerini kar\u015f\u0131layabilir.<\/p>","protected":false},"excerpt":{"rendered":"<ul>\n<li>Birinci s\u0131n\u0131f dana derisi d\u0131\u015f y\u00fczey ve yumu\u015fak ke\u00e7i derisi astardan \u00fcretilmi\u015ftir.<\/li>\n<li>1-3 cm topuk y\u00fcksekli\u011fine sahip rahat ve dayan\u0131kl\u0131 termo tabana sahiptir.<\/li>\n<li>Geni\u015f bir beden yelpazesinde mevcuttur: 39, 40, 41, 42, 43, 44, 45.<\/li>\n<li>Delikli detaylara ve belirgin yan \u015feritlere sahip \u015f\u0131k tasar\u0131m, \u00e7ok say\u0131da sofistike renkte (siyah, kahverengi, lacivert) sunulmaktad\u0131r.<\/li>\n<li>Minimum 8 \u00e7ift sipari\u015f miktar\u0131 ile toptan sat\u0131\u015f i\u00e7in idealdir.<\/li>\n<li>Teslimat s\u00fcresi yakla\u015f\u0131k 12 g\u00fcn art\u0131 nakliye \u015feklindedir.<\/li>\n<\/ul>","protected":false},"featured_media":4135,"template":"","meta":{"_acf_changed":false,"_uag_custom_page_level_css":"","site-sidebar-layout":"default","site-content-layout":"","ast-site-content-layout":"default","site-content-style":"default","site-sidebar-style":"default","ast-global-header-display":"","ast-banner-title-visibility":"","ast-main-header-display":"","ast-hfb-above-header-display":"","ast-hfb-below-header-display":"","ast-hfb-mobile-header-display":"","site-post-title":"","ast-breadcrumbs-content":"","ast-featured-img":"","footer-sml-layout":"","ast-disable-related-posts":"","theme-transparent-header-meta":"default","adv-header-id-meta":"","stick-header-meta":"","header-above-stick-meta":"","header-main-stick-meta":"","header-below-stick-meta":"","astra-migrate-meta-layouts":"set","ast-page-background-enabled":"default","ast-page-background-meta":{"desktop":{"background-color":"var(--ast-global-color-4)","background-image":"","background-repeat":"repeat","background-position":"center center","background-size":"auto","background-attachment":"scroll","background-type":"","background-media":"","overlay-type":"","overlay-color":"","overlay-opacity":"","overlay-gradient":""},"tablet":{"background-color":"","background-image":"","background-repeat":"repeat","background-position":"center center","background-size":"auto","background-attachment":"scroll","background-type":"","background-media":"","overlay-type":"","overlay-color":"","overlay-opacity":"","overlay-gradient":""},"mobile":{"background-color":"","background-image":"","background-repeat":"repeat","background-position":"center center","background-size":"auto","background-attachment":"scroll","background-type":"","background-media":"","overlay-type":"","overlay-color":"","overlay-opacity":"","overlay-gradient":""}},"ast-content-background-meta":{"desktop":{"background-color":"var(--ast-global-color-5)","background-image":"","background-repeat":"repeat","background-position":"center center","background-size":"auto","background-attachment":"scroll","background-type":"","background-media":"","overlay-type":"","overlay-color":"","overlay-opacity":"","overlay-gradient":""},"tablet":{"background-color":"var(--ast-global-color-5)","background-image":"","background-repeat":"repeat","background-position":"center center","background-size":"auto","background-attachment":"scroll","background-type":"","background-media":"","overlay-type":"","overlay-color":"","overlay-opacity":"","overlay-gradient":""},"mobile":{"background-color":"var(--ast-global-color-5)","background-image":"","background-repeat":"repeat","background-position":"center center","background-size":"auto","background-attachment":"scroll","background-type":"","background-media":"","overlay-type":"","overlay-color":"","overlay-opacity":"","overlay-gradient":""}}},"product_brand":[],"product_cat":[48,430,40,50],"product_tag":[185,216,222,189,351,198,270,1116,1124,209,1123],"class_list":{"0":"post-6181","1":"product","2":"type-product","3":"status-publish","4":"has-post-thumbnail","6":"product_cat-casual","7":"product_cat-men","8":"product_cat-mens-shoes","9":"product_cat-sneakers","10":"product_tag-calf-leather-shoes","11":"product_tag-casual-sneakers","12":"product_tag-comfortable-shoes","13":"product_tag-goat-leather-lining","14":"product_tag-leather-footwear","15":"product_tag-mens-fashion","16":"product_tag-mens-leather-sneakers","17":"product_tag-premium-sneakers","18":"product_tag-stylish-sneakers","19":"product_tag-thermo-sole","20":"product_tag-wholesale-sneakers","21":"desktop-align-center","22":"tablet-align-center","23":"mobile-align-center","25":"first","26":"instock","27":"featured","28":"shipping-taxable","29":"purchasable","30":"product-type-variable","31":"has-default-attributes"},"acf":[],"uagb_featured_image_src":{"full":["https:\/\/turkishtrade.co\/wp-content\/uploads\/2026\/01\/2400EJOMN00382-DARK-BLUE-X_1334-USD.png",453,250,false],"thumbnail":["https:\/\/turkishtrade.co\/wp-content\/uploads\/2026\/01\/2400EJOMN00382-DARK-BLUE-X_1334-USD-150x150.png",150,150,true],"medium":["https:\/\/turkishtrade.co\/wp-content\/uploads\/2026\/01\/2400EJOMN00382-DARK-BLUE-X_1334-USD-300x166.png",300,166,true],"medium_large":["https:\/\/turkishtrade.co\/wp-content\/uploads\/2026\/01\/2400EJOMN00382-DARK-BLUE-X_1334-USD.png",453,250,false],"large":["https:\/\/turkishtrade.co\/wp-content\/uploads\/2026\/01\/2400EJOMN00382-DARK-BLUE-X_1334-USD.png",453,250,false],"1536x1536":["https:\/\/turkishtrade.co\/wp-content\/uploads\/2026\/01\/2400EJOMN00382-DARK-BLUE-X_1334-USD.png",453,250,false],"2048x2048":["https:\/\/turkishtrade.co\/wp-content\/uploads\/2026\/01\/2400EJOMN00382-DARK-BLUE-X_1334-USD.png",453,250,false],"trp-custom-language-flag":["https:\/\/turkishtrade.co\/wp-content\/uploads\/2026\/01\/2400EJOMN00382-DARK-BLUE-X_1334-USD-18x10.png",18,10,true],"woocommerce_thumbnail":["https:\/\/turkishtrade.co\/wp-content\/uploads\/2026\/01\/2400EJOMN00382-DARK-BLUE-X_1334-USD-400x250.png",400,250,true],"woocommerce_single":["https:\/\/turkishtrade.co\/wp-content\/uploads\/2026\/01\/2400EJOMN00382-DARK-BLUE-X_1334-USD.png",453,250,false],"woocommerce_gallery_thumbnail":["https:\/\/turkishtrade.co\/wp-content\/uploads\/2026\/01\/2400EJOMN00382-DARK-BLUE-X_1334-USD-100x100.png",100,100,true]},"uagb_author_info":{"display_name":"yaser olabi","author_link":"https:\/\/turkishtrade.co\/tr\/author\/"},"uagb_comment_info":0,"uagb_excerpt":"Crafted from premium calf leather exterior and soft goat leather lining. Features a comfortable and durable thermo sole with a 1-3cm heel height. Available in a wide range of sizes: 39, 40, 41, 42, 43, 44, 45. Stylish design with perforated details and distinctive side stripe, offered in multiple sophisticated colors (black, brown, navy). Ideal&hellip;","_links":{"self":[{"href":"https:\/\/turkishtrade.co\/tr\/wp-json\/wp\/v2\/product\/6181","targetHints":{"allow":["GET"]}}],"collection":[{"href":"https:\/\/turkishtrade.co\/tr\/wp-json\/wp\/v2\/product"}],"about":[{"href":"https:\/\/turkishtrade.co\/tr\/wp-json\/wp\/v2\/types\/product"}],"wp:featuredmedia":[{"embeddable":true,"href":"https:\/\/turkishtrade.co\/tr\/wp-json\/wp\/v2\/media\/4135"}],"wp:attachment":[{"href":"https:\/\/turkishtrade.co\/tr\/wp-json\/wp\/v2\/media?parent=6181"}],"wp:term":[{"taxonomy":"product_brand","embeddable":true,"href":"https:\/\/turkishtrade.co\/tr\/wp-json\/wp\/v2\/product_brand?post=6181"},{"taxonomy":"product_cat","embeddable":true,"href":"https:\/\/turkishtrade.co\/tr\/wp-json\/wp\/v2\/product_cat?post=6181"},{"taxonomy":"product_tag","embeddable":true,"href":"https:\/\/turkishtrade.co\/tr\/wp-json\/wp\/v2\/product_tag?post=6181"}],"curies":[{"name":"wp","href":"https:\/\/api.w.org\/{rel}","templated":true}]}}