{"id":6178,"date":"2026-01-14T14:17:44","date_gmt":"2026-01-14T14:17:44","guid":{"rendered":"https:\/\/turkishtrade.co\/product\/mens-leather-loafers-9\/"},"modified":"2026-04-09T19:10:24","modified_gmt":"2026-04-09T19:10:24","slug":"mens-leather-loafers-9","status":"publish","type":"product","link":"https:\/\/turkishtrade.co\/tr\/shop\/mens-leather-loafers-9\/","title":{"rendered":"Termo Tabanl\u0131 Premium Erkek Deri Loafer"},"content":{"rendered":"<p><strong>erkek deri\u0307 mokasen<\/strong><\/p>\n<p>Enfes koleksiyonumuzla rafine \u015f\u0131kl\u0131\u011fa ve benzersiz konfora ad\u0131m at\u0131n <strong>erkek deri\u0307 mokasen<\/strong>. Se\u00e7kin bireyler i\u00e7in tasarlanan ve perakende koleksiyonlar\u0131 i\u00e7in m\u00fckemmel olan bu birinci s\u0131n\u0131f ayakkab\u0131lar, zamans\u0131z stili modern konfor teknolojisiyle kusursuz bir \u015fekilde harmanl\u0131yor. Her bir \u00e7ift, sofistike bir ifade yaratmak i\u00e7in titizlikle \u00fcretilmi\u015ftir. <strong>erkek deri\u0307 mokasen<\/strong> her t\u00fcrl\u00fc \u00fcst d\u00fczey ayakkab\u0131 envanterine \u00f6nemli bir katk\u0131. M\u00fc\u015fterilerinize l\u00fcks\u00fc yans\u0131tan ve t\u00fcm g\u00fcn giyilebilirlik sa\u011flayan ayakkab\u0131lar sunun.<\/p>\n<h3>E\u015fsiz \u0130\u015f\u00e7ilik ve Birinci S\u0131n\u0131f Malzemeler<\/h3>\n<p>Bizim ola\u011fan\u00fcst\u00fc <strong>erkek deri\u0307 mokasen<\/strong> \u00fcst\u00fcn i\u015f\u00e7ili\u011fin bir kan\u0131t\u0131d\u0131r. D\u0131\u015f y\u00fczeyi, esnek dokusu, do\u011fal parlakl\u0131\u011f\u0131 ve ola\u011fan\u00fcst\u00fc dayan\u0131kl\u0131l\u0131\u011f\u0131yla \u00fcnl\u00fc hakiki dana derisinden \u00fcretilmi\u015ftir. Bu birinci s\u0131n\u0131f dana derisi, zaman i\u00e7inde g\u00fczel bir \u015fekilde eskiyen ve kal\u0131c\u0131 bir l\u00fcks izlenimi b\u0131rakan \u015f\u0131k bir g\u00f6r\u00fcn\u00fcm sa\u011flar.<\/p>\n<p>\u0130\u00e7 k\u0131s\u0131mda, ayaklar\u0131n\u0131z ke\u00e7i derisi astar\u0131n yumu\u015fak kucaklamas\u0131n\u0131 deneyimleyecek. Nefes alabilirli\u011fi ve p\u00fcr\u00fczs\u00fcz hissi ile bilinen ke\u00e7i derisi, her ad\u0131mda \u00fcst\u00fcn konfor ve l\u00fcks bir dokunu\u015f sa\u011flar. Birinci s\u0131n\u0131f derilerin bu \u00f6zenli kombinasyonu, hem uzun \u00f6m\u00fcrl\u00fcl\u00fc\u011f\u00fc hem de y\u00fcksek bir kullan\u0131m deneyimini garanti ederek <strong>erkek deri\u0307 mokasen<\/strong> standart se\u00e7enekler d\u0131\u015f\u0131nda.<\/p>\n<h3>Thermo Sole Teknolojisi ile Yenilik\u00e7i Konfor<\/h3>\n<p>Her bir \u00e7iftinde bulunan geli\u015fmi\u015f termo taban sayesinde tarz\u0131n\u0131zdan \u00f6d\u00fcn vermeden g\u00fcn boyu konforu ya\u015fay\u0131n <strong>erkek deri\u0307 mokasen<\/strong>. Bu yenilik\u00e7i taban teknolojisi m\u00fckemmel esneklik, \u00fcst\u00fcn kavrama ve etkili \u015fok emilimi sa\u011flayarak ister g\u00fcnl\u00fck kullan\u0131mda ister \u00f6zel g\u00fcnlerde rahat bir ad\u0131m atman\u0131z\u0131 sa\u011flar. 1-3 cm aras\u0131nda de\u011fi\u015fen ince ve ergonomik topuk y\u00fcksekli\u011fi ile bu mokasen ayakkab\u0131lar, destek i\u00e7in do\u011fru miktarda y\u00fckselti ve zarif bir profil sunar.<\/p>\n<p>Termo taban sadece konforu art\u0131rmakla kalmaz, ayn\u0131 zamanda ayakkab\u0131n\u0131n genel dayan\u0131kl\u0131l\u0131\u011f\u0131na da \u00f6nemli \u00f6l\u00e7\u00fcde katk\u0131da bulunur. <strong>erkek deri\u0307 mokasen<\/strong> M\u00fc\u015fterileriniz i\u00e7in pratik ama son derece \u015f\u0131k bir se\u00e7im.<\/p>\n<h3>Her Durum i\u00e7in \u00c7ok Y\u00f6nl\u00fc Stil<\/h3>\n<p>Bu ayakkab\u0131lar\u0131n klasik penny loafer tasar\u0131m\u0131, resmi i\u015f ortamlar\u0131ndan \u015f\u0131k ve g\u00fcndelik gezilere zahmetsizce ge\u00e7i\u015f yapar. 39'dan 45'e kadar sofistike bir Avrupa beden yelpazesinde mevcut olan bu <strong>erkek deri\u0307 mokasen<\/strong> geni\u015f bir m\u00fc\u015fteri kitlesine hitap ederek bir\u00e7ok ki\u015fi i\u00e7in m\u00fckemmel bir uyum sa\u011flar. Hem \u015f\u0131kl\u0131k hem de pratiklik sunan bu modeller, ister klasik siyah ister zengin kahverengi tonlar\u0131nda olsun, her t\u00fcrl\u00fc erkek giyim koleksiyonunu zenginle\u015ftirmek i\u00e7in idealdir.<\/p>\n<p>Toptan sat\u0131\u015f orta\u011f\u0131 olarak, bu birinci s\u0131n\u0131f \u00fcr\u00fcnler i\u00e7in tutarl\u0131 kaliteyi, zamans\u0131z \u00e7ekicili\u011fi ve g\u00fc\u00e7l\u00fc pazar talebini takdir edeceksiniz. <strong>erkek deri\u0307 mokasen<\/strong>, B\u00f6ylece teklifleriniz aras\u0131nda pop\u00fcler ve k\u00e2rl\u0131 bir se\u00e7im haline gelmelerini sa\u011flars\u0131n\u0131z.<\/p>\n<h3>Perakendeciler i\u00e7in Toptan Sat\u0131\u015f F\u0131rsat\u0131<\/h3>\n<p>Bu y\u00fcksek kaliteli <strong>erkek deri\u0307 mokasen<\/strong> minimum 8 \u00e7ift sat\u0131n al\u0131mla toplu sipari\u015fler i\u00e7in mevcuttur, bu da onlar\u0131 m\u00fc\u015fterilerine birinci s\u0131n\u0131f, dayan\u0131kl\u0131 ve \u015f\u0131k ayakkab\u0131lar sunmak isteyen perakendeciler i\u00e7in ideal bir se\u00e7im haline getirir.<\/p>\n<p>Talebi kar\u015f\u0131lamak i\u00e7in stoklar\u0131n\u0131z\u0131n verimli bir \u015fekilde yenilenmesini sa\u011flayarak 12 g\u00fcn i\u00e7inde g\u00fcvenilir teslimat ve nakliye hizmetinden yararlan\u0131n. M\u00fc\u015fterilerinize en \u00fcst d\u00fczeyde \u015f\u0131k, rahat ve dayan\u0131kl\u0131 \u00fcr\u00fcnler sunmak i\u00e7in bizimle i\u015f ortakl\u0131\u011f\u0131 yap\u0131n <strong>erkek deri\u0307 mokasen<\/strong>, markan\u0131z\u0131n kalite konusundaki itibar\u0131n\u0131 art\u0131r\u0131r.<\/p>","protected":false},"excerpt":{"rendered":"<ul>\n<li>Premium Dana Derisi D\u0131\u015f Y\u00fczey<\/li>\n<li>L\u00fcks Ke\u00e7i Derisi \u0130\u00e7 Astar<\/li>\n<li>Konfor Art\u0131r\u0131c\u0131 Termo Taban Teknolojisi<\/li>\n<li>Klasik Penny Loafer Tasar\u0131m\u0131<\/li>\n<li>\u0130nce 1-3 cm Topuk Y\u00fcksekli\u011fi<\/li>\n<li>AB 39-45 \u00d6l\u00e7\u00fclerinde Mevcuttur<\/li>\n<li>Minimum Sipari\u015f: Toptan Sat\u0131\u015f i\u00e7in 8 \u00c7ift<\/li>\n<li>Teslimat S\u00fcresi: 12 G\u00fcn + Kargo<\/li>\n<\/ul>","protected":false},"featured_media":4131,"template":"","meta":{"_acf_changed":false,"_uag_custom_page_level_css":"","site-sidebar-layout":"default","site-content-layout":"","ast-site-content-layout":"default","site-content-style":"default","site-sidebar-style":"default","ast-global-header-display":"","ast-banner-title-visibility":"","ast-main-header-display":"","ast-hfb-above-header-display":"","ast-hfb-below-header-display":"","ast-hfb-mobile-header-display":"","site-post-title":"","ast-breadcrumbs-content":"","ast-featured-img":"","footer-sml-layout":"","ast-disable-related-posts":"","theme-transparent-header-meta":"default","adv-header-id-meta":"","stick-header-meta":"","header-above-stick-meta":"","header-main-stick-meta":"","header-below-stick-meta":"","astra-migrate-meta-layouts":"set","ast-page-background-enabled":"default","ast-page-background-meta":{"desktop":{"background-color":"var(--ast-global-color-4)","background-image":"","background-repeat":"repeat","background-position":"center center","background-size":"auto","background-attachment":"scroll","background-type":"","background-media":"","overlay-type":"","overlay-color":"","overlay-opacity":"","overlay-gradient":""},"tablet":{"background-color":"","background-image":"","background-repeat":"repeat","background-position":"center center","background-size":"auto","background-attachment":"scroll","background-type":"","background-media":"","overlay-type":"","overlay-color":"","overlay-opacity":"","overlay-gradient":""},"mobile":{"background-color":"","background-image":"","background-repeat":"repeat","background-position":"center center","background-size":"auto","background-attachment":"scroll","background-type":"","background-media":"","overlay-type":"","overlay-color":"","overlay-opacity":"","overlay-gradient":""}},"ast-content-background-meta":{"desktop":{"background-color":"var(--ast-global-color-5)","background-image":"","background-repeat":"repeat","background-position":"center center","background-size":"auto","background-attachment":"scroll","background-type":"","background-media":"","overlay-type":"","overlay-color":"","overlay-opacity":"","overlay-gradient":""},"tablet":{"background-color":"var(--ast-global-color-5)","background-image":"","background-repeat":"repeat","background-position":"center center","background-size":"auto","background-attachment":"scroll","background-type":"","background-media":"","overlay-type":"","overlay-color":"","overlay-opacity":"","overlay-gradient":""},"mobile":{"background-color":"var(--ast-global-color-5)","background-image":"","background-repeat":"repeat","background-position":"center center","background-size":"auto","background-attachment":"scroll","background-type":"","background-media":"","overlay-type":"","overlay-color":"","overlay-opacity":"","overlay-gradient":""}}},"product_brand":[],"product_cat":[48,47,49,430,40],"product_tag":[949,370,147,185,809,220,189,384,719,279,280,546,209,262],"class_list":{"0":"post-6178","1":"product","2":"type-product","3":"status-publish","4":"has-post-thumbnail","6":"product_cat-casual","7":"product_cat-classic","8":"product_cat-loafer","9":"product_cat-men","10":"product_cat-mens-shoes","11":"product_tag-b2b-footwear","12":"product_tag-black-loafers","13":"product_tag-brown-loafers","14":"product_tag-calf-leather-shoes","15":"product_tag-classic-mens-footwear","16":"product_tag-comfortable-loafers","17":"product_tag-goat-leather-lining","18":"product_tag-luxury-loafers","19":"product_tag-mens-leather-loafers","20":"product_tag-penny-loafers","21":"product_tag-smart-casual-shoes","22":"product_tag-stylish-mens-shoes","23":"product_tag-thermo-sole","24":"product_tag-wholesale-mens-shoes","25":"desktop-align-center","26":"tablet-align-center","27":"mobile-align-center","29":"first","30":"instock","31":"shipping-taxable","32":"purchasable","33":"product-type-variable","34":"has-default-attributes"},"acf":[],"uagb_featured_image_src":{"full":["https:\/\/turkishtrade.co\/wp-content\/uploads\/2026\/01\/2400EJOMN00463-BLACK-ZL_132-1-USD.png",453,250,false],"thumbnail":["https:\/\/turkishtrade.co\/wp-content\/uploads\/2026\/01\/2400EJOMN00463-BLACK-ZL_132-1-USD-150x150.png",150,150,true],"medium":["https:\/\/turkishtrade.co\/wp-content\/uploads\/2026\/01\/2400EJOMN00463-BLACK-ZL_132-1-USD-300x166.png",300,166,true],"medium_large":["https:\/\/turkishtrade.co\/wp-content\/uploads\/2026\/01\/2400EJOMN00463-BLACK-ZL_132-1-USD.png",453,250,false],"large":["https:\/\/turkishtrade.co\/wp-content\/uploads\/2026\/01\/2400EJOMN00463-BLACK-ZL_132-1-USD.png",453,250,false],"1536x1536":["https:\/\/turkishtrade.co\/wp-content\/uploads\/2026\/01\/2400EJOMN00463-BLACK-ZL_132-1-USD.png",453,250,false],"2048x2048":["https:\/\/turkishtrade.co\/wp-content\/uploads\/2026\/01\/2400EJOMN00463-BLACK-ZL_132-1-USD.png",453,250,false],"trp-custom-language-flag":["https:\/\/turkishtrade.co\/wp-content\/uploads\/2026\/01\/2400EJOMN00463-BLACK-ZL_132-1-USD-18x10.png",18,10,true],"woocommerce_thumbnail":["https:\/\/turkishtrade.co\/wp-content\/uploads\/2026\/01\/2400EJOMN00463-BLACK-ZL_132-1-USD-400x250.png",400,250,true],"woocommerce_single":["https:\/\/turkishtrade.co\/wp-content\/uploads\/2026\/01\/2400EJOMN00463-BLACK-ZL_132-1-USD.png",453,250,false],"woocommerce_gallery_thumbnail":["https:\/\/turkishtrade.co\/wp-content\/uploads\/2026\/01\/2400EJOMN00463-BLACK-ZL_132-1-USD-100x100.png",100,100,true]},"uagb_author_info":{"display_name":"yaser olabi","author_link":"https:\/\/turkishtrade.co\/tr\/author\/"},"uagb_comment_info":0,"uagb_excerpt":"Premium Calf Leather Exterior Luxurious Goat Leather Interior Lining Comfort-Enhancing Thermo Sole Technology Classic Penny Loafer Design Subtle 1-3 cm Heel Height Available in Sizes EU 39-45 Minimum Order: 8 Pairs for Wholesale Delivery Time: 12 Days + Shipping","_links":{"self":[{"href":"https:\/\/turkishtrade.co\/tr\/wp-json\/wp\/v2\/product\/6178","targetHints":{"allow":["GET"]}}],"collection":[{"href":"https:\/\/turkishtrade.co\/tr\/wp-json\/wp\/v2\/product"}],"about":[{"href":"https:\/\/turkishtrade.co\/tr\/wp-json\/wp\/v2\/types\/product"}],"wp:featuredmedia":[{"embeddable":true,"href":"https:\/\/turkishtrade.co\/tr\/wp-json\/wp\/v2\/media\/4131"}],"wp:attachment":[{"href":"https:\/\/turkishtrade.co\/tr\/wp-json\/wp\/v2\/media?parent=6178"}],"wp:term":[{"taxonomy":"product_brand","embeddable":true,"href":"https:\/\/turkishtrade.co\/tr\/wp-json\/wp\/v2\/product_brand?post=6178"},{"taxonomy":"product_cat","embeddable":true,"href":"https:\/\/turkishtrade.co\/tr\/wp-json\/wp\/v2\/product_cat?post=6178"},{"taxonomy":"product_tag","embeddable":true,"href":"https:\/\/turkishtrade.co\/tr\/wp-json\/wp\/v2\/product_tag?post=6178"}],"curies":[{"name":"wp","href":"https:\/\/api.w.org\/{rel}","templated":true}]}}