{"id":6176,"date":"2026-01-14T14:17:27","date_gmt":"2026-01-14T14:17:27","guid":{"rendered":"https:\/\/turkishtrade.co\/product\/navy-calf-leather-derby-shoes\/"},"modified":"2026-04-09T19:10:27","modified_gmt":"2026-04-09T19:10:27","slug":"navy-calf-leather-derby-shoes","status":"publish","type":"product","link":"https:\/\/turkishtrade.co\/tr\/shop\/navy-calf-leather-derby-shoes\/","title":{"rendered":"Termo Tabanl\u0131 Lacivert Dana Derisi Derby Ayakkab\u0131"},"content":{"rendered":"<p><strong>Lacivert Dana Derisi Derby Ayakkab\u0131<\/strong><\/p>\n<p>Enfes tasar\u0131m\u0131m\u0131zla benzersiz bir stil ve konfora ad\u0131m at\u0131n <strong>Lacivert Dana Derisi Derby Ayakkab\u0131<\/strong>. Hem sofistikeli\u011fi hem de dayan\u0131kl\u0131l\u0131\u011f\u0131 takdir eden modern beyefendiler i\u00e7in tasarlanan bu ayakkab\u0131lar, \u00fcst\u00fcn i\u015f\u00e7ili\u011fin bir kan\u0131t\u0131d\u0131r. Her bir \u00e7ift <strong>Lacivert Dana Derisi Derby Ayakkab\u0131<\/strong> y\u00fcksek kaliteli malzemeler kullan\u0131larak titizlikle in\u015fa edilir ve yaln\u0131zca ola\u011fan\u00fcst\u00fc g\u00f6r\u00fcnmekle kalmay\u0131p ayn\u0131 zamanda zamana kar\u015f\u0131 da dayan\u0131kl\u0131 bir \u00fcr\u00fcn sa\u011flar.<\/p>\n<p>Dana derisi sayan\u0131n zengin lacivert tonu \u00e7ok y\u00f6nl\u00fc bir \u015f\u0131kl\u0131k sunarak bu <strong>Lacivert Dana Derisi Derby Ayakkab\u0131<\/strong> \u015f\u0131k ve g\u00fcndelik gezilerden daha resmi i\u015f ortamlar\u0131na kadar \u00e7e\u015fitli durumlar i\u00e7in uygundur.<\/p>\n<h3>Rakipsiz Konfor ve Birinci S\u0131n\u0131f Malzemeler<\/h3>\n<p>Bu ola\u011fan\u00fcst\u00fc ayakkab\u0131lar\u0131n d\u0131\u015f y\u00fczeyi, p\u00fcr\u00fczs\u00fcz dokusu, esnekli\u011fi ve g\u00fczel bir \u015fekilde eskime kabiliyetiyle bilinen birinci s\u0131n\u0131f dana derisinden yap\u0131lm\u0131\u015ft\u0131r. Bu malzeme se\u00e7imi, zarif bir g\u00f6r\u00fcn\u00fcm ve uzun \u00f6m\u00fcrl\u00fc a\u015f\u0131nmay\u0131 garanti eder. Sa\u011flam d\u0131\u015f y\u00fczeyi tamamlayan i\u00e7 k\u0131s\u0131m, nefes alabilirlik ve aya\u011f\u0131n\u0131zda l\u00fcks bir his sunan son derece yumu\u015fak ke\u00e7i derisiyle astarlanm\u0131\u015ft\u0131r.<\/p>\n<p>Bu \u00f6zenli malzeme kombinasyonu, uzun s\u00fcreli kullan\u0131mlarda bile maksimum konfor sa\u011flar. Ayakkab\u0131lar\u0131m\u0131zla att\u0131\u011f\u0131n\u0131z her ad\u0131mda fark\u0131 hissedeceksiniz. <strong>Lacivert Dana Derisi Derby Ayakkab\u0131<\/strong>.<\/p>\n<h3>Performans ve Stil i\u00e7in Tasarland\u0131<\/h3>\n<p>Ayakkab\u0131n\u0131n alt\u0131nda y\u00fcksek performansl\u0131 termo taban bulunur. Bu yenilik\u00e7i taban malzemesi ola\u011fan\u00fcst\u00fc esneklik, hafif konfor ve \u00fcst\u00fcn \u015fok emilimi sa\u011flayarak ad\u0131mlar\u0131n\u0131z\u0131 zahmetsiz ve rahat hale getirir. \u0130nce 1-3 cm topuk y\u00fcksekli\u011fi, dengeden \u00f6d\u00fcn vermeden do\u011fru miktarda y\u00fckselme sa\u011flar.<\/p>\n<p>Bembeyaz orta katman\u0131 ve uyumlu lacivert d\u0131\u015f taban\u0131 ile ay\u0131rt edici iki tonlu taban, klasik derby sil\u00fcetine \u00e7a\u011fda\u015f bir dokunu\u015f kat\u0131yor. 39'dan 45'e kadar kapsaml\u0131 bir beden aral\u0131\u011f\u0131nda mevcut olan bu <strong>Lacivert Dana Derisi Derby Ayakkab\u0131<\/strong> geni\u015f bir m\u00fc\u015fteri kitlesine hitap etmektedir.<\/p>\n<h3>Toptan ve Toplu Sipari\u015fler i\u00e7in \u0130deal<\/h3>\n<p>Y\u00fcksek kaliteli erkek ayakkab\u0131s\u0131 arayan perakendeciler ve i\u015fletmeler i\u00e7in <strong>Lacivert Dana Derisi Derby Ayakkab\u0131<\/strong> minimum 8 \u00e7ift sipari\u015f miktar\u0131 ile toptan sat\u0131n al\u0131nabilir. Zaman\u0131nda teslimat konusunda kendimizle gurur duyuyoruz, sipari\u015fler genellikle 12 g\u00fcn i\u00e7inde haz\u0131r olur, art\u0131 nakliye. Bize yat\u0131r\u0131m yap\u0131n <strong>Lacivert Dana Derisi Derby Ayakkab\u0131<\/strong> ve m\u00fc\u015fterilerinize zamans\u0131z tasar\u0131m, birinci s\u0131n\u0131f malzemeler ve ola\u011fan\u00fcst\u00fc konforu bir araya getiren, \u015f\u0131k erkek ayakkab\u0131lar\u0131nda yeni bir standart belirleyen bir \u00fcr\u00fcn sunun.<\/p>","protected":false},"excerpt":{"rendered":"<ul>\n<li>Esnek dana derisinden \u00fcretilmi\u015f birinci s\u0131n\u0131f d\u0131\u015f y\u00fczey<\/li>\n<li>\u00dcst\u00fcn konfor i\u00e7in yumu\u015fak Ke\u00e7i Derisinden yap\u0131lm\u0131\u015f l\u00fcks i\u00e7 astar<\/li>\n<li>Dayan\u0131kl\u0131 ve esnek Thermo Taban, m\u00fckemmel tutu\u015f ve 1-3 cm'lik ince bir topuk y\u00fcksekli\u011fi sa\u011flar<\/li>\n<li>Geni\u015f bir Avrupa beden yelpazesinde mevcuttur: 39, 40, 41, 42, 43, 44, 45<\/li>\n<li>Minimum sipari\u015f miktar\u0131: 8 \u00e7ift, toptan ve toplu al\u0131mlar i\u00e7in ideal<\/li>\n<li>Art\u0131 nakliye s\u00fcresi 12 g\u00fcn i\u00e7inde g\u00fcvenilir teslimat<\/li>\n<\/ul>","protected":false},"featured_media":4130,"template":"","meta":{"_acf_changed":false,"_uag_custom_page_level_css":"","site-sidebar-layout":"default","site-content-layout":"","ast-site-content-layout":"default","site-content-style":"default","site-sidebar-style":"default","ast-global-header-display":"","ast-banner-title-visibility":"","ast-main-header-display":"","ast-hfb-above-header-display":"","ast-hfb-below-header-display":"","ast-hfb-mobile-header-display":"","site-post-title":"","ast-breadcrumbs-content":"","ast-featured-img":"","footer-sml-layout":"","ast-disable-related-posts":"","theme-transparent-header-meta":"default","adv-header-id-meta":"","stick-header-meta":"","header-above-stick-meta":"","header-main-stick-meta":"","header-below-stick-meta":"","astra-migrate-meta-layouts":"set","ast-page-background-enabled":"default","ast-page-background-meta":{"desktop":{"background-color":"var(--ast-global-color-4)","background-image":"","background-repeat":"repeat","background-position":"center center","background-size":"auto","background-attachment":"scroll","background-type":"","background-media":"","overlay-type":"","overlay-color":"","overlay-opacity":"","overlay-gradient":""},"tablet":{"background-color":"","background-image":"","background-repeat":"repeat","background-position":"center center","background-size":"auto","background-attachment":"scroll","background-type":"","background-media":"","overlay-type":"","overlay-color":"","overlay-opacity":"","overlay-gradient":""},"mobile":{"background-color":"","background-image":"","background-repeat":"repeat","background-position":"center center","background-size":"auto","background-attachment":"scroll","background-type":"","background-media":"","overlay-type":"","overlay-color":"","overlay-opacity":"","overlay-gradient":""}},"ast-content-background-meta":{"desktop":{"background-color":"var(--ast-global-color-5)","background-image":"","background-repeat":"repeat","background-position":"center center","background-size":"auto","background-attachment":"scroll","background-type":"","background-media":"","overlay-type":"","overlay-color":"","overlay-opacity":"","overlay-gradient":""},"tablet":{"background-color":"var(--ast-global-color-5)","background-image":"","background-repeat":"repeat","background-position":"center center","background-size":"auto","background-attachment":"scroll","background-type":"","background-media":"","overlay-type":"","overlay-color":"","overlay-opacity":"","overlay-gradient":""},"mobile":{"background-color":"var(--ast-global-color-5)","background-image":"","background-repeat":"repeat","background-position":"center center","background-size":"auto","background-attachment":"scroll","background-type":"","background-media":"","overlay-type":"","overlay-color":"","overlay-opacity":"","overlay-gradient":""}}},"product_brand":[],"product_cat":[48,47,49,430,40],"product_tag":[202,212,756,189,351,416,198,479,280,209,281],"class_list":{"0":"post-6176","1":"product","2":"type-product","3":"status-publish","4":"has-post-thumbnail","6":"product_cat-casual","7":"product_cat-classic","8":"product_cat-loafer","9":"product_cat-men","10":"product_cat-mens-shoes","11":"product_tag-calf-leather","12":"product_tag-derby-shoes","13":"product_tag-european-sizes","14":"product_tag-goat-leather-lining","15":"product_tag-leather-footwear","16":"product_tag-luxury-shoes","17":"product_tag-mens-fashion","18":"product_tag-navy-shoes","19":"product_tag-smart-casual-shoes","20":"product_tag-thermo-sole","21":"product_tag-wholesale-shoes","22":"desktop-align-center","23":"tablet-align-center","24":"mobile-align-center","26":"first","27":"instock","28":"shipping-taxable","29":"purchasable","30":"product-type-variable","31":"has-default-attributes"},"acf":[],"uagb_featured_image_src":{"full":["https:\/\/turkishtrade.co\/wp-content\/uploads\/2026\/01\/2400EJOMN00462-DARK-BLUE-ZL_131-1-USD.png",453,250,false],"thumbnail":["https:\/\/turkishtrade.co\/wp-content\/uploads\/2026\/01\/2400EJOMN00462-DARK-BLUE-ZL_131-1-USD-150x150.png",150,150,true],"medium":["https:\/\/turkishtrade.co\/wp-content\/uploads\/2026\/01\/2400EJOMN00462-DARK-BLUE-ZL_131-1-USD-300x166.png",300,166,true],"medium_large":["https:\/\/turkishtrade.co\/wp-content\/uploads\/2026\/01\/2400EJOMN00462-DARK-BLUE-ZL_131-1-USD.png",453,250,false],"large":["https:\/\/turkishtrade.co\/wp-content\/uploads\/2026\/01\/2400EJOMN00462-DARK-BLUE-ZL_131-1-USD.png",453,250,false],"1536x1536":["https:\/\/turkishtrade.co\/wp-content\/uploads\/2026\/01\/2400EJOMN00462-DARK-BLUE-ZL_131-1-USD.png",453,250,false],"2048x2048":["https:\/\/turkishtrade.co\/wp-content\/uploads\/2026\/01\/2400EJOMN00462-DARK-BLUE-ZL_131-1-USD.png",453,250,false],"trp-custom-language-flag":["https:\/\/turkishtrade.co\/wp-content\/uploads\/2026\/01\/2400EJOMN00462-DARK-BLUE-ZL_131-1-USD-18x10.png",18,10,true],"woocommerce_thumbnail":["https:\/\/turkishtrade.co\/wp-content\/uploads\/2026\/01\/2400EJOMN00462-DARK-BLUE-ZL_131-1-USD-400x250.png",400,250,true],"woocommerce_single":["https:\/\/turkishtrade.co\/wp-content\/uploads\/2026\/01\/2400EJOMN00462-DARK-BLUE-ZL_131-1-USD.png",453,250,false],"woocommerce_gallery_thumbnail":["https:\/\/turkishtrade.co\/wp-content\/uploads\/2026\/01\/2400EJOMN00462-DARK-BLUE-ZL_131-1-USD-100x100.png",100,100,true]},"uagb_author_info":{"display_name":"yaser olabi","author_link":"https:\/\/turkishtrade.co\/tr\/author\/"},"uagb_comment_info":0,"uagb_excerpt":"Premium outer crafted from supple Calf Leather Luxurious inner lining made from soft Goat Leather for superior comfort Durable and flexible Thermo Sole, providing excellent traction and a subtle 1-3 cm heel height Available in a wide range of European sizes: 39, 40, 41, 42, 43, 44, 45 Minimum order quantity: 8 pairs, ideal for&hellip;","_links":{"self":[{"href":"https:\/\/turkishtrade.co\/tr\/wp-json\/wp\/v2\/product\/6176","targetHints":{"allow":["GET"]}}],"collection":[{"href":"https:\/\/turkishtrade.co\/tr\/wp-json\/wp\/v2\/product"}],"about":[{"href":"https:\/\/turkishtrade.co\/tr\/wp-json\/wp\/v2\/types\/product"}],"wp:featuredmedia":[{"embeddable":true,"href":"https:\/\/turkishtrade.co\/tr\/wp-json\/wp\/v2\/media\/4130"}],"wp:attachment":[{"href":"https:\/\/turkishtrade.co\/tr\/wp-json\/wp\/v2\/media?parent=6176"}],"wp:term":[{"taxonomy":"product_brand","embeddable":true,"href":"https:\/\/turkishtrade.co\/tr\/wp-json\/wp\/v2\/product_brand?post=6176"},{"taxonomy":"product_cat","embeddable":true,"href":"https:\/\/turkishtrade.co\/tr\/wp-json\/wp\/v2\/product_cat?post=6176"},{"taxonomy":"product_tag","embeddable":true,"href":"https:\/\/turkishtrade.co\/tr\/wp-json\/wp\/v2\/product_tag?post=6176"}],"curies":[{"name":"wp","href":"https:\/\/api.w.org\/{rel}","templated":true}]}}