{"id":6174,"date":"2026-01-14T14:17:10","date_gmt":"2026-01-14T14:17:10","guid":{"rendered":"https:\/\/turkishtrade.co\/product\/mens-black-leather-casual-shoes\/"},"modified":"2026-04-09T19:10:30","modified_gmt":"2026-04-09T19:10:30","slug":"mens-black-leather-casual-shoes","status":"publish","type":"product","link":"https:\/\/turkishtrade.co\/tr\/shop\/mens-black-leather-casual-shoes\/","title":{"rendered":"Termo Tabanl\u0131 Premium Erkek Siyah Deri G\u00fcnl\u00fck Ayakkab\u0131"},"content":{"rendered":"<p><strong>Erkek Siyah Deri G\u00fcnl\u00fck Ayakkab\u0131<\/strong><\/p>\n<p>G\u00fcnl\u00fck sofistike ya\u015fam\u0131n \u00f6z\u00fcn\u00fc ke\u015ffedin <b>Erkek Siyah Deri G\u00fcnl\u00fck Ayakkab\u0131<\/b>. Zamans\u0131z \u015f\u0131kl\u0131\u011f\u0131 modern konforla harmanlamak i\u00e7in titizlikle \u00fcretilen bu ayakkab\u0131lar, kalite ve stile de\u011fer veren se\u00e7ici beyefendiler i\u00e7in tasarlanm\u0131\u015ft\u0131r. \u0130ster rahat bir i\u015f ortam\u0131, ister hafta sonu gezintisi veya \u00f6zel bir g\u00fcndelik etkinlik i\u00e7in olsun, bu \u00e7ok y\u00f6nl\u00fc <b>Erkek Siyah Deri G\u00fcnl\u00fck Ayakkab\u0131<\/b> ayakkab\u0131 koleksiyonunuzu y\u00fckseltecek.<\/p>\n<h3>Benzersiz \u0130\u015f\u00e7ilik ve \u00dcst\u00fcn Kaliteli Malzemeler<\/h3>\n<p>Bu ola\u011fan\u00fcst\u00fc ayakkab\u0131 se\u00e7eneklerinin kalbinde \u00fcst\u00fcn yap\u0131lar\u0131 yatar. D\u0131\u015f y\u00fczey, dayan\u0131kl\u0131l\u0131\u011f\u0131, p\u00fcr\u00fczs\u00fcz dokusu ve l\u00fcks g\u00f6r\u00fcn\u00fcm\u00fcyle tan\u0131nan y\u00fcksek kaliteli, esnek dana derisinden yap\u0131lm\u0131\u015ft\u0131r. Bu birinci s\u0131n\u0131f dana derisi, ayakkab\u0131n\u0131z\u0131n <b>Erkek Siyah Deri G\u00fcnl\u00fck Ayakkab\u0131<\/b> sadece harika g\u00f6r\u00fcnmekle kalmaz, ayn\u0131 zamanda zaman i\u00e7inde benzersiz bir patina geli\u015ftirerek uzun \u00f6m\u00fcrl\u00fc olacak \u015fekilde \u00fcretilir.<\/p>\n<p>\u0130\u00e7 k\u0131s\u0131mda, ayaklar\u0131n\u0131z hakiki ke\u00e7i derisi astar\u0131n c\u00f6mert konforuyla sar\u0131lacak. \u0130nan\u0131lmaz yumu\u015fakl\u0131\u011f\u0131 ve nefes alabilirli\u011fi ile bilinen ke\u00e7i derisi i\u00e7 k\u0131s\u0131m, nemi uzakla\u015ft\u0131rarak ayaklar\u0131n\u0131z\u0131n g\u00fcn boyunca kuru ve rahat kalmas\u0131n\u0131 sa\u011flar ve bu ayakkab\u0131lar\u0131 ideal hale getirir. <b>Erkek Siyah Deri G\u00fcnl\u00fck Ayakkab\u0131<\/b> uzun s\u00fcreli kullan\u0131m i\u00e7in.<\/p>\n<h3>Konfor ve Dayan\u0131kl\u0131l\u0131k i\u00e7in Tasarland\u0131<\/h3>\n<p>Yenilik\u00e7i termo taban sayesinde her ad\u0131mda g\u00fcvenin tad\u0131n\u0131 \u00e7\u0131kar\u0131n. \u00dcst\u00fcn kavrama ve uzun \u00f6m\u00fcrl\u00fc kullan\u0131m i\u00e7in tasarlanan termo taban, \u00e7e\u015fitli y\u00fczeylerde m\u00fckemmel tutu\u015f sa\u011flayarak denge sa\u011flar ve yorgunlu\u011fu azalt\u0131r. \u0130nce 1-3 cm topuk, konfordan \u00f6d\u00fcn vermeden zarif bir dokunu\u015f katar ve do\u011fru miktarda y\u00fckseklik sunar.<\/p>\n<p>Bunlar <b>Erkek Siyah Deri G\u00fcnl\u00fck Ayakkab\u0131<\/b> sadece estetikten ibaret de\u011fildir; performans ve uzun s\u00fcreli kullan\u0131m i\u00e7in tasarlanm\u0131\u015ft\u0131r, bu da onlar\u0131 gard\u0131robunuz i\u00e7in ak\u0131ll\u0131 bir yat\u0131r\u0131m haline getirir. Dayan\u0131kl\u0131 ve \u015f\u0131k \u00fcr\u00fcnler i\u00e7in ba\u015fka yere bakman\u0131za gerek yok <b>Erkek Siyah Deri G\u00fcnl\u00fck Ayakkab\u0131<\/b>.<\/p>\n<h3>Her Durum i\u00e7in \u00c7ok Y\u00f6nl\u00fc Stil<\/h3>\n<p>Klasik siyah deri kaplama, tabandaki modern beyaz \u015ferit vurgusuyla birle\u015fti\u011finde bu ayakkab\u0131y\u0131 <b>Erkek Siyah Deri G\u00fcnl\u00fck Ayakkab\u0131<\/b> inan\u0131lmaz derecede \u00e7ok y\u00f6nl\u00fcd\u00fcr. \u015e\u0131k ve rahat bir ofis g\u00f6r\u00fcn\u00fcm\u00fc i\u00e7in \u00f6zel dikim pantolonlarla, g\u00f6steri\u015fli bir hafta sonu kombini i\u00e7in koyu renk kot pantolonlarla veya rahat ama sofistike bir hava i\u00e7in chino pantolonlarla e\u015fle\u015ftirin. 39'dan 45'e kadar geni\u015f bir beden yelpazesinde mevcut oldu\u011fundan, her beyefendi kendi m\u00fckemmel uyumunu bulabilir.<\/p>\n<p>Toptan sat\u0131\u015f ortaklar\u0131m\u0131z i\u00e7in bu premium <b>Erkek Siyah Deri G\u00fcnl\u00fck Ayakkab\u0131<\/b> minimum 8 \u00e7iftlik toplu sipari\u015fler i\u00e7in mevcuttur ve bu pop\u00fcler stili stoklayabilmenizi sa\u011flar.<\/p>\n<p>Art\u0131 kargo ile 12 g\u00fcn i\u00e7inde etkin teslimat bekleyin. Bu temel \u00fcr\u00fcnlerle ki\u015fisel tarz\u0131n\u0131z\u0131 y\u00fckseltin veya envanterinizi geli\u015ftirin <b>Erkek Siyah Deri G\u00fcnl\u00fck Ayakkab\u0131<\/b> konfor, dayan\u0131kl\u0131l\u0131k ve inkar edilemez bir stil vaat ediyor. En iyisine yat\u0131r\u0131m yap\u0131n <b>Erkek Siyah Deri G\u00fcnl\u00fck Ayakkab\u0131<\/b> Bug\u00fcn.<\/p>","protected":false},"excerpt":{"rendered":"<ul>\n<li><b>Birinci s\u0131n\u0131f dana derisinden \u00fcretilmi\u015ftir:<\/b> Dayan\u0131kl\u0131 ve \u015f\u0131k d\u0131\u015f y\u00fczey.<\/li>\n<li><b>L\u00fcks Ke\u00e7i Derisi Astar:<\/b> Ola\u011fan\u00fcst\u00fc konfor ve nefes alabilirlik sa\u011flar.<\/li>\n<li><b>Dayan\u0131kl\u0131 Termo Taban:<\/b> \u00dcst\u00fcn kavrama ve uzun s\u00fcreli a\u015f\u0131nma sa\u011flar.<\/li>\n<li><b>\u0130nce 1-3 cm Topuk:<\/b> Zarif bir g\u00f6r\u00fcn\u00fcm i\u00e7in hafif bir y\u00fckselti sunar.<\/li>\n<li><b>39-45 bedenlerde mevcuttur:<\/b> Her beyefendiye uyacak kapsaml\u0131 bir \u00fcr\u00fcn yelpazesi.<\/li>\n<li><b>Toplu Sipari\u015f Mevcuttur:<\/b> Minimum sipari\u015f miktar\u0131 8 \u00e7ifttir.<\/li>\n<li><b>H\u0131zl\u0131 sevkiyat:<\/b> 12 g\u00fcn i\u00e7inde teslimat + nakliye.<\/li>\n<\/ul>","protected":false},"featured_media":7105,"template":"","meta":{"_acf_changed":false,"_uag_custom_page_level_css":"","site-sidebar-layout":"default","site-content-layout":"","ast-site-content-layout":"default","site-content-style":"default","site-sidebar-style":"default","ast-global-header-display":"","ast-banner-title-visibility":"","ast-main-header-display":"","ast-hfb-above-header-display":"","ast-hfb-below-header-display":"","ast-hfb-mobile-header-display":"","site-post-title":"","ast-breadcrumbs-content":"","ast-featured-img":"","footer-sml-layout":"","ast-disable-related-posts":"","theme-transparent-header-meta":"default","adv-header-id-meta":"","stick-header-meta":"","header-above-stick-meta":"","header-main-stick-meta":"","header-below-stick-meta":"","astra-migrate-meta-layouts":"set","ast-page-background-enabled":"default","ast-page-background-meta":{"desktop":{"background-color":"var(--ast-global-color-4)","background-image":"","background-repeat":"repeat","background-position":"center center","background-size":"auto","background-attachment":"scroll","background-type":"","background-media":"","overlay-type":"","overlay-color":"","overlay-opacity":"","overlay-gradient":""},"tablet":{"background-color":"","background-image":"","background-repeat":"repeat","background-position":"center center","background-size":"auto","background-attachment":"scroll","background-type":"","background-media":"","overlay-type":"","overlay-color":"","overlay-opacity":"","overlay-gradient":""},"mobile":{"background-color":"","background-image":"","background-repeat":"repeat","background-position":"center center","background-size":"auto","background-attachment":"scroll","background-type":"","background-media":"","overlay-type":"","overlay-color":"","overlay-opacity":"","overlay-gradient":""}},"ast-content-background-meta":{"desktop":{"background-color":"var(--ast-global-color-5)","background-image":"","background-repeat":"repeat","background-position":"center center","background-size":"auto","background-attachment":"scroll","background-type":"","background-media":"","overlay-type":"","overlay-color":"","overlay-opacity":"","overlay-gradient":""},"tablet":{"background-color":"var(--ast-global-color-5)","background-image":"","background-repeat":"repeat","background-position":"center center","background-size":"auto","background-attachment":"scroll","background-type":"","background-media":"","overlay-type":"","overlay-color":"","overlay-opacity":"","overlay-gradient":""},"mobile":{"background-color":"var(--ast-global-color-5)","background-image":"","background-repeat":"repeat","background-position":"center center","background-size":"auto","background-attachment":"scroll","background-type":"","background-media":"","overlay-type":"","overlay-color":"","overlay-opacity":"","overlay-gradient":""}}},"product_brand":[],"product_cat":[152,48,151,47,430,40],"product_tag":[196,674,202,449,222,212,437,351,953,198,680,209],"class_list":{"0":"post-6174","1":"product","2":"type-product","3":"status-publish","4":"has-post-thumbnail","6":"product_cat-casual-2","7":"product_cat-casual","8":"product_cat-classic-2","9":"product_cat-classic","10":"product_cat-men","11":"product_cat-mens-shoes","12":"product_tag-black-leather-shoes","13":"product_tag-bulk-shoes","14":"product_tag-calf-leather","15":"product_tag-casual-shoes","16":"product_tag-comfortable-shoes","17":"product_tag-derby-shoes","18":"product_tag-goat-leather","19":"product_tag-leather-footwear","20":"product_tag-mens-dress-casual","21":"product_tag-mens-fashion","22":"product_tag-stylish-shoes","23":"product_tag-thermo-sole","24":"desktop-align-center","25":"tablet-align-center","26":"mobile-align-center","28":"first","29":"instock","30":"sale","31":"shipping-taxable","32":"purchasable","33":"product-type-variable","34":"has-default-attributes"},"acf":[],"uagb_featured_image_src":{"full":["https:\/\/turkishtrade.co\/wp-content\/uploads\/2026\/01\/2400EJOMN00461DARK-BLUE-ZL_131-1-USD-1.png",453,250,false],"thumbnail":["https:\/\/turkishtrade.co\/wp-content\/uploads\/2026\/01\/2400EJOMN00461DARK-BLUE-ZL_131-1-USD-1-150x150.png",150,150,true],"medium":["https:\/\/turkishtrade.co\/wp-content\/uploads\/2026\/01\/2400EJOMN00461DARK-BLUE-ZL_131-1-USD-1-300x166.png",300,166,true],"medium_large":["https:\/\/turkishtrade.co\/wp-content\/uploads\/2026\/01\/2400EJOMN00461DARK-BLUE-ZL_131-1-USD-1.png",453,250,false],"large":["https:\/\/turkishtrade.co\/wp-content\/uploads\/2026\/01\/2400EJOMN00461DARK-BLUE-ZL_131-1-USD-1.png",453,250,false],"1536x1536":["https:\/\/turkishtrade.co\/wp-content\/uploads\/2026\/01\/2400EJOMN00461DARK-BLUE-ZL_131-1-USD-1.png",453,250,false],"2048x2048":["https:\/\/turkishtrade.co\/wp-content\/uploads\/2026\/01\/2400EJOMN00461DARK-BLUE-ZL_131-1-USD-1.png",453,250,false],"trp-custom-language-flag":["https:\/\/turkishtrade.co\/wp-content\/uploads\/2026\/01\/2400EJOMN00461DARK-BLUE-ZL_131-1-USD-1-18x10.png",18,10,true],"woocommerce_thumbnail":["https:\/\/turkishtrade.co\/wp-content\/uploads\/2026\/01\/2400EJOMN00461DARK-BLUE-ZL_131-1-USD-1-400x250.png",400,250,true],"woocommerce_single":["https:\/\/turkishtrade.co\/wp-content\/uploads\/2026\/01\/2400EJOMN00461DARK-BLUE-ZL_131-1-USD-1.png",453,250,false],"woocommerce_gallery_thumbnail":["https:\/\/turkishtrade.co\/wp-content\/uploads\/2026\/01\/2400EJOMN00461DARK-BLUE-ZL_131-1-USD-1-100x100.png",100,100,true]},"uagb_author_info":{"display_name":"yaser olabi","author_link":"https:\/\/turkishtrade.co\/tr\/author\/"},"uagb_comment_info":0,"uagb_excerpt":"Crafted from Premium Calf Leather: Durable and stylish outer surface. Luxurious Goat Leather Lining: Ensures exceptional comfort and breathability. Durable Thermo Sole: Provides superior grip and long-lasting wear. Subtle 1-3 cm Heel: Offers slight elevation for a refined look. Available in Sizes 39-45: A comprehensive range to fit every gentleman. Bulk Order Available: Minimum order&hellip;","_links":{"self":[{"href":"https:\/\/turkishtrade.co\/tr\/wp-json\/wp\/v2\/product\/6174","targetHints":{"allow":["GET"]}}],"collection":[{"href":"https:\/\/turkishtrade.co\/tr\/wp-json\/wp\/v2\/product"}],"about":[{"href":"https:\/\/turkishtrade.co\/tr\/wp-json\/wp\/v2\/types\/product"}],"wp:featuredmedia":[{"embeddable":true,"href":"https:\/\/turkishtrade.co\/tr\/wp-json\/wp\/v2\/media\/7105"}],"wp:attachment":[{"href":"https:\/\/turkishtrade.co\/tr\/wp-json\/wp\/v2\/media?parent=6174"}],"wp:term":[{"taxonomy":"product_brand","embeddable":true,"href":"https:\/\/turkishtrade.co\/tr\/wp-json\/wp\/v2\/product_brand?post=6174"},{"taxonomy":"product_cat","embeddable":true,"href":"https:\/\/turkishtrade.co\/tr\/wp-json\/wp\/v2\/product_cat?post=6174"},{"taxonomy":"product_tag","embeddable":true,"href":"https:\/\/turkishtrade.co\/tr\/wp-json\/wp\/v2\/product_tag?post=6174"}],"curies":[{"name":"wp","href":"https:\/\/api.w.org\/{rel}","templated":true}]}}