{"id":6169,"date":"2026-01-14T14:16:48","date_gmt":"2026-01-14T14:16:48","guid":{"rendered":"https:\/\/turkishtrade.co\/product\/mens-calf-leather-derby-shoes-4\/"},"modified":"2026-04-09T19:10:33","modified_gmt":"2026-04-09T19:10:33","slug":"mens-calf-leather-derby-shoes-4","status":"publish","type":"product","link":"https:\/\/turkishtrade.co\/tr\/shop\/mens-calf-leather-derby-shoes-4\/","title":{"rendered":"Termo Tabanl\u0131 Erkek Premium Dana Derisi Derby Ayakkab\u0131"},"content":{"rendered":"<p><strong>Erkek Dana Derisi Derby Ayakkab\u0131<\/strong><\/p>\n<p>Birinci s\u0131n\u0131f \u00fcr\u00fcnlerimizle benzersiz sofistike ve konforlu bir ortama ad\u0131m at\u0131n <strong>Erkek Dana Derisi Derby Ayakkab\u0131<\/strong>. Titizlikle haz\u0131rlanm\u0131\u015f bu ola\u011fan\u00fcst\u00fc ayakkab\u0131lar, hem zamans\u0131z bir stil hem de \u00fcst\u00fcn konfor sunmak \u00fczere tasarlanm\u0131\u015ft\u0131r ve se\u00e7ici beyefendiler i\u00e7in vazge\u00e7ilmez bir eklentidir. Bizim <strong>Erkek Dana Derisi Derby Ayakkab\u0131<\/strong> d\u0131\u015f y\u00fczeyi i\u00e7in en iyi kalite hakiki dana derisi kullan\u0131larak ustal\u0131kla \u00fcretilmi\u015ftir.<\/p>\n<p>Bu, ola\u011fan\u00fcst\u00fc dayan\u0131kl\u0131l\u0131k ve yaln\u0131zca ya\u015fla birlikte geli\u015fen zengin, l\u00fcks bir doku sa\u011flayarak bu ayakkab\u0131lar\u0131 di\u011ferlerinden ay\u0131r\u0131r. \u0130nce diki\u015f detaylar\u0131yla tamamlanan zarif derby tasar\u0131m\u0131, \u015f\u0131k g\u00fcndelik k\u0131yafetlerden sofistike gece k\u0131yafetlerine zahmetsizce ge\u00e7i\u015f yapan \u00e7ok y\u00f6nl\u00fc bir g\u00f6r\u00fcn\u00fcm yarat\u0131r. <strong>Erkek Dana Derisi Derby Ayakkab\u0131<\/strong> inan\u0131lmaz derecede uyarlanabilir.<\/p>\n<h3>Rakipsiz Konfor ve Birinci S\u0131n\u0131f Malzemeler<\/h3>\n<p>Tamamen yumu\u015fak ke\u00e7i derisi ile astarlanm\u0131\u015f pel\u00fc\u015f i\u00e7 k\u0131s\u0131m ile ger\u00e7ek, nefes alabilen konforu ya\u015fay\u0131n. Bu birinci s\u0131n\u0131f astar ayaklar\u0131n\u0131z\u0131 nazik\u00e7e sarar, s\u00fcrt\u00fcnmeyi azaltarak ve \u00fcst\u00fcn nefes alabilirlik sa\u011flayarak g\u00fcn boyunca genel giyim deneyimini geli\u015ftirir. Bunlar\u0131n \u00f6nemli bir \u00f6zelli\u011fi <strong>Erkek Dana Derisi Derby Ayakkab\u0131<\/strong> yenilik\u00e7i termo taban\u0131d\u0131r.<\/p>\n<p>Bu geli\u015fmi\u015f taban, m\u00fckemmel \u015fok emilimi ve ola\u011fan\u00fcst\u00fc esneklik sa\u011flayarak \u00e7e\u015fitli y\u00fczeylerde \u00fcst\u00fcn kavrama ve denge sunar. Geleneksel sert resmi tabanlardan farkl\u0131 olarak, bu ayakkab\u0131n\u0131n termo taban\u0131 <strong>Erkek Dana Derisi Derby Ayakkab\u0131<\/strong> \u00e7a\u011fda\u015f bir esteti\u011fi pratik ve hafif bir tasar\u0131mla bir araya getirerek uzun s\u00fcreli kullan\u0131mlarda bile her ad\u0131mda \u00fcst\u00fcn konfor sa\u011flar.<\/p>\n<p>1-3 cm'lik ince topuk y\u00fcksekli\u011fi, optimum denge ve konforu korurken \u015f\u0131k bir dokunu\u015f katar.<\/p>\n<h3>Stil ve Toptan Sat\u0131\u015f M\u00fckemmelli\u011fi i\u00e7in Tasarland\u0131<\/h3>\n<p>Hem kaliteye hem de zarif tasar\u0131ma de\u011fer veren modern erkekler i\u00e7in tasarlanan bu <strong>Erkek Dana Derisi Derby Ayakkab\u0131<\/strong> \u00fcr\u00fcn g\u00f6rsellerimizde g\u00f6sterildi\u011fi gibi klasik kahverengi ve \u015f\u0131k lacivert de dahil olmak \u00fczere sofistike bir palette mevcuttur.<\/p>\n<p>Her bir \u00e7ift, kusursuz bir biti\u015f ve uzun \u00f6m\u00fcrl\u00fc bir \u00e7ekicilik vaat eden uzman i\u015f\u00e7ili\u011fin bir kan\u0131t\u0131d\u0131r. 39'dan 45'e kadar geni\u015f bir m\u00fc\u015fteri yelpazesine hitap eden kapsaml\u0131 bir beden yelpazesi sunuyoruz. Bu birinci s\u0131n\u0131f <strong>Erkek Dana Derisi Derby Ayakkab\u0131<\/strong> sofistike bir m\u00fc\u015fteri kitlesine hitap eden y\u00fcksek kaliteli, modaya uygun ayakkab\u0131lar stoklamak isteyen perakendeciler ve i\u015fletmeler i\u00e7in ideal bir se\u00e7imdir.<\/p>\n<p>Minimum sipari\u015f miktar\u0131 sadece 8 \u00e7ift olan bu aranan \u00fcr\u00fcnlerle envanterinizi y\u00fckseltmek \u00e7ok kolay <strong>Erkek Dana Derisi Derby Ayakkab\u0131<\/strong>.<\/p>\n<h3>Ayakkab\u0131 Koleksiyonunuzu Geli\u015ftirin<\/h3>\n<p>\u015e\u0131kl\u0131\u011f\u0131 ve ola\u011fan\u00fcst\u00fc konforu ger\u00e7ekten tan\u0131mlayan ayakkab\u0131lara yat\u0131r\u0131m yap\u0131n. Bu zarif ayakkab\u0131lar i\u00e7in toptan sat\u0131\u015f program\u0131m\u0131z <strong>Erkek Dana Derisi Derby Ayakkab\u0131<\/strong> genellikle 12 g\u00fcn i\u00e7inde teslimat art\u0131 nakliye ile rekabet\u00e7i fiyatland\u0131rma sa\u011flar. M\u00fc\u015fterilerinize klasik stil ve modern konforun en iyi kar\u0131\u015f\u0131m\u0131n\u0131 sunun - se\u00e7kin \u00fcr\u00fcnlerimizi tercih edin <strong>Erkek Dana Derisi Derby Ayakkab\u0131<\/strong> Bug\u00fcn.<\/p>","protected":false},"excerpt":{"rendered":"<ul>\n<li>Premium D\u0131\u015f Y\u00fczey: Hakiki Dana Derisi<\/li>\n<li>L\u00fcks \u0130\u00e7 Astar: Yumu\u015fak Ke\u00e7i Derisi<\/li>\n<li>\u00dcst\u00fcn kavrama ve esneklik i\u00e7in Konforu Art\u0131ran Termo Taban<\/li>\n<li>\u00c7e\u015fitli durumlar i\u00e7in uygun \u015e\u0131k Derby Tasar\u0131m\u0131<\/li>\n<li>\u0130nce Topuk Y\u00fcksekli\u011fi: 1-3 cm<\/li>\n<li>Bedenlerde mevcuttur: 39, 40, 41, 42, 43, 44, 45<\/li>\n<li>Minimum Sipari\u015f Miktar\u0131: 8 \u00c7ift (Sadece Toptan Sat\u0131\u015f)<\/li>\n<li>Teslim S\u00fcresi: Yakla\u015f\u0131k 12 g\u00fcn + nakliye<\/li>\n<\/ul>","protected":false},"featured_media":4129,"template":"","meta":{"_acf_changed":false,"_uag_custom_page_level_css":"","site-sidebar-layout":"default","site-content-layout":"","ast-site-content-layout":"default","site-content-style":"default","site-sidebar-style":"default","ast-global-header-display":"","ast-banner-title-visibility":"","ast-main-header-display":"","ast-hfb-above-header-display":"","ast-hfb-below-header-display":"","ast-hfb-mobile-header-display":"","site-post-title":"","ast-breadcrumbs-content":"","ast-featured-img":"","footer-sml-layout":"","ast-disable-related-posts":"","theme-transparent-header-meta":"default","adv-header-id-meta":"","stick-header-meta":"","header-above-stick-meta":"","header-main-stick-meta":"","header-below-stick-meta":"","astra-migrate-meta-layouts":"set","ast-page-background-enabled":"default","ast-page-background-meta":{"desktop":{"background-color":"var(--ast-global-color-4)","background-image":"","background-repeat":"repeat","background-position":"center center","background-size":"auto","background-attachment":"scroll","background-type":"","background-media":"","overlay-type":"","overlay-color":"","overlay-opacity":"","overlay-gradient":""},"tablet":{"background-color":"","background-image":"","background-repeat":"repeat","background-position":"center center","background-size":"auto","background-attachment":"scroll","background-type":"","background-media":"","overlay-type":"","overlay-color":"","overlay-opacity":"","overlay-gradient":""},"mobile":{"background-color":"","background-image":"","background-repeat":"repeat","background-position":"center center","background-size":"auto","background-attachment":"scroll","background-type":"","background-media":"","overlay-type":"","overlay-color":"","overlay-opacity":"","overlay-gradient":""}},"ast-content-background-meta":{"desktop":{"background-color":"var(--ast-global-color-5)","background-image":"","background-repeat":"repeat","background-position":"center center","background-size":"auto","background-attachment":"scroll","background-type":"","background-media":"","overlay-type":"","overlay-color":"","overlay-opacity":"","overlay-gradient":""},"tablet":{"background-color":"var(--ast-global-color-5)","background-image":"","background-repeat":"repeat","background-position":"center center","background-size":"auto","background-attachment":"scroll","background-type":"","background-media":"","overlay-type":"","overlay-color":"","overlay-opacity":"","overlay-gradient":""},"mobile":{"background-color":"var(--ast-global-color-5)","background-image":"","background-repeat":"repeat","background-position":"center center","background-size":"auto","background-attachment":"scroll","background-type":"","background-media":"","overlay-type":"","overlay-color":"","overlay-opacity":"","overlay-gradient":""}}},"product_brand":[],"product_cat":[48,47,49,430,40],"product_tag":[561,185,449,212,284,959,189,351,198,682,787,680,209,281],"class_list":{"0":"post-6169","1":"product","2":"type-product","3":"status-publish","4":"has-post-thumbnail","6":"product_cat-casual","7":"product_cat-classic","8":"product_cat-loafer","9":"product_cat-men","10":"product_cat-mens-shoes","11":"product_tag-brown-derby","12":"product_tag-calf-leather-shoes","13":"product_tag-casual-shoes","14":"product_tag-derby-shoes","15":"product_tag-dress-shoes","16":"product_tag-formal-casual-shoes","17":"product_tag-goat-leather-lining","18":"product_tag-leather-footwear","19":"product_tag-mens-fashion","20":"product_tag-navy-derby","21":"product_tag-premium-mens-shoes","22":"product_tag-stylish-shoes","23":"product_tag-thermo-sole","24":"product_tag-wholesale-shoes","25":"desktop-align-center","26":"tablet-align-center","27":"mobile-align-center","29":"first","30":"instock","31":"shipping-taxable","32":"purchasable","33":"product-type-variable","34":"has-default-attributes"},"acf":[],"uagb_featured_image_src":{"full":["https:\/\/turkishtrade.co\/wp-content\/uploads\/2026\/01\/2400EJOMN00461DARK-BLUE-ZL_131-1-USD.png",453,250,false],"thumbnail":["https:\/\/turkishtrade.co\/wp-content\/uploads\/2026\/01\/2400EJOMN00461DARK-BLUE-ZL_131-1-USD-150x150.png",150,150,true],"medium":["https:\/\/turkishtrade.co\/wp-content\/uploads\/2026\/01\/2400EJOMN00461DARK-BLUE-ZL_131-1-USD-300x166.png",300,166,true],"medium_large":["https:\/\/turkishtrade.co\/wp-content\/uploads\/2026\/01\/2400EJOMN00461DARK-BLUE-ZL_131-1-USD.png",453,250,false],"large":["https:\/\/turkishtrade.co\/wp-content\/uploads\/2026\/01\/2400EJOMN00461DARK-BLUE-ZL_131-1-USD.png",453,250,false],"1536x1536":["https:\/\/turkishtrade.co\/wp-content\/uploads\/2026\/01\/2400EJOMN00461DARK-BLUE-ZL_131-1-USD.png",453,250,false],"2048x2048":["https:\/\/turkishtrade.co\/wp-content\/uploads\/2026\/01\/2400EJOMN00461DARK-BLUE-ZL_131-1-USD.png",453,250,false],"trp-custom-language-flag":["https:\/\/turkishtrade.co\/wp-content\/uploads\/2026\/01\/2400EJOMN00461DARK-BLUE-ZL_131-1-USD-18x10.png",18,10,true],"woocommerce_thumbnail":["https:\/\/turkishtrade.co\/wp-content\/uploads\/2026\/01\/2400EJOMN00461DARK-BLUE-ZL_131-1-USD-400x250.png",400,250,true],"woocommerce_single":["https:\/\/turkishtrade.co\/wp-content\/uploads\/2026\/01\/2400EJOMN00461DARK-BLUE-ZL_131-1-USD.png",453,250,false],"woocommerce_gallery_thumbnail":["https:\/\/turkishtrade.co\/wp-content\/uploads\/2026\/01\/2400EJOMN00461DARK-BLUE-ZL_131-1-USD-100x100.png",100,100,true]},"uagb_author_info":{"display_name":"yaser olabi","author_link":"https:\/\/turkishtrade.co\/tr\/author\/"},"uagb_comment_info":0,"uagb_excerpt":"Premium Outer Surface: Genuine Calf Leather Luxurious Inner Lining: Soft Goat Leather Comfort-Enhancing Thermo Sole for superior grip and flexibility Stylish Derby Design suitable for various occasions Subtle Heel Height: 1-3 cm Available in Sizes: 39, 40, 41, 42, 43, 44, 45 Minimum Order Quantity: 8 Pairs (Wholesale Only) Delivery Time: Approximately 12 days +&hellip;","_links":{"self":[{"href":"https:\/\/turkishtrade.co\/tr\/wp-json\/wp\/v2\/product\/6169","targetHints":{"allow":["GET"]}}],"collection":[{"href":"https:\/\/turkishtrade.co\/tr\/wp-json\/wp\/v2\/product"}],"about":[{"href":"https:\/\/turkishtrade.co\/tr\/wp-json\/wp\/v2\/types\/product"}],"wp:featuredmedia":[{"embeddable":true,"href":"https:\/\/turkishtrade.co\/tr\/wp-json\/wp\/v2\/media\/4129"}],"wp:attachment":[{"href":"https:\/\/turkishtrade.co\/tr\/wp-json\/wp\/v2\/media?parent=6169"}],"wp:term":[{"taxonomy":"product_brand","embeddable":true,"href":"https:\/\/turkishtrade.co\/tr\/wp-json\/wp\/v2\/product_brand?post=6169"},{"taxonomy":"product_cat","embeddable":true,"href":"https:\/\/turkishtrade.co\/tr\/wp-json\/wp\/v2\/product_cat?post=6169"},{"taxonomy":"product_tag","embeddable":true,"href":"https:\/\/turkishtrade.co\/tr\/wp-json\/wp\/v2\/product_tag?post=6169"}],"curies":[{"name":"wp","href":"https:\/\/api.w.org\/{rel}","templated":true}]}}