{"id":6165,"date":"2026-01-14T14:16:25","date_gmt":"2026-01-14T14:16:25","guid":{"rendered":"https:\/\/turkishtrade.co\/product\/mens-calf-leather-loafers-7\/"},"modified":"2026-04-09T19:10:40","modified_gmt":"2026-04-09T19:10:40","slug":"mens-calf-leather-loafers-7","status":"publish","type":"product","link":"https:\/\/turkishtrade.co\/tr\/shop\/mens-calf-leather-loafers-7\/","title":{"rendered":"Termo Tabanl\u0131 Premium Erkek Dana Derisi Loafer"},"content":{"rendered":"<p><strong>Erkek Dana Derisi Loafer<\/strong><\/p>\n<p>Premium'umuz ile benzersiz bir sofistike ve konforlu ortama ad\u0131m at\u0131n <strong>Erkek Dana Derisi Loafer<\/strong>. Se\u00e7kin beyefendiler i\u00e7in tasarlanan bu zarif slip-on ayakkab\u0131lar, zamans\u0131z \u015f\u0131kl\u0131\u011f\u0131 modern ergonomik \u00f6zelliklerle harmanl\u0131yor. Her bir \u00e7iftimiz <strong>erkek dana derisi mokasen ayakkab\u0131<\/strong> \u00fcst\u00fcn i\u015f\u00e7ili\u011fin bir kan\u0131t\u0131d\u0131r ve hem dayan\u0131kl\u0131l\u0131k hem de l\u00fcks bir his sa\u011flar.<\/p>\n<h3>Rakipsiz Kalite ve Malzemeler<\/h3>\n<p>Bu ola\u011fan\u00fcst\u00fc binan\u0131n d\u0131\u015f cephesi <strong>erkek dana derisi mokasen ayakkab\u0131<\/strong> birinci s\u0131n\u0131f hakiki dana derisinden titizlikle \u00fcretilmi\u015ftir. Esnek dokusu, sa\u011flaml\u0131\u011f\u0131 ve zarif y\u00fczeyiyle bilinen dana derisi, g\u00fczel bir \u015fekilde eskiyen \u015f\u0131k ve zarif bir g\u00f6r\u00fcn\u00fcm sa\u011flar. Bunu tamamlayan i\u00e7 k\u0131s\u0131m yumu\u015fak, nefes alabilen ke\u00e7i derisiyle astarlanm\u0131\u015ft\u0131r ve giydi\u011finiz andan itibaren inan\u0131lmaz rahat bir deneyim sunar.<\/p>\n<p>Bu \u00e7ift deri yap\u0131, optimum ayak sa\u011fl\u0131\u011f\u0131 sa\u011flayarak rahats\u0131zl\u0131\u011f\u0131 \u00f6nler ve ayaklar\u0131n\u0131z\u0131n g\u00fcn boyunca nefes almas\u0131n\u0131 sa\u011flar.<\/p>\n<h3>Termo Taban ile Geli\u015fmi\u015f Konfor<\/h3>\n<p>Yenilik\u00e7i termo taban ile bulutlar\u0131n \u00fczerinde y\u00fcr\u00fcme deneyimini ya\u015fay\u0131n. Bu geli\u015fmi\u015f taban malzemesi \u00fcst\u00fcn esneklik, m\u00fckemmel kavrama ve ola\u011fan\u00fcst\u00fc \u015fok emilimi i\u00e7in tasarlanm\u0131\u015ft\u0131r. <strong>erkek dana derisi mokasen ayakkab\u0131<\/strong> uzun s\u00fcreli\u0307 kullanim i\u0307\u00e7i\u0307n i\u0307deal. \u0130ster \u015fehir sokaklar\u0131nda geziniyor ister hafta sonu ka\u00e7ama\u011f\u0131nda dinleniyor olun, termo taban dengeli destek ve kal\u0131c\u0131 konfor sa\u011flar.<\/p>\n<p>\u0130nce 1-3 cm topuk y\u00fcksekli\u011fi, dengeden veya g\u00fcndelik \u00e7ekicilikten \u00f6d\u00fcn vermeden bir y\u00fckselme dokunu\u015fu ekler.<\/p>\n<h3>Her Durum i\u00e7in \u00c7ok Y\u00f6nl\u00fc Stil<\/h3>\n<p>Bunlar <strong>erkek dana derisi mokasen ayakkab\u0131<\/strong> \u00e7ok y\u00f6nl\u00fc ayakkab\u0131lar\u0131n \u00f6z\u00fcd\u00fcr. Klasik tasar\u0131mlar\u0131 \u00e7a\u011fda\u015f bir hava ile birle\u015fti\u011finde, \u00e7ok \u00e7e\u015fitli durumlar i\u00e7in uygun hale gelir. \u015e\u0131k ve rahat bir ofis g\u00f6r\u00fcn\u00fcm\u00fc i\u00e7in \u00f6zel dikim pantolonlarla e\u015fle\u015ftirin veya zahmetsizce \u015f\u0131k bir hafta sonu kombini i\u00e7in chino veya kot pantolonlarla giydirin.<\/p>\n<p>Zengin kahverengiler ve koyu maviler de dahil olmak \u00fczere sofistike renk yelpazesinde mevcut olan bu \u00fcr\u00fcnler, her modern gard\u0131rop i\u00e7in vazge\u00e7ilmez bir eklentidir.<\/p>\n<h3>Toptan Sat\u0131\u015f Kolayl\u0131\u011f\u0131 ve Boyutland\u0131rma<\/h3>\n<p>Premium Erkek Dana Derisi Loafer'lar\u0131m\u0131z, perakendecilere, butik sahiplerine ve toptan sat\u0131\u015f ortaklar\u0131na m\u00fckemmel bir \u015fekilde hitap eden minimum 8 \u00e7ift sipari\u015f miktar\u0131 ile sunulmaktad\u0131r. Etkili i\u015fleme ve sevkiyat garantisi veriyoruz, teslimat genellikle 12 g\u00fcn art\u0131 nakliye s\u00fcresi i\u00e7inde ger\u00e7ekle\u015fiyor. Bu mokasen ayakkab\u0131lar 39'dan 45'e kadar kapsaml\u0131 bir Avrupa beden yelpazesinde mevcuttur ve farkl\u0131 bir m\u00fc\u015fteri taban\u0131na rahat ve do\u011fru bir uyumla hitap edebilmenizi sa\u011flar.<\/p>\n<p>Kusursuz bir \u015fekilde haz\u0131rlanm\u0131\u015f bu erkek dana derisi mokasen ayakkab\u0131larla kaliteye, konfora ve stile yat\u0131r\u0131m yap\u0131n.<\/p>","protected":false},"excerpt":{"rendered":"<ul>\n<li>D\u0131\u015f y\u00fczeyi 100% hakiki birinci s\u0131n\u0131f dana derisinden \u00fcretilmi\u015ftir<\/li>\n<li>\u00dcst\u00fcn konfor i\u00e7in l\u00fcks ve nefes alabilen ke\u00e7i derisi i\u00e7 astar<\/li>\n<li>Dayan\u0131kl\u0131, esnek ve \u015fok emici termo taban<\/li>\n<li>\u0130nce ve rahat 1-3 cm topuk y\u00fcksekli\u011fi<\/li>\n<li>Kapsaml\u0131 bir Avrupa beden yelpazesinde mevcuttur: 39, 40, 41, 42, 43, 44, 45<\/li>\n<li>Minimum sipari\u015f miktar\u0131: 8 \u00e7ift (toptan ve toplu al\u0131mlar i\u00e7in m\u00fckemmeldir)<\/li>\n<li>Verimli teslimat 12 g\u00fcn i\u00e7inde + nakliye<\/li>\n<\/ul>","protected":false},"featured_media":4126,"template":"","meta":{"_acf_changed":false,"_uag_custom_page_level_css":"","site-sidebar-layout":"default","site-content-layout":"","ast-site-content-layout":"default","site-content-style":"default","site-sidebar-style":"default","ast-global-header-display":"","ast-banner-title-visibility":"","ast-main-header-display":"","ast-hfb-above-header-display":"","ast-hfb-below-header-display":"","ast-hfb-mobile-header-display":"","site-post-title":"","ast-breadcrumbs-content":"","ast-featured-img":"","footer-sml-layout":"","ast-disable-related-posts":"","theme-transparent-header-meta":"default","adv-header-id-meta":"","stick-header-meta":"","header-above-stick-meta":"","header-main-stick-meta":"","header-below-stick-meta":"","astra-migrate-meta-layouts":"set","ast-page-background-enabled":"default","ast-page-background-meta":{"desktop":{"background-color":"var(--ast-global-color-4)","background-image":"","background-repeat":"repeat","background-position":"center center","background-size":"auto","background-attachment":"scroll","background-type":"","background-media":"","overlay-type":"","overlay-color":"","overlay-opacity":"","overlay-gradient":""},"tablet":{"background-color":"","background-image":"","background-repeat":"repeat","background-position":"center center","background-size":"auto","background-attachment":"scroll","background-type":"","background-media":"","overlay-type":"","overlay-color":"","overlay-opacity":"","overlay-gradient":""},"mobile":{"background-color":"","background-image":"","background-repeat":"repeat","background-position":"center center","background-size":"auto","background-attachment":"scroll","background-type":"","background-media":"","overlay-type":"","overlay-color":"","overlay-opacity":"","overlay-gradient":""}},"ast-content-background-meta":{"desktop":{"background-color":"var(--ast-global-color-5)","background-image":"","background-repeat":"repeat","background-position":"center center","background-size":"auto","background-attachment":"scroll","background-type":"","background-media":"","overlay-type":"","overlay-color":"","overlay-opacity":"","overlay-gradient":""},"tablet":{"background-color":"var(--ast-global-color-5)","background-image":"","background-repeat":"repeat","background-position":"center center","background-size":"auto","background-attachment":"scroll","background-type":"","background-media":"","overlay-type":"","overlay-color":"","overlay-opacity":"","overlay-gradient":""},"mobile":{"background-color":"var(--ast-global-color-5)","background-image":"","background-repeat":"repeat","background-position":"center center","background-size":"auto","background-attachment":"scroll","background-type":"","background-media":"","overlay-type":"","overlay-color":"","overlay-opacity":"","overlay-gradient":""}}},"product_brand":[],"product_cat":[48,47,49,430,40],"product_tag":[185,220,189,967,198,186,279,362,184,280,209,281],"class_list":{"0":"post-6165","1":"product","2":"type-product","3":"status-publish","4":"has-post-thumbnail","6":"product_cat-casual","7":"product_cat-classic","8":"product_cat-loafer","9":"product_cat-men","10":"product_cat-mens-shoes","11":"product_tag-calf-leather-shoes","12":"product_tag-comfortable-loafers","13":"product_tag-goat-leather-lining","14":"product_tag-leather-casual-shoes","15":"product_tag-mens-fashion","16":"product_tag-mens-loafers","17":"product_tag-penny-loafers","18":"product_tag-premium-footwear","19":"product_tag-slip-on-shoes","20":"product_tag-smart-casual-shoes","21":"product_tag-thermo-sole","22":"product_tag-wholesale-shoes","23":"desktop-align-center","24":"tablet-align-center","25":"mobile-align-center","27":"first","28":"instock","29":"shipping-taxable","30":"purchasable","31":"product-type-variable","32":"has-default-attributes"},"acf":[],"uagb_featured_image_src":{"full":["https:\/\/turkishtrade.co\/wp-content\/uploads\/2026\/01\/2400EJOMN00392-DARK-BROWN-ZL_132-1-USD.png",453,250,false],"thumbnail":["https:\/\/turkishtrade.co\/wp-content\/uploads\/2026\/01\/2400EJOMN00392-DARK-BROWN-ZL_132-1-USD-150x150.png",150,150,true],"medium":["https:\/\/turkishtrade.co\/wp-content\/uploads\/2026\/01\/2400EJOMN00392-DARK-BROWN-ZL_132-1-USD-300x166.png",300,166,true],"medium_large":["https:\/\/turkishtrade.co\/wp-content\/uploads\/2026\/01\/2400EJOMN00392-DARK-BROWN-ZL_132-1-USD.png",453,250,false],"large":["https:\/\/turkishtrade.co\/wp-content\/uploads\/2026\/01\/2400EJOMN00392-DARK-BROWN-ZL_132-1-USD.png",453,250,false],"1536x1536":["https:\/\/turkishtrade.co\/wp-content\/uploads\/2026\/01\/2400EJOMN00392-DARK-BROWN-ZL_132-1-USD.png",453,250,false],"2048x2048":["https:\/\/turkishtrade.co\/wp-content\/uploads\/2026\/01\/2400EJOMN00392-DARK-BROWN-ZL_132-1-USD.png",453,250,false],"trp-custom-language-flag":["https:\/\/turkishtrade.co\/wp-content\/uploads\/2026\/01\/2400EJOMN00392-DARK-BROWN-ZL_132-1-USD-18x10.png",18,10,true],"woocommerce_thumbnail":["https:\/\/turkishtrade.co\/wp-content\/uploads\/2026\/01\/2400EJOMN00392-DARK-BROWN-ZL_132-1-USD-400x250.png",400,250,true],"woocommerce_single":["https:\/\/turkishtrade.co\/wp-content\/uploads\/2026\/01\/2400EJOMN00392-DARK-BROWN-ZL_132-1-USD.png",453,250,false],"woocommerce_gallery_thumbnail":["https:\/\/turkishtrade.co\/wp-content\/uploads\/2026\/01\/2400EJOMN00392-DARK-BROWN-ZL_132-1-USD-100x100.png",100,100,true]},"uagb_author_info":{"display_name":"yaser olabi","author_link":"https:\/\/turkishtrade.co\/tr\/author\/"},"uagb_comment_info":0,"uagb_excerpt":"Crafted from 100% genuine premium calf leather exterior Luxurious and breathable goat leather interior lining for ultimate comfort Durable, flexible, and shock-absorbent thermo sole Subtle and comfortable 1-3 cm heel height Available in a comprehensive range of European sizes: 39, 40, 41, 42, 43, 44, 45 Minimum order quantity: 8 pairs (perfect for wholesale and&hellip;","_links":{"self":[{"href":"https:\/\/turkishtrade.co\/tr\/wp-json\/wp\/v2\/product\/6165","targetHints":{"allow":["GET"]}}],"collection":[{"href":"https:\/\/turkishtrade.co\/tr\/wp-json\/wp\/v2\/product"}],"about":[{"href":"https:\/\/turkishtrade.co\/tr\/wp-json\/wp\/v2\/types\/product"}],"wp:featuredmedia":[{"embeddable":true,"href":"https:\/\/turkishtrade.co\/tr\/wp-json\/wp\/v2\/media\/4126"}],"wp:attachment":[{"href":"https:\/\/turkishtrade.co\/tr\/wp-json\/wp\/v2\/media?parent=6165"}],"wp:term":[{"taxonomy":"product_brand","embeddable":true,"href":"https:\/\/turkishtrade.co\/tr\/wp-json\/wp\/v2\/product_brand?post=6165"},{"taxonomy":"product_cat","embeddable":true,"href":"https:\/\/turkishtrade.co\/tr\/wp-json\/wp\/v2\/product_cat?post=6165"},{"taxonomy":"product_tag","embeddable":true,"href":"https:\/\/turkishtrade.co\/tr\/wp-json\/wp\/v2\/product_tag?post=6165"}],"curies":[{"name":"wp","href":"https:\/\/api.w.org\/{rel}","templated":true}]}}