{"id":6163,"date":"2026-01-14T14:16:05","date_gmt":"2026-01-14T14:16:05","guid":{"rendered":"https:\/\/turkishtrade.co\/product\/men-black-leather-comfort-shoes\/"},"modified":"2026-04-09T19:10:43","modified_gmt":"2026-04-09T19:10:43","slug":"mens-black-leather-comfort-shoes","status":"publish","type":"product","link":"https:\/\/turkishtrade.co\/tr\/shop\/mens-black-leather-comfort-shoes\/","title":{"rendered":"Premium Erkek Siyah Deri Konfor Ba\u011fc\u0131kl\u0131 Ayakkab\u0131"},"content":{"rendered":"<p><strong>Erkek Siyah Deri Konfor Ayakkab\u0131<\/strong><\/p>\n<p>Ayakkab\u0131 koleksiyonunuzu Premium ayakkab\u0131lar\u0131m\u0131zla geli\u015ftirin <strong>Erkek Siyah Deri Konfor Ayakkab\u0131<\/strong>, hem sofistike stile hem de ola\u011fan\u00fcst\u00fc konfora de\u011fer veren modern erkek i\u00e7in titizlikle tasarlanm\u0131\u015ft\u0131r. Bu zarif ba\u011fc\u0131kl\u0131 ayakkab\u0131lar bir aksesuardan \u00e7ok daha fazlas\u0131d\u0131r; bir kalite beyan\u0131 ve g\u00fcn boyu giyilebilirlik taahh\u00fcd\u00fcd\u00fcr. En iyi malzemelerden \u00fcretilen bu ayakkab\u0131lar, klasik tasar\u0131m ile \u00e7a\u011fda\u015f konfor \u00f6zelliklerinin bir kar\u0131\u015f\u0131m\u0131n\u0131 sunarak i\u015f toplant\u0131lar\u0131ndan g\u00fcndelik gezilere kadar her durum i\u00e7in m\u00fckemmeldir.<\/p>\n<h3>Benzersiz \u0130\u015f\u00e7ilik ve \u00dcst\u00fcn Kaliteli Malzemeler<\/h3>\n<p>Her bir \u00e7iftimiz <strong>Erkek Siyah Deri Konfor Ayakkab\u0131<\/strong> \u00fcst\u00fcn bir i\u015f\u00e7ilik sergiler. D\u0131\u015f y\u00fczey, esnek dokusu, dayan\u0131kl\u0131l\u0131\u011f\u0131 ve l\u00fcks g\u00f6r\u00fcn\u00fcm\u00fcyle tan\u0131nan hakiki dana derisinden yap\u0131lm\u0131\u015ft\u0131r. Bu y\u00fcksek kaliteli deri sadece zarif g\u00f6r\u00fcnmekle kalmaz, ayn\u0131 zamanda zamanla aya\u011f\u0131n\u0131za uyum sa\u011flayarak \u00f6zel bir uyum sa\u011flar.<\/p>\n<p>Aya\u011f\u0131n\u0131z\u0131 saran yumu\u015fak ke\u00e7i derisi astar, nefes alabilirlik sa\u011flar ve s\u00fcrt\u00fcnmeyi azaltarak \u00fcst\u00fcn konfor sunar. Detaylara g\u00f6sterilen \u00f6zen, her k\u0131vr\u0131m ve konturda m\u00fckemmelli\u011fe adanm\u0131\u015fl\u0131\u011f\u0131 yans\u0131tan diki\u015f ve kaplamaya kadar uzan\u0131r.<\/p>\n<h3>Kal\u0131c\u0131 Konfor ve Dayan\u0131kl\u0131l\u0131k i\u00e7in Tasarland\u0131<\/h3>\n<p>Konfor bizim i\u00e7in her \u015feyden \u00f6nemlidir <strong>Erkek Siyah Deri Konfor Ayakkab\u0131<\/strong>. Sa\u011flam termo taban m\u00fckemmel \u015fok emilimi, esneklik ve kaymay\u0131 \u00f6nleyici \u00f6zellikler sunarak her ad\u0131mda denge ve kolayl\u0131k sa\u011flar. 1-3 cm'lik ince topuk y\u00fcksekli\u011fi ile bu ayakkab\u0131lar, konfordan \u00f6d\u00fcn vermeden do\u011fru miktarda y\u00fckseklik sunar.<\/p>\n<p>\u0130ster t\u00fcm g\u00fcn ayakta olun ister d\u0131\u015far\u0131da bir ak\u015fam\u0131n tad\u0131n\u0131 \u00e7\u0131kar\u0131n, kendinizi harika hissetmeniz i\u00e7in bu ayakkab\u0131lara g\u00fcvenebilirsiniz. Dayan\u0131kl\u0131 yap\u0131lar\u0131, uzun \u00f6m\u00fcrl\u00fc olmalar\u0131, bozulmam\u0131\u015f g\u00f6r\u00fcn\u00fcmlerini ve destekleyici yap\u0131lar\u0131n\u0131 y\u0131llarca korumalar\u0131 anlam\u0131na gelir.<\/p>\n<h3>Her Durum i\u00e7in \u00c7ok Y\u00f6nl\u00fc Stil<\/h3>\n<p>Bu ba\u011fc\u0131kl\u0131 ayakkab\u0131lar\u0131n zamans\u0131z siyah rengi ve \u015f\u0131k tasar\u0131m\u0131, onlar\u0131 inan\u0131lmaz derecede \u00e7ok y\u00f6nl\u00fc k\u0131l\u0131yor. Tak\u0131m elbise ile e\u015fle\u015ftirildi\u011finde resmi bir i\u015f ortam\u0131ndan, chino pantolon veya koyu renk kot pantolon ile \u015f\u0131k ve rahat bir ortama sorunsuz bir \u015fekilde ge\u00e7i\u015f yapar. Tabandaki ay\u0131rt edici beyaz \u015ferit, modern ve sofistike bir dokunu\u015f katarak bu ayakkab\u0131lar\u0131 <strong>Erkek Siyah Deri Konfor Ayakkab\u0131<\/strong> geleneksel tarzlardan farkl\u0131d\u0131r.<\/p>\n<p>39'dan 45'e kadar geni\u015f bir beden yelpazesinde mevcut oldu\u011fundan, m\u00fckemmel uyumunuzu bulmak zahmetsizdir. Gard\u0131robunuza ekleyece\u011finiz bu temel \u00fcr\u00fcnle \u015f\u0131kl\u0131k, konfor ve dayan\u0131kl\u0131l\u0131\u011f\u0131n m\u00fckemmel kar\u0131\u015f\u0131m\u0131n\u0131 deneyimleyin.<\/p>","protected":false},"excerpt":{"rendered":"<ul>\n<li><strong>Hakiki Dana Derisinden \u00fcretilmi\u015ftir:<\/strong> \u00dcst\u00fcn d\u0131\u015f y\u00fczey kalitesini deneyimleyin.<\/li>\n<li><strong>L\u00fcks Ke\u00e7i Derisi Astar:<\/strong> Benzersiz i\u00e7 konfor ve nefes alabilirlik sa\u011flar.<\/li>\n<li><strong>Dayan\u0131kl\u0131 Termo Taban:<\/strong> M\u00fckemmel \u00e7eki\u015f g\u00fcc\u00fc ve uzun s\u00fcreli a\u015f\u0131nma sa\u011flar.<\/li>\n<li><strong>\u0130nce Topuk Y\u00fcksekli\u011fi:<\/strong> T\u00fcm g\u00fcn kullan\u0131m i\u00e7in 1-3 cm'lik rahat bir topu\u011fa sahiptir.<\/li>\n<li><strong>Geni\u015f Boyut Aral\u0131\u011f\u0131:<\/strong> 39, 40, 41, 42, 43, 44, 45 bedenleri mevcuttur.<\/li>\n<li><strong>Toplu Bulunabilirlik:<\/strong> Minimum sipari\u015f miktar\u0131 8 \u00e7ifttir.<\/li>\n<li><strong>Etkili Teslimat:<\/strong> Tahmini teslimat s\u00fcresi 12 g\u00fcn art\u0131 nakliye.<\/li>\n<\/ul>","protected":false},"featured_media":4123,"template":"","meta":{"_acf_changed":false,"_uag_custom_page_level_css":"","site-sidebar-layout":"default","site-content-layout":"","ast-site-content-layout":"default","site-content-style":"default","site-sidebar-style":"default","ast-global-header-display":"","ast-banner-title-visibility":"","ast-main-header-display":"","ast-hfb-above-header-display":"","ast-hfb-below-header-display":"","ast-hfb-mobile-header-display":"","site-post-title":"","ast-breadcrumbs-content":"","ast-featured-img":"","footer-sml-layout":"","ast-disable-related-posts":"","theme-transparent-header-meta":"default","adv-header-id-meta":"","stick-header-meta":"","header-above-stick-meta":"","header-main-stick-meta":"","header-below-stick-meta":"","astra-migrate-meta-layouts":"set","ast-page-background-enabled":"default","ast-page-background-meta":{"desktop":{"background-color":"var(--ast-global-color-4)","background-image":"","background-repeat":"repeat","background-position":"center center","background-size":"auto","background-attachment":"scroll","background-type":"","background-media":"","overlay-type":"","overlay-color":"","overlay-opacity":"","overlay-gradient":""},"tablet":{"background-color":"","background-image":"","background-repeat":"repeat","background-position":"center center","background-size":"auto","background-attachment":"scroll","background-type":"","background-media":"","overlay-type":"","overlay-color":"","overlay-opacity":"","overlay-gradient":""},"mobile":{"background-color":"","background-image":"","background-repeat":"repeat","background-position":"center center","background-size":"auto","background-attachment":"scroll","background-type":"","background-media":"","overlay-type":"","overlay-color":"","overlay-opacity":"","overlay-gradient":""}},"ast-content-background-meta":{"desktop":{"background-color":"var(--ast-global-color-5)","background-image":"","background-repeat":"repeat","background-position":"center center","background-size":"auto","background-attachment":"scroll","background-type":"","background-media":"","overlay-type":"","overlay-color":"","overlay-opacity":"","overlay-gradient":""},"tablet":{"background-color":"var(--ast-global-color-5)","background-image":"","background-repeat":"repeat","background-position":"center center","background-size":"auto","background-attachment":"scroll","background-type":"","background-media":"","overlay-type":"","overlay-color":"","overlay-opacity":"","overlay-gradient":""},"mobile":{"background-color":"var(--ast-global-color-5)","background-image":"","background-repeat":"repeat","background-position":"center center","background-size":"auto","background-attachment":"scroll","background-type":"","background-media":"","overlay-type":"","overlay-color":"","overlay-opacity":"","overlay-gradient":""}}},"product_brand":[],"product_cat":[48,47,49,430,40],"product_tag":[196,513,202,336,439,251,952,189,1174,1042,324,628,787,546,209,1175],"class_list":{"0":"post-6163","1":"product","2":"type-product","3":"status-publish","4":"has-post-thumbnail","6":"product_cat-casual","7":"product_cat-classic","8":"product_cat-loafer","9":"product_cat-men","10":"product_cat-mens-shoes","11":"product_tag-black-leather-shoes","12":"product_tag-business-casual-shoes","13":"product_tag-calf-leather","14":"product_tag-comfortable-footwear","15":"product_tag-durable-shoes","16":"product_tag-formal-shoes","17":"product_tag-genuine-leather-shoes","18":"product_tag-goat-leather-lining","19":"product_tag-mens-black-shoes","20":"product_tag-mens-comfort-shoes","21":"product_tag-mens-dress-shoes","22":"product_tag-office-shoes","23":"product_tag-premium-mens-shoes","24":"product_tag-stylish-mens-shoes","25":"product_tag-thermo-sole","26":"product_tag-walking-shoes","27":"desktop-align-center","28":"tablet-align-center","29":"mobile-align-center","31":"first","32":"instock","33":"shipping-taxable","34":"purchasable","35":"product-type-variable","36":"has-default-attributes"},"acf":[],"uagb_featured_image_src":{"full":["https:\/\/turkishtrade.co\/wp-content\/uploads\/2026\/01\/2400EJOMN00391-BLACK-ZL_131-1-USD.png",453,250,false],"thumbnail":["https:\/\/turkishtrade.co\/wp-content\/uploads\/2026\/01\/2400EJOMN00391-BLACK-ZL_131-1-USD-150x150.png",150,150,true],"medium":["https:\/\/turkishtrade.co\/wp-content\/uploads\/2026\/01\/2400EJOMN00391-BLACK-ZL_131-1-USD-300x166.png",300,166,true],"medium_large":["https:\/\/turkishtrade.co\/wp-content\/uploads\/2026\/01\/2400EJOMN00391-BLACK-ZL_131-1-USD.png",453,250,false],"large":["https:\/\/turkishtrade.co\/wp-content\/uploads\/2026\/01\/2400EJOMN00391-BLACK-ZL_131-1-USD.png",453,250,false],"1536x1536":["https:\/\/turkishtrade.co\/wp-content\/uploads\/2026\/01\/2400EJOMN00391-BLACK-ZL_131-1-USD.png",453,250,false],"2048x2048":["https:\/\/turkishtrade.co\/wp-content\/uploads\/2026\/01\/2400EJOMN00391-BLACK-ZL_131-1-USD.png",453,250,false],"trp-custom-language-flag":["https:\/\/turkishtrade.co\/wp-content\/uploads\/2026\/01\/2400EJOMN00391-BLACK-ZL_131-1-USD-18x10.png",18,10,true],"woocommerce_thumbnail":["https:\/\/turkishtrade.co\/wp-content\/uploads\/2026\/01\/2400EJOMN00391-BLACK-ZL_131-1-USD-400x250.png",400,250,true],"woocommerce_single":["https:\/\/turkishtrade.co\/wp-content\/uploads\/2026\/01\/2400EJOMN00391-BLACK-ZL_131-1-USD.png",453,250,false],"woocommerce_gallery_thumbnail":["https:\/\/turkishtrade.co\/wp-content\/uploads\/2026\/01\/2400EJOMN00391-BLACK-ZL_131-1-USD-100x100.png",100,100,true]},"uagb_author_info":{"display_name":"yaser olabi","author_link":"https:\/\/turkishtrade.co\/tr\/author\/"},"uagb_comment_info":0,"uagb_excerpt":"Crafted from Genuine Calf Leather: Experience superior outer surface quality. Luxurious Goat Leather Lining: Ensures unparalleled internal comfort and breathability. Durable Thermo Sole: Provides excellent traction and long-lasting wear. Subtle Heel Height: Features a comfortable 1-3 cm heel for all-day wear. Wide Size Range: Available in sizes 39, 40, 41, 42, 43, 44, 45. Bulk&hellip;","_links":{"self":[{"href":"https:\/\/turkishtrade.co\/tr\/wp-json\/wp\/v2\/product\/6163","targetHints":{"allow":["GET"]}}],"collection":[{"href":"https:\/\/turkishtrade.co\/tr\/wp-json\/wp\/v2\/product"}],"about":[{"href":"https:\/\/turkishtrade.co\/tr\/wp-json\/wp\/v2\/types\/product"}],"wp:featuredmedia":[{"embeddable":true,"href":"https:\/\/turkishtrade.co\/tr\/wp-json\/wp\/v2\/media\/4123"}],"wp:attachment":[{"href":"https:\/\/turkishtrade.co\/tr\/wp-json\/wp\/v2\/media?parent=6163"}],"wp:term":[{"taxonomy":"product_brand","embeddable":true,"href":"https:\/\/turkishtrade.co\/tr\/wp-json\/wp\/v2\/product_brand?post=6163"},{"taxonomy":"product_cat","embeddable":true,"href":"https:\/\/turkishtrade.co\/tr\/wp-json\/wp\/v2\/product_cat?post=6163"},{"taxonomy":"product_tag","embeddable":true,"href":"https:\/\/turkishtrade.co\/tr\/wp-json\/wp\/v2\/product_tag?post=6163"}],"curies":[{"name":"wp","href":"https:\/\/api.w.org\/{rel}","templated":true}]}}