{"id":6159,"date":"2026-01-14T14:15:45","date_gmt":"2026-01-14T14:15:45","guid":{"rendered":"https:\/\/turkishtrade.co\/product\/mens-calf-leather-loafers-6\/"},"modified":"2026-04-09T19:10:53","modified_gmt":"2026-04-09T19:10:53","slug":"mens-calf-leather-loafers-6","status":"publish","type":"product","link":"https:\/\/turkishtrade.co\/tr\/shop\/mens-calf-leather-loafers-6\/","title":{"rendered":"Termo Tabanl\u0131 Premium Erkek Dana Derisi Loafer"},"content":{"rendered":"<p><strong>erkek dana derisi mokasen ayakkab\u0131<\/strong><\/p>\n<p>Enfes tasar\u0131m\u0131m\u0131zla benzersiz konfora ve sofistike stile ad\u0131m at\u0131n <b>erkek dana derisi mokasen ayakkab\u0131<\/b>. Modern beyefendiler i\u00e7in tasarlanan bu birinci s\u0131n\u0131f mokasen ayakkab\u0131lar, geleneksel i\u015f\u00e7ili\u011fi \u00e7a\u011fda\u015f tasar\u0131mla harmanlayarak her se\u00e7kin gard\u0131robun olmazsa olmaz\u0131 haline geliyor. Bu \u00e7ok y\u00f6nl\u00fc ayakkab\u0131larla \u015f\u0131kl\u0131k ve rahatl\u0131\u011f\u0131n m\u00fckemmel birle\u015fimini deneyimleyin. <b>erkek dana derisi mokasen ayakkab\u0131<\/b>, G\u00fcnl\u00fck gezilerden daha resmi toplant\u0131lara kadar her durum i\u00e7in idealdir.<\/p>\n<h3>E\u015fsiz Kalite ve Premium Malzemeler<\/h3>\n<p>Bu l\u00fcks \u00fcr\u00fcnlerin her bir \u00e7ifti <b>erkek dana derisi mokasen ayakkab\u0131<\/b> sadece kalite ve dayan\u0131kl\u0131l\u0131klar\u0131 i\u00e7in tedarik edilen en iyi malzemeler kullan\u0131larak titizlikle \u00fcretilmi\u015ftir. D\u0131\u015f y\u00fczey, yumu\u015fak dokusu, esnekli\u011fi ve g\u00fczel eskime \u00f6zellikleriyle tan\u0131nan esnek, hakiki dana derisine sahiptir. Bu y\u00fcksek kaliteli dana derisi sadece sofistike bir estetik sa\u011flamakla kalmaz, ayn\u0131 zamanda ayakkab\u0131n\u0131z\u0131n zaman\u0131n testine dayanacak \u015fekilde \u00fcretilmesini sa\u011flar.<\/p>\n<p>\u0130\u00e7 k\u0131s\u0131mda, ayaklar\u0131n\u0131z tam ke\u00e7i derisi astar\u0131n pel\u00fc\u015f konforunu ya\u015fayacak. Ola\u011fan\u00fcst\u00fc yumu\u015fakl\u0131\u011f\u0131 ve nefes alabilirli\u011fi ile bilinen ke\u00e7i derisi i\u00e7 k\u0131s\u0131m, uzun s\u00fcreli kullan\u0131mdan sonra bile rahats\u0131zl\u0131\u011f\u0131 \u00f6nleyerek maksimum konforu garanti eder. Bu titizlikle haz\u0131rlanm\u0131\u015f <b>erkek dana derisi mokasen ayakkab\u0131<\/b> kalite a\u00e7\u0131s\u0131ndan ger\u00e7ekten farkl\u0131d\u0131r.<\/p>\n<h3>Yenilik\u00e7i Konfor ve Zamans\u0131z Tasar\u0131m<\/h3>\n<p>Bu istisnai \u00e7al\u0131\u015fmalar\u0131n temeli <b>erkek dana derisi mokasen ayakkab\u0131<\/b> yenilik\u00e7i termo taban\u0131d\u0131r. Bu geli\u015fmi\u015f taban teknolojisi \u00fcst\u00fcn yast\u0131klama, ola\u011fan\u00fcst\u00fc esneklik ve m\u00fckemmel kavrama sunarak hafif bir his ve \u00e7e\u015fitli y\u00fczeylerde dengeli bir duru\u015f sa\u011flar. \u0130nce ama ergonomik 1-3 cm topuk y\u00fcksekli\u011fine sahip bu mokasen ayakkab\u0131lar, stilden \u00f6d\u00fcn vermeden g\u00fcn boyu konfor i\u00e7in do\u011fru miktarda y\u00fckseklik sa\u011flar.<\/p>\n<p>Klasik loafer silueti, zarif diki\u015fler ve vampirdeki zevkli metalik s\u00fcslemelerle zenginle\u015ftirilerek bu ayakkab\u0131lar\u0131 farkl\u0131 k\u0131lan sade bir zarafet dokunu\u015fu eklenmi\u015ftir. <b>erkek dana derisi mokasen ayakkab\u0131<\/b> s\u0131radan ayakkab\u0131lardan.<\/p>\n<p>Zamans\u0131z tasar\u0131mlar\u0131, koleksiyonunuzda y\u0131llarca temel bir par\u00e7a olarak kalmalar\u0131n\u0131 sa\u011flar.<\/p>\n<h3>Her Centilmen i\u00e7in \u00c7ok Y\u00f6nl\u00fcl\u00fck<\/h3>\n<p>\u0130ster kurumsal bir toplant\u0131ya, ister sosyal bir bulu\u015fmaya gidiyor olun, ister sadece rahat bir hafta sonunun tad\u0131n\u0131 \u00e7\u0131kar\u0131n, bu \u00e7ok y\u00f6nl\u00fc <b>erkek dana derisi mokasen ayakkab\u0131<\/b> \u00e7ok \u00e7e\u015fitli k\u0131yafetleri tamamlayacak \u015fekilde tasarlanm\u0131\u015ft\u0131r.<\/p>\n<p>\u00d6zel dikim pantolonlardan \u015f\u0131k chino pantolonlara kadar, sofistike g\u00f6r\u00fcn\u00fcmleri her t\u00fcrl\u00fc kombini y\u00fckseltir. Zamans\u0131z \u00e7ekicili\u011fi, hem stil hem de i\u00e7erik arayan moda bilincine sahip her birey i\u00e7in ak\u0131ll\u0131 bir yat\u0131r\u0131m olmas\u0131n\u0131 sa\u011flar. Her bir \u00e7ift, \u00fcst\u00fcn i\u015f\u00e7ili\u011fe olan ba\u011fl\u0131l\u0131\u011f\u0131 yans\u0131tarak uzun \u00f6m\u00fcrl\u00fc ve etkileyici bir \u00fcr\u00fcn alman\u0131z\u0131 sa\u011flar.<\/p>\n<h3>Toptan Sat\u0131\u015f F\u0131rsatlar\u0131 ve Uygun Boyutland\u0131rma<\/h3>\n<p>Toptan ve perakende sat\u0131\u015f ortaklar\u0131m\u0131z\u0131n ihtiya\u00e7lar\u0131n\u0131 anl\u0131yoruz, i\u015fte bu y\u00fczden bu premium <b>erkek dana derisi mokasen ayakkab\u0131<\/b> toplu sipari\u015fler i\u00e7in haz\u0131rd\u0131r. Minimum 8 \u00e7ift sipari\u015f miktar\u0131yla, y\u00fcksek kaliteli ayakkab\u0131 stoklamak isteyen i\u015fletmelere hitap ediyoruz. Farkl\u0131 m\u00fc\u015fteri taban\u0131n\u0131z\u0131n taleplerini kar\u015f\u0131layabilmeniz i\u00e7in AB 39'dan 45'e (39, 40, 41, 42, 43, 44, 45) kadar kapsaml\u0131 bir beden aral\u0131\u011f\u0131 sunuyoruz.<\/p>\n<p>Sipari\u015finiz, genellikle 12 g\u00fcn i\u00e7inde ve standart nakliye s\u00fcresine ek olarak verimli bir \u015fekilde i\u015flenecek ve teslimata haz\u0131r hale getirilecek, b\u00f6ylece bu arzu edilen \u00fcr\u00fcnler i\u00e7in sorunsuz ve g\u00fcvenilir bir tedarik zinciri sa\u011flanacakt\u0131r <b>erkek dana derisi mokasen ayakkab\u0131<\/b>.<\/p>\n<p>L\u00fcks, konfor ve ticari cazibeyi bir araya getiren bir \u00fcr\u00fcne yat\u0131r\u0131m yap\u0131n.<\/p>","protected":false},"excerpt":{"rendered":"<ul>\n<li><b>\u00dcst\u00fcn \u0130\u015f\u00e7ilik:<\/b> Birinci s\u0131n\u0131f dana derisi d\u0131\u015f y\u00fczey ve l\u00fcks ke\u00e7i derisi astardan \u00fcretilmi\u015ftir.<\/li>\n<li><b>Rakipsiz Konfor:<\/b> Dayan\u0131kl\u0131 ve esnek termo tabana ve g\u00fcn boyu kullan\u0131m i\u00e7in 1-3 cm topuk y\u00fcksekli\u011fine sahiptir.<\/li>\n<li><b>Geni\u015f Boyut Aral\u0131\u011f\u0131:<\/b> M\u00fckemmel bir uyum sa\u011flamak i\u00e7in 39, 40, 41, 42, 43, 44, 45 AB bedenlerinde mevcuttur.<\/li>\n<li><b>Toplu Sipari\u015f Dostu:<\/b> Minimum sipari\u015f miktar\u0131 8 \u00e7ifttir, toptan ve perakende sat\u0131\u015f ortaklar\u0131 i\u00e7in idealdir.<\/li>\n<li><b>Etkili Teslimat:<\/b> Standart nakliye s\u00fcresi art\u0131 12 g\u00fcn i\u00e7inde teslimat bekleyin.<\/li>\n<\/ul>","protected":false},"featured_media":4122,"template":"","meta":{"_acf_changed":false,"_uag_custom_page_level_css":"","site-sidebar-layout":"default","site-content-layout":"","ast-site-content-layout":"default","site-content-style":"default","site-sidebar-style":"default","ast-global-header-display":"","ast-banner-title-visibility":"","ast-main-header-display":"","ast-hfb-above-header-display":"","ast-hfb-below-header-display":"","ast-hfb-mobile-header-display":"","site-post-title":"","ast-breadcrumbs-content":"","ast-featured-img":"","footer-sml-layout":"","ast-disable-related-posts":"","theme-transparent-header-meta":"default","adv-header-id-meta":"","stick-header-meta":"","header-above-stick-meta":"","header-main-stick-meta":"","header-below-stick-meta":"","astra-migrate-meta-layouts":"set","ast-page-background-enabled":"default","ast-page-background-meta":{"desktop":{"background-color":"var(--ast-global-color-4)","background-image":"","background-repeat":"repeat","background-position":"center center","background-size":"auto","background-attachment":"scroll","background-type":"","background-media":"","overlay-type":"","overlay-color":"","overlay-opacity":"","overlay-gradient":""},"tablet":{"background-color":"","background-image":"","background-repeat":"repeat","background-position":"center center","background-size":"auto","background-attachment":"scroll","background-type":"","background-media":"","overlay-type":"","overlay-color":"","overlay-opacity":"","overlay-gradient":""},"mobile":{"background-color":"","background-image":"","background-repeat":"repeat","background-position":"center center","background-size":"auto","background-attachment":"scroll","background-type":"","background-media":"","overlay-type":"","overlay-color":"","overlay-opacity":"","overlay-gradient":""}},"ast-content-background-meta":{"desktop":{"background-color":"var(--ast-global-color-5)","background-image":"","background-repeat":"repeat","background-position":"center center","background-size":"auto","background-attachment":"scroll","background-type":"","background-media":"","overlay-type":"","overlay-color":"","overlay-opacity":"","overlay-gradient":""},"tablet":{"background-color":"var(--ast-global-color-5)","background-image":"","background-repeat":"repeat","background-position":"center center","background-size":"auto","background-attachment":"scroll","background-type":"","background-media":"","overlay-type":"","overlay-color":"","overlay-opacity":"","overlay-gradient":""},"mobile":{"background-color":"var(--ast-global-color-5)","background-image":"","background-repeat":"repeat","background-position":"center center","background-size":"auto","background-attachment":"scroll","background-type":"","background-media":"","overlay-type":"","overlay-color":"","overlay-opacity":"","overlay-gradient":""}}},"product_brand":[],"product_cat":[48,47,49,430,40],"product_tag":[202,449,220,480,437,227,148,217,198,1170,209,281],"class_list":{"0":"post-6159","1":"product","2":"type-product","3":"status-publish","4":"has-post-thumbnail","6":"product_cat-casual","7":"product_cat-classic","8":"product_cat-loafer","9":"product_cat-men","10":"product_cat-mens-shoes","11":"product_tag-calf-leather","12":"product_tag-casual-shoes","13":"product_tag-comfortable-loafers","14":"product_tag-elegant-shoes","15":"product_tag-goat-leather","16":"product_tag-leather-shoes","17":"product_tag-loafers","18":"product_tag-luxury-footwear","19":"product_tag-mens-fashion","20":"product_tag-moccasins","21":"product_tag-thermo-sole","22":"product_tag-wholesale-shoes","23":"desktop-align-center","24":"tablet-align-center","25":"mobile-align-center","27":"first","28":"instock","29":"shipping-taxable","30":"purchasable","31":"product-type-variable","32":"has-default-attributes"},"acf":[],"uagb_featured_image_src":{"full":["https:\/\/turkishtrade.co\/wp-content\/uploads\/2026\/01\/2400EJOMN00390-DARK-BLUE-ZL_130-1-USD.png",453,250,false],"thumbnail":["https:\/\/turkishtrade.co\/wp-content\/uploads\/2026\/01\/2400EJOMN00390-DARK-BLUE-ZL_130-1-USD-150x150.png",150,150,true],"medium":["https:\/\/turkishtrade.co\/wp-content\/uploads\/2026\/01\/2400EJOMN00390-DARK-BLUE-ZL_130-1-USD-300x166.png",300,166,true],"medium_large":["https:\/\/turkishtrade.co\/wp-content\/uploads\/2026\/01\/2400EJOMN00390-DARK-BLUE-ZL_130-1-USD.png",453,250,false],"large":["https:\/\/turkishtrade.co\/wp-content\/uploads\/2026\/01\/2400EJOMN00390-DARK-BLUE-ZL_130-1-USD.png",453,250,false],"1536x1536":["https:\/\/turkishtrade.co\/wp-content\/uploads\/2026\/01\/2400EJOMN00390-DARK-BLUE-ZL_130-1-USD.png",453,250,false],"2048x2048":["https:\/\/turkishtrade.co\/wp-content\/uploads\/2026\/01\/2400EJOMN00390-DARK-BLUE-ZL_130-1-USD.png",453,250,false],"trp-custom-language-flag":["https:\/\/turkishtrade.co\/wp-content\/uploads\/2026\/01\/2400EJOMN00390-DARK-BLUE-ZL_130-1-USD-18x10.png",18,10,true],"woocommerce_thumbnail":["https:\/\/turkishtrade.co\/wp-content\/uploads\/2026\/01\/2400EJOMN00390-DARK-BLUE-ZL_130-1-USD-400x250.png",400,250,true],"woocommerce_single":["https:\/\/turkishtrade.co\/wp-content\/uploads\/2026\/01\/2400EJOMN00390-DARK-BLUE-ZL_130-1-USD.png",453,250,false],"woocommerce_gallery_thumbnail":["https:\/\/turkishtrade.co\/wp-content\/uploads\/2026\/01\/2400EJOMN00390-DARK-BLUE-ZL_130-1-USD-100x100.png",100,100,true]},"uagb_author_info":{"display_name":"yaser olabi","author_link":"https:\/\/turkishtrade.co\/tr\/author\/"},"uagb_comment_info":0,"uagb_excerpt":"Superior Craftsmanship: Crafted from premium calf leather exterior and luxurious goat leather lining. Unrivaled Comfort: Featuring a durable and flexible thermo sole with a subtle 1-3 cm heel height for all-day wear. Wide Size Range: Available in EU sizes 39, 40, 41, 42, 43, 44, 45 to ensure a perfect fit. Bulk Order Friendly: Minimum&hellip;","_links":{"self":[{"href":"https:\/\/turkishtrade.co\/tr\/wp-json\/wp\/v2\/product\/6159","targetHints":{"allow":["GET"]}}],"collection":[{"href":"https:\/\/turkishtrade.co\/tr\/wp-json\/wp\/v2\/product"}],"about":[{"href":"https:\/\/turkishtrade.co\/tr\/wp-json\/wp\/v2\/types\/product"}],"wp:featuredmedia":[{"embeddable":true,"href":"https:\/\/turkishtrade.co\/tr\/wp-json\/wp\/v2\/media\/4122"}],"wp:attachment":[{"href":"https:\/\/turkishtrade.co\/tr\/wp-json\/wp\/v2\/media?parent=6159"}],"wp:term":[{"taxonomy":"product_brand","embeddable":true,"href":"https:\/\/turkishtrade.co\/tr\/wp-json\/wp\/v2\/product_brand?post=6159"},{"taxonomy":"product_cat","embeddable":true,"href":"https:\/\/turkishtrade.co\/tr\/wp-json\/wp\/v2\/product_cat?post=6159"},{"taxonomy":"product_tag","embeddable":true,"href":"https:\/\/turkishtrade.co\/tr\/wp-json\/wp\/v2\/product_tag?post=6159"}],"curies":[{"name":"wp","href":"https:\/\/api.w.org\/{rel}","templated":true}]}}