{"id":6144,"date":"2026-01-14T14:14:11","date_gmt":"2026-01-14T14:14:11","guid":{"rendered":"https:\/\/turkishtrade.co\/product\/mens-leather-boat-shoes\/"},"modified":"2026-04-09T19:11:34","modified_gmt":"2026-04-09T19:11:34","slug":"mens-leather-boat-shoes","status":"publish","type":"product","link":"https:\/\/turkishtrade.co\/tr\/shop\/mens-leather-boat-shoes\/","title":{"rendered":"Termo Tabanl\u0131 Premium Erkek Deri Tekne Ayakkab\u0131s\u0131"},"content":{"rendered":"<p><strong>Erkek Deri Tekne Ayakkab\u0131lar\u0131<\/strong><\/p>\n<p>Enfes ayakkab\u0131 koleksiyonumuzla ayakkab\u0131 koleksiyonunuzu y\u00fckseltin <strong>Erkek Deri Tekne Ayakkab\u0131lar\u0131<\/strong>. Hem stil hem de konfora de\u011fer veren modern beyefendiler i\u00e7in tasarlanan bu birinci s\u0131n\u0131f ayakkab\u0131lar, \u00fcst\u00fcn i\u015f\u00e7ili\u011fin bir kan\u0131t\u0131d\u0131r. Her bir \u00e7iftimiz <strong>Erkek Deri Tekne Ayakkab\u0131lar\u0131<\/strong> en iyi malzemeler kullan\u0131larak titizlikle in\u015fa edilir ve sadece g\u00f6rsel olarak \u00e7ekici de\u011fil ayn\u0131 zamanda uzun \u00f6m\u00fcrl\u00fc bir \u00fcr\u00fcn sa\u011flar.<\/p>\n<p>Bu sofistike tasar\u0131mlar\u0131n d\u0131\u015f <strong>Erkek Deri Tekne Ayakkab\u0131lar\u0131<\/strong> p\u00fcr\u00fczs\u00fcz dokusu, esnekli\u011fi ve zarif y\u00fczeyiyle tan\u0131nan y\u00fcksek kaliteli hakiki dana derisinden \u00fcretilmi\u015ftir. Bu malzeme se\u00e7imi, bot ayakkab\u0131lar\u0131n\u0131z\u0131n zaman i\u00e7inde benzersiz bir patine geli\u015ftirerek zarif bir \u015fekilde ya\u015flanmas\u0131n\u0131 garanti eder. Sa\u011flam d\u0131\u015f y\u00fczeyi tamamlayan i\u00e7 k\u0131s\u0131m, benzersiz bir konfor d\u00fczeyi sa\u011flayan yumu\u015fak ve esnek Ke\u00e7i Derisi ile astarlanm\u0131\u015ft\u0131r.<\/p>\n<p>Bu i\u00e7 astar nefes alabilirlik sa\u011flayarak ister g\u00fcvertede ister \u015fehirde geziniyor olun, ayaklar\u0131n\u0131z\u0131n g\u00fcn boyunca rahat etmesini sa\u011flar.<\/p>\n<h3>Rakipsiz Konfor ve Stil<\/h3>\n<p>Yenilik\u00e7i Thermo Sole ile y\u00fcr\u00fcy\u00fc\u015f konforunda en \u00fcst seviyeyi ya\u015fay\u0131n. Bu geli\u015fmi\u015f taban teknolojisi m\u00fckemmel esneklik, \u00fcst\u00fcn \u015fok emilimi ve \u00e7e\u015fitli y\u00fczeylerde g\u00fcvenilir kavrama sunar. 1-3 cm aras\u0131nda de\u011fi\u015fen al\u00e7ak topuk y\u00fcksekli\u011fi, ergonomik tasar\u0131ma katk\u0131da bulunarak bu ayakkab\u0131lar\u0131 <strong>Erkek Deri Tekne Ayakkab\u0131lar\u0131<\/strong> yorulmadan uzun s\u00fcreli kullan\u0131m i\u00e7in uygundur.<\/p>\n<p>Karma\u015f\u0131k diki\u015fler ve g\u00f6z al\u0131c\u0131 ba\u011fc\u0131k detaylar\u0131yla tamamlanan klasik tekne ayakkab\u0131s\u0131 sil\u00fceti, bu ayakkab\u0131lar\u0131n her gard\u0131rop i\u00e7in \u00e7ok y\u00f6nl\u00fc bir eklenti olmas\u0131n\u0131 sa\u011flar.<\/p>\n<h3>Her Durum \u0130\u00e7in M\u00fckemmel<\/h3>\n<p>Bizim <strong>Erkek Deri Tekne Ayakkab\u0131lar\u0131<\/strong> bir\u00e7ok durum i\u00e7in m\u00fckemmeldir. Zamans\u0131z tasar\u0131mlar\u0131 onlar\u0131 g\u00fcndelik geziler, hafta sonu ka\u00e7amaklar\u0131 ve hatta yar\u0131 resmi etkinlikler i\u00e7in ideal k\u0131lar. Rahat ama zarif bir g\u00f6r\u00fcn\u00fcm i\u00e7in chino pantolonlarla veya m\u00fckemmel bir yaz stili i\u00e7in \u015fortlarla e\u015fle\u015ftirin.<\/p>\n<p>39-45 beden aral\u0131\u011f\u0131nda ve g\u00f6rsellerimizde g\u00f6sterilen s\u0131cak boz kahverengi, canl\u0131 mavi ve klasik kahverengi gibi \u00e7e\u015fitli \u00e7ekici renklerde mevcut olan bir \u00e7ift <strong>Erkek Deri Tekne Ayakkab\u0131lar\u0131<\/strong> her ki\u015fisel tarza uyacak \u015fekilde.<\/p>\n<p>Kaliteye yat\u0131r\u0131m yap\u0131n ve bu son derece rahat ve \u015f\u0131k \u00fcr\u00fcnlerle d\u0131\u015far\u0131ya g\u00fcvenle ad\u0131m at\u0131n <strong>Erkek Deri Tekne Ayakkab\u0131lar\u0131<\/strong>.<\/p>\n<h3>Toptan Sat\u0131\u015f<\/h3>\n<p>Perakendeciler ve i\u015fletmeler i\u00e7in bu premium <strong>Erkek Deri Tekne Ayakkab\u0131lar\u0131<\/strong> minimum 8 \u00e7ift sipari\u015fle toptan sat\u0131n al\u0131nabilir. Bu aranan \u00fcr\u00fcnleri hemen stoklayabilmenizi sa\u011flamak i\u00e7in 12 g\u00fcnl\u00fck teslimat s\u00fcresi art\u0131 nakliye ile verimli hizmetten gurur duyuyoruz. L\u00fcks, konfor ve dayan\u0131kl\u0131l\u0131\u011f\u0131n kar\u0131\u015f\u0131m\u0131n\u0131 ke\u015ffedin <strong>Erkek Deri Tekne Ayakkab\u0131lar\u0131<\/strong> sunun ve m\u00fc\u015fterilerinize ger\u00e7ekten ola\u011fan\u00fcst\u00fc bir \u00fcr\u00fcn sa\u011flay\u0131n.<\/p>","protected":false},"excerpt":{"rendered":"<ul>\n<li>Dayan\u0131kl\u0131l\u0131k ve stil i\u00e7in hakiki Dana Derisi d\u0131\u015f y\u00fczeyden ustal\u0131kla \u00fcretilmi\u015ftir.<\/li>\n<li>L\u00fcks Ke\u00e7i Derisi i\u00e7 k\u0131s\u0131m ola\u011fan\u00fcst\u00fc konfor ve nefes alabilirlik sa\u011flar.<\/li>\n<li>\u00dcst\u00fcn kavrama ve konfor i\u00e7in esnek ve hafif Thermo Taban ile donat\u0131lm\u0131\u015ft\u0131r.<\/li>\n<li>Optimum destek i\u00e7in 1-3 cm'lik ince bir topuk y\u00fcksekli\u011fine sahiptir.<\/li>\n<li>Kapsaml\u0131 bir beden aral\u0131\u011f\u0131nda mevcuttur: 39, 40, 41, 42, 43, 44, 45.<\/li>\n<li>Minimum sipari\u015f miktar\u0131: 8 \u00e7ift, toptan ve toplu al\u0131mlar i\u00e7in idealdir.<\/li>\n<li>Verimli teslimat s\u00fcresi: 12 g\u00fcn art\u0131 nakliye.<\/li>\n<\/ul>","protected":false},"featured_media":4109,"template":"","meta":{"_acf_changed":false,"_uag_custom_page_level_css":"","site-sidebar-layout":"default","site-content-layout":"","ast-site-content-layout":"default","site-content-style":"default","site-sidebar-style":"default","ast-global-header-display":"","ast-banner-title-visibility":"","ast-main-header-display":"","ast-hfb-above-header-display":"","ast-hfb-below-header-display":"","ast-hfb-mobile-header-display":"","site-post-title":"","ast-breadcrumbs-content":"","ast-featured-img":"","footer-sml-layout":"","ast-disable-related-posts":"","theme-transparent-header-meta":"default","adv-header-id-meta":"","stick-header-meta":"","header-above-stick-meta":"","header-main-stick-meta":"","header-below-stick-meta":"","astra-migrate-meta-layouts":"set","ast-page-background-enabled":"default","ast-page-background-meta":{"desktop":{"background-color":"var(--ast-global-color-4)","background-image":"","background-repeat":"repeat","background-position":"center center","background-size":"auto","background-attachment":"scroll","background-type":"","background-media":"","overlay-type":"","overlay-color":"","overlay-opacity":"","overlay-gradient":""},"tablet":{"background-color":"","background-image":"","background-repeat":"repeat","background-position":"center center","background-size":"auto","background-attachment":"scroll","background-type":"","background-media":"","overlay-type":"","overlay-color":"","overlay-opacity":"","overlay-gradient":""},"mobile":{"background-color":"","background-image":"","background-repeat":"repeat","background-position":"center center","background-size":"auto","background-attachment":"scroll","background-type":"","background-media":"","overlay-type":"","overlay-color":"","overlay-opacity":"","overlay-gradient":""}},"ast-content-background-meta":{"desktop":{"background-color":"var(--ast-global-color-5)","background-image":"","background-repeat":"repeat","background-position":"center center","background-size":"auto","background-attachment":"scroll","background-type":"","background-media":"","overlay-type":"","overlay-color":"","overlay-opacity":"","overlay-gradient":""},"tablet":{"background-color":"var(--ast-global-color-5)","background-image":"","background-repeat":"repeat","background-position":"center center","background-size":"auto","background-attachment":"scroll","background-type":"","background-media":"","overlay-type":"","overlay-color":"","overlay-opacity":"","overlay-gradient":""},"mobile":{"background-color":"var(--ast-global-color-5)","background-image":"","background-repeat":"repeat","background-position":"center center","background-size":"auto","background-attachment":"scroll","background-type":"","background-media":"","overlay-type":"","overlay-color":"","overlay-opacity":"","overlay-gradient":""}}},"product_brand":[],"product_cat":[48,47,49,430,40],"product_tag":[1126,451,449,222,271,437,450,227,1169,198,1170,209,281],"class_list":{"0":"post-6144","1":"product","2":"type-product","3":"status-publish","4":"has-post-thumbnail","6":"product_cat-casual","7":"product_cat-classic","8":"product_cat-loafer","9":"product_cat-men","10":"product_cat-mens-shoes","11":"product_tag-boat-shoes","12":"product_tag-calfskin-leather","13":"product_tag-casual-shoes","14":"product_tag-comfortable-shoes","15":"product_tag-deck-shoes","16":"product_tag-goat-leather","17":"product_tag-handcrafted-shoes","18":"product_tag-leather-shoes","19":"product_tag-low-heel","20":"product_tag-mens-fashion","21":"product_tag-moccasins","22":"product_tag-thermo-sole","23":"product_tag-wholesale-shoes","24":"desktop-align-center","25":"tablet-align-center","26":"mobile-align-center","28":"first","29":"instock","30":"shipping-taxable","31":"purchasable","32":"product-type-variable","33":"has-default-attributes"},"acf":[],"uagb_featured_image_src":{"full":["https:\/\/turkishtrade.co\/wp-content\/uploads\/2026\/01\/2400EJOMN00386-CAMEL-X_132.png",453,250,false],"thumbnail":["https:\/\/turkishtrade.co\/wp-content\/uploads\/2026\/01\/2400EJOMN00386-CAMEL-X_132-150x150.png",150,150,true],"medium":["https:\/\/turkishtrade.co\/wp-content\/uploads\/2026\/01\/2400EJOMN00386-CAMEL-X_132-300x166.png",300,166,true],"medium_large":["https:\/\/turkishtrade.co\/wp-content\/uploads\/2026\/01\/2400EJOMN00386-CAMEL-X_132.png",453,250,false],"large":["https:\/\/turkishtrade.co\/wp-content\/uploads\/2026\/01\/2400EJOMN00386-CAMEL-X_132.png",453,250,false],"1536x1536":["https:\/\/turkishtrade.co\/wp-content\/uploads\/2026\/01\/2400EJOMN00386-CAMEL-X_132.png",453,250,false],"2048x2048":["https:\/\/turkishtrade.co\/wp-content\/uploads\/2026\/01\/2400EJOMN00386-CAMEL-X_132.png",453,250,false],"trp-custom-language-flag":["https:\/\/turkishtrade.co\/wp-content\/uploads\/2026\/01\/2400EJOMN00386-CAMEL-X_132-18x10.png",18,10,true],"woocommerce_thumbnail":["https:\/\/turkishtrade.co\/wp-content\/uploads\/2026\/01\/2400EJOMN00386-CAMEL-X_132-400x250.png",400,250,true],"woocommerce_single":["https:\/\/turkishtrade.co\/wp-content\/uploads\/2026\/01\/2400EJOMN00386-CAMEL-X_132.png",453,250,false],"woocommerce_gallery_thumbnail":["https:\/\/turkishtrade.co\/wp-content\/uploads\/2026\/01\/2400EJOMN00386-CAMEL-X_132-100x100.png",100,100,true]},"uagb_author_info":{"display_name":"yaser olabi","author_link":"https:\/\/turkishtrade.co\/tr\/author\/"},"uagb_comment_info":0,"uagb_excerpt":"Expertly crafted from genuine Calfskin Leather exterior for durability and style. Luxurious Goat Leather interior ensures exceptional comfort and breathability. Equipped with a flexible and lightweight Thermo Sole for superior grip and comfort. Features a subtle heel height of 1-3 cm for optimal support. Available in a comprehensive size range: 39, 40, 41, 42, 43,&hellip;","_links":{"self":[{"href":"https:\/\/turkishtrade.co\/tr\/wp-json\/wp\/v2\/product\/6144","targetHints":{"allow":["GET"]}}],"collection":[{"href":"https:\/\/turkishtrade.co\/tr\/wp-json\/wp\/v2\/product"}],"about":[{"href":"https:\/\/turkishtrade.co\/tr\/wp-json\/wp\/v2\/types\/product"}],"wp:featuredmedia":[{"embeddable":true,"href":"https:\/\/turkishtrade.co\/tr\/wp-json\/wp\/v2\/media\/4109"}],"wp:attachment":[{"href":"https:\/\/turkishtrade.co\/tr\/wp-json\/wp\/v2\/media?parent=6144"}],"wp:term":[{"taxonomy":"product_brand","embeddable":true,"href":"https:\/\/turkishtrade.co\/tr\/wp-json\/wp\/v2\/product_brand?post=6144"},{"taxonomy":"product_cat","embeddable":true,"href":"https:\/\/turkishtrade.co\/tr\/wp-json\/wp\/v2\/product_cat?post=6144"},{"taxonomy":"product_tag","embeddable":true,"href":"https:\/\/turkishtrade.co\/tr\/wp-json\/wp\/v2\/product_tag?post=6144"}],"curies":[{"name":"wp","href":"https:\/\/api.w.org\/{rel}","templated":true}]}}