{"id":6134,"date":"2026-01-14T14:12:53","date_gmt":"2026-01-14T14:12:53","guid":{"rendered":"https:\/\/turkishtrade.co\/product\/mens-brown-leather-sneakers-2\/"},"modified":"2026-04-09T19:11:59","modified_gmt":"2026-04-09T19:11:59","slug":"mens-brown-leather-sneakers-2","status":"publish","type":"product","link":"https:\/\/turkishtrade.co\/tr\/shop\/mens-brown-leather-sneakers-2\/","title":{"rendered":"Erkek Premium Koyu Kahverengi Dana Derisi G\u00fcnl\u00fck Spor Ayakkab\u0131"},"content":{"rendered":"<p><strong>Erkek Kahverengi Deri Spor Ayakkab\u0131<\/strong><\/p>\n<p>Enfes tasar\u0131m\u0131m\u0131zla benzersiz bir stil ve konfora ad\u0131m at\u0131n <strong>Erkek Kahverengi Deri Spor Ayakkab\u0131<\/strong>. Hem \u015f\u0131kl\u0131\u011fa hem de g\u00fcnl\u00fck giyilebilirli\u011fe \u00f6nem veren modern erkekler i\u00e7in tasarlanan bu <strong>Erkek Kahverengi Deri Spor Ayakkab\u0131<\/strong> geleneksel i\u015f\u00e7ilik ve \u00e7a\u011fda\u015f tasar\u0131m\u0131n m\u00fckemmel bir kar\u0131\u015f\u0131m\u0131d\u0131r. En iyi malzemelerden \u00fcretilen koleksiyonumuz <strong>Erkek Kahverengi Deri Spor Ayakkab\u0131<\/strong> her t\u00fcrl\u00fc g\u00fcndelik ya da \u015f\u0131k giyime sofistike bir hava katar.<\/p>\n<p><h3>\u00dcst\u00fcn \u0130\u015f\u00e7ilik ve Malzemeler<\/h3>\n<\/p>\n<p>Her bir \u00e7iftimiz <strong>Erkek Kahverengi Deri Spor Ayakkab\u0131<\/strong> kal\u0131c\u0131 kalite ve \u00fcst\u00fcn konfor sa\u011flamak i\u00e7in titizlikle \u00fcretilmi\u015ftir. D\u0131\u015f y\u00fczeyi, esnek dokusu, dayan\u0131kl\u0131l\u0131\u011f\u0131 ve zengin koyu kahverengi tonuyla tan\u0131nan hakiki dana derisinden yap\u0131lm\u0131\u015ft\u0131r. <strong>Erkek Kahverengi Deri Spor Ayakkab\u0131<\/strong> inan\u0131lmaz derecede esnek ve \u015f\u0131k. \u0130\u00e7 k\u0131s\u0131mda, ayaklar\u0131n\u0131z g\u00fcn boyunca ola\u011fan\u00fcst\u00fc nefes alabilirlik ve konfor sa\u011flayan ke\u00e7i derisi astar\u0131n l\u00fcks yumu\u015fakl\u0131\u011f\u0131n\u0131 deneyimleyecek.<\/p>\n<p>Sa\u011flam termo taban sadece m\u00fckemmel kavrama ve \u015fok emilimi sunmakla kalmaz, ayn\u0131 zamanda 1-3 cm'lik ince bir topuk y\u00fcksekli\u011fini koruyarak her ad\u0131mda rahat bir destek sa\u011flar. Bu malzemeler size en iyisini sunmak i\u00e7in \u00f6zenle se\u00e7ilmi\u015ftir <strong>Erkek Kahverengi Deri Spor Ayakkab\u0131<\/strong> piyasada.<\/p>\n<p><h3>Konfor ve \u00c7ok Y\u00f6nl\u00fcl\u00fck i\u00e7in Tasarland\u0131<\/h3>\n<\/p>\n<p>Bizim <strong>Erkek Kahverengi Deri Spor Ayakkab\u0131<\/strong> sadece g\u00f6r\u00fcn\u00fcmden ibaret de\u011fildir; ola\u011fan\u00fcst\u00fc bir kullan\u0131m deneyimi i\u00e7in tasarlanm\u0131\u015ft\u0131r. Esnek deri, zaman i\u00e7inde aya\u011f\u0131n\u0131za uyum sa\u011flayarak ki\u015fiye \u00f6zel bir uyum sunar. \u00dcst k\u0131s\u0131mdaki delikli detaylar sadece sofistike esteti\u011fe katk\u0131da bulunmakla kalmaz, ayn\u0131 zamanda havaland\u0131rmay\u0131 art\u0131rarak ayaklar\u0131n\u0131z\u0131 serin ve kuru tutar.<\/p>\n<p>AB 39'dan 45'e kadar geni\u015f bir beden yelpazesinde mevcut olan bu <strong>Erkek Kahverengi Deri Spor Ayakkab\u0131<\/strong> farkl\u0131 ihtiya\u00e7lara hitap eder. \u0130ster g\u00fcnl\u00fck giyim, ister hafta sonu gezintileri veya i\u015f ama\u00e7l\u0131 g\u00fcndelik ortamlar i\u00e7in olsun, bu \u00e7ok y\u00f6nl\u00fc <strong>Erkek Kahverengi Deri Spor Ayakkab\u0131<\/strong> tarz\u0131n\u0131z\u0131 zahmetsizce y\u00fckseltecek.<\/p>\n<p><h3>Toptan Sat\u0131\u015f Avantaj\u0131: \u0130\u015fletmeniz i\u00e7in Kaliteli Ayakkab\u0131lar<\/h3>\n<\/p>\n<p>Y\u00fcksek kaliteli ayakkab\u0131 arayan i\u015fletmelerin ihtiya\u00e7lar\u0131n\u0131 anl\u0131yoruz. Bizim <strong>Erkek Kahverengi Deri Spor Ayakkab\u0131<\/strong> minimum sipari\u015f miktar\u0131 sadece 100 \u00e7ift olmak \u00fczere toptan sipari\u015fler i\u00e7in mevcuttur. Fiyat listemizdeki rekabet\u00e7i fiyatlardan ve yakla\u015f\u0131k 12 g\u00fcnl\u00fck g\u00fcvenilir bir \u00fcretim s\u00fcresinden ve ayr\u0131ca nakliyeden yararlan\u0131n.<\/p>\n<p>M\u00fc\u015fterilerinize l\u00fcks, konfor ve dayan\u0131kl\u0131l\u0131\u011f\u0131 bir araya getiren birinci s\u0131n\u0131f ayakkab\u0131lar sunmak i\u00e7in bizimle i\u015f ortakl\u0131\u011f\u0131 yap\u0131n. Bunlar <strong>Erkek Kahverengi Deri Spor Ayakkab\u0131<\/strong> \u00fcst\u00fcn \u00fcr\u00fcnler sunmay\u0131 hedefleyen perakendeciler i\u00e7in m\u00fckemmel bir yat\u0131r\u0131md\u0131r.<\/p>","protected":false},"excerpt":{"rendered":"<ul>\n<li>D\u0131\u015f Y\u00fczey: Premium Dana Derisi<\/li>\n<li>\u0130\u00e7 Astar: Yumu\u015fak Ke\u00e7i Derisi<\/li>\n<li>Taban: Dayan\u0131kl\u0131 Termo Taban (1-3 cm topuk y\u00fcksekli\u011fi)<\/li>\n<li>Mevcut Bedenler: AB 39-45<\/li>\n<li>Minimum Sipari\u015f: 100 \u00c7ift<\/li>\n<li>Toptan Sat\u0131\u015fa Haz\u0131r: 12 g\u00fcnl\u00fck \u00fcretim + nakliye<\/li>\n<\/ul>","protected":false},"featured_media":4099,"template":"","meta":{"_acf_changed":false,"_uag_custom_page_level_css":"","site-sidebar-layout":"default","site-content-layout":"","ast-site-content-layout":"default","site-content-style":"default","site-sidebar-style":"default","ast-global-header-display":"","ast-banner-title-visibility":"","ast-main-header-display":"","ast-hfb-above-header-display":"","ast-hfb-below-header-display":"","ast-hfb-mobile-header-display":"","site-post-title":"","ast-breadcrumbs-content":"","ast-featured-img":"","footer-sml-layout":"","ast-disable-related-posts":"","theme-transparent-header-meta":"","adv-header-id-meta":"","stick-header-meta":"","header-above-stick-meta":"","header-main-stick-meta":"","header-below-stick-meta":"","astra-migrate-meta-layouts":"default","ast-page-background-enabled":"default","ast-page-background-meta":{"desktop":{"background-color":"var(--ast-global-color-4)","background-image":"","background-repeat":"repeat","background-position":"center center","background-size":"auto","background-attachment":"scroll","background-type":"","background-media":"","overlay-type":"","overlay-color":"","overlay-opacity":"","overlay-gradient":""},"tablet":{"background-color":"","background-image":"","background-repeat":"repeat","background-position":"center center","background-size":"auto","background-attachment":"scroll","background-type":"","background-media":"","overlay-type":"","overlay-color":"","overlay-opacity":"","overlay-gradient":""},"mobile":{"background-color":"","background-image":"","background-repeat":"repeat","background-position":"center center","background-size":"auto","background-attachment":"scroll","background-type":"","background-media":"","overlay-type":"","overlay-color":"","overlay-opacity":"","overlay-gradient":""}},"ast-content-background-meta":{"desktop":{"background-color":"var(--ast-global-color-5)","background-image":"","background-repeat":"repeat","background-position":"center center","background-size":"auto","background-attachment":"scroll","background-type":"","background-media":"","overlay-type":"","overlay-color":"","overlay-opacity":"","overlay-gradient":""},"tablet":{"background-color":"var(--ast-global-color-5)","background-image":"","background-repeat":"repeat","background-position":"center center","background-size":"auto","background-attachment":"scroll","background-type":"","background-media":"","overlay-type":"","overlay-color":"","overlay-opacity":"","overlay-gradient":""},"mobile":{"background-color":"var(--ast-global-color-5)","background-image":"","background-repeat":"repeat","background-position":"center center","background-size":"auto","background-attachment":"scroll","background-type":"","background-media":"","overlay-type":"","overlay-color":"","overlay-opacity":"","overlay-gradient":""}}},"product_brand":[],"product_cat":[48,430,40,50],"product_tag":[375,629,185,449,189,227,1163,214,546,209,254],"class_list":{"0":"post-6134","1":"product","2":"type-product","3":"status-publish","4":"has-post-thumbnail","6":"product_cat-casual","7":"product_cat-men","8":"product_cat-mens-shoes","9":"product_cat-sneakers","10":"product_tag-brown-leather-sneakers","11":"product_tag-bulk-order-shoes","12":"product_tag-calf-leather-shoes","13":"product_tag-casual-shoes","14":"product_tag-goat-leather-lining","15":"product_tag-leather-shoes","16":"product_tag-mens-casual-sneakers","17":"product_tag-mens-sneakers","18":"product_tag-stylish-mens-shoes","19":"product_tag-thermo-sole","20":"product_tag-wholesale-footwear","21":"desktop-align-center","22":"tablet-align-center","23":"mobile-align-center","25":"first","26":"instock","27":"shipping-taxable","28":"purchasable","29":"product-type-variable","30":"has-default-attributes"},"acf":[],"uagb_featured_image_src":{"full":["https:\/\/turkishtrade.co\/wp-content\/uploads\/2026\/01\/2400EJOMN00380-BROWN-Y_1003-3-USD.png",453,250,false],"thumbnail":["https:\/\/turkishtrade.co\/wp-content\/uploads\/2026\/01\/2400EJOMN00380-BROWN-Y_1003-3-USD-150x150.png",150,150,true],"medium":["https:\/\/turkishtrade.co\/wp-content\/uploads\/2026\/01\/2400EJOMN00380-BROWN-Y_1003-3-USD-300x166.png",300,166,true],"medium_large":["https:\/\/turkishtrade.co\/wp-content\/uploads\/2026\/01\/2400EJOMN00380-BROWN-Y_1003-3-USD.png",453,250,false],"large":["https:\/\/turkishtrade.co\/wp-content\/uploads\/2026\/01\/2400EJOMN00380-BROWN-Y_1003-3-USD.png",453,250,false],"1536x1536":["https:\/\/turkishtrade.co\/wp-content\/uploads\/2026\/01\/2400EJOMN00380-BROWN-Y_1003-3-USD.png",453,250,false],"2048x2048":["https:\/\/turkishtrade.co\/wp-content\/uploads\/2026\/01\/2400EJOMN00380-BROWN-Y_1003-3-USD.png",453,250,false],"trp-custom-language-flag":["https:\/\/turkishtrade.co\/wp-content\/uploads\/2026\/01\/2400EJOMN00380-BROWN-Y_1003-3-USD-18x10.png",18,10,true],"woocommerce_thumbnail":["https:\/\/turkishtrade.co\/wp-content\/uploads\/2026\/01\/2400EJOMN00380-BROWN-Y_1003-3-USD-400x250.png",400,250,true],"woocommerce_single":["https:\/\/turkishtrade.co\/wp-content\/uploads\/2026\/01\/2400EJOMN00380-BROWN-Y_1003-3-USD.png",453,250,false],"woocommerce_gallery_thumbnail":["https:\/\/turkishtrade.co\/wp-content\/uploads\/2026\/01\/2400EJOMN00380-BROWN-Y_1003-3-USD-100x100.png",100,100,true]},"uagb_author_info":{"display_name":"yaser olabi","author_link":"https:\/\/turkishtrade.co\/tr\/author\/"},"uagb_comment_info":0,"uagb_excerpt":"Outer Surface: Premium Calf Leather Inner Lining: Soft Goat Leather Sole: Durable Thermo Sole (1-3 cm heel height) Available Sizes: EU 39-45 Minimum Order: 100 Pairs Wholesale Ready: 12-day production + shipping","_links":{"self":[{"href":"https:\/\/turkishtrade.co\/tr\/wp-json\/wp\/v2\/product\/6134","targetHints":{"allow":["GET"]}}],"collection":[{"href":"https:\/\/turkishtrade.co\/tr\/wp-json\/wp\/v2\/product"}],"about":[{"href":"https:\/\/turkishtrade.co\/tr\/wp-json\/wp\/v2\/types\/product"}],"wp:featuredmedia":[{"embeddable":true,"href":"https:\/\/turkishtrade.co\/tr\/wp-json\/wp\/v2\/media\/4099"}],"wp:attachment":[{"href":"https:\/\/turkishtrade.co\/tr\/wp-json\/wp\/v2\/media?parent=6134"}],"wp:term":[{"taxonomy":"product_brand","embeddable":true,"href":"https:\/\/turkishtrade.co\/tr\/wp-json\/wp\/v2\/product_brand?post=6134"},{"taxonomy":"product_cat","embeddable":true,"href":"https:\/\/turkishtrade.co\/tr\/wp-json\/wp\/v2\/product_cat?post=6134"},{"taxonomy":"product_tag","embeddable":true,"href":"https:\/\/turkishtrade.co\/tr\/wp-json\/wp\/v2\/product_tag?post=6134"}],"curies":[{"name":"wp","href":"https:\/\/api.w.org\/{rel}","templated":true}]}}