{"id":6129,"date":"2026-01-14T14:12:15","date_gmt":"2026-01-14T14:12:15","guid":{"rendered":"https:\/\/turkishtrade.co\/product\/men-s-brown-suede-derby-shoes\/"},"modified":"2026-04-09T19:12:12","modified_gmt":"2026-04-09T19:12:12","slug":"mens-brown-suede-derby-shoes-2","status":"publish","type":"product","link":"https:\/\/turkishtrade.co\/tr\/shop\/mens-brown-suede-derby-shoes-2\/","title":{"rendered":"Dana Derisi Saya ile Erkek Premium Kahverengi S\u00fcet Derby Ayakkab\u0131"},"content":{"rendered":"<p><strong>Erkek Kahverengi S\u00fcet Derby Ayakkab\u0131<\/strong><\/p>\n<p>G\u00fcnl\u00fck stilinizi zarif \u00fcr\u00fcnlerimizle y\u00fckseltin <strong>Erkek Kahverengi S\u00fcet Derby Ayakkab\u0131<\/strong>. Hem sofistike hem de rahatl\u0131\u011fa de\u011fer veren modern erkekler i\u00e7in tasarlanan bu <strong>erkek kahverengi s\u00fcet derby ayakkab\u0131<\/strong> klasik zarafet ve \u00e7a\u011fda\u015f tasar\u0131m\u0131n m\u00fckemmel bir kar\u0131\u015f\u0131m\u0131d\u0131r. \u0130ster yar\u0131 resmi bir etkinlik i\u00e7in giyiniyor olun, ister zarif bir g\u00fcnl\u00fck ayakkab\u0131 ar\u0131yor olun, bu ayakkab\u0131lar gard\u0131robunuza \u00e7ok y\u00f6nl\u00fc bir katk\u0131 sa\u011flamay\u0131 ve her k\u0131yafeti zahmetsizce g\u00fczelle\u015ftirmeyi vaat ediyor.<\/p>\n<p><h3>Rakipsiz Konfor ve Birinci S\u0131n\u0131f Malzemeler<\/h3>\n<\/p>\n<p>Birinci s\u0131n\u0131f malzemelerden \u00fcretilen bu \u00e7iftlerin her biri <strong>erkek kahverengi s\u00fcet derby ayakkab\u0131<\/strong> dayan\u0131kl\u0131l\u0131\u011f\u0131 ve l\u00fcks hissiyle tan\u0131nan esnek dana derisinden yap\u0131lm\u0131\u015f bir d\u0131\u015f y\u00fczeye sahiptir. Zengin kahverengi s\u00fcet kaplama, \u00f6ne \u00e7\u0131kan farkl\u0131 bir doku ve zamans\u0131z bir \u00e7ekicilik sunar. \u0130\u00e7 k\u0131s\u0131mdaki yumu\u015fak ke\u00e7i derisi astar, her ad\u0131mda nefes alabilirlik ve pel\u00fc\u015f bir his sa\u011flayarak ayaklar\u0131n\u0131za benzersiz bir konfor sunar.<\/p>\n<p>Hafif ancak sa\u011flam EVA taban\u0131 m\u00fckemmel \u015fok emilimi ve esneklik sa\u011flayarak bu <strong>erkek kahverengi s\u00fcet derby ayakkab\u0131<\/strong> t\u00fcm g\u00fcn kullan\u0131m i\u00e7in idealdir. Klasik 1-3 cm topuk y\u00fcksekli\u011fi, ayakkab\u0131n\u0131n sofistike loafer-casual esteti\u011fiyle kusursuz bir uyum sa\u011flayarak rahat bir profil sunar.<\/p>\n<p><h3>Her Durum i\u00e7in \u00c7ok Y\u00f6nl\u00fc Stil<\/h3>\n<\/p>\n<p>Bunlar\u0131n tasar\u0131m\u0131 <strong>erkek kahverengi s\u00fcet derby ayakkab\u0131<\/strong> Geleneksel Derby ayakkab\u0131n\u0131n unsurlar\u0131n\u0131 loafer'\u0131n rahat \u00e7ekicili\u011fiyle ustal\u0131kla birle\u015ftirerek say\u0131s\u0131z duruma uygun benzersiz bir melez yarat\u0131r.<\/p>\n<p>\u00dcst k\u0131s\u0131mdaki ince diki\u015f detaylar\u0131 ve kontrast deri vurgular, ayakkab\u0131n\u0131n abart\u0131s\u0131z \u015f\u0131kl\u0131\u011f\u0131n\u0131 bast\u0131rmadan karakter katar. Bunlar\u0131 e\u015fle\u015ftirin <strong>erkek kahverengi s\u00fcet derby ayakkab\u0131<\/strong> \u015e\u0131k ve rahat bir g\u00f6r\u00fcn\u00fcm i\u00e7in chino pantolonlarla ya da sofistike bir hafta sonu kombini i\u00e7in koyu y\u0131kama kot pantolonlarla giydirin. \u0130\u015f ama\u00e7l\u0131 g\u00fcndelik ortamlar veya sosyal toplant\u0131lar i\u00e7in de ayn\u0131 derecede uygundur.<\/p>\n<p>39'dan 45'e kadar geni\u015f bir beden yelpazesinde mevcut oldu\u011fundan, m\u00fckemmel uyumunuzu bulmak zahmetsizdir.<\/p>\n<p><h3>Ola\u011fan\u00fcst\u00fc \u0130\u015f\u00e7ilik ve Toptan Sat\u0131\u015f F\u0131rsatlar\u0131<\/h3>\n<\/p>\n<p>Kaliteye olan ba\u011fl\u0131l\u0131\u011f\u0131m\u0131z bu \u00fcr\u00fcnlerin her bir ilme\u011finde kendini g\u00f6stermektedir <strong>erkek kahverengi s\u00fcet derby ayakkab\u0131<\/strong>. Her bir \u00e7ift, yetenekli zanaatkarlar taraf\u0131ndan titizlikle \u00fcretilerek uzun \u00f6m\u00fcrl\u00fcl\u00fck ve \u00fcst\u00fcn i\u015f\u00e7ili\u011fi yans\u0131tan kusursuz bir y\u00fczey sa\u011flar. Birinci s\u0131n\u0131f dana derisi ve ke\u00e7i derisi, ola\u011fan\u00fcst\u00fc kaliteleri ve etik kaynaklar\u0131 i\u00e7in \u00f6zenle se\u00e7ilmi\u015ftir.<\/p>\n<p>Bunlara yat\u0131r\u0131m yapmak <strong>erkek kahverengi s\u00fcet derby ayakkab\u0131<\/strong> sadece iyi g\u00f6r\u00fcnmekle kalmay\u0131p ayn\u0131 zamanda uzun \u00f6m\u00fcrl\u00fc olan, cazibesini ve rahatl\u0131\u011f\u0131n\u0131 sezondan sezona koruyan ayakkab\u0131lara yat\u0131r\u0131m yapmak anlam\u0131na gelir.<\/p>\n<p>\u00dcst\u00fcn kaliteli ayakkab\u0131lar sunmak isteyen perakendeciler ve i\u015fletmeler i\u00e7in <strong>erkek kahverengi s\u00fcet derby ayakkab\u0131<\/strong> toptan sat\u0131n al\u0131nabilir. Minimum sipari\u015f miktar\u0131 sadece 8 \u00e7ift oldu\u011fundan, bu y\u00fcksek talep g\u00f6ren ve \u015f\u0131k ayakkab\u0131lar\u0131 stoklamak kolayd\u0131r. M\u00fc\u015fterilerinizin taleplerini h\u0131zl\u0131 bir \u015fekilde kar\u015f\u0131layabilmeniz i\u00e7in yakla\u015f\u0131k 12 g\u00fcnl\u00fck h\u0131zl\u0131 i\u015fleme ve teslimat s\u00fcresi ve nakliye sa\u011fl\u0131yoruz.<\/p>\n<p>Detayl\u0131 fiyat bilgisi almak ve bu istisnai \u00fcr\u00fcnler i\u00e7in toplu sipari\u015f ihtiya\u00e7lar\u0131n\u0131z\u0131 g\u00f6r\u00fc\u015fmek i\u00e7in bizimle ileti\u015fime ge\u00e7in <strong>erkek kahverengi s\u00fcet derby ayakkab\u0131<\/strong>.<\/p>","protected":false},"excerpt":{"rendered":"<ul>\n<li>L\u00fcks doku ve dayan\u0131kl\u0131l\u0131k i\u00e7in birinci s\u0131n\u0131f dana derisi s\u00fcet saya.<\/li>\n<li>\u00dcst\u00fcn konfor i\u00e7in yumu\u015fak ve nefes alabilen ke\u00e7i derisi astar.<\/li>\n<li>T\u00fcm g\u00fcn kullan\u0131m i\u00e7in hafif ve esnek EVA taban.<\/li>\n<li>Rahat 1-3 cm topuk ile klasik loafer-g\u00fcndelik stil.<\/li>\n<li>Geni\u015f bir beden yelpazesinde mevcuttur: 39, 40, 41, 42, 43, 44, 45.<\/li>\n<li>Minimum sipari\u015f miktar\u0131: 8 \u00e7ift (toptan sat\u0131\u015f i\u00e7in ideal).<\/li>\n<li>Teslimat s\u00fcresi: Yakla\u015f\u0131k 12 g\u00fcn + nakliye.<\/li>\n<\/ul>","protected":false},"featured_media":4015,"template":"","meta":{"_acf_changed":false,"_uag_custom_page_level_css":"","site-sidebar-layout":"default","site-content-layout":"","ast-site-content-layout":"default","site-content-style":"default","site-sidebar-style":"default","ast-global-header-display":"","ast-banner-title-visibility":"","ast-main-header-display":"","ast-hfb-above-header-display":"","ast-hfb-below-header-display":"","ast-hfb-mobile-header-display":"","site-post-title":"","ast-breadcrumbs-content":"","ast-featured-img":"","footer-sml-layout":"","ast-disable-related-posts":"","theme-transparent-header-meta":"","adv-header-id-meta":"","stick-header-meta":"","header-above-stick-meta":"","header-main-stick-meta":"","header-below-stick-meta":"","astra-migrate-meta-layouts":"default","ast-page-background-enabled":"default","ast-page-background-meta":{"desktop":{"background-color":"var(--ast-global-color-4)","background-image":"","background-repeat":"repeat","background-position":"center center","background-size":"auto","background-attachment":"scroll","background-type":"","background-media":"","overlay-type":"","overlay-color":"","overlay-opacity":"","overlay-gradient":""},"tablet":{"background-color":"","background-image":"","background-repeat":"repeat","background-position":"center center","background-size":"auto","background-attachment":"scroll","background-type":"","background-media":"","overlay-type":"","overlay-color":"","overlay-opacity":"","overlay-gradient":""},"mobile":{"background-color":"","background-image":"","background-repeat":"repeat","background-position":"center center","background-size":"auto","background-attachment":"scroll","background-type":"","background-media":"","overlay-type":"","overlay-color":"","overlay-opacity":"","overlay-gradient":""}},"ast-content-background-meta":{"desktop":{"background-color":"var(--ast-global-color-5)","background-image":"","background-repeat":"repeat","background-position":"center center","background-size":"auto","background-attachment":"scroll","background-type":"","background-media":"","overlay-type":"","overlay-color":"","overlay-opacity":"","overlay-gradient":""},"tablet":{"background-color":"var(--ast-global-color-5)","background-image":"","background-repeat":"repeat","background-position":"center center","background-size":"auto","background-attachment":"scroll","background-type":"","background-media":"","overlay-type":"","overlay-color":"","overlay-opacity":"","overlay-gradient":""},"mobile":{"background-color":"var(--ast-global-color-5)","background-image":"","background-repeat":"repeat","background-position":"center center","background-size":"auto","background-attachment":"scroll","background-type":"","background-media":"","overlay-type":"","overlay-color":"","overlay-opacity":"","overlay-gradient":""}}},"product_brand":[],"product_cat":[48,49,430,40],"product_tag":[348,1160,290,212,609,438,189,1162,1161,406,280,281],"class_list":{"0":"post-6129","1":"product","2":"type-product","3":"status-publish","4":"has-post-thumbnail","6":"product_cat-casual","7":"product_cat-loafer","8":"product_cat-men","9":"product_cat-mens-shoes","10":"product_tag-brown-suede-shoes","11":"product_tag-calfskin-leather-shoes","12":"product_tag-comfortable-mens-shoes","13":"product_tag-derby-shoes","14":"product_tag-elegant-mens-shoes","15":"product_tag-eva-sole","16":"product_tag-goat-leather-lining","17":"product_tag-leather-shoes-for-men","18":"product_tag-loafer-style-shoes","19":"product_tag-premium-shoes","20":"product_tag-smart-casual-shoes","21":"product_tag-wholesale-shoes","22":"desktop-align-center","23":"tablet-align-center","24":"mobile-align-center","26":"first","27":"instock","28":"shipping-taxable","29":"purchasable","30":"product-type-variable","31":"has-default-attributes"},"acf":[],"uagb_featured_image_src":{"full":["https:\/\/turkishtrade.co\/wp-content\/uploads\/2026\/01\/2400EJOMN00475-CAMEL-X_7805-3-USD.png",453,250,false],"thumbnail":["https:\/\/turkishtrade.co\/wp-content\/uploads\/2026\/01\/2400EJOMN00475-CAMEL-X_7805-3-USD-150x150.png",150,150,true],"medium":["https:\/\/turkishtrade.co\/wp-content\/uploads\/2026\/01\/2400EJOMN00475-CAMEL-X_7805-3-USD-300x166.png",300,166,true],"medium_large":["https:\/\/turkishtrade.co\/wp-content\/uploads\/2026\/01\/2400EJOMN00475-CAMEL-X_7805-3-USD.png",453,250,false],"large":["https:\/\/turkishtrade.co\/wp-content\/uploads\/2026\/01\/2400EJOMN00475-CAMEL-X_7805-3-USD.png",453,250,false],"1536x1536":["https:\/\/turkishtrade.co\/wp-content\/uploads\/2026\/01\/2400EJOMN00475-CAMEL-X_7805-3-USD.png",453,250,false],"2048x2048":["https:\/\/turkishtrade.co\/wp-content\/uploads\/2026\/01\/2400EJOMN00475-CAMEL-X_7805-3-USD.png",453,250,false],"trp-custom-language-flag":["https:\/\/turkishtrade.co\/wp-content\/uploads\/2026\/01\/2400EJOMN00475-CAMEL-X_7805-3-USD-18x10.png",18,10,true],"woocommerce_thumbnail":["https:\/\/turkishtrade.co\/wp-content\/uploads\/2026\/01\/2400EJOMN00475-CAMEL-X_7805-3-USD-400x250.png",400,250,true],"woocommerce_single":["https:\/\/turkishtrade.co\/wp-content\/uploads\/2026\/01\/2400EJOMN00475-CAMEL-X_7805-3-USD.png",453,250,false],"woocommerce_gallery_thumbnail":["https:\/\/turkishtrade.co\/wp-content\/uploads\/2026\/01\/2400EJOMN00475-CAMEL-X_7805-3-USD-100x100.png",100,100,true]},"uagb_author_info":{"display_name":"yaser olabi","author_link":"https:\/\/turkishtrade.co\/tr\/author\/"},"uagb_comment_info":0,"uagb_excerpt":"Premium calfskin suede upper for luxurious texture and durability. Soft and breathable goat leather lining for superior comfort. Lightweight and flexible EVA sole for all-day wear. Classic loafer-casual style with a comfortable 1-3cm heel. Available in a wide range of sizes: 39, 40, 41, 42, 43, 44, 45. Minimum order quantity: 8 pairs (ideal for&hellip;","_links":{"self":[{"href":"https:\/\/turkishtrade.co\/tr\/wp-json\/wp\/v2\/product\/6129","targetHints":{"allow":["GET"]}}],"collection":[{"href":"https:\/\/turkishtrade.co\/tr\/wp-json\/wp\/v2\/product"}],"about":[{"href":"https:\/\/turkishtrade.co\/tr\/wp-json\/wp\/v2\/types\/product"}],"wp:featuredmedia":[{"embeddable":true,"href":"https:\/\/turkishtrade.co\/tr\/wp-json\/wp\/v2\/media\/4015"}],"wp:attachment":[{"href":"https:\/\/turkishtrade.co\/tr\/wp-json\/wp\/v2\/media?parent=6129"}],"wp:term":[{"taxonomy":"product_brand","embeddable":true,"href":"https:\/\/turkishtrade.co\/tr\/wp-json\/wp\/v2\/product_brand?post=6129"},{"taxonomy":"product_cat","embeddable":true,"href":"https:\/\/turkishtrade.co\/tr\/wp-json\/wp\/v2\/product_cat?post=6129"},{"taxonomy":"product_tag","embeddable":true,"href":"https:\/\/turkishtrade.co\/tr\/wp-json\/wp\/v2\/product_tag?post=6129"}],"curies":[{"name":"wp","href":"https:\/\/api.w.org\/{rel}","templated":true}]}}