{"id":6123,"date":"2026-01-14T14:11:19","date_gmt":"2026-01-14T14:11:19","guid":{"rendered":"https:\/\/turkishtrade.co\/product\/men-s-brown-suede-loafers-2\/"},"modified":"2026-04-09T19:12:24","modified_gmt":"2026-04-09T19:12:24","slug":"mens-brown-suede-loafers","status":"publish","type":"product","link":"https:\/\/turkishtrade.co\/tr\/shop\/mens-brown-suede-loafers\/","title":{"rendered":"EVA Tabanl\u0131 Premium Erkek Kahverengi S\u00fcet Loafer"},"content":{"rendered":"<p><strong>Erkek Kahverengi S\u00fcet Loafer<\/strong><\/p>\n<p>G\u00fcnl\u00fck stilinizi zarif \u00fcr\u00fcnlerimizle y\u00fckseltin <strong>Erkek Kahverengi S\u00fcet Loafer<\/strong>, Klasik \u015f\u0131kl\u0131k ve modern konforun m\u00fckemmel bir birle\u015fimi. Benzersiz bir incelik ve dayan\u0131kl\u0131l\u0131k sunmak i\u00e7in titizlikle \u00fcretilen bu birinci s\u0131n\u0131f slip-on ayakkab\u0131lar, her se\u00e7kin beyefendinin gard\u0131robuna \u00f6nemli bir katk\u0131 sa\u011flar. Kaliteli malzemeleri ve \u00fcst\u00fcn konforu takdir edenler i\u00e7in tasarlanan bu <strong>erkek kahverengi s\u00fcet mokasen<\/strong> ayakkab\u0131dan \u00e7ok daha fazlas\u0131d\u0131r; rafine bir zevkin ve zahmetsiz bir \u00e7ekicili\u011fin ifadesidir.<\/p>\n<p><h3>Ola\u011fan\u00fcst\u00fc \u0130\u015f\u00e7ilik ve Birinci S\u0131n\u0131f Malzemeler<\/h3>\n<\/p>\n<p>Kaliteye olan ba\u011fl\u0131l\u0131\u011f\u0131m\u0131z, bu ola\u011fan\u00fcst\u00fc mokasen ayakkab\u0131lar\u0131n her detay\u0131nda parl\u0131yor. D\u0131\u015f y\u00fczeyi yumu\u015fak dokusu, zengin g\u00f6r\u00fcn\u00fcm\u00fc ve uzun \u00f6m\u00fcrl\u00fc esnekli\u011fi ile tan\u0131nan l\u00fcks dana s\u00fcet deriden yap\u0131lm\u0131\u015ft\u0131r. Bu birinci s\u0131n\u0131f dana s\u00fcet, \u00e7ok y\u00f6nl\u00fc kahverengi tonuyla \u00e7arp\u0131c\u0131 bir estetik sa\u011flamakla kalmaz, ayn\u0131 zamanda <strong>erkek kahverengi s\u00fcet mokasen<\/strong> zaman i\u00e7inde benzersiz bir patine geli\u015ftirerek g\u00fczelce ya\u015flanacakt\u0131r.<\/p>\n<p>\u0130\u00e7 k\u0131s\u0131mda, hakiki ke\u00e7i derisi astar\u0131n e\u015fsiz konforunu ya\u015fay\u0131n. Ke\u00e7i derisi inan\u0131lmaz yumu\u015fakl\u0131\u011f\u0131, nefes alabilirli\u011fi ve nemi emme \u00f6zellikleriyle \u00fcnl\u00fcd\u00fcr ve ayaklar\u0131n\u0131z\u0131 g\u00fcn boyunca rahat ve kuru tutar. Bu \u00f6zenli malzeme se\u00e7imi, ger\u00e7ekten ola\u011fan\u00fcst\u00fc bir kullan\u0131m deneyimini garanti eder ve bu ayakkab\u0131lar\u0131 <strong>erkek kahverengi s\u00fcet mokasen<\/strong> ayr\u0131.<\/p>\n<p><h3>Esnek EVA Taban ile Rakipsiz Konfor<\/h3>\n<\/p>\n<p>Konfor her \u015feyden \u00f6nemlidir ve bu <strong>erkek kahverengi s\u00fcet mokasen<\/strong> her a\u00e7\u0131dan ba\u015far\u0131l\u0131d\u0131r. Hafif ve esnek EVA tabana sahip olan bu ayakkab\u0131lar, her ad\u0131mda darbeyi emerek m\u00fckemmel yast\u0131klama ve destek sa\u011flar. EVA taban, ister \u015fehir sokaklar\u0131nda geziniyor ister rahat bir hafta sonu y\u00fcr\u00fcy\u00fc\u015f\u00fcn\u00fcn tad\u0131n\u0131 \u00e7\u0131kar\u0131yor olun, rahat bir ad\u0131m atman\u0131z\u0131 sa\u011flar.<\/p>\n<p>1-3 cm'lik klasik loafer topuk y\u00fcksekli\u011fine sahip bu ayakkab\u0131lar, rahatl\u0131k ve hafif y\u00fckselme aras\u0131nda m\u00fckemmel bir denge kurarak yorulmadan uzun s\u00fcreli kullan\u0131m i\u00e7in uygundur. Bu ayakkab\u0131lar\u0131n tarz\u0131n\u0131 takdir edeceksiniz <strong>erkek kahverengi s\u00fcet mokasen<\/strong> Sabahtan ak\u015fama kadar ayaklar\u0131n\u0131z\u0131 rahat\u00e7a sarar ve her durumda tercihiniz olur.<\/p>\n<p><h3>Her Durum i\u00e7in \u00c7ok Y\u00f6nl\u00fc Stil<\/h3>\n<\/p>\n<p>Bunlar\u0131n zamans\u0131z tasar\u0131m\u0131 <strong>erkek kahverengi s\u00fcet mokasen<\/strong> onlar\u0131 inan\u0131lmaz derecede \u00e7ok y\u00f6nl\u00fc k\u0131l\u0131yor. G\u00fcnl\u00fck gezilerden \u015f\u0131k ve rahat etkinliklere zahmetsizce ge\u00e7i\u015f yaparak, \u00f6zel dikim chino pantolonlar ve koyu y\u0131kamal\u0131 kot pantolonlardan hafif tak\u0131m elbiseler ve keten pantolonlara kadar her \u015feyle m\u00fckemmel uyum sa\u011flar. Zengin kahverengi s\u00fcet, topraks\u0131 sofistike ve s\u0131cak bir dokunu\u015f katarak duruma g\u00f6re kolayca yukar\u0131 veya a\u015fa\u011f\u0131 giydirmenize olanak tan\u0131r.<\/p>\n<p>\u0130ster i\u015f ama\u00e7l\u0131 g\u00fcndelik bir toplant\u0131ya gidiyor olun, ister keyifli bir brunch'\u0131n tad\u0131n\u0131 \u00e7\u0131kar\u0131n ya da sosyal bir toplant\u0131ya kat\u0131l\u0131n, bu ayakkab\u0131lar ki\u015fisel tarz\u0131n\u0131z\u0131 kolayl\u0131kla ve g\u00fcvenle tamamlamak i\u00e7in tasarland\u0131. Bir \u00e7ift ayakkab\u0131ya yat\u0131r\u0131m yap\u0131n <strong>erkek kahverengi s\u00fcet mokasen<\/strong> g\u00f6r\u00fcn\u00fcm\u00fcn\u00fcz\u00fc ger\u00e7ekten g\u00fczelle\u015ftirir ve sonsuz \u015fekillendirme olanaklar\u0131 sa\u011flar.<\/p>\n<p><h3>Toptan Bulunabilirlik ve G\u00fcvenilir Teslimat<\/h3>\n<\/p>\n<p>Y\u00fcksek kaliteli ayakkab\u0131lar arayan perakendeciler ve i\u015fletmeler i\u00e7in bu zarif <strong>erkek kahverengi s\u00fcet mokasen<\/strong> toplu sipari\u015fler i\u00e7in mevcuttur. Minimum 8 \u00e7ift sipari\u015f miktar\u0131yla, bu pop\u00fcler stili stoklayabilir ve m\u00fc\u015fterilerinize \u00fcst\u00fcn konfor ve incelik sunabilirsiniz. Verimli s\u00fcrecimiz, nakliye dahil yakla\u015f\u0131k 12 g\u00fcnl\u00fck bir teslimat s\u00fcresi sa\u011flar, b\u00f6ylece envanterinizi g\u00fcvenle planlayabilir ve talebi kar\u015f\u0131layabilirsiniz.<\/p>\n<p>Bu istisnai \u00fcr\u00fcnleri se\u00e7in <strong>erkek kahverengi s\u00fcet mokasen<\/strong> M\u00fc\u015fterilerinize hem l\u00fcks hem de pratikli\u011fi bir arada sunan ayakkab\u0131lar sunarak koleksiyonunuzu di\u011ferlerinden ay\u0131r\u0131r ve m\u00fc\u015fteri memnuniyetini sa\u011flar.<\/p>","protected":false},"excerpt":{"rendered":"<ul>\n<li><b>L\u00fcks Buza\u011f\u0131 S\u00fcet Saya:<\/b> Sofistike bir estetik i\u00e7in yumu\u015fak, dayan\u0131kl\u0131 dana s\u00fcet deriden \u00fcretilmi\u015ftir.<\/li>\n<li><b>Nefes alabilen ke\u00e7i derisi astar:<\/b> T\u00fcm g\u00fcn kullan\u0131m i\u00e7in \u00fcst\u00fcn konfor ve havaland\u0131rma sa\u011flar.<\/li>\n<li><b>Hafif EVA Taban:<\/b> Zahmetsiz bir ad\u0131m i\u00e7in ola\u011fan\u00fcst\u00fc yast\u0131klama ve esneklik sa\u011flar.<\/li>\n<li><b>Klasik Loafer Topuk:<\/b> G\u00fcnl\u00fck \u015f\u0131kl\u0131k i\u00e7in m\u00fckemmel olan 1-3 cm'lik rahat topuk y\u00fcksekli\u011fine sahiptir.<\/li>\n<li><b>Mevcut Boyutlar:<\/b> 39, 40, 41, 42, 43, 44, 45.<\/li>\n<li><b>Minimum Sipari\u015f Miktar\u0131:<\/b> Toplu al\u0131mlar i\u00e7in 8 \u00e7iftten ba\u015flayan fiyatlarla mevcuttur.<\/li>\n<li><b>Teslimat S\u00fcresi:<\/b> Yakla\u015f\u0131k 12 g\u00fcn art\u0131 nakliye.<\/li>\n<\/ul>","protected":false},"featured_media":4093,"template":"","meta":{"_acf_changed":false,"_uag_custom_page_level_css":"","site-sidebar-layout":"default","site-content-layout":"","ast-site-content-layout":"default","site-content-style":"default","site-sidebar-style":"default","ast-global-header-display":"","ast-banner-title-visibility":"","ast-main-header-display":"","ast-hfb-above-header-display":"","ast-hfb-below-header-display":"","ast-hfb-mobile-header-display":"","site-post-title":"","ast-breadcrumbs-content":"","ast-featured-img":"","footer-sml-layout":"","ast-disable-related-posts":"","theme-transparent-header-meta":"","adv-header-id-meta":"","stick-header-meta":"","header-above-stick-meta":"","header-main-stick-meta":"","header-below-stick-meta":"","astra-migrate-meta-layouts":"default","ast-page-background-enabled":"default","ast-page-background-meta":{"desktop":{"background-color":"var(--ast-global-color-4)","background-image":"","background-repeat":"repeat","background-position":"center center","background-size":"auto","background-attachment":"scroll","background-type":"","background-media":"","overlay-type":"","overlay-color":"","overlay-opacity":"","overlay-gradient":""},"tablet":{"background-color":"","background-image":"","background-repeat":"repeat","background-position":"center center","background-size":"auto","background-attachment":"scroll","background-type":"","background-media":"","overlay-type":"","overlay-color":"","overlay-opacity":"","overlay-gradient":""},"mobile":{"background-color":"","background-image":"","background-repeat":"repeat","background-position":"center center","background-size":"auto","background-attachment":"scroll","background-type":"","background-media":"","overlay-type":"","overlay-color":"","overlay-opacity":"","overlay-gradient":""}},"ast-content-background-meta":{"desktop":{"background-color":"var(--ast-global-color-5)","background-image":"","background-repeat":"repeat","background-position":"center center","background-size":"auto","background-attachment":"scroll","background-type":"","background-media":"","overlay-type":"","overlay-color":"","overlay-opacity":"","overlay-gradient":""},"tablet":{"background-color":"var(--ast-global-color-5)","background-image":"","background-repeat":"repeat","background-position":"center center","background-size":"auto","background-attachment":"scroll","background-type":"","background-media":"","overlay-type":"","overlay-color":"","overlay-opacity":"","overlay-gradient":""},"mobile":{"background-color":"var(--ast-global-color-5)","background-image":"","background-repeat":"repeat","background-position":"center center","background-size":"auto","background-attachment":"scroll","background-type":"","background-media":"","overlay-type":"","overlay-color":"","overlay-opacity":"","overlay-gradient":""}}},"product_brand":[],"product_cat":[48,49,430,40],"product_tag":[147,185,449,220,978,438,459,189,198,186,790,374,184,1157,283,281],"class_list":{"0":"post-6123","1":"product","2":"type-product","3":"status-publish","4":"has-post-thumbnail","6":"product_cat-casual","7":"product_cat-loafer","8":"product_cat-men","9":"product_cat-mens-shoes","10":"product_tag-brown-loafers","11":"product_tag-calf-leather-shoes","12":"product_tag-casual-shoes","13":"product_tag-comfortable-loafers","14":"product_tag-dress-casual-shoes","15":"product_tag-eva-sole","16":"product_tag-everyday-shoes","17":"product_tag-goat-leather-lining","18":"product_tag-mens-fashion","19":"product_tag-mens-loafers","20":"product_tag-mens-slip-ons","21":"product_tag-premium-loafers","22":"product_tag-slip-on-shoes","23":"product_tag-soft-suede-loafers","24":"product_tag-suede-shoes","25":"product_tag-wholesale-shoes","26":"desktop-align-center","27":"tablet-align-center","28":"mobile-align-center","30":"first","31":"instock","32":"shipping-taxable","33":"purchasable","34":"product-type-variable","35":"has-default-attributes"},"acf":[],"uagb_featured_image_src":{"full":["https:\/\/turkishtrade.co\/wp-content\/uploads\/2026\/01\/2400EJOMN00471-BROWN-X_7800-7-USD.png",453,250,false],"thumbnail":["https:\/\/turkishtrade.co\/wp-content\/uploads\/2026\/01\/2400EJOMN00471-BROWN-X_7800-7-USD-150x150.png",150,150,true],"medium":["https:\/\/turkishtrade.co\/wp-content\/uploads\/2026\/01\/2400EJOMN00471-BROWN-X_7800-7-USD-300x166.png",300,166,true],"medium_large":["https:\/\/turkishtrade.co\/wp-content\/uploads\/2026\/01\/2400EJOMN00471-BROWN-X_7800-7-USD.png",453,250,false],"large":["https:\/\/turkishtrade.co\/wp-content\/uploads\/2026\/01\/2400EJOMN00471-BROWN-X_7800-7-USD.png",453,250,false],"1536x1536":["https:\/\/turkishtrade.co\/wp-content\/uploads\/2026\/01\/2400EJOMN00471-BROWN-X_7800-7-USD.png",453,250,false],"2048x2048":["https:\/\/turkishtrade.co\/wp-content\/uploads\/2026\/01\/2400EJOMN00471-BROWN-X_7800-7-USD.png",453,250,false],"trp-custom-language-flag":["https:\/\/turkishtrade.co\/wp-content\/uploads\/2026\/01\/2400EJOMN00471-BROWN-X_7800-7-USD-18x10.png",18,10,true],"woocommerce_thumbnail":["https:\/\/turkishtrade.co\/wp-content\/uploads\/2026\/01\/2400EJOMN00471-BROWN-X_7800-7-USD-400x250.png",400,250,true],"woocommerce_single":["https:\/\/turkishtrade.co\/wp-content\/uploads\/2026\/01\/2400EJOMN00471-BROWN-X_7800-7-USD.png",453,250,false],"woocommerce_gallery_thumbnail":["https:\/\/turkishtrade.co\/wp-content\/uploads\/2026\/01\/2400EJOMN00471-BROWN-X_7800-7-USD-100x100.png",100,100,true]},"uagb_author_info":{"display_name":"yaser olabi","author_link":"https:\/\/turkishtrade.co\/tr\/author\/"},"uagb_comment_info":0,"uagb_excerpt":"Luxury Calf Suede Upper: Crafted from soft, durable calf suede leather for a sophisticated aesthetic. Breathable Goat Leather Lining: Ensures superior comfort and ventilation for all-day wear. Lightweight EVA Sole: Provides exceptional cushioning and flexibility for an effortless stride. Classic Loafer Heel: Features a comfortable 1-3 cm heel height, perfect for casual elegance. Available Sizes:&hellip;","_links":{"self":[{"href":"https:\/\/turkishtrade.co\/tr\/wp-json\/wp\/v2\/product\/6123","targetHints":{"allow":["GET"]}}],"collection":[{"href":"https:\/\/turkishtrade.co\/tr\/wp-json\/wp\/v2\/product"}],"about":[{"href":"https:\/\/turkishtrade.co\/tr\/wp-json\/wp\/v2\/types\/product"}],"wp:featuredmedia":[{"embeddable":true,"href":"https:\/\/turkishtrade.co\/tr\/wp-json\/wp\/v2\/media\/4093"}],"wp:attachment":[{"href":"https:\/\/turkishtrade.co\/tr\/wp-json\/wp\/v2\/media?parent=6123"}],"wp:term":[{"taxonomy":"product_brand","embeddable":true,"href":"https:\/\/turkishtrade.co\/tr\/wp-json\/wp\/v2\/product_brand?post=6123"},{"taxonomy":"product_cat","embeddable":true,"href":"https:\/\/turkishtrade.co\/tr\/wp-json\/wp\/v2\/product_cat?post=6123"},{"taxonomy":"product_tag","embeddable":true,"href":"https:\/\/turkishtrade.co\/tr\/wp-json\/wp\/v2\/product_tag?post=6123"}],"curies":[{"name":"wp","href":"https:\/\/api.w.org\/{rel}","templated":true}]}}